{"id":89053,"date":"2023-07-24T15:49:04","date_gmt":"2023-07-24T13:49:04","guid":{"rendered":"https:\/\/univet.hu\/education\/courses\/hushelyettesitok-es-alternativ-feherjek-az-elelmiszerlancban\/"},"modified":"2023-08-28T12:06:14","modified_gmt":"2023-08-28T10:06:14","slug":"hushelyettesitok-es-alternativ-feherjek-az-elelmiszerlancban","status":"publish","type":"page","link":"https:\/\/univet.hu\/en\/education\/courses\/hushelyettesitok-es-alternativ-feherjek-az-elelmiszerlancban\/","title":{"rendered":"Meat substitutes and alternative proteins in the food chain"},"content":{"rendered":"<p>&nbsp;<\/p> <p>&nbsp;<\/p> <p><strong>Instructors<\/strong><\/p> <ul> <li>Dr. Bitts\u00e1nszky Andr\u00e1s<\/li> <li>Dr. T\u00f3th Andr\u00e1s J\u00f3zsef<\/li> <\/ul> <p>&nbsp;<\/p> <p><strong>Topics<\/strong><\/p> <table> <tbody> <tr> <td width=\"103\"><strong>Week<\/strong><\/td> <td width=\"511\"><strong>Topic<\/strong><\/td> <\/tr> <tr> <td width=\"103\">1<\/td> <td width=\"511\">Sustainable food industry<\/td> <\/tr> <tr> <td width=\"103\">2<\/td> <td width=\"511\">Alternative proteins as potential replacers 1.<\/td> <\/tr> <tr> <td width=\"103\">3<\/td> <td width=\"511\">Alternative proteins as potential replacers 2.<\/td> <\/tr> <tr> <td width=\"103\">4<\/td> <td width=\"511\">Alternative proteins in food processing 1.<\/td> <\/tr> <tr> <td width=\"103\">5<\/td> <td width=\"511\">Alternative proteins in food processing 2.<\/td> <\/tr> <tr> <td width=\"103\">6<\/td> <td width=\"511\">The role of alternative proteins in food security<\/td> <\/tr> <tr> <td width=\"103\">7<\/td> <td width=\"511\">The role of alternative proteins in food chain<\/td> <\/tr> <tr> <td width=\"103\">8<\/td> <td width=\"511\">Food safety risks of alternative proteins<\/td> <\/tr> <tr> <td width=\"103\">9<\/td> <td width=\"511\">On-field practice<\/td> <\/tr> <tr> <td width=\"103\">10<\/td> <td width=\"511\">On-field practice<\/td> <\/tr> <tr> <td width=\"103\">11<\/td> <td width=\"511\">On-field practice<\/td> <\/tr> <tr> <td width=\"103\">12<\/td> <td width=\"511\">On-field practice<\/td> <\/tr> <tr> <td width=\"103\">13<\/td> <td width=\"511\">On-field practice<\/td> <\/tr> <tr> <td width=\"103\">14<\/td> <td width=\"511\">On-field practice<\/td> <\/tr> <tr> <td width=\"103\">15<\/td> <td width=\"511\">On-field practice<\/td> <\/tr> <\/tbody> <\/table> <p>&nbsp;<\/p> <p><strong>Exam requirements:\u00a0<\/strong>Oral exam<\/p>","protected":false},"excerpt":{"rendered":"<p>&nbsp; &nbsp; Instructors Dr. Bitts\u00e1nszky Andr\u00e1s Dr. T\u00f3th Andr\u00e1s J\u00f3zsef &nbsp; Topics Week Topic 1 Sustainable food industry 2 Alternative proteins as potential replacers 1. 3 Alternative proteins as potential replacers 2. 4 Alternative proteins in food processing 1. 5 Alternative proteins in food processing 2. 6 The role of alternative proteins in food security<\/p>\n","protected":false},"author":3837,"featured_media":0,"parent":676,"menu_order":46,"comment_status":"open","ping_status":"open","template":"","meta":{"_acf_changed":false,"footnotes":""},"categories":[],"tags":[],"class_list":["post-89053","page","type-page","status-publish","hentry"],"acf":[],"_links":{"self":[{"href":"https:\/\/univet.hu\/en\/wp-json\/wp\/v2\/pages\/89053","targetHints":{"allow":["GET"]}}],"collection":[{"href":"https:\/\/univet.hu\/en\/wp-json\/wp\/v2\/pages"}],"about":[{"href":"https:\/\/univet.hu\/en\/wp-json\/wp\/v2\/types\/page"}],"author":[{"embeddable":true,"href":"https:\/\/univet.hu\/en\/wp-json\/wp\/v2\/users\/3837"}],"replies":[{"embeddable":true,"href":"https:\/\/univet.hu\/en\/wp-json\/wp\/v2\/comments?post=89053"}],"version-history":[{"count":1,"href":"https:\/\/univet.hu\/en\/wp-json\/wp\/v2\/pages\/89053\/revisions"}],"predecessor-version":[{"id":174571,"href":"https:\/\/univet.hu\/en\/wp-json\/wp\/v2\/pages\/89053\/revisions\/174571"}],"up":[{"embeddable":true,"href":"https:\/\/univet.hu\/en\/wp-json\/wp\/v2\/pages\/676"}],"wp:attachment":[{"href":"https:\/\/univet.hu\/en\/wp-json\/wp\/v2\/media?parent=89053"}],"wp:term":[{"taxonomy":"category","embeddable":true,"href":"https:\/\/univet.hu\/en\/wp-json\/wp\/v2\/categories?post=89053"},{"taxonomy":"post_tag","embeddable":true,"href":"https:\/\/univet.hu\/en\/wp-json\/wp\/v2\/tags?post=89053"}],"curies":[{"name":"wp","href":"https:\/\/api.w.org\/{rel}","templated":true}]}}