{"id":89114,"date":"2023-07-24T18:36:16","date_gmt":"2023-07-24T16:36:16","guid":{"rendered":"https:\/\/univet.hu\/?page_id=89114"},"modified":"2026-02-10T04:25:19","modified_gmt":"2026-02-10T03:25:19","slug":"bajnok-marta","status":"publish","type":"page","link":"https:\/\/univet.hu\/en\/about\/staff\/bajnok-marta\/","title":{"rendered":"Bajnok M\u00e1rta"},"content":{"rendered":"<p style=\"text-align: center;\"><span style=\"font-size: 14pt;\"><strong>Introduction<\/strong><\/span><\/p> <p>Since 2009, I have worked as a university researcher and lecturer at Szent Istv\u00e1n University (later Hungarian University of Agriculture and Life Science) in the Grassland Management Group<\/p> <p><strong>Main research areas<\/strong><\/p> <ul> <li>Maintenance and utilization of grasslands for fodder, nature conservation and ecological utilization.<\/li> <\/ul> <p>Scientific degree: PhD (2011)<\/p> <p>Scientific activity: Forage, nature conservation, ecological grassland management<\/p> <p><strong>Progress:<\/strong><\/p> <p>SZIE Institute of Agronomy: scientific associate 2009-2019<\/p> <p>SZIE \/ MATE Institute of Animal Husbandry: assistant professor 2019-2023<\/p> <p><strong>Number of theses supervised:<\/strong><\/p> <p>\u00b7 Theses: 5<\/p> <p>\u00b7 TDK works: 1<\/p> <p><strong>List of publications<\/strong> (Top 10) and <a href=\"https:\/\/m2.mtmt.hu\/api\/publication?format=html&amp;labelLang=hun&amp;sort=publishedYear,desc&amp;cond=authors;eq;10024880\">MTMT link<\/a><\/p> <p>1. F\u0171r\u00e9sz, A.; Szentes, Sz.; Wagenhoffer, Zs.; Viszl\u00f3, L.; Szalai, F.; Fintha, G.; Penksza, P.; Turcs\u00e1nyi-J\u00e1rdi, I.; Bajnok, M. ; Tasi, J. (2023). A magyar h\u00e1zibivaly (Bubalus bubalis) legeltet\u00e9s, mint \u00e9l\u0151helykezel\u00e9si \u00e9s inv\u00e1zi\u00f3s fajok elleni alkalmaz\u00e1si lehet\u0151s\u00e9g GYEPGAZD\u00c1LKOD\u00c1SI K\u00d6ZLEM\u00c9NYEK 21 : 1 pp. 47-53.7 p.<\/p> <p>2. Bajnok, M., Tasi, J., &amp; T\u00f6r\u00f6k, G. (2019). A gyep gy\u00f6k\u00e9rz\u00f3n\u00e1j\u00e1nak szell\u0151ztet\u00e9se. Els\u0151 eredm\u00e9nyek. GYEPGAZD\u00c1LKOD\u00c1SI K\u00d6ZLEM\u00c9NYEK, 17(2), 3\u20139.<\/p> <p>3. Bajnok, M., Hal\u00e1sz, A., Sz\u00edjgy\u00e1rt\u00f3, A., &amp; Tasi, J. (2018). A ter\u00fclethaszn\u00e1lat hat\u00e1sa felhagyott sz\u00e1nt\u00f3 gyepesed\u00e9si folyamat\u00e1ra. GYEPGAZD\u00c1LKOD\u00c1SI K\u00d6ZLEM\u00c9NYEK, 16(1), 3\u201310.<\/p> <p>4. Bajnok, M., Hal\u00e1sz, A., T\u00f6r\u00f6k, G., &amp; Tasi, J. (2018). K\u00fcl\u00f6nb\u00f6z\u0151 t\u00edpus\u00fa gyepek makro- \u00e9s mikroelem tartalm\u00e1nak alakul\u00e1sa a hasznos\u00edt\u00e1si gyakoris\u00e1g f\u00fcggv\u00e9ny\u00e9ben. ANIMAL WELFARE ETOL\u00d3GIA \u00c9S TART\u00c1STECHNOL\u00d3GIA \/ ANIMAL WELFARE ETHOLOGY AND HOUSING SYSTEMS, 13(1), 1\u201311<\/p> <p>5. Bajnok, M., Szem\u00e1n, L., &amp; Tasi, J. (2010). The effect of pre-utilisation and the harvest time of the quantity and quality of fodder by extensive pasture usage. ACTA AGRONOMICA HUNGARICA<\/p> <p>6. Bajnok, M., Buchgraber, K., Szentes, S., &amp; Tasi, J. (2009). Effects of the frequency of grassland utilization on the composition of vegetation in different grasslands. T\u00c1J\u00d6KOL\u00d3GIAI LAPOK \/ JOURNAL OF LANDSCAPE ECOLOGY, 7(2), 403\u2013408.<\/p> <p>7. Tasi J.; M, Bajnok ; Sz, Szentes ; K, Penksza (2009). The distribution of precipitation as a sterss coefficient on harvest amounts of different grasslands. CEREAL RESEARCH COMMUNICATIONS, 37(Suppl), 109\u2013112.<\/p> <p>8. Bajnok, M., Harcsa, M., Gy\u00f6rgy, A., &amp; Barcs\u00e1k, Z. (2008). Sward renovation with enhancing of soil fertility. CEREAL RESEARCH COMMUNICATIONS, 36, 263\u2013266.<\/p> <p>9. Bajnok, M., Harcsa, M., Gy\u00f6rgy, A., &amp; Barcs\u00e1k, Z. (2008). Sward renovation with enhancing of soil fertility. CEREAL RESEARCH COMMUNICATIONS, 36, 263\u2013266.<\/p> <p>10. Bajnok, M. (2003). Zur Problematik der Energie-Sch\u00e4tzung bei Winterweidefutter. JOURNAL OF AGRONOMY AND CROP SCIENCE \/ ZEITSCHRIFT F\u00dcR ACKER- UND PFLANZENBAU, 15, 314\u2013315.<\/p> <p>&nbsp;<\/p>","protected":false},"excerpt":{"rendered":"<p>Introduction Since 2009, I have worked as a university researcher and lecturer at Szent Istv\u00e1n University (later Hungarian University of Agriculture and Life Science) in the Grassland Management Group Main research areas Maintenance and utilization of grasslands for fodder, nature conservation and ecological utilization. Scientific degree: PhD (2011) Scientific activity: Forage, nature conservation, ecological grassland<\/p>\n","protected":false},"author":5824,"featured_media":0,"parent":857,"menu_order":0,"comment_status":"closed","ping_status":"closed","template":"","meta":{"_acf_changed":false,"footnotes":""},"categories":[],"tags":[],"class_list":["post-89114","page","type-page","status-publish","hentry"],"acf":[],"_links":{"self":[{"href":"https:\/\/univet.hu\/en\/wp-json\/wp\/v2\/pages\/89114","targetHints":{"allow":["GET"]}}],"collection":[{"href":"https:\/\/univet.hu\/en\/wp-json\/wp\/v2\/pages"}],"about":[{"href":"https:\/\/univet.hu\/en\/wp-json\/wp\/v2\/types\/page"}],"author":[{"embeddable":true,"href":"https:\/\/univet.hu\/en\/wp-json\/wp\/v2\/users\/5824"}],"replies":[{"embeddable":true,"href":"https:\/\/univet.hu\/en\/wp-json\/wp\/v2\/comments?post=89114"}],"version-history":[{"count":1,"href":"https:\/\/univet.hu\/en\/wp-json\/wp\/v2\/pages\/89114\/revisions"}],"predecessor-version":[{"id":199733,"href":"https:\/\/univet.hu\/en\/wp-json\/wp\/v2\/pages\/89114\/revisions\/199733"}],"up":[{"embeddable":true,"href":"https:\/\/univet.hu\/en\/wp-json\/wp\/v2\/pages\/857"}],"wp:attachment":[{"href":"https:\/\/univet.hu\/en\/wp-json\/wp\/v2\/media?parent=89114"}],"wp:term":[{"taxonomy":"category","embeddable":true,"href":"https:\/\/univet.hu\/en\/wp-json\/wp\/v2\/categories?post=89114"},{"taxonomy":"post_tag","embeddable":true,"href":"https:\/\/univet.hu\/en\/wp-json\/wp\/v2\/tags?post=89114"}],"curies":[{"name":"wp","href":"https:\/\/api.w.org\/{rel}","templated":true}]}}