{"id":89116,"date":"2023-07-24T19:15:06","date_gmt":"2023-07-24T17:15:06","guid":{"rendered":"https:\/\/univet.hu\/?page_id=89116"},"modified":"2026-02-10T04:26:20","modified_gmt":"2026-02-10T03:26:20","slug":"moravszki-leticia","status":"publish","type":"page","link":"https:\/\/univet.hu\/en\/about\/staff\/moravszki-leticia\/","title":{"rendered":"Moravszki Let\u00edcia"},"content":{"rendered":"<p style=\"text-align: center;\"><span style=\"font-size: 14pt;\"><strong>Introduction<\/strong><\/span><\/p> <p><strong>Teaching experiences:<\/strong><\/p> <ul> <li>Required courses: <ul> <li>Animal Nutrition I. and II.<\/li> <\/ul> <\/li> <li>Elective courses: <ul> <li>Equine Dietetics<\/li> <li>E<span data-contrast=\"auto\">quine exercise physiology and sports medicine<\/span><span data-ccp-props=\"{&quot;134233118&quot;:false,&quot;201341983&quot;:0,&quot;335559739&quot;:0,&quot;335559740&quot;:259}\">\u00a0<\/span><\/li> <\/ul> <\/li> <\/ul> <p><span data-contrast=\"auto\"><strong>Languages:<\/strong> English, German<\/span><span data-ccp-props=\"{&quot;134233118&quot;:false,&quot;201341983&quot;:0,&quot;335559739&quot;:0,&quot;335559740&quot;:259}\">\u00a0<\/span><\/p> <p><strong>Study trips:\u00a0<\/strong><\/p> <ul> <li data-leveltext=\"\uf0b7\" data-font=\"Symbol\" data-listid=\"7\" data-list-defn-props=\"{&quot;335552541&quot;:1,&quot;335559683&quot;:0,&quot;335559684&quot;:-2,&quot;335559685&quot;:720,&quot;335559991&quot;:360,&quot;469769226&quot;:&quot;Symbol&quot;,&quot;469769242&quot;:[8226],&quot;469777803&quot;:&quot;left&quot;,&quot;469777804&quot;:&quot;\uf0b7&quot;,&quot;469777815&quot;:&quot;hybridMultilevel&quot;}\" aria-setsize=\"-1\" data-aria-posinset=\"3\" data-aria-level=\"1\"><span data-contrast=\"auto\">2013: Bilateral agreement, Tier\u00e4rztliche Hochschule Hannover, Equine Clinic<\/span><span data-ccp-props=\"{&quot;134233118&quot;:false,&quot;201341983&quot;:0,&quot;335559739&quot;:0,&quot;335559740&quot;:259}\">\u00a0<\/span><\/li> <\/ul> <p><span class=\"TextRun SCXW75443276 BCX8\" lang=\"HU-HU\" xml:lang=\"HU-HU\" data-contrast=\"auto\"><strong><span class=\"NormalTextRun SpellingErrorV2Themed SCXW75443276 BCX8\">Q<\/span><span class=\"NormalTextRun SpellingErrorV2Themed SCXW75443276 BCX8\">ualification<\/span><span class=\"NormalTextRun SCXW75443276 BCX8\">:<\/span><\/strong> <span class=\"NormalTextRun SpellingErrorV2Themed SCXW75443276 BCX8\">Doctor<\/span><span class=\"NormalTextRun SCXW75443276 BCX8\"> of <\/span><span class=\"NormalTextRun SpellingErrorV2Themed SCXW75443276 BCX8\">Veterinary<\/span> <span class=\"NormalTextRun SpellingErrorV2Themed SCXW75443276 BCX8\">Medicine<\/span><span class=\"NormalTextRun SCXW75443276 BCX8\">, <\/span><span class=\"NormalTextRun SpellingErrorV2Themed SCXW75443276 BCX8\">Veterinary<\/span> <span class=\"NormalTextRun SpellingErrorV2Themed SCXW75443276 BCX8\">expert<\/span><span class=\"NormalTextRun SCXW75443276 BCX8\"> in <\/span><span class=\"NormalTextRun SpellingErrorV2Themed SCXW75443276 BCX8\">equine<\/span> <span class=\"NormalTextRun SpellingErrorV2Themed SCXW75443276 BCX8\">medicine<\/span><\/span><span class=\"EOP SCXW75443276 BCX8\" data-ccp-props=\"{&quot;134233118&quot;:false,&quot;201341983&quot;:0,&quot;335559739&quot;:0,&quot;335559740&quot;:259}\">\u00a0<\/span><\/p> <p><strong> <span class=\"TextRun SCXW254589008 BCX8\" lang=\"HU-HU\" xml:lang=\"HU-HU\" data-contrast=\"auto\"><span class=\"NormalTextRun SpellingErrorV2Themed SCXW254589008 BCX8\">Scientific<\/span> <span class=\"NormalTextRun SpellingErrorV2Themed SCXW254589008 BCX8\">activity<\/span><\/span><\/strong><strong>:<\/strong><\/p> <ul> <li><span class=\"NormalTextRun SpellingErrorV2Themed SCXW143106423 BCX8\">Frequency<\/span><span class=\"NormalTextRun SCXW143106423 BCX8\"> of <\/span><span class=\"NormalTextRun SpellingErrorV2Themed SCXW143106423 BCX8\">occurrence<\/span><span class=\"NormalTextRun SCXW143106423 BCX8\"> of <\/span><span class=\"NormalTextRun SpellingErrorV2Themed SCXW143106423 BCX8\">certain<\/span> <span class=\"NormalTextRun SpellingErrorV2Themed SCXW143106423 BCX8\">forms<\/span><span class=\"NormalTextRun SCXW143106423 BCX8\"> of <\/span><span class=\"NormalTextRun SpellingErrorV2Themed SCXW143106423 BCX8\">melanoma<\/span><span class=\"NormalTextRun SCXW143106423 BCX8\"> in <\/span><span class=\"NormalTextRun SpellingErrorV2Themed SCXW143106423 BCX8\">Hungarian<\/span><span class=\"NormalTextRun SCXW143106423 BCX8\"> Arabian <\/span><span class=\"NormalTextRun SpellingErrorV2Themed SCXW143106423 BCX8\">horse<\/span> <span class=\"NormalTextRun SpellingErrorV2Themed SCXW143106423 BCX8\">breeds<\/span><\/li> <li><span class=\"TextRun SCXW89969581 BCX8\" lang=\"HU-HU\" xml:lang=\"HU-HU\" data-contrast=\"auto\"><span class=\"NormalTextRun SpellingErrorV2Themed SCXW89969581 BCX8\">P<\/span><span class=\"NormalTextRun SpellingErrorV2Themed SCXW89969581 BCX8\">revalence<\/span><span class=\"NormalTextRun SCXW89969581 BCX8\"> and <\/span><span class=\"NormalTextRun SpellingErrorV2Themed SCXW89969581 BCX8\">pathological<\/span> <span class=\"NormalTextRun SpellingErrorV2Themed SCXW89969581 BCX8\">role<\/span><span class=\"NormalTextRun SCXW89969581 BCX8\"> of <\/span><span class=\"NormalTextRun SpellingErrorV2Themed SCXW89969581 BCX8\">Equid<\/span> <span class=\"NormalTextRun SpellingErrorV2Themed SCXW89969581 BCX8\">Herpesvirus<\/span><span class=\"NormalTextRun SCXW89969581 BCX8\"> 5<\/span><\/span><span class=\"EOP SCXW89969581 BCX8\" data-ccp-props=\"{&quot;134233118&quot;:false,&quot;201341983&quot;:0,&quot;335559739&quot;:0,&quot;335559740&quot;:259}\">\u00a0<\/span><\/li> <li><span class=\"NormalTextRun SpellingErrorV2Themed SCXW171683634 BCX8\">C<\/span><span class=\"NormalTextRun SpellingErrorV2Themed SCXW171683634 BCX8\">ompanion<\/span> <span class=\"NormalTextRun SpellingErrorV2Themed SCXW171683634 BCX8\">animal<\/span> <span class=\"NormalTextRun SpellingErrorV2Themed SCXW171683634 BCX8\">feeding<\/span><span class=\"NormalTextRun SCXW171683634 BCX8\">\u00a0<\/span><span class=\"NormalTextRun SpellingErrorV2Themed SCXW171683634 BCX8\">trends<\/span><\/li> <\/ul> <p><strong>Progress:\u00a0<\/strong><\/p> <p>2008: Doctor of Veterinary Medicine<br \/> 2009: veterinarian at the Equine Clinic of University of Veterinary Medicine (internal medicine)<br \/> 2017: Veterinary expert in equine medicine<br \/> 2021: veterinarian at the Department of Animal Nutrition and Clinical Dietetics<br \/> 2023: PhD student<\/p> <p><strong>Professional memberships:<\/strong><br \/> European Society of Veterinary and Comparative Nutrition \u2013 membership from 2020<\/p> <p><strong>Number of theses supervised:<\/strong><br \/> Theses: 3<br \/> TDK works: 1<\/p> <p><strong><span class=\"NormalTextRun SCXW152941440 BCX8\">List of <\/span><span class=\"NormalTextRun SpellingErrorV2Themed SCXW152941440 BCX8\">publications<\/span><\/strong><\/p> <p>MTMT:\u00a0 <a href=\"https:\/\/m2.mtmt.hu\/gui2\/?type=authors&amp;mode=browse&amp;sel=authors10023449\">https:\/\/m2.mtmt.hu\/gui2\/?type=authors&amp;mode=browse&amp;sel=authors10023449<\/a><\/p> <table class=\"table table-striped\" width=\"976\"> <tbody> <tr> <td>1.<\/td> <td> <p><span data-contrast=\"auto\">Het\u00e9nyi, Nikoletta;\u00a0<\/span><b><span data-contrast=\"auto\">Moravszki, Let\u00edcia:\u00a0<\/span><\/b><span data-contrast=\"auto\">Gy\u00f3gyn\u00f6v\u00e9nyek haszn\u00e1lata a cukorbetegs\u00e9g ter\u00e1pi\u00e1j\u00e1ban: Irodalmi \u00f6sszefoglal\u00f3<\/span><span data-ccp-props=\"{&quot;201341983&quot;:0,&quot;335559739&quot;:160,&quot;335559740&quot;:259}\">\u00a0<\/span><\/p> <p><span data-contrast=\"auto\">MAGYAR \u00c1LLATORVOSOK LAPJA 145: 6 pp. 359-371., 13 p. (2023)<\/span><span data-ccp-props=\"{&quot;201341983&quot;:0,&quot;335559685&quot;:720,&quot;335559739&quot;:160,&quot;335559740&quot;:259}\">\u00a0<\/span><\/td> <\/tr> <tr> <td>2.<\/td> <td> <p><b><span data-contrast=\"auto\">L, Moravszki<\/span><\/b><span data-contrast=\"auto\">; T, Bakonyi; P, Miko; S, Sardi; Zs, Bohak; E, B\u00f3dai; O, Kutasi: Detection of equine herpesvirus 5 in different respiratory samples of horses<\/span><span data-ccp-props=\"{&quot;201341983&quot;:0,&quot;335559739&quot;:160,&quot;335559740&quot;:259}\">\u00a0<\/span><\/p> <p><span data-contrast=\"auto\">JOURNAL OF VETERINARY INTERNAL MEDICINE 29 pp. 977-991., 15 p. (2015)<\/span><span data-ccp-props=\"{&quot;201341983&quot;:0,&quot;335559685&quot;:720,&quot;335559739&quot;:160,&quot;335559740&quot;:259}\">\u00a0<\/span><\/td> <\/tr> <tr> <td>3.<\/td> <td> <p><span data-contrast=\"auto\">O, Kutasi;\u00a0<\/span><b><span data-contrast=\"auto\">L, Moravszki<\/span><\/b><span data-contrast=\"auto\">; S, Sardi; Zs, Bohak; P, Miko; N, Balogh; K, Nagy; T, Bakonyi: Equine herpesvirus type 5 in bronchoalveolar lavage fluid of horses with equine multinodular pulmonary fibrosis (EMPF) and with other chronic respiratory disorders<\/span><span data-ccp-props=\"{&quot;201341983&quot;:0,&quot;335559739&quot;:160,&quot;335559740&quot;:259}\">\u00a0<\/span><\/p> <p><span data-contrast=\"auto\">JOURNAL OF VETERINARY INTERNAL MEDICINE 28: 2 Paper: 10.1111\/jvim.12326 (2014)<\/span><span data-ccp-props=\"{&quot;201341983&quot;:0,&quot;335559685&quot;:720,&quot;335559739&quot;:160,&quot;335559740&quot;:259}\">\u00a0<\/span><\/td> <\/tr> <tr> <td>4.<\/td> <td> <p><span data-contrast=\"auto\">Orsolya, Kutasi;\u00a0<\/span><b><span data-contrast=\"auto\">Let\u00edcia, Moravszki<\/span><\/b><span data-contrast=\"auto\">; S\u00e1ra, S\u00e1rdi; Zs\u00f3fia, Boh\u00e1k; Imre, Biksi; Ferenc, Baska; Ott\u00f3, Szenci<\/span><span data-ccp-props=\"{&quot;201341983&quot;:0,&quot;335559739&quot;:160,&quot;335559740&quot;:259}\">\u00a0<\/span><\/p> <p><span data-contrast=\"auto\">Systemic granulomatous disease in a Hungarian warmblood gelding<\/span><span data-ccp-props=\"{&quot;201341983&quot;:0,&quot;335559685&quot;:720,&quot;335559739&quot;:160,&quot;335559740&quot;:259}\">\u00a0<\/span><\/p> <p><span data-contrast=\"auto\">JOURNAL OF EQUINE VETERINARY SCIENCE 34: 6 pp. 810-815., 6 p. (2014)<\/span><span data-ccp-props=\"{&quot;201341983&quot;:0,&quot;335559685&quot;:720,&quot;335559739&quot;:160,&quot;335559740&quot;:259}\">\u00a0<\/span><\/td> <\/tr> <tr> <td>5.<\/td> <td> <p><b><span data-contrast=\"auto\">Moravszki, Leticia<\/span><\/b><span data-contrast=\"auto\">; Votion, Dominique; Lekeux, Pierre; Kutasi, Orsolya: Kieg\u00e9sz\u00edt\u0151 vizsg\u00e1latok lovak l\u00e9gz\u0151szervi betegs\u00e9geinek meg\u00e1llap\u00edt\u00e1s\u00e1hoz: Irodalmi \u00e1ttekint\u00e9s: Ancillary diagnostic methods in the diagnosis of equine respiratory diseases. Literature review<\/span><span data-ccp-props=\"{&quot;201341983&quot;:0,&quot;335559739&quot;:160,&quot;335559740&quot;:259}\">\u00a0<\/span><\/p> <p><span data-contrast=\"auto\">MAGYAR \u00c1LLATORVOSOK LAPJA 135: 4 pp. 195-205., 11 p. (2013)<\/span><\/td> <\/tr> <\/tbody> <\/table> <p>&nbsp;<\/p> <p>Consultation: based on prior agreement by email<\/p>","protected":false},"excerpt":{"rendered":"<p>Introduction Teaching experiences: Required courses: Animal Nutrition I. and II. Elective courses: Equine Dietetics Equine exercise physiology and sports medicine\u00a0 Languages: English, German\u00a0 Study trips:\u00a0 2013: Bilateral agreement, Tier\u00e4rztliche Hochschule Hannover, Equine Clinic\u00a0 Qualification: Doctor of Veterinary Medicine, Veterinary expert in equine medicine\u00a0 Scientific activity: Frequency of occurrence of certain forms of melanoma in Hungarian<\/p>\n","protected":false},"author":5824,"featured_media":0,"parent":857,"menu_order":0,"comment_status":"closed","ping_status":"closed","template":"","meta":{"_acf_changed":false,"footnotes":""},"categories":[19],"tags":[],"class_list":["post-89116","page","type-page","status-publish","hentry","category-staff"],"acf":[],"_links":{"self":[{"href":"https:\/\/univet.hu\/en\/wp-json\/wp\/v2\/pages\/89116","targetHints":{"allow":["GET"]}}],"collection":[{"href":"https:\/\/univet.hu\/en\/wp-json\/wp\/v2\/pages"}],"about":[{"href":"https:\/\/univet.hu\/en\/wp-json\/wp\/v2\/types\/page"}],"author":[{"embeddable":true,"href":"https:\/\/univet.hu\/en\/wp-json\/wp\/v2\/users\/5824"}],"replies":[{"embeddable":true,"href":"https:\/\/univet.hu\/en\/wp-json\/wp\/v2\/comments?post=89116"}],"version-history":[{"count":1,"href":"https:\/\/univet.hu\/en\/wp-json\/wp\/v2\/pages\/89116\/revisions"}],"predecessor-version":[{"id":199818,"href":"https:\/\/univet.hu\/en\/wp-json\/wp\/v2\/pages\/89116\/revisions\/199818"}],"up":[{"embeddable":true,"href":"https:\/\/univet.hu\/en\/wp-json\/wp\/v2\/pages\/857"}],"wp:attachment":[{"href":"https:\/\/univet.hu\/en\/wp-json\/wp\/v2\/media?parent=89116"}],"wp:term":[{"taxonomy":"category","embeddable":true,"href":"https:\/\/univet.hu\/en\/wp-json\/wp\/v2\/categories?post=89116"},{"taxonomy":"post_tag","embeddable":true,"href":"https:\/\/univet.hu\/en\/wp-json\/wp\/v2\/tags?post=89116"}],"curies":[{"name":"wp","href":"https:\/\/api.w.org\/{rel}","templated":true}]}}