{"id":89177,"date":"2023-07-25T10:09:40","date_gmt":"2023-07-25T08:09:40","guid":{"rendered":"https:\/\/univet.hu\/?page_id=89177"},"modified":"2026-02-10T04:26:50","modified_gmt":"2026-02-10T03:26:50","slug":"szentes-szilard","status":"publish","type":"page","link":"https:\/\/univet.hu\/en\/about\/staff\/szentes-szilard\/","title":{"rendered":"Szentes Szil\u00e1rd"},"content":{"rendered":"<p style=\"text-align: center;\"><strong><span style=\"font-size: 14pt;\">Introduction<\/span><\/strong><\/p> <p>I graduated as a certified agricultural engineer at Szent Istv\u00e1n University in G\u00f6d\u00f6ll\u0151 in 2009. My application was accepted by the university&#8217;s Doctoral School of Plant Sciences in the same year. In 2016 I defended my dissertation examining the Hungarian distribution of Bothriochloa ischaemum, its agro-ecological effects and management options with summa cum laude. I joined the Nutrition Department of the University of Veterinary Medicine as a research associate in 2023.<\/p> <p>Qualification: Agricultural Engineer (MSc.)<\/p> <p>Scientific degree: PhD.<\/p> <p><strong>Scientific activity:<\/strong><\/p> <ul> <li>Effects of grazing by different animal species and grazing methods on the internal structure of grasslands<\/li> <li>Agroecological and microcoenological effects of invasive and locally abundant grasses<\/li> <li>Feeding value of grassland species depending on their phenological development<\/li> <li>Ecology of C4 grass species.<\/li> <li>Nature conservational value of the vegetation of loess verges.<\/li> <\/ul> <p><strong>Progress<\/strong>:<\/p> <p>2023 \u2013 research fellow \u2013 Animal Nutrition Unit<\/p> <p><strong>Professional memberships:<\/strong><\/p> <table style=\"height: 47px;\" width=\"711\"> <tbody> <tr style=\"height: 28px;\"> <td style=\"width: 229.667px; height: 28px; text-align: center;\">Name of Committee<\/td> <td style=\"width: 229.667px; height: 28px; text-align: center;\">Period<\/td> <td style=\"width: 229.667px; height: 28px; text-align: center;\">Position<\/td> <\/tr> <tr style=\"height: 19px;\"> <td style=\"width: 229.667px; height: 19px; text-align: center;\">Hungarian Biological Association<\/td> <td style=\"width: 229.667px; height: 19px; text-align: center;\">2009<\/td> <td style=\"width: 229.667px; height: 19px; text-align: center;\">member<\/td> <\/tr> <\/tbody> <\/table> <p>&nbsp;<\/p> <p><strong>Number of theses supervised<\/strong>:<\/p> <p>\u00b7 BScTheses: 2<\/p> <p>\u00b7 MSc Theses: 3<\/p> <p>\u00b7 TDK works: 7<\/p> <p>PhD studentssupervised: &#8211;<\/p> <p><strong>List of publications (Top 10)<\/strong><\/p> <p><strong>MTMT link<\/strong>: <a href=\"https:\/\/m2.mtmt.hu\/gui2\/?type=authors&amp;mode=browse&amp;sel=10027719&amp;view=pubTable\">https:\/\/m2.mtmt.hu\/gui2\/?type=authors&amp;mode=browse&amp;sel=10027719&amp;view=pubTable<\/a><\/p> <p>1. Kotowski M., Kotowska D., Bir\u00f3 M., Babai D., Sharifian A., Szentes Sz., \u0141uczaj \u0141., Moln\u00e1r Zs. (2023): Change in European Forage and Fodder Plant Indicator Sets over the Past 250 Years. RANGELAND ECOLOGY &amp; MANAGEMENT, 88: 159-173. 2. F\u0171r\u00e9sz, A ; Penksza, K ; Sipos, L ; Turcs\u00e1nyi-J\u00e1rdi, I ; Szentes, Sz ; Fintha, G ; Penksza, P ; Viszl\u00f3, L ; Szalai, F ; Wagenhoffer, Zs. (2023): Examination of the Effects of Domestic Water Buffalo (Bubalus bubalis) Grazing on Wetland and Dry Grassland Habitats. PLANTS-BASEL 12: 11: 2184<\/p> <p>3. H\u00e1zi J., Penksza K., Barczi A. , Szentes Sz., P\u00e1pay G. (2022): Mowing on Biomass Composition in Pannonian Dry Grasslands. AGRONOMY 12: 5: 11072.<\/p> <p>4. Szentes Sz., Sutyinszki Zs., Kiss T., F\u0171r\u00e9sz A., Sal\u00e1ta D., Hark\u00e1nyin\u00e9 Sz\u00e9kely Zs., Penksza K. (2022): Verges as Fragments of Loess Grasslands in the Carpathian Basin and their Festuca Species. DIVERSITY-BASEL 14: 7: 510<\/p> <p>5. Fraser L. H., Jentsch A., Sternberg M., Zobel M., Cahill J., Beierkuhnlein C., Bartha S., Bennett J. A., Boldgiv B., Brown L. R., Cabido M., D., Campetella G., Carlyle C.<\/p> <p>N., Chelli S., Cserg\u0151 A. M., Diaz S., Enrico L., Ensing D., Fidelis A., Garris H. W., Henry H. A. L., H\u00f6hn M., Klironomos J., Koorem K., Lawrence- Lodge R., ManningP., Mitchell R. J., Moora M., Pillar V. D., Stotz G. C., Sugiyama S., Szentes Sz., Tungalag R., Undrakhbold S., Wellstein C., Zupo T. (2015): Worldwide evidence of a unimodal relationship between productivity and plant species richness. SCIENCE 349: 6245: 302-305.<\/p> <p>6. Bartha S. , Szentes Sz., Horv\u00e1th A , H\u00e1zi J , Zimmermann Z , Moln\u00e1r Cs., Dancza I., Marg\u00f3czi K , P\u00e1l R., Purger D., Schmidt D., \u00d3v\u00e1ri M., Komoly C., Sutyinszki Zs., Szab\u00f3 G., Csath\u00f3 A. I., Juh\u00e1sz M., Penksza K., Moln\u00e1r Zs. (2014): Impact of midsuccessional dominant species on the diversity and progress of succession in regenerating temperate grasslands. APPLIED VEGETATION SCIENCE 17: 2pp. 201-213. 7. Penksza, K ; H\u00e1zi, J ; T\u00f3th, A ; Wichmann, B ; Pajor, F ; Gyuricza, Cs ; P\u00f3ti, P ; Szentes, Sz (2013): Elt\u00e9r\u0151 hasznos\u00edt\u00e1s\u00fa sz\u00fcrkemarha legel\u0151 szezon\u00e1lis t\u00e1pl\u00e1l\u00f3anyag tartalom alakul\u00e1sa, fajdiverzit\u00e1s v\u00e1ltoz\u00e1sa \u00e9s ennek hat\u00e1sa a biomassza mennyis\u00e9g\u00e9re \u00e9s \u00f6sszet\u00e9tel\u00e9re pannon nedves gyepben N\u00d6V\u00c9NYTERMEL\u00c9S 62: 73-94.<\/p> <p>8. Szentes Sz., Sutyinszki Zs., Szab\u00f3 G., Zimmermann Z., H\u00e1zi J., Wichmann B., Hufn\u00e1gel L., Penksza K., Bartha S. (2012): Grazed Pannonian grassland beta-diversity changes due to C4 yellow bluestem. CENTRAL EUROPEAN JOURNAL OF BIOLOGY 7: 6: 1055-1065.<\/p> <p>9. H\u00e1zi J, Bartha S, Szentes S, Wichmann B, Penksza K (2011): Seminatural grassland management by mowing of Calamagrostis epigejos in Hungary. PLANT BIOSYSTEMS 145: 699-707. 10. Szentes, Sz ; Ken\u00e9z, \u00c1 ; Sal\u00e1ta, D ; Szab\u00f3, M ; Penksza, K (2007): Comparative researches and evaluations on grassland management and nature conservation in natural grasslands of the Transdanubian mountain range. CEREAL RESEARCH COMMUNICATIONS 35: 2: 1161-1164.<\/p> <p>&nbsp;<\/p> <p><strong>Consultation<\/strong>: based on prior agreement by email<\/p>","protected":false},"excerpt":{"rendered":"<p>Introduction I graduated as a certified agricultural engineer at Szent Istv\u00e1n University in G\u00f6d\u00f6ll\u0151 in 2009. My application was accepted by the university&#8217;s Doctoral School of Plant Sciences in the same year. In 2016 I defended my dissertation examining the Hungarian distribution of Bothriochloa ischaemum, its agro-ecological effects and management options with summa cum laude.<\/p>\n","protected":false},"author":5824,"featured_media":0,"parent":857,"menu_order":0,"comment_status":"closed","ping_status":"closed","template":"","meta":{"_acf_changed":false,"footnotes":""},"categories":[],"tags":[],"class_list":["post-89177","page","type-page","status-publish","hentry"],"acf":[],"_links":{"self":[{"href":"https:\/\/univet.hu\/en\/wp-json\/wp\/v2\/pages\/89177","targetHints":{"allow":["GET"]}}],"collection":[{"href":"https:\/\/univet.hu\/en\/wp-json\/wp\/v2\/pages"}],"about":[{"href":"https:\/\/univet.hu\/en\/wp-json\/wp\/v2\/types\/page"}],"author":[{"embeddable":true,"href":"https:\/\/univet.hu\/en\/wp-json\/wp\/v2\/users\/5824"}],"replies":[{"embeddable":true,"href":"https:\/\/univet.hu\/en\/wp-json\/wp\/v2\/comments?post=89177"}],"version-history":[{"count":1,"href":"https:\/\/univet.hu\/en\/wp-json\/wp\/v2\/pages\/89177\/revisions"}],"predecessor-version":[{"id":199851,"href":"https:\/\/univet.hu\/en\/wp-json\/wp\/v2\/pages\/89177\/revisions\/199851"}],"up":[{"embeddable":true,"href":"https:\/\/univet.hu\/en\/wp-json\/wp\/v2\/pages\/857"}],"wp:attachment":[{"href":"https:\/\/univet.hu\/en\/wp-json\/wp\/v2\/media?parent=89177"}],"wp:term":[{"taxonomy":"category","embeddable":true,"href":"https:\/\/univet.hu\/en\/wp-json\/wp\/v2\/categories?post=89177"},{"taxonomy":"post_tag","embeddable":true,"href":"https:\/\/univet.hu\/en\/wp-json\/wp\/v2\/tags?post=89177"}],"curies":[{"name":"wp","href":"https:\/\/api.w.org\/{rel}","templated":true}]}}