{"id":89184,"date":"2023-07-25T10:21:28","date_gmt":"2023-07-25T08:21:28","guid":{"rendered":"https:\/\/univet.hu\/?page_id=89184"},"modified":"2026-02-10T04:26:01","modified_gmt":"2026-02-10T03:26:01","slug":"karpati-edina","status":"publish","type":"page","link":"https:\/\/univet.hu\/en\/about\/staff\/karpati-edina\/","title":{"rendered":"K\u00e1rp\u00e1ti Edina"},"content":{"rendered":"<p><strong>Biography:<\/strong><\/p> <p>I have been working as a PhD student at the University of Veterinary Medicine, Budapest since 2021, under the co-direction of Dr Andr\u00e1s G\u00e1sp\u00e1rdy. My work is mainly focused on farm animals. Currently, I am conducting extensive studies to preserve the original traits of the domestic racka ewe sheep varieties and to maintain their genetic diversity, as well as basic physiological research in the sheep species, which is useful in the fields of reproductive biology and obstetrics.<\/p> <p>In addition to farm animals, companion animals are of course an integral part of my interests, with a particular focus on cats.<\/p> <p><strong>Scientific degree: <\/strong>PhD in progress<\/p> <p><strong>Main research areas<\/strong><strong>:<\/strong><\/p> <p>1) to perform a full pedigree analysis of the domestic racka sheep (Hortob\u00e1gyi Hungarian racka and Gyimesi racka),<\/p> <p>2) to determine the maternal genetic background of Hungarian racka sheep based on the mtDNA control region,<\/p> <p>3) monitoring blood plasma melatonin levels in ewes at different stages of gestation and at lambing.<\/p> <p><strong>Affiliations:<\/strong><\/p> <table style=\"height: 329px;\" width=\"925\"> <tbody> <tr> <td style=\"width: 302.062px;\">Name of organisation<\/td> <td style=\"width: 302.062px;\">Time interval<\/td> <td style=\"width: 302.075px;\">Position<\/td> <\/tr> <tr> <td style=\"width: 302.062px;\">DAGENE &#8211; International Association for the Conservation of Animal Breeds in the Danubian Region<\/td> <td style=\"width: 302.062px;\">2022-<\/td> <td style=\"width: 302.075px;\">member<\/td> <\/tr> <tr> <td style=\"width: 302.062px;\">Magyar Labor\u00e1llat-tudom\u00e1nyi Egyes\u00fclet &#8211;\u00a0 Hungarian Laboratory Animal Science Society<\/td> <td style=\"width: 302.062px;\">2022-<\/td> <td style=\"width: 302.075px;\">member<\/td> <\/tr> <\/tbody> <\/table> <p>&nbsp;<\/p> <p><strong>Number of students (theses and Students\u2019 Scientific Association a.k.a. TDK):<\/strong><\/p> <ul> <li><strong>Theses<\/strong><strong>:3<\/strong><\/li> <li><strong>TDK:2<\/strong><\/li> <\/ul> <p><strong>Publication list (TOP10) and MTMT link<\/strong><strong>:<\/strong><\/p> <table style=\"height: 755px;\" width=\"925\"> <tbody> <tr> <td style=\"width: 916.6px;\"><strong>1. <\/strong>Sch\u00fctz L, Guly\u00e1s L, Wagenhoffer Zs, S\u00e1f\u00e1r L, Becskei Zs, G\u00e1sp\u00e1rdy A, K\u00e1rp\u00e1ti E (2023): Bestimmung des Generationsintervalls in der Gyimeser Racka und seine Bedeutung bei gef\u00e4hrdeten Schafrassen. Danubian Animal Genetic Resources, 8(1): 21-28. doi.org\/10.59913\/dagr.2023.12256<\/td> <\/tr> <tr> <td style=\"width: 916.6px;\"><strong>2. <\/strong>K\u00e1rp\u00e1ti E, Guly\u00e1s L, G\u00e1sp\u00e1rdy A (2023): Az \u00e1tlagos belteny\u00e9sztetts\u00e9g k\u00e9tf\u00e9le m\u00f3don val\u00f3 meghat\u00e1roz\u00e1sa a gyimesi racka p\u00e9ld\u00e1j\u00e1n kereszt\u00fcl (Determining the average inbreeding coefficient in two ways using the example of the Gyimesi Racka). AWETH, 19(1): 47-54. doi.org\/10.17205\/SZIE.AWETH.2023.1.047<\/td> <\/tr> <tr> <td style=\"width: 916.6px;\"><strong>3. <\/strong>K\u00e1rp\u00e1ti Edina, F\u00fcrlinger D\u00f3ra, M\u00f3cz\u00e1n\u00e9 Plesk\u00f3 Anik\u00f3, Guly\u00e1s L\u00e1szl\u00f3, G\u00e1sp\u00e1rdy Andr\u00e1s, Becskei Zsolt (2022): Various approaches to influence melatonin level in sheep reproduction. Review. Veterinarski Glasnik, 77(1): 16-34. https:\/\/doi.org\/10.2298\/VETGL220308007K<\/td> <\/tr> <tr> <td style=\"width: 916.6px;\"><strong>4. <\/strong>K\u00e1rp\u00e1ti E, Becskei Zs, G\u00e1sp\u00e1rdy A, S\u00e1f\u00e1r L, Guly\u00e1s L (2022): Der Status der Homozygotie des Gyimeser Zackelschafes in Ungarn auf der Grundlage einer vorl\u00e4ufigen Analyse der Herdbuchdaten (Homozygosity status of Gyimes Racka in Hungary based on preliminary analysis of pedigree data). Danubian Animal Genetic Resources, 7(2): 57-63.<\/td> <\/tr> <tr> <td style=\"width: 916.6px;\"><strong>5. <\/strong>K\u00e1rp\u00e1ti E, Guly\u00e1s L, G\u00e1sp\u00e1rdy A (2022): A melatonin szint szab\u00e1lyoz\u00e1s\u00e1nak sokr\u00e9t\u0171lehet\u0151s\u00e9gei a juh szaporod\u00e1s\u00e1ban (Various possibilities for regulating melatonin levels in sheep reproduction). In: Magyar Buiatrikus T\u00e1rsas\u00e1g XXX. Jubileumi Nemzetk\u00f6zi Kongresszusa. Szerk.: Szenci Ott\u00f3. 2022. m\u00e1rcius 20-23. Eger. Proceedings pp. 140-147. ISBN: 978-615-81413-2-1. A\/3 nyomda, Budapest.<\/td> <\/tr> <\/tbody> <\/table> <p>&nbsp;<\/p>","protected":false},"excerpt":{"rendered":"<p>Biography: I have been working as a PhD student at the University of Veterinary Medicine, Budapest since 2021, under the co-direction of Dr Andr\u00e1s G\u00e1sp\u00e1rdy. My work is mainly focused on farm animals. Currently, I am conducting extensive studies to preserve the original traits of the domestic racka ewe sheep varieties and to maintain their<\/p>\n","protected":false},"author":5824,"featured_media":0,"parent":857,"menu_order":0,"comment_status":"closed","ping_status":"closed","template":"","meta":{"_acf_changed":false,"footnotes":""},"categories":[],"tags":[],"class_list":["post-89184","page","type-page","status-publish","hentry"],"acf":[],"_links":{"self":[{"href":"https:\/\/univet.hu\/en\/wp-json\/wp\/v2\/pages\/89184","targetHints":{"allow":["GET"]}}],"collection":[{"href":"https:\/\/univet.hu\/en\/wp-json\/wp\/v2\/pages"}],"about":[{"href":"https:\/\/univet.hu\/en\/wp-json\/wp\/v2\/types\/page"}],"author":[{"embeddable":true,"href":"https:\/\/univet.hu\/en\/wp-json\/wp\/v2\/users\/5824"}],"replies":[{"embeddable":true,"href":"https:\/\/univet.hu\/en\/wp-json\/wp\/v2\/comments?post=89184"}],"version-history":[{"count":1,"href":"https:\/\/univet.hu\/en\/wp-json\/wp\/v2\/pages\/89184\/revisions"}],"predecessor-version":[{"id":199794,"href":"https:\/\/univet.hu\/en\/wp-json\/wp\/v2\/pages\/89184\/revisions\/199794"}],"up":[{"embeddable":true,"href":"https:\/\/univet.hu\/en\/wp-json\/wp\/v2\/pages\/857"}],"wp:attachment":[{"href":"https:\/\/univet.hu\/en\/wp-json\/wp\/v2\/media?parent=89184"}],"wp:term":[{"taxonomy":"category","embeddable":true,"href":"https:\/\/univet.hu\/en\/wp-json\/wp\/v2\/categories?post=89184"},{"taxonomy":"post_tag","embeddable":true,"href":"https:\/\/univet.hu\/en\/wp-json\/wp\/v2\/tags?post=89184"}],"curies":[{"name":"wp","href":"https:\/\/api.w.org\/{rel}","templated":true}]}}