{"id":895,"date":"2017-06-27T12:43:00","date_gmt":"2017-06-27T10:43:00","guid":{"rendered":"http:\/\/univet.hu\/about-us\/research\/research-teams\/bioinformatics-research-group\/"},"modified":"2023-06-19T10:02:21","modified_gmt":"2023-06-19T08:02:21","slug":"infectious-animal-diseases-research-group","status":"publish","type":"page","link":"https:\/\/univet.hu\/en\/research\/research-teams\/infectious-animal-diseases-research-group\/","title":{"rendered":"Infectious Animal Diseases Research Group"},"content":{"rendered":"<p><strong>RESEARCH GROUP LEADER:<\/strong> Dr. Mikl\u00f3s TENK PhD, associate professor<\/p> <p><strong>CONTACT:<\/strong> <a class=\"decrypt\" rel=\"ufol\/njlmptAvojwfu\/iv\" href=\"javascript:void(0);\">[Click to see email]<\/a><\/p> <p>&nbsp;<\/p> <p><strong>MEMBERS:<\/strong><\/p> <p>1) Dr. L\u00e1szl\u00f3 FODOR<\/p> <p>2) Dr. L\u00e1szl\u00f3 MAKRAI<\/p> <p>3) Dr. Anna KOLL\u00c1R<\/p> <p>4) Dr. Levente SZEREDI<\/p> <p>5) Dr. Andr\u00e1s ADORJ\u00c1N<\/p> <p>6) Gergely T\u00d3TH<\/p> <p>&nbsp;<\/p> <p><strong>RESEARCH TOPIC:<\/strong><\/p> <p>In this research group, we aim at the planning, organisation and execution of research projects related to animal diseases of high economic impact or zoonotic nature. This includes the investigation of phenotypic and genomic features of virulence in animal pathogens and the search for the new methods of epidemiological investigation and diagnostic possibilities. At the same time, our aim is also to develop new diagnostic methods and vaccines. Related to this, besides the domestic and foreign academic research institutions, we would like to establish collaborations with industrial partners too.<\/p> <p>&nbsp;<\/p> <p><strong>GRANT PROJECTS:<\/strong><\/p> <p>National Laboratory of Infectious Animal Diseases, Antimicrobial Resistance, Veterinary Public Health and Food Chain Safety<\/p>","protected":false},"excerpt":{"rendered":"<p>RESEARCH GROUP LEADER: Dr. Mikl\u00f3s TENK PhD, associate professor CONTACT: [Click to see email] &nbsp; MEMBERS: 1) Dr. L\u00e1szl\u00f3 FODOR 2) Dr. L\u00e1szl\u00f3 MAKRAI 3) Dr. Anna KOLL\u00c1R 4) Dr. Levente SZEREDI 5) Dr. Andr\u00e1s ADORJ\u00c1N 6) Gergely T\u00d3TH &nbsp; RESEARCH TOPIC: In this research group, we aim at the planning, organisation and execution of<\/p>\n","protected":false},"author":1,"featured_media":0,"parent":869,"menu_order":228,"comment_status":"closed","ping_status":"closed","template":"","meta":{"_acf_changed":false,"footnotes":""},"categories":[],"tags":[],"class_list":["post-895","page","type-page","status-publish","hentry"],"acf":[],"_links":{"self":[{"href":"https:\/\/univet.hu\/en\/wp-json\/wp\/v2\/pages\/895","targetHints":{"allow":["GET"]}}],"collection":[{"href":"https:\/\/univet.hu\/en\/wp-json\/wp\/v2\/pages"}],"about":[{"href":"https:\/\/univet.hu\/en\/wp-json\/wp\/v2\/types\/page"}],"author":[{"embeddable":true,"href":"https:\/\/univet.hu\/en\/wp-json\/wp\/v2\/users\/1"}],"replies":[{"embeddable":true,"href":"https:\/\/univet.hu\/en\/wp-json\/wp\/v2\/comments?post=895"}],"version-history":[{"count":0,"href":"https:\/\/univet.hu\/en\/wp-json\/wp\/v2\/pages\/895\/revisions"}],"up":[{"embeddable":true,"href":"https:\/\/univet.hu\/en\/wp-json\/wp\/v2\/pages\/869"}],"wp:attachment":[{"href":"https:\/\/univet.hu\/en\/wp-json\/wp\/v2\/media?parent=895"}],"wp:term":[{"taxonomy":"category","embeddable":true,"href":"https:\/\/univet.hu\/en\/wp-json\/wp\/v2\/categories?post=895"},{"taxonomy":"post_tag","embeddable":true,"href":"https:\/\/univet.hu\/en\/wp-json\/wp\/v2\/tags?post=895"}],"curies":[{"name":"wp","href":"https:\/\/api.w.org\/{rel}","templated":true}]}}