{"id":899,"date":"2017-06-27T12:54:00","date_gmt":"2017-06-27T10:54:00","guid":{"rendered":"http:\/\/univet.hu\/about-us\/research\/research-teams\/e-learning-research-group\/"},"modified":"2023-06-16T11:53:09","modified_gmt":"2023-06-16T09:53:09","slug":"e-learning-research-group","status":"publish","type":"page","link":"https:\/\/univet.hu\/en\/research\/research-teams\/e-learning-research-group\/","title":{"rendered":"Education Development and E-learning Research Group"},"content":{"rendered":"<p><strong>RESEARCH GROUP LEADER:<\/strong> Dr. Tibor BARTHA PhD, professor (Dr. M\u00edra M\u00c1NDOKI PhD, associate professor)<\/p> <p><strong>CONTACT<\/strong><strong>:<\/strong> <a class=\"decrypt\" rel=\"Cbsuib\/UjcpsAvojwfu\/iv\" href=\"javascript:void(0);\">[Click to see email]<\/a> (<a class=\"decrypt\" rel=\"Nboeplj\/NjsbAvojwfu\/iv\" href=\"javascript:void(0);\">[Click to see email]<\/a>)<\/p> <p>&nbsp;<\/p> <p><strong>MEMBERS:<\/strong><\/p> <p>1)\u00a0Dr. Istv\u00e1n T\u00d3TH<\/p> <p>2) Dr. D\u00e1vid S\u00e1ndor KISS<\/p> <p>3) Dr. Gergely J\u00d3CS\u00c1K<\/p> <p>4) Dr. Anna SZILASI<\/p> <p>5) Levente SOMOGYI<\/p> <p>&nbsp;<\/p> <p><strong>RESEARCH TOPIC:<\/strong><\/p> <p>This research group focuses on the adaptation of new trends and accreditation requirements in the veterinary teaching, works on the implementation of non-professional life skills into the busy curriculum. Besides the classic educational research, also supports students with learning difficulties. This areas provide interesting possibilities for analysis especially taking into consideration the international campus of the university. Main areas in the scope of the research group are e-learning, e-portfolio, assessment, feedback, entrustable professional activities (EPAs), virtual patients, online professional networking, lifelong learning.<\/p> <p>&nbsp;<\/p> <p><strong>TOP PUBLICATIONS:<\/strong><\/p> <p>1) Kleinsorgen, Christin ; Steinberg, Evelyn ; Doemoetoer, Rudolf ; Piano, Jelka Zabavnik ; Rugelj, Joze ; Mandoki, Mira ; Radin, Lada &#8220;The SOFTVETS Competence Model&#8221; &#8211; a preliminary project report GMS JOURNAL FOR MEDICAL EDUCATION 38 : 3 Paper: Doc50 (2021)PERSPECTIVES ON MEDICAL EDUCATION 6: 4 pp. 256-264., 9 p.<\/p> <p>2) Baillie, S; Ehlers, JP; Koch, M; M\u00e1ndoki, M; Ciobotaru, E; de Groot, E (2011): Developing an online professional network for veterinary education: The NOVICE project<br \/> JOURNAL OF VETERINARY MEDICAL EDUCATION 38: 4 pp. 395-403., 9 p. (2011)<\/p> <p>3) Duijn, CCMA; Welink, LS; Mandoki, M; ten Cate, OTJ; Kremer, WDJ; Bok, HGJ (2017): Am I ready for it? Students\u2019 perceptions of meaningful feedback on entrustable professional activities<\/p> <p>4) Duijn, Chantal C.M.A. ; van Dijk, Emma J. ; Mandoki, Mira ; Bok, Harold G.J. ; Cate, Olle Th.J. ten Assessment Tools for Feedback and Entrustment Decisions in the Clinical Workplace: A Systematic Review JOURNAL OF VETERINARY MEDICAL EDUCATION 46 : 3 pp. 340-352. , 13 p. (2019)<\/p> <p>5) Kleinsorgen, Christin ; von K\u00f6ckritz-Blickwede, Maren ; Y Naim, Hassan ; Branitzki-Heinemann, Katja ; Kankofer, Marta ; M\u00e1ndoki, M\u00edra ; Adler, Martin ; Tipold, Andrea ; P Ehlers, Jan Impact of Virtual Patients as Optional Learning Material in Veterinary Biochemistry Education JOURNAL OF VETERINARY MEDICAL EDUCATION 45 : 2 pp. 177-187. , 11 p. (2018)<\/p>","protected":false},"excerpt":{"rendered":"<p>RESEARCH GROUP LEADER: Dr. Tibor BARTHA PhD, professor (Dr. M\u00edra M\u00c1NDOKI PhD, associate professor) CONTACT: [Click to see email] ([Click to see email]) &nbsp; MEMBERS: 1)\u00a0Dr. Istv\u00e1n T\u00d3TH 2) Dr. D\u00e1vid S\u00e1ndor KISS 3) Dr. Gergely J\u00d3CS\u00c1K 4) Dr. Anna SZILASI 5) Levente SOMOGYI &nbsp; RESEARCH TOPIC: This research group focuses on the adaptation of<\/p>\n","protected":false},"author":1,"featured_media":0,"parent":869,"menu_order":228,"comment_status":"closed","ping_status":"closed","template":"","meta":{"_acf_changed":false,"footnotes":""},"categories":[],"tags":[],"class_list":["post-899","page","type-page","status-publish","hentry"],"acf":[],"_links":{"self":[{"href":"https:\/\/univet.hu\/en\/wp-json\/wp\/v2\/pages\/899","targetHints":{"allow":["GET"]}}],"collection":[{"href":"https:\/\/univet.hu\/en\/wp-json\/wp\/v2\/pages"}],"about":[{"href":"https:\/\/univet.hu\/en\/wp-json\/wp\/v2\/types\/page"}],"author":[{"embeddable":true,"href":"https:\/\/univet.hu\/en\/wp-json\/wp\/v2\/users\/1"}],"replies":[{"embeddable":true,"href":"https:\/\/univet.hu\/en\/wp-json\/wp\/v2\/comments?post=899"}],"version-history":[{"count":0,"href":"https:\/\/univet.hu\/en\/wp-json\/wp\/v2\/pages\/899\/revisions"}],"up":[{"embeddable":true,"href":"https:\/\/univet.hu\/en\/wp-json\/wp\/v2\/pages\/869"}],"wp:attachment":[{"href":"https:\/\/univet.hu\/en\/wp-json\/wp\/v2\/media?parent=899"}],"wp:term":[{"taxonomy":"category","embeddable":true,"href":"https:\/\/univet.hu\/en\/wp-json\/wp\/v2\/categories?post=899"},{"taxonomy":"post_tag","embeddable":true,"href":"https:\/\/univet.hu\/en\/wp-json\/wp\/v2\/tags?post=899"}],"curies":[{"name":"wp","href":"https:\/\/api.w.org\/{rel}","templated":true}]}}