{"id":89995,"date":"2023-07-27T16:12:04","date_gmt":"2023-07-27T14:12:04","guid":{"rendered":"https:\/\/univet.hu\/?page_id=89995"},"modified":"2026-02-10T04:26:06","modified_gmt":"2026-02-10T03:26:06","slug":"kollar-anna","status":"publish","type":"page","link":"https:\/\/univet.hu\/en\/about\/staff\/kollar-anna\/","title":{"rendered":"Koll\u00e1r Anna"},"content":{"rendered":"<p style=\"text-align: center;\"><b>Introduction<\/b><\/p> <p>Dr. Anna Koll\u00e1r obtained her doctorate in veterinary medicine in 2000 at the Faculty of Veterinary Medicine of Szent Istv\u00e1n University. During his university years, he actively participated in the Scientific Student Circle at the Department of Physiology and Biochemistry. In 2001, she was awarded the Pro Scientia Gold Medal by the National Scientific Student Council for his thesis entitled &#8220;Molecular biological investigation of certain factors of the brain&#8217;s thyroid hormone homeostasis&#8221;. In 2001, he spent his veterinary internship at the Animal Health and Food Inspection Station in Pest County, and then worked at the Biological Research and Development Directorate of Ceva-Phylaxia Zrt. from 2004 to 2020. She obtained his PhD degree in 2017 at the J\u00e1nos Szent\u00e1gothai Doctoral School of Neuroscience of Semmelweis University, the title of his thesis: Investigation of regulatory factors underlying thyroid hormone mediated effects. From 2020, she is the laboratory manager of Mikrolab Kft. From 2021, she will work at the Department of Epidemiology and Microbiology of \u00c1TE.<\/p> <p><strong>Main research areas:<\/strong><\/p> <ul> <li>molecular neuroendocrinology<\/li> <li>poultry and pig virus vaccine development (classical\/vector)<\/li> <\/ul> <p><strong>Progress<\/strong><\/p> <table style=\"height: 262px;\" width=\"982\"> <tbody> <tr style=\"height: 24px;\"> <td style=\"width: 173.283px; height: 24px; text-align: center;\"><strong>Workplaces<\/strong><\/td> <td style=\"width: 528.883px; height: 24px; text-align: center;\"><b>Name of institution<\/b><\/td> <td style=\"width: 259.433px; height: 24px; text-align: center;\"><b>Post<\/b><\/td> <\/tr> <tr style=\"height: 24px;\"> <td style=\"width: 173.283px; height: 24px; text-align: center;\">2021.09.01.<\/td> <td style=\"width: 528.883px; height: 24px; text-align: center;\">\u00c1TE J\u00e1rv\u00e1nytani \u00e9s Mikrobiol\u00f3giai Tansz\u00e9k<\/td> <td style=\"width: 259.433px; height: 24px; text-align: center;\"><\/td> <\/tr> <tr style=\"height: 24px;\"> <td style=\"width: 173.283px; height: 24px; text-align: center;\">2020.09.01.<\/td> <td style=\"width: 528.883px; height: 24px; text-align: center;\">Mikrolab \u00e9s SPF Mikrobiol\u00f3giai Laborat\u00f3rium Kft.<\/td> <td style=\"width: 259.433px; height: 24px; text-align: center;\">Laboratory manager<\/td> <\/tr> <tr style=\"height: 24px;\"> <td style=\"width: 173.283px; height: 24px; text-align: center;\">2019.11.01-2020.08.31.<\/td> <td style=\"width: 528.883px; height: 24px; text-align: center;\">Ceva-Phylaxia<\/td> <td style=\"width: 259.433px; height: 24px; text-align: center;\">Deputy Director of Early Development<\/td> <\/tr> <tr style=\"height: 46px;\"> <td style=\"width: 173.283px; height: 46px; text-align: center;\">2016.10.01-2019.10.31.<\/td> <td style=\"width: 528.883px; height: 46px; text-align: center;\">Ceva-Phylaxia<\/td> <td style=\"width: 259.433px; height: 46px; text-align: center;\">Head of Cell-Egg Platform and Virology Integrated Development Unit<\/td> <\/tr> <tr style=\"height: 24px;\"> <td style=\"width: 173.283px; height: 24px; text-align: center;\">2010.10.01-2016.09.30.<\/td> <td style=\"width: 528.883px; height: 24px; text-align: center;\">Biol\u00f3giai Kutat\u00e1s Fejleszt\u00e9s, Ceva-Phylaxia,<\/td> <td style=\"width: 259.433px; height: 24px; text-align: center;\">Head of Virology Integrated Development Unit<\/td> <\/tr> <tr style=\"height: 24px;\"> <td style=\"width: 173.283px; height: 24px; text-align: center;\">2010.01.01-2010.10.01.<\/td> <td style=\"width: 528.883px; height: 24px; text-align: center;\">Virol\u00f3giai Fejleszt\u00e9si Igazgat\u00f3s\u00e1g, Ceva-Phylaxia<\/td> <td style=\"width: 259.433px; height: 24px; text-align: center;\">lead developer<\/td> <\/tr> <tr style=\"height: 24px;\"> <td style=\"width: 173.283px; height: 24px; text-align: center;\">2004.06.01-2009.12.31<\/td> <td style=\"width: 528.883px; height: 24px; text-align: center;\">Virol\u00f3giai Fejleszt\u00e9si Igazgat\u00f3s\u00e1g, Ceva-Phylaxia<\/td> <td style=\"width: 259.433px; height: 24px; text-align: center;\">development associate<\/td> <\/tr> <tr style=\"height: 24px;\"> <td style=\"width: 173.283px; height: 24px; text-align: center;\">2002-2003<\/td> <td style=\"width: 528.883px; height: 24px; text-align: center;\">Semmelweis Egyetem, Budapest<\/td> <td style=\"width: 259.433px; height: 24px; text-align: center;\">\u00a0\u00a0 PhD student<\/td> <\/tr> <tr style=\"height: 24px;\"> <td style=\"width: 173.283px; height: 24px; text-align: center;\">2001<\/td> <td style=\"width: 528.883px; height: 24px; text-align: center;\">Pest megyei \u00c1llateg\u00e9szs\u00e9g\u00fcgyi \u00e9s \u00c9lelmiszer-ellen\u0151rz\u0151 \u00c1llom\u00e1s<\/td> <td style=\"width: 259.433px; height: 24px; text-align: center;\">Veterinary intern<\/td> <\/tr> <\/tbody> <\/table> <p><strong>Professional organization membership<\/strong><\/p> <table style=\"height: 173px;\" width=\"961\"> <tbody> <tr> <td style=\"width: 502px; text-align: center;\"><strong>Committee name<\/strong><\/td> <td style=\"width: 100.133px; text-align: center;\"><b>Time<\/b><\/td> <td style=\"width: 338.467px; text-align: center;\"><b>Rank<\/b><\/td> <\/tr> <tr> <td style=\"width: 502px; text-align: center;\">Pro Scientia Arany\u00e9rmesek T\u00e1rsas\u00e1ga<\/td> <td style=\"width: 100.133px; text-align: center;\">2001-<\/td> <td style=\"width: 338.467px; text-align: center;\">member<\/td> <\/tr> <\/tbody> <\/table> <p><strong>Number of thesis\/TDK students to date<\/strong><\/p> <p>&#8211;<\/p> <table width=\"569\"> <tbody> <tr> <td colspan=\"2\" width=\"569\"><strong>PhD-students<\/strong><\/td> <\/tr> <tr> <td width=\"281\">&#8211;<\/td> <td width=\"288\"><\/td> <\/tr> <\/tbody> <\/table> <p><strong> Patent:<\/strong><\/p> <h6><a href=\"https:\/\/patents.justia.com\/patent\/9550812\"><span style=\"font-size: 12pt;\">Synthetic capsid proteins and uses thereof<\/span><\/a><\/h6> <p>Patent number: US9550812B2<\/p> <p><strong>Publication list (Top10)<\/strong><\/p> <p>MTMT:\u00a0 <a href=\"https:\/\/m2.mtmt.hu\/api\/author\/10057867\/summary\">https:\/\/m2.mtmt.hu\/api\/author\/10057867\/summary<\/a><\/p> <table style=\"height: 504px;\" width=\"964\"> <tbody> <tr style=\"height: 104px;\"> <td style=\"width: 56.0167px; height: 104px; text-align: center;\">1.<\/td> <td style=\"width: 893.183px; height: 104px; text-align: center;\">Wichgers Schreur PJ, Oymans J, Kant J, van de Water S, <u>Koll\u00e1r A,<\/u> Dehon Y, So\u00f3s P, P\u00e9nzes Z, van Keulen L, Kortekaas J. (2021) A single vaccination with four segmented rift valley fever prevents vertical transmission of the wild-type virus in pregnant ewes. NPJ Vaccines. 6:8<\/td> <\/tr> <tr style=\"height: 80px;\"> <td style=\"width: 56.0167px; height: 80px; text-align: center;\">2.<\/td> <td style=\"width: 893.183px; height: 80px; text-align: center;\">Wichgers Schreur PJ, Oreshkova N, van Keulen L, Kant J, van de Water S, So\u00f3s P, Dehon Y, <u>Koll\u00e1r A<\/u>, P\u00e9nzes Z, Kortekaas J. (2020)\u00a0 <a href=\"https:\/\/pubmed.ncbi.nlm.nih.gov\/32728479\/\">Safety and efficacy of four-segmented Rift Valley fever virus in young sheep, goats and cattle<\/a>.\u00a0NPJ Vaccines. 5:65<\/td> <\/tr> <tr style=\"height: 104px;\"> <td style=\"width: 56.0167px; height: 104px; text-align: center;\">3.<\/td> <td style=\"width: 893.183px; height: 104px; text-align: center;\">P\u00e9nzes Z, Czegl\u00e9di A, Nagy Z, <u>Koll\u00e1r A<\/u>, T\u00f3th \u00c1, Mis\u00e1k F, Rendes K, Iv\u00f3k M, Gyimesi R, Lovrecz G, Tretyakova I, El-Attrache J, Palya V, Pushko P (2019) <a href=\"https:\/\/pubmed.ncbi.nlm.nih.gov\/31131578\/\">Rapid Construction and Immunogenicity Testing of a Novel H5 Virus-Like Particle Prototype Vaccine Against Clade 2.3.4.4 H5N8 Highly Pathogenic Avian Influenza Virus.\u00a0<\/a>Avian Dis. 63:203-208<\/td> <\/tr> <tr style=\"height: 72px;\"> <td style=\"width: 56.0167px; height: 72px; text-align: center;\">4.<\/td> <td style=\"width: 893.183px; height: 72px; text-align: center;\"><u>Koll\u00e1r A<\/u>, Kv\u00e1rta-Papp Zs, Egri P, Gereben B (2016)<br \/> Different types of luciferase reporters show distinct susceptibility to T3-evoked downregulation.<br \/> Thyroid 26: 179-182<\/td> <\/tr> <tr style=\"height: 48px;\"> <td style=\"width: 56.0167px; height: 48px; text-align: center;\">5.<\/td> <td style=\"width: 893.183px; height: 48px; text-align: center;\">Gereben B, Pachucki J, <u>Koll\u00e1r A<\/u>, Liposits Z, Fekete C (2004)\u00a0 <a href=\"http:\/\/www.ncbi.nlm.nih.gov\/pubmed\/15087435\">Ontogenic redistribution of type 2 deiodinase messenger ribonucleic acid in the brain of chicken.\u00a0<\/a>Endocrinology 145: 3619-3625<\/td> <\/tr> <tr style=\"height: 48px;\"> <td style=\"width: 56.0167px; height: 48px; text-align: center;\">6.<\/td> <td style=\"width: 893.183px; height: 48px; text-align: center;\">Gereben B, <u>Koll\u00e1r A<\/u>, Harney JW, Larsen PR (2002)\u00a0 The mRNA structure has potent regulatory effects on type 2 iodothyronine deiodinase expression.\u00a0 Molecular Endocrinology 16: 1667-1679<\/td> <\/tr> <tr style=\"height: 24px;\"> <td style=\"width: 56.0167px; height: 24px; text-align: center;\">7.<\/td> <td style=\"width: 893.183px; height: 24px; text-align: center;\">Gereben B, <u>Koll\u00e1r A<\/u>, Bartha T, Buys N, Decuypere E, Rudas P (1998)\u00a0 3,3\u2019,5-Triiodothyronine (T<sub>3<\/sub>) uptake and expression of thyroid hormone receptors during the adapation to hypothyroidism of the brain of chicken.\u00a0 Acta Veterinaria Hungarica 46: 473-485<\/td> <\/tr> <tr style=\"height: 24px;\"> <td style=\"width: 56.0167px; height: 24px;\"><\/td> <td style=\"width: 893.183px; height: 24px;\"><\/td> <\/tr> <\/tbody> <\/table> <h6><\/h6> <p>&nbsp;<\/p>","protected":false},"excerpt":{"rendered":"<p>Introduction Dr. Anna Koll\u00e1r obtained her doctorate in veterinary medicine in 2000 at the Faculty of Veterinary Medicine of Szent Istv\u00e1n University. During his university years, he actively participated in the Scientific Student Circle at the Department of Physiology and Biochemistry. In 2001, she was awarded the Pro Scientia Gold Medal by the National Scientific<\/p>\n","protected":false},"author":5824,"featured_media":0,"parent":857,"menu_order":0,"comment_status":"closed","ping_status":"closed","template":"","meta":{"_acf_changed":false,"footnotes":""},"categories":[19],"tags":[],"class_list":["post-89995","page","type-page","status-publish","hentry","category-staff"],"acf":[],"_links":{"self":[{"href":"https:\/\/univet.hu\/en\/wp-json\/wp\/v2\/pages\/89995","targetHints":{"allow":["GET"]}}],"collection":[{"href":"https:\/\/univet.hu\/en\/wp-json\/wp\/v2\/pages"}],"about":[{"href":"https:\/\/univet.hu\/en\/wp-json\/wp\/v2\/types\/page"}],"author":[{"embeddable":true,"href":"https:\/\/univet.hu\/en\/wp-json\/wp\/v2\/users\/5824"}],"replies":[{"embeddable":true,"href":"https:\/\/univet.hu\/en\/wp-json\/wp\/v2\/comments?post=89995"}],"version-history":[{"count":1,"href":"https:\/\/univet.hu\/en\/wp-json\/wp\/v2\/pages\/89995\/revisions"}],"predecessor-version":[{"id":199802,"href":"https:\/\/univet.hu\/en\/wp-json\/wp\/v2\/pages\/89995\/revisions\/199802"}],"up":[{"embeddable":true,"href":"https:\/\/univet.hu\/en\/wp-json\/wp\/v2\/pages\/857"}],"wp:attachment":[{"href":"https:\/\/univet.hu\/en\/wp-json\/wp\/v2\/media?parent=89995"}],"wp:term":[{"taxonomy":"category","embeddable":true,"href":"https:\/\/univet.hu\/en\/wp-json\/wp\/v2\/categories?post=89995"},{"taxonomy":"post_tag","embeddable":true,"href":"https:\/\/univet.hu\/en\/wp-json\/wp\/v2\/tags?post=89995"}],"curies":[{"name":"wp","href":"https:\/\/api.w.org\/{rel}","templated":true}]}}