{"id":90033,"date":"2023-07-28T08:33:37","date_gmt":"2023-07-28T06:33:37","guid":{"rendered":"https:\/\/univet.hu\/?page_id=90033"},"modified":"2026-02-10T04:26:52","modified_gmt":"2026-02-10T03:26:52","slug":"szeredi-levente","status":"publish","type":"page","link":"https:\/\/univet.hu\/en\/about\/staff\/szeredi-levente\/","title":{"rendered":"Szeredi Levente"},"content":{"rendered":"<p style=\"text-align: center;\"><strong>\u00a0\u00a0\u00a0\u00a0\u00a0\u00a0\u00a0\u00a0\u00a0\u00a0\u00a0\u00a0\u00a0\u00a0\u00a0\u00a0\u00a0\u00a0\u00a0\u00a0\u00a0\u00a0\u00a0 Introduction<\/strong><\/p> <p>In 1990, I obtained a diploma in veterinary medicine at the University of Veterinary Medicine in Budapest, and in 2003, in the same institution, &#8220;Investigation of reproductive disorders of infectious origin and miscarriages in mares.&#8221; the PhD degree with my thesis. Between 1990 and 1997 I worked as a teaching assistant at the Department of Pathology of the \u00c1OTE, then between 1997 and 2021 at the Laboratory of Mammalian and Poultry Diseases of the N\u00c9BIH \u00c1DI (formerly the National Veterinary Institute) as a laboratory veterinarian. From 2021, I was employed at the Department of Epidemiology and Microbiology of \u00c1TE. Thanks to working relationships with domestic and foreign researchers, I was able to work in numerous foreign pathology laboratories for longer or shorter periods of time (Germany, Switzerland, the Netherlands, Northern Ireland). I am a regular lecturer at \u00c1TE&#8217;s graduate and postgraduate courses, as well as at various domestic and international congresses.<\/p> <p>Main research areas:<\/p> <ul> <li>Animal chlamydiases and mycoplasmosis,<\/li> <li>Infectious diseases of domestic and wild animals<\/li> <\/ul> <p><strong>Publication list (top10):<\/strong><\/p> <p>MTMT:\u00a0 <a href=\"https:\/\/m2.mtmt.hu\/gui2\/?type=authors&amp;mode=browse&amp;sel=10012006&amp;view=pubTable\">https:\/\/m2.mtmt.hu\/gui2\/?type=authors&amp;mode=browse&amp;sel=10012006&amp;view=pubTable<\/a><\/p> <p>&nbsp;<\/p> <table style=\"height: 278px;\" width=\"982\"> <tbody> <tr style=\"height: 26px;\"> <td style=\"width: 41.05px; height: 26px; text-align: center;\">1.<\/td> <td style=\"width: 926.15px; height: 26px; text-align: center;\">Szeredi, L., Schiller, I., Sydler, T., Guscetti, F., Heinen, E., Corboz, L., Eggenberger, E., Jons, G. E., Pospischil, A.: Intestinal <em>Chlamydia<\/em> in finishing pigs. <em> Pathol<\/em>., 1996., 33:369-374.<\/td> <\/tr> <tr style=\"height: 27px;\"> <td style=\"width: 41.05px; height: 27px; text-align: center;\">2.<\/td> <td style=\"width: 926.15px; height: 27px; text-align: center;\">Szeredi, L., Bacsadi, \u00c1.: Detection of <em>Chlamydophila <\/em>(<em>Chlamydia<\/em>) <em>abortus<\/em> and <em>Toxoplasma<\/em> <em>gondii <\/em>in smears from cases of ovine and caprine abortion by the streptavidin-biotin method. <em> Comp. Path<\/em>., 2002, 127:257-263.<\/td> <\/tr> <tr style=\"height: 26px;\"> <td style=\"width: 41.05px; height: 26px; text-align: center;\">3.<\/td> <td style=\"width: 926.15px; height: 26px; text-align: center;\">Szeredi, L., Tenk, M., Schiller, I., R\u00e9v\u00e9sz, T.: Study of the role of <em>Chlamydia<\/em>, <em>Mycoplasma<\/em>, <em>Ureaplasma<\/em> and other microaerophilic and aerobic bacteria in uterine infections of mares with reproductive disorders. <em>Acta Vet. Hung<\/em>., 2003., 51:45-52.<\/td> <\/tr> <tr style=\"height: 26px;\"> <td style=\"width: 41.05px; height: 26px; text-align: center;\">4.<\/td> <td style=\"width: 926.15px; height: 26px; text-align: center;\">szeredi, l., tenk, m., d\u00e1n, \u00e1.: Infection of two goatherds with <em>Mycoplasma my<\/em>coides subsp. <em>capri<\/em> in Hungary, evidence of a possible faecal excretion. <em> Vet. Med. B<\/em>, 2003., 50:172-177.<\/td> <\/tr> <tr style=\"height: 26px;\"> <td style=\"width: 41.05px; height: 26px; text-align: center;\">5.<\/td> <td style=\"width: 926.15px; height: 26px; text-align: center;\">szeredi, l., Aupperle, h., steiger, k.: Detection of equine herpesvirus-1 in the fetal membranes of aborted equine fetuses by immunohistochemical and in-situ hybridisation techniques. <em> Comp. <\/em><em>Pathol.<\/em>, 2003., 129:147-153.<\/td> <\/tr> <tr style=\"height: 26px;\"> <td style=\"width: 41.05px; height: 26px; text-align: center;\">6.<\/td> <td style=\"width: 926.15px; height: 26px; text-align: center;\">szeredi, L., hotzel, h., sachse, k.: High prevalence of chlamydial (<em>Chlamydophila psittaci<\/em>) infection in fetal membranes of aborted equine fetuses. <em>Veterinary Research Communications, <\/em>29(Suppl.1) 2005., 37-49.<\/td> <\/tr> <tr style=\"height: 26px;\"> <td style=\"width: 41.05px; height: 26px; text-align: center;\">7.<\/td> <td style=\"width: 926.15px; height: 26px; text-align: center;\">Szeredi, l., Horny\u00e1k, \u00e1., P\u00e1lfi, v., Moln\u00e1r, t., Gl\u00e1vits, r., D\u00e9nes, b.: Study on the epidemiology of equine arteritis virus infection with different diagnostic techniques by investigating 96 cases of equine abortion in Hungary. <em> Microbiol., <\/em>2005., 108:235-242.<\/td> <\/tr> <tr style=\"height: 26px;\"> <td style=\"width: 41.05px; height: 26px; text-align: center;\">8.<\/td> <td style=\"width: 926.15px; height: 26px; text-align: center;\">Nemes, r. gl\u00e1vits, M. Dobos-kov\u00e1cs, \u00e9. ivanics, \u00e9. kaszanyitzky, a. beregsz\u00e1szi, l. szeredi, l. dencs\u0151.: Typhlocolitis associated with spirochaetes in goose flocks. <em>Avian Pathology<\/em>, 2006., 35:4-11.<\/td> <\/tr> <tr style=\"height: 43px;\"> <td style=\"width: 41.05px; height: 43px; text-align: center;\">9.<\/td> <td style=\"width: 926.15px; height: 43px; text-align: center;\">K\u00e1roly Erd\u00e9lyi, Krisztina Ursu, Em\u0151ke Ferenczi, Levente Szeredi, Ferenc R\u00e1tz, J\u00f3zsef Sk\u00e1re and Tam\u00e1s Bakonyi: Clinical and pathologic features of lineage 2 West Nile Virus Infections in birds of prey in Hungary. <em>Vector-Borne and Zoonotic Diseases<\/em>, 2007., 7:181-188.<\/td> <\/tr> <tr style=\"height: 26px;\"> <td style=\"width: 41.05px; height: 26px; text-align: center;\">10.<\/td> <td style=\"width: 926.15px; height: 26px; text-align: center;\"> <p>Levente Szeredi, \u00c1d\u00e1m D\u00e1n, Nimr\u00f3d P\u00e1lmai, Krisztina Ursu, \u00c1d\u00e1m B\u00e1lint, Zs\u00f3fia Szeleczky, \u00c9va Ivanics, K\u00e1roly Erd\u00e9lyi, D\u00f3ra Rig\u00f3, Lajos Tekes and R\u00f3bert Gl\u00e1vits: Tissue tropism of H5N1 highly pathogenic avian influenza virus in naturally infected mute swans (<em>Cygnus olor<\/em>), domestic geese (<em>Anser anser var. domestica<\/em>), Pekin ducks (<em>Anas platyrhynchos<\/em>) and mulard ducks (<em>Cairina moschata x Anas platyrhynchos<\/em>). <em>Acta Vet. Hung<\/em>.,, 58:133-145.<\/p> <p>&nbsp;<\/td> <\/tr> <\/tbody> <\/table> <p>&nbsp;<\/p> <p>&nbsp;<\/p> <p>&nbsp;<\/p>","protected":false},"excerpt":{"rendered":"<p>\u00a0\u00a0\u00a0\u00a0\u00a0\u00a0\u00a0\u00a0\u00a0\u00a0\u00a0\u00a0\u00a0\u00a0\u00a0\u00a0\u00a0\u00a0\u00a0\u00a0\u00a0\u00a0\u00a0 Introduction In 1990, I obtained a diploma in veterinary medicine at the University of Veterinary Medicine in Budapest, and in 2003, in the same institution, &#8220;Investigation of reproductive disorders of infectious origin and miscarriages in mares.&#8221; the PhD degree with my thesis. Between 1990 and 1997 I worked as a teaching assistant at the<\/p>\n","protected":false},"author":5824,"featured_media":0,"parent":857,"menu_order":0,"comment_status":"closed","ping_status":"closed","template":"","meta":{"_acf_changed":false,"footnotes":""},"categories":[19],"tags":[],"class_list":["post-90033","page","type-page","status-publish","hentry","category-staff"],"acf":[],"_links":{"self":[{"href":"https:\/\/univet.hu\/en\/wp-json\/wp\/v2\/pages\/90033","targetHints":{"allow":["GET"]}}],"collection":[{"href":"https:\/\/univet.hu\/en\/wp-json\/wp\/v2\/pages"}],"about":[{"href":"https:\/\/univet.hu\/en\/wp-json\/wp\/v2\/types\/page"}],"author":[{"embeddable":true,"href":"https:\/\/univet.hu\/en\/wp-json\/wp\/v2\/users\/5824"}],"replies":[{"embeddable":true,"href":"https:\/\/univet.hu\/en\/wp-json\/wp\/v2\/comments?post=90033"}],"version-history":[{"count":1,"href":"https:\/\/univet.hu\/en\/wp-json\/wp\/v2\/pages\/90033\/revisions"}],"predecessor-version":[{"id":199854,"href":"https:\/\/univet.hu\/en\/wp-json\/wp\/v2\/pages\/90033\/revisions\/199854"}],"up":[{"embeddable":true,"href":"https:\/\/univet.hu\/en\/wp-json\/wp\/v2\/pages\/857"}],"wp:attachment":[{"href":"https:\/\/univet.hu\/en\/wp-json\/wp\/v2\/media?parent=90033"}],"wp:term":[{"taxonomy":"category","embeddable":true,"href":"https:\/\/univet.hu\/en\/wp-json\/wp\/v2\/categories?post=90033"},{"taxonomy":"post_tag","embeddable":true,"href":"https:\/\/univet.hu\/en\/wp-json\/wp\/v2\/tags?post=90033"}],"curies":[{"name":"wp","href":"https:\/\/api.w.org\/{rel}","templated":true}]}}