{"id":90283,"date":"2023-07-28T15:28:57","date_gmt":"2023-07-28T13:28:57","guid":{"rendered":"https:\/\/univet.hu\/?page_id=90283"},"modified":"2023-09-04T22:27:27","modified_gmt":"2023-09-04T20:27:27","slug":"research","status":"publish","type":"page","link":"https:\/\/univet.hu\/en\/about\/units\/department-animal-breeding-nutrition-and-laboratory-animal-science\/department-of-animal-breeding-and-genetics\/research\/","title":{"rendered":"Research"},"content":{"rendered":"<p><strong>Main research areas\u00a0in the department<\/strong><\/p> <p><strong>G\u00e1sp\u00e1rdy Andr\u00e1s:<\/strong><\/p> <ul> <li>Performance (life performance) of dairy and beef cattle<\/li> <li>Genetic diversity of endangered herds<\/li> <li>Reproductive biology indicators of farm animals, their biometric processing<\/li> <li>Estimation of their genetic parameters<\/li> <\/ul> <p><strong>Mar\u00f3ti-Ag\u00f3ts \u00c1kos:<\/strong><\/p> <ul> <li>Advanced tools for phenotyping<\/li> <li>Phylogenetic research on ancestral breeds<\/li> <li>Preventing the inbreeding deterioration of Hungarian dog breeds (<a href=\"https:\/\/fedo.hu\/hu\/index.html\">FEDO.HU<\/a>)<\/li> <\/ul> <p><strong>Z\u00f6ld\u00e1g L\u00e1szl\u00f3:<\/strong><\/p> <ul> <li>Color genetics of domestic animals<\/li> <li>Hereditary diseases of domestic animals<\/li> <\/ul> <p><strong>Zenke Petra:<\/strong><\/p> <ul> <li>Genetic detection of certain characteristics of domestic animals: e.g., color genetics, inbreeding, heat stress, disease susceptibility<\/li> <li>Forensic animal genetics: species-, individual- and sex identification, population genetics<\/li> <li>Wildlife genetics: biodiversity, food safety, genetic differentiation of hybrid individuals<\/li> <li>Sex determination in zoo animals; fetal sex detected by non-invasive methods from maternal blood plasma<\/li> <li>Developments for detecting degraded and minimal amounts of DNA from biological remains of different types and ages<\/li> <\/ul> <p><strong>K\u00e1rp\u00e1ti Edina:<\/strong><\/p> <ul> <li>To perform a full pedigree analysis of the domestic racka sheep (Hortob\u00e1gyi Hungarian racka and Gyimesi racka)<\/li> <li>To determine the maternal genetic background of Hungarian racka sheep based on the mtDNA control region<\/li> <li>Monitoring blood plasma melatonin levels in ewes at different stages of gestation and at lambing<\/li> <\/ul> <p><strong>Zork\u00f3czy Orsolya Krisztina:<\/strong><\/p> <ul> <li>Individual identification, species identification and sexing of local game species<\/li> <\/ul>","protected":false},"excerpt":{"rendered":"<p>Main research areas\u00a0in the department G\u00e1sp\u00e1rdy Andr\u00e1s: Performance (life performance) of dairy and beef cattle Genetic diversity of endangered herds Reproductive biology indicators of farm animals, their biometric processing Estimation of their genetic parameters Mar\u00f3ti-Ag\u00f3ts \u00c1kos: Advanced tools for phenotyping Phylogenetic research on ancestral breeds Preventing the inbreeding deterioration of Hungarian dog breeds (FEDO.HU) Z\u00f6ld\u00e1g<\/p>\n","protected":false},"author":3837,"featured_media":0,"parent":3296,"menu_order":0,"comment_status":"open","ping_status":"open","template":"page-templates\/page-staff.php","meta":{"_acf_changed":false,"footnotes":""},"categories":[60],"tags":[],"class_list":["post-90283","page","type-page","status-publish","hentry","category-topics"],"acf":[],"_links":{"self":[{"href":"https:\/\/univet.hu\/en\/wp-json\/wp\/v2\/pages\/90283","targetHints":{"allow":["GET"]}}],"collection":[{"href":"https:\/\/univet.hu\/en\/wp-json\/wp\/v2\/pages"}],"about":[{"href":"https:\/\/univet.hu\/en\/wp-json\/wp\/v2\/types\/page"}],"author":[{"embeddable":true,"href":"https:\/\/univet.hu\/en\/wp-json\/wp\/v2\/users\/3837"}],"replies":[{"embeddable":true,"href":"https:\/\/univet.hu\/en\/wp-json\/wp\/v2\/comments?post=90283"}],"version-history":[{"count":0,"href":"https:\/\/univet.hu\/en\/wp-json\/wp\/v2\/pages\/90283\/revisions"}],"up":[{"embeddable":true,"href":"https:\/\/univet.hu\/en\/wp-json\/wp\/v2\/pages\/3296"}],"wp:attachment":[{"href":"https:\/\/univet.hu\/en\/wp-json\/wp\/v2\/media?parent=90283"}],"wp:term":[{"taxonomy":"category","embeddable":true,"href":"https:\/\/univet.hu\/en\/wp-json\/wp\/v2\/categories?post=90283"},{"taxonomy":"post_tag","embeddable":true,"href":"https:\/\/univet.hu\/en\/wp-json\/wp\/v2\/tags?post=90283"}],"curies":[{"name":"wp","href":"https:\/\/api.w.org\/{rel}","templated":true}]}}