{"id":90403,"date":"2023-07-31T16:22:45","date_gmt":"2023-07-31T14:22:45","guid":{"rendered":"https:\/\/univet.hu\/?page_id=90403"},"modified":"2023-07-31T16:23:35","modified_gmt":"2023-07-31T14:23:35","slug":"publications","status":"publish","type":"page","link":"https:\/\/univet.hu\/en\/about\/units\/department-animal-breeding-nutrition-and-laboratory-animal-science\/department-of-animal-nutrition\/publications\/","title":{"rendered":"Publications"},"content":{"rendered":"<table style=\"width: 410px; height: 240px;\"> <tbody> <tr style=\"height: 24px;\"> <td style=\"width: 207.306px; text-align: center; height: 24px;\"><strong>Author<\/strong><\/td> <td style=\"width: 188.028px; text-align: center; height: 24px;\"><strong>MTMT-link<\/strong><\/td> <\/tr> <tr style=\"height: 24px;\"> <td style=\"width: 207.306px; height: 24px;\">Bajnok, M\u00e1rta<\/td> <td style=\"width: 188.028px; height: 24px;\"><a href=\"https:\/\/m2.mtmt.hu\/gui2\/?type=authors&amp;mode=browse&amp;sel=authors10024880\">MTMT-link<\/a><\/td> <\/tr> <tr style=\"height: 24px;\"> <td style=\"width: 207.306px; height: 24px;\">Bers\u00e9nyi, Andr\u00e1s<\/td> <td style=\"width: 188.028px; height: 24px;\"><a href=\"https:\/\/m2.mtmt.hu\/gui2\/?type=authors&amp;mode=browse&amp;sel=authors10012274\">MTMT-link<\/a><\/td> <\/tr> <tr style=\"height: 24px;\"> <td style=\"width: 207.306px; height: 24px;\">Cenkv\u00e1ri, \u00c9va<\/td> <td style=\"width: 188.028px; height: 24px;\"><a href=\"https:\/\/m2.mtmt.hu\/gui2\/?type=authors&amp;mode=browse&amp;sel=authors10002313\">MTMT-link<\/a><\/td> <\/tr> <tr style=\"height: 24px;\"> <td style=\"width: 207.306px; height: 24px;\">Het\u00e9nyi, Nikoletta<\/td> <td style=\"width: 188.028px; height: 24px;\"><a href=\"https:\/\/m2.mtmt.hu\/gui2\/?type=authors&amp;mode=browse&amp;sel=authors10023169\">MTMT-link<\/a><\/td> <\/tr> <tr style=\"height: 24px;\"> <td style=\"width: 207.306px; height: 24px;\">Hull\u00e1r, Istv\u00e1n<\/td> <td style=\"width: 188.028px; height: 24px;\"><a href=\"https:\/\/m2.mtmt.hu\/gui2\/?type=authors&amp;mode=browse&amp;sel=authors10002299\">MTMT-link<\/a><\/td> <\/tr> <tr style=\"height: 24px;\"> <td style=\"width: 207.306px; height: 24px;\">Korbacska-Kutasi, Orsolya<\/td> <td style=\"width: 188.028px; height: 24px;\"><a href=\"https:\/\/m2.mtmt.hu\/gui2\/?type=authors&amp;mode=browse&amp;sel=authors10023453\">MTMT-link<\/a><\/td> <\/tr> <tr style=\"height: 24px;\"> <td style=\"width: 207.306px; height: 24px;\">Moravszki, Let\u00edcia<\/td> <td style=\"width: 188.028px; height: 24px;\"><a href=\"https:\/\/m2.mtmt.hu\/gui2\/?type=authors&amp;mode=browse&amp;sel=authors10023449\">MTMT-link<\/a><\/td> <\/tr> <tr style=\"height: 24px;\"> <td style=\"width: 207.306px; height: 24px;\">Szentes, Szil\u00e1rd<\/td> <td style=\"width: 188.028px; height: 24px;\"><a href=\"https:\/\/m2.mtmt.hu\/gui2\/?type=authors&amp;mode=browse&amp;sel=authors10027719\">MTMT-link<\/a><\/td> <\/tr> <tr style=\"height: 24px;\"> <td style=\"width: 207.306px; height: 24px;\">Wagenhoffer, Zsombor<\/td> <td style=\"width: 188.028px; height: 24px;\"><a href=\"https:\/\/m2.mtmt.hu\/gui2\/?type=authors&amp;mode=browse&amp;sel=authors10011032\">MTMT-link<\/a><\/td> <\/tr> <\/tbody> <\/table> <p>&nbsp;<\/p>","protected":false},"excerpt":{"rendered":"<p>Author MTMT-link Bajnok, M\u00e1rta MTMT-link Bers\u00e9nyi, Andr\u00e1s MTMT-link Cenkv\u00e1ri, \u00c9va MTMT-link Het\u00e9nyi, Nikoletta MTMT-link Hull\u00e1r, Istv\u00e1n MTMT-link Korbacska-Kutasi, Orsolya MTMT-link Moravszki, Let\u00edcia MTMT-link Szentes, Szil\u00e1rd MTMT-link Wagenhoffer, Zsombor MTMT-link &nbsp;<\/p>\n","protected":false},"author":3837,"featured_media":0,"parent":3385,"menu_order":4,"comment_status":"open","ping_status":"closed","template":"","meta":{"_acf_changed":false,"footnotes":""},"categories":[],"tags":[],"class_list":["post-90403","page","type-page","status-publish","hentry"],"acf":[],"_links":{"self":[{"href":"https:\/\/univet.hu\/en\/wp-json\/wp\/v2\/pages\/90403","targetHints":{"allow":["GET"]}}],"collection":[{"href":"https:\/\/univet.hu\/en\/wp-json\/wp\/v2\/pages"}],"about":[{"href":"https:\/\/univet.hu\/en\/wp-json\/wp\/v2\/types\/page"}],"author":[{"embeddable":true,"href":"https:\/\/univet.hu\/en\/wp-json\/wp\/v2\/users\/3837"}],"replies":[{"embeddable":true,"href":"https:\/\/univet.hu\/en\/wp-json\/wp\/v2\/comments?post=90403"}],"version-history":[{"count":0,"href":"https:\/\/univet.hu\/en\/wp-json\/wp\/v2\/pages\/90403\/revisions"}],"up":[{"embeddable":true,"href":"https:\/\/univet.hu\/en\/wp-json\/wp\/v2\/pages\/3385"}],"wp:attachment":[{"href":"https:\/\/univet.hu\/en\/wp-json\/wp\/v2\/media?parent=90403"}],"wp:term":[{"taxonomy":"category","embeddable":true,"href":"https:\/\/univet.hu\/en\/wp-json\/wp\/v2\/categories?post=90403"},{"taxonomy":"post_tag","embeddable":true,"href":"https:\/\/univet.hu\/en\/wp-json\/wp\/v2\/tags?post=90403"}],"curies":[{"name":"wp","href":"https:\/\/api.w.org\/{rel}","templated":true}]}}