{"id":90596,"date":"2023-08-07T16:44:17","date_gmt":"2023-08-07T14:44:17","guid":{"rendered":"https:\/\/univet.hu\/?page_id=90596"},"modified":"2026-01-08T14:51:39","modified_gmt":"2026-01-08T13:51:39","slug":"former-thesises","status":"publish","type":"page","link":"https:\/\/univet.hu\/en\/about\/units\/department-animal-breeding-nutrition-and-laboratory-animal-science\/department-of-animal-nutrition\/former-thesises\/","title":{"rendered":"Former thesises"},"content":{"rendered":"<p>&nbsp;<\/p> <table style=\"width: 849px\" width=\"858\"> <thead> <tr> <td style=\"text-align: center;width: 72px\" width=\"64\"><strong>Year<\/strong><\/td> <td style=\"text-align: center;width: 311px\" width=\"267\"><strong>Titel<\/strong><\/td> <td style=\"text-align: center;width: 177px\" width=\"232\"><strong>Student<\/strong><\/td> <td style=\"text-align: center;width: 289px\" width=\"295\"><strong>Supervisor<\/strong><\/td> <\/tr> <\/thead> <tbody> <tr> <td style=\"width: 72px\" width=\"66\">2025<\/td> <td style=\"width: 311px\" width=\"293\">Mass production and nutrition of black soldier fly larvae (Hermetia illucens)<\/td> <td style=\"width: 177px\" width=\"104\">Henrietta Maria Magdalena Padberg<\/td> <td style=\"width: 289px\" width=\"108\">Nikoletta Het\u00e9nyi<\/td> <\/tr> <tr> <td style=\"width: 72px\" width=\"66\">2025<\/td> <td style=\"width: 311px\" width=\"293\">Nutrition of sport horses in Norway<\/td> <td style=\"width: 177px\" width=\"104\">Hansen Emma Lin<\/td> <td style=\"width: 289px\" width=\"108\">Orsolya Korbacska-Kutasi<\/td> <\/tr> <tr> <td style=\"width: 72px\" width=\"66\">2025<\/td> <td style=\"width: 311px\" width=\"293\">Seasonal changes in pasture quality and body condition scoring (BCS) on an Icelandic horse farm, with Hungarian reference data as a comparison<\/td> <td style=\"width: 177px\" width=\"104\">Sigtryggsson Thorir<\/td> <td style=\"width: 289px\" width=\"108\">Orsolya Korbacska-Kutasi<\/td> <\/tr> <tr> <td style=\"width: 72px\" width=\"66\">2025<\/td> <td style=\"width: 311px\" width=\"293\">A t\u00e1pl\u00e1lkoz\u00e1s, mint epigenetikai t\u00e9nyez\u0151, k\u00fcl\u00f6n\u00f6s tekintettel a BARF \u00e9trendre [Nutrition as an epigenetic factor, with special emphasis on the BARF diet]<\/td> <td style=\"width: 177px\" width=\"104\">Dr. B\u00e1lint Petra Alexandra<\/td> <td style=\"width: 289px\" width=\"108\">Andr\u00e1s Bers\u00e9nyi<\/td> <\/tr> <tr> <td style=\"width: 72px\" width=\"66\">2025<\/td> <td style=\"width: 311px\" width=\"293\">Magyarorsz\u00e1gi kuty\u00e1k nyersetet\u00e9si szok\u00e1sainak v\u00e1ltoz\u00e1sa: \u00f6sszehasonl\u00edt\u00f3 tanulm\u00e1ny 2016-2025\u00a0[Changes in raw feeding practices of dogs in Hungary: 2016-2025 comparative study]<\/td> <td style=\"width: 177px\" width=\"104\">Padis\u00e1k Bogl\u00e1rka M\u00e1ria<\/td> <td style=\"width: 289px\" width=\"108\">Let\u00edcia Moravszki<\/td> <\/tr> <tr> <td style=\"width: 72px\" width=\"66\">2025<\/td> <td style=\"width: 311px\" width=\"293\">A kannabidol farmakokinetikai \u00e9s hat\u00e9konys\u00e1gi vizsg\u00e1lata metabolikus szindr\u00f3m\u00e1ban szenved\u0151 Connemara p\u00f3nilovakon\u00a0[Investigation of Cannabidiol pharmacokinetics and effectiveness in managing equine metabolic syndrome in Connemara ponies]<\/td> <td style=\"width: 177px\" width=\"104\">Tringer Andr\u00e1s<\/td> <td style=\"width: 289px\" width=\"108\">Orsolya Korbacska-Kutasi<\/td> <\/tr> <tr> <td style=\"width: 72px\" width=\"66\">2025<\/td> <td style=\"width: 311px\" width=\"293\">Evaluating the Impact of Raw Food Diets in Ferrets \u2013 A Literature Review<\/td> <td style=\"width: 177px\" width=\"104\">Hill David<\/td> <td style=\"width: 289px\" width=\"108\">Andr\u00e1s Bers\u00e9nyi<\/td> <\/tr> <tr> <td style=\"width: 72px\" width=\"66\">2024.<\/td> <td style=\"width: 311px\" width=\"293\">Feeding and supplementation of riding horses with myopathy symptoms.<\/td> <td style=\"width: 177px\" width=\"104\">Schmid Lisa Marie<\/td> <td style=\"width: 289px\" width=\"108\">Orsolya Korbacska-Kutasi<\/td> <\/tr> <tr> <td style=\"width: 72px\" width=\"66\">2024<\/td> <td style=\"width: 311px\" width=\"293\">Feeding high fibre food prior to training decreases the chances of gastric ulcers development<\/td> <td style=\"width: 177px\" width=\"104\">Sobieska Dominika Julia<\/td> <td style=\"width: 289px\" width=\"108\">Orsolya Korbacska-Kutasi<\/td> <\/tr> <tr> <td style=\"width: 72px\" width=\"66\">2024<\/td> <td style=\"width: 311px\" width=\"293\">How to differentiate shivers from other neurological and orthopedic diseases<\/td> <td style=\"width: 177px\" width=\"104\">Zwiebel Alexandra Lee<\/td> <td style=\"width: 289px\" width=\"108\">Orsolya Korbacska-Kutasi<\/td> <\/tr> <tr> <td style=\"width: 72px\" width=\"66\">2024<\/td> <td style=\"width: 311px\" width=\"293\">Effect of Feeding Regime on the Milk Yield in Dairy Cows<\/td> <td style=\"width: 177px\" width=\"104\">Grech Isaac<\/td> <td style=\"width: 289px\" width=\"108\">Istv\u00e1n Hull\u00e1r<\/td> <\/tr> <tr> <td style=\"width: 72px\" width=\"66\">2024<\/td> <td style=\"width: 311px\" width=\"293\">Effect of herd management on annual cow cull rate and performance of Holstein-Friesian dairy cows<\/td> <td style=\"width: 177px\" width=\"104\">Hering Anna<\/td> <td style=\"width: 289px\" width=\"108\">Istv\u00e1n Hull\u00e1r<\/td> <\/tr> <tr> <td style=\"width: 72px\" width=\"66\">2024<\/td> <td style=\"width: 311px\" width=\"293\">A kutya- \u00e9s a macskatart\u00f3k etet\u00e9si szok\u00e1sai Magyarorsz\u00e1gon [Pet feeding habits of dog and cat owners in Hungary]<\/td> <td style=\"width: 177px\" width=\"104\">Majer Nikoletta<\/td> <td style=\"width: 289px\" width=\"108\">Let\u00edcia Moravszki<\/td> <\/tr> <tr> <td style=\"width: 72px\" width=\"66\">2024<\/td> <td style=\"width: 311px\" width=\"293\">Emerging diseases of Marine turtles<\/td> <td style=\"width: 177px\" width=\"104\">Van Rijckevorsel Calantha Ghislaine<\/td> <td style=\"width: 289px\" width=\"108\">Nikoletta Het\u00e9nyi<\/td> <\/tr> <tr> <td style=\"width: 72px\" width=\"66\">2024<\/td> <td style=\"width: 311px\" width=\"293\">Effects of dietary inclusion of yellow mealworm (Tenebrio molitor) larvae meal on fish production<\/td> <td style=\"width: 177px\" width=\"104\">Paula Wissel<\/td> <td style=\"width: 289px\" width=\"108\">Nikoletta Het\u00e9nyi<\/td> <\/tr> <tr> <td style=\"width: 72px\" width=\"66\">2024<\/td> <td style=\"width: 311px\" width=\"293\">Experimental results on behaviour and welfare of rabbits. A review.<\/td> <td style=\"width: 177px\" width=\"104\">Bonello Camille Mariah<\/td> <td style=\"width: 289px\" width=\"108\">Istv\u00e1n Hull\u00e1r<\/td> <\/tr> <tr> <td style=\"width: 72px\" width=\"66\">2024<\/td> <td style=\"width: 311px\" width=\"293\">Omega-3 zs\u00edrsavak hat\u00e1sa a seb\u00e9szi s\u00e9r\u00fcl\u00e9sek gy\u00f3gyul\u00e1s\u00e1ra [Effect of omega 3 fatty acid on the healing of surgical wounds]<\/td> <td style=\"width: 177px\" width=\"104\">Kov\u00e1cs Kitti Klaudia<\/td> <td style=\"width: 289px\" width=\"108\">Istv\u00e1n Hull\u00e1r<\/td> <\/tr> <tr> <td style=\"width: 72px\" width=\"66\">2024<\/td> <td style=\"width: 311px\" width=\"293\">Sport-\u00e9s hobbilovak takarm\u00e1nyoz\u00e1s\u00e1nak felm\u00e9r\u00e9se Magyarorsz\u00e1gon 2022. j\u00fanius \u00e9s 2023. szeptember k\u00f6z\u00f6tt\u00a0[Survey on the Feeding of Sport and Leisure Horses in Hungary between June 2022. and September 2023]<\/td> <td style=\"width: 177px\" width=\"104\">P\u00e1l Zs\u00f3fia<\/td> <td style=\"width: 289px\" width=\"108\">Orsolya Korbacska-Kutasi<\/td> <\/tr> <tr> <td style=\"width: 72px\" width=\"66\">2024<\/td> <td style=\"width: 311px\" width=\"293\">Nem hagyom\u00e1nyos kutyaeledelek nyersfeh\u00e9rje-tartalm\u00e1nak vizsg\u00e1lata [Evaluation of nutritional value in non-traditional dog food]<\/td> <td style=\"width: 177px\" width=\"104\">Fekete S\u00e1ra Panna<\/td> <td style=\"width: 289px\" width=\"108\">Let\u00edcia Moravszki<\/td> <\/tr> <tr> <td style=\"width: 72px\" width=\"66\">2024<\/td> <td style=\"width: 311px\" width=\"293\">A takarm\u00e1nyoz\u00e1s \u00e9s a termel\u00e9s \u00f6sszef\u00fcgg\u00e9s\u00e9nek vizsg\u00e1lata tejhaszn\u00fa teh\u00e9n\u00e1llom\u00e1nyban [Connections between nutrition and production of dairy cow]<\/td> <td style=\"width: 177px\" width=\"104\">Ball\u00f3k Bogl\u00e1rka<\/td> <td style=\"width: 289px\" width=\"108\">Istv\u00e1n Hull\u00e1r<\/td> <\/tr> <tr> <td style=\"width: 72px\" width=\"66\">2024<\/td> <td style=\"width: 311px\" width=\"293\">A Repchol n\u00f6v\u00e9nyi kolin \u00e9s a v\u00e9dett kolin hat\u00e1s\u00e1nak \u00f6sszehasonl\u00edt\u00f3 vizsg\u00e1lata tejt\u00edpus\u00fa teh\u00e9n tejtermel\u00e9se \u00e9s zs\u00edranyagcser\u00e9je alapj\u00e1n [Comparison of the effects of Repchol herbal choline and rumen protected choline on production and lipid metabolism in dairy cattle]<\/td> <td style=\"width: 177px\" width=\"104\">Bischof Daniella<\/td> <td style=\"width: 289px\" width=\"108\">Istv\u00e1n Hull\u00e1r<\/td> <\/tr> <tr> <td style=\"width: 72px\" width=\"66\">2024<\/td> <td style=\"width: 311px\" width=\"293\">A feh\u00e9rjekieg\u00e9sz\u00edt\u00e9s hat\u00e1sa a versenygalambok izomzat\u00e1nak rep\u00fcl\u00e9st k\u00f6vet\u0151 regener\u00e1ci\u00f3j\u00e1ra [Effects of dietary protein supplementation on the muscle regeneration of racing pigeons]<\/td> <td style=\"width: 177px\" width=\"104\">Angyal-T\u00f3th Kata<\/td> <td style=\"width: 289px\" width=\"108\">Istv\u00e1n Hull\u00e1r<\/td> <\/tr> <tr> <td style=\"width: 72px\" width=\"66\">2024<\/td> <td style=\"width: 311px\" width=\"293\">Rovartartalm\u00fa kutya- \u00e9s macskat\u00e1pok [Insect-based dog and cat food]<\/td> <td style=\"width: 177px\" width=\"104\">Kiss Luca<\/td> <td style=\"width: 289px\" width=\"108\">Nikoletta Het\u00e9nyi<\/td> <\/tr> <tr> <td style=\"width: 72px\" width=\"64\">2023<\/td> <td style=\"width: 311px\" width=\"267\">The attitude of the owner towards canine\u00a0 nutrition and canine obesity on the Maltese Islands<\/td> <td style=\"width: 177px\" width=\"232\">Sciberras Kristina<\/td> <td style=\"width: 289px\" width=\"295\">Istv\u00e1n Hull\u00e1r<\/td> <\/tr> <tr> <td style=\"width: 72px\" width=\"64\">2023<\/td> <td style=\"width: 311px\" width=\"267\">Nutritional Diseases of Camelid Species \u2013 A literature review<\/td> <td style=\"width: 177px\" width=\"232\">Stafrace Raoul<\/td> <td style=\"width: 289px\" width=\"295\">\u00c9va Cenkv\u00e1ri<\/td> <\/tr> <tr> <td style=\"width: 72px\" width=\"64\">2022<\/td> <td style=\"width: 311px\" width=\"267\">Captive care of Testudo spp.<\/td> <td style=\"width: 177px\" width=\"232\">Modestou Stylianos<\/td> <td style=\"width: 289px\" width=\"295\">Nikoletta Het\u00e9nyi<\/td> <\/tr> <tr> <td style=\"width: 72px\" width=\"64\">2022<\/td> <td style=\"width: 311px\" width=\"267\">Effects of different nitrogen sources on growth performance of insects<\/td> <td style=\"width: 177px\" width=\"232\">Nikolaides Yiannis<\/td> <td style=\"width: 289px\" width=\"295\">Nikoletta Het\u00e9nyi<\/td> <\/tr> <tr> <td style=\"width: 72px\" width=\"64\">2022<\/td> <td style=\"width: 311px\" width=\"267\">Chronic kidney disease in cats<\/td> <td style=\"width: 177px\" width=\"232\">Solbakken Roy<\/td> <td style=\"width: 289px\" width=\"295\">Andr\u00e1s Bers\u00e9nyi<\/td> <\/tr> <tr> <td style=\"width: 72px\" width=\"64\">2022<\/td> <td style=\"width: 311px\" width=\"267\">Racehorse feeding strategies in Norway<\/td> <td style=\"width: 177px\" width=\"232\">S\u00f8fteland Hyldmo Christine Margrethe<\/td> <td style=\"width: 289px\" width=\"295\">Orsolya Korbacska-Kutasi<\/td> <\/tr> <tr> <td style=\"width: 72px\" width=\"64\">2022<\/td> <td style=\"width: 311px\" width=\"267\">Evaluation of the long-term immune protection of horses with asymptomatic West Nile virus infection by measuring neutralizing antibody levels<\/td> <td style=\"width: 177px\" width=\"232\">Ant\u00f3nia Ap\u00e1ti-Nagy<\/td> <td style=\"width: 289px\" width=\"295\">Orsolya Korbacska-Kutasi<\/td> <\/tr> <tr> <td style=\"width: 72px\" width=\"64\">2022<\/td> <td style=\"width: 311px\" width=\"267\">Feed supplements for diabetic dogs and cats<\/td> <td style=\"width: 177px\" width=\"232\">Rox\u00e1na Balla<\/td> <td style=\"width: 289px\" width=\"295\">Nikoletta Het\u00e9nyi<\/td> <\/tr> <tr> <td style=\"width: 72px\" width=\"64\">2022<\/td> <td style=\"width: 311px\" width=\"267\">Investigation of the effect of herbal premix in dairy cows<\/td> <td style=\"width: 177px\" width=\"232\">Kincs\u0151 L\u00e1z\u00e1r<\/td> <td style=\"width: 289px\" width=\"295\">Istv\u00e1n Hull\u00e1r<\/td> <\/tr> <tr> <td style=\"width: 72px\" width=\"64\">2022<\/td> <td style=\"width: 311px\" width=\"267\">Diagnostic significance of measurement of symmetrical dimethylarginine in horses<\/td> <td style=\"width: 177px\" width=\"232\">Emese R\u00e1cz<\/td> <td style=\"width: 289px\" width=\"295\">Orsolya Korbacska-Kutasi<\/td> <\/tr> <tr> <td style=\"width: 72px\" width=\"64\">2022<\/td> <td style=\"width: 311px\" width=\"267\">Unconventional feeding methods in dogs and cats<\/td> <td style=\"width: 177px\" width=\"232\">Maehlum Benedicte Gravdal<\/td> <td style=\"width: 289px\" width=\"295\">Nikoletta Het\u00e9nyi<\/td> <\/tr> <tr> <td style=\"width: 72px\" width=\"64\">2021<\/td> <td style=\"width: 311px\" width=\"267\">Comparative dietetics of Home Curated Diet versus Commercial Food Diets and their effects on Canine Atopic Dermatitis<\/td> <td style=\"width: 177px\" width=\"232\">Lim Cheryl Ann<\/td> <td style=\"width: 289px\" width=\"295\">Andr\u00e1s Bers\u00e9nyi<\/td> <\/tr> <tr> <td style=\"width: 72px\" width=\"64\">2021<\/td> <td style=\"width: 311px\" width=\"267\">Comparative nutrition of middle and high-level sport horses in different countries of the EU (UK)<\/td> <td style=\"width: 177px\" width=\"232\">O&#8217;Mahony Olive Bridget<\/td> <td style=\"width: 289px\" width=\"295\">Orsolya Korbacska-Kutasi<\/td> <\/tr> <tr> <td style=\"width: 72px\" width=\"64\">2021<\/td> <td style=\"width: 311px\" width=\"267\">The relationship between heart rate variability (HRV) parameters and the temperament of horses<\/td> <td style=\"width: 177px\" width=\"232\">Bogl\u00e1rka Gabriella B\u00e1rsony<\/td> <td style=\"width: 289px\" width=\"295\">Orsolya Korbacska-Kutasi<\/td> <\/tr> <tr> <td style=\"width: 72px\" width=\"64\">2021<\/td> <td style=\"width: 311px\" width=\"267\">West Nile virus encephalitis in horses &#8211; details of outbreak in 2018<\/td> <td style=\"width: 177px\" width=\"232\">\u00a0Judit P\u00e1sti<\/td> <td style=\"width: 289px\" width=\"295\">Orsolya Korbacska-Kutasi, Dr. Feh\u00e9r Orsolya<\/td> <\/tr> <tr> <td style=\"width: 72px\" width=\"64\">2021<\/td> <td style=\"width: 311px\" width=\"267\">Familiar background of club foot in English thoroughbred foals and its effect on competition performance<\/td> <td style=\"width: 177px\" width=\"232\">P\u00e9ter \u00c1kos Szobonya<\/td> <td style=\"width: 289px\" width=\"295\">Orsolya Korbacska-Kutasi<\/td> <\/tr> <tr> <td style=\"width: 72px\" width=\"64\">2021<\/td> <td style=\"width: 311px\" width=\"267\">Headshaking syndrome in horses &#8211; Possible causes, diagnostic and treatment options<\/td> <td style=\"width: 177px\" width=\"232\">Anita Kitti Nagy<\/td> <td style=\"width: 289px\" width=\"295\">Orsolya Korbacska-Kutasi<\/td> <\/tr> <tr> <td style=\"width: 72px\" width=\"64\">2021<\/td> <td style=\"width: 311px\" width=\"267\">Reliability and repeatability of heart rate analysis at different measurement time lengths<\/td> <td style=\"width: 177px\" width=\"232\">Petra Gabriella Csil\u00f3<\/td> <td style=\"width: 289px\" width=\"295\">Orsolya Korbacska-Kutasi<\/td> <\/tr> <tr> <td style=\"width: 72px\" width=\"64\">2021<\/td> <td style=\"width: 311px\" width=\"267\">Evaluation of the characteristics of the immune response in horses during diseases caused by the West Nile virus<\/td> <td style=\"width: 177px\" width=\"232\">P\u00e1lma Piller<\/td> <td style=\"width: 289px\" width=\"295\">Orsolya Korbacska-Kutasi<\/td> <\/tr> <tr> <td style=\"width: 72px\" width=\"64\">2021<\/td> <td style=\"width: 311px\" width=\"267\">The Use of Probiotics and Prebiotics in Maintaining the Good Health of Swine of Different ages (A Review)<\/td> <td style=\"width: 177px\" width=\"232\">Th\u00f6lke Magnus Laurenz<\/td> <td style=\"width: 289px\" width=\"295\">Istv\u00e1n Hull\u00e1r<\/td> <\/tr> <tr> <td style=\"width: 72px\" width=\"64\">2021<\/td> <td style=\"width: 311px\" width=\"267\">The impact of probiotics on the canine gastrointestinal microbiota: a literature review<\/td> <td style=\"width: 177px\" width=\"232\">Sanchez Emilie<\/td> <td style=\"width: 289px\" width=\"295\">Let\u00edcia Moravszki<\/td> <\/tr> <tr> <td style=\"width: 72px\" width=\"64\">2021<\/td> <td style=\"width: 311px\" width=\"267\">A Comparative Analysis of the Effects of Feeding Raw Meat, BARF diets versus Commercial\u00a0 diets<\/td> <td style=\"width: 177px\" width=\"232\">Ankers Jessica<\/td> <td style=\"width: 289px\" width=\"295\">Andr\u00e1s Bers\u00e9nyi<\/td> <\/tr> <tr> <td style=\"width: 72px\" width=\"64\">2021<\/td> <td style=\"width: 311px\" width=\"267\">Cobalt deficiency in lambs<\/td> <td style=\"width: 177px\" width=\"232\">Mc Sharry Niall<\/td> <td style=\"width: 289px\" width=\"295\">Andr\u00e1s Bers\u00e9nyi<\/td> <\/tr> <tr> <td style=\"width: 72px\" width=\"64\">2021<\/td> <td style=\"width: 311px\" width=\"267\">Diet and captive care of sea turtles<\/td> <td style=\"width: 177px\" width=\"232\">Diaz Hernandez Ariadna Claudett<\/td> <td style=\"width: 289px\" width=\"295\">Nikoletta Het\u00e9nyi<\/td> <\/tr> <tr> <td style=\"width: 72px\" width=\"64\">2021<\/td> <td style=\"width: 311px\" width=\"267\">Health Survey of Pet Rabbits in Norway<\/td> <td style=\"width: 177px\" width=\"232\">Kristensen Annika Udengaard<\/td> <td style=\"width: 289px\" width=\"295\">Nikoletta Het\u00e9nyi<\/td> <\/tr> <tr> <td style=\"width: 72px\" width=\"64\">2020<\/td> <td style=\"width: 311px\" width=\"267\">The Effect of Mineral Supplementation on the Diets of Grazing Sheep<\/td> <td style=\"width: 177px\" width=\"232\">Waldron Sadb Br\u00edd<\/td> <td style=\"width: 289px\" width=\"295\">Istv\u00e1n Hull\u00e1r<\/td> <\/tr> <tr> <td style=\"width: 72px\" width=\"64\">2020<\/td> <td style=\"width: 311px\" width=\"267\">Rapid spread of West Nile virus infection in horses<\/td> <td style=\"width: 177px\" width=\"232\">Bence Csaba Vlad\u00e1r<\/td> <td style=\"width: 289px\" width=\"295\">Orsolya Korbacska-Kutasi<\/td> <\/tr> <tr> <td style=\"width: 72px\" width=\"64\">2020<\/td> <td style=\"width: 311px\" width=\"267\">Evaluation of the feeding used in a Hungarian stud in terms of predisposing factors for developmental orthopedic diseases (DOD) during growth<\/td> <td style=\"width: 177px\" width=\"232\">Csenge Hanna Tolnai<\/td> <td style=\"width: 289px\" width=\"295\">Orsolya Korbacska-Kutasi<\/td> <\/tr> <tr> <td style=\"width: 72px\" width=\"64\">2020<\/td> <td style=\"width: 311px\" width=\"267\">Does the carbohydrate content of feline foods reflect their price<\/td> <td style=\"width: 177px\" width=\"232\">Chiao Elizabeth Pearl<\/td> <td style=\"width: 289px\" width=\"295\">Andr\u00e1s Bers\u00e9nyi<\/td> <\/tr> <tr> <td style=\"width: 72px\" width=\"64\">2019<\/td> <td style=\"width: 311px\" width=\"267\">Metabolic bone disease in reptiles (literature review)<\/td> <td style=\"width: 177px\" width=\"232\">Nikolett Haraszti<\/td> <td style=\"width: 289px\" width=\"295\">Nikoletta Het\u00e9nyi<\/td> <\/tr> <tr> <td style=\"width: 72px\" width=\"64\">2019<\/td> <td style=\"width: 311px\" width=\"267\">Detecting colic motion patterns by using sensor technology<\/td> <td style=\"width: 177px\" width=\"232\">Panna Margit S\u00e1ndor<\/td> <td style=\"width: 289px\" width=\"295\">Orsolya Korbacska-Kutasi<\/td> <\/tr> <tr> <td style=\"width: 72px\" width=\"64\">2019<\/td> <td style=\"width: 311px\" width=\"267\">Factors influencing the incidence of canine tartar<\/td> <td style=\"width: 177px\" width=\"232\">T\u00edmea Kov\u00e1cs<\/td> <td style=\"width: 289px\" width=\"295\">Istv\u00e1n Hull\u00e1r<\/td> <\/tr> <tr> <td style=\"width: 72px\" width=\"64\">2019<\/td> <td style=\"width: 311px\" width=\"267\">Physiological arrhythmias in horses and their effect on resting heart rate variability (HRV) analysis<\/td> <td style=\"width: 177px\" width=\"232\">Zita Seb\u0151k<\/td> <td style=\"width: 289px\" width=\"295\">Orsolya Korbacska-Kutasi<\/td> <\/tr> <tr> <td style=\"width: 72px\" width=\"64\">2019<\/td> <td style=\"width: 311px\" width=\"267\">Cytological characteristics of respiratory tract samples of horses with asthma<\/td> <td style=\"width: 177px\" width=\"232\">D\u00e1vid Farkas<\/td> <td style=\"width: 289px\" width=\"295\">Orsolya Korbacska-Kutasi<\/td> <\/tr> <tr> <td style=\"width: 72px\" width=\"64\">2019<\/td> <td style=\"width: 311px\" width=\"267\">Insects as food and feed: a literature review<\/td> <td style=\"width: 177px\" width=\"232\">Muscat Nicole Marie<\/td> <td style=\"width: 289px\" width=\"295\">Nikoletta Het\u00e9nyi<\/td> <\/tr> <tr> <td style=\"width: 72px\" width=\"64\">2019<\/td> <td style=\"width: 311px\" width=\"267\">Effects of mycotoxin binders on serum levels of vitamins and minerals in pigs<\/td> <td style=\"width: 177px\" width=\"232\">Fiegenbaum Thorsten Sebastian<\/td> <td style=\"width: 289px\" width=\"295\">Istv\u00e1n Hull\u00e1r<\/td> <\/tr> <tr> <td style=\"width: 72px\" width=\"64\">2019<\/td> <td style=\"width: 311px\" width=\"267\">Heart Rate Variability of Polo Horses in Malta in Different Training Periods<\/td> <td style=\"width: 177px\" width=\"232\">Briffa Sarah<\/td> <td style=\"width: 289px\" width=\"295\">Orsolya Korbacska-Kutasi<\/td> <\/tr> <\/tbody> <\/table> <p>&nbsp;<\/p>","protected":false},"excerpt":{"rendered":"<p>&nbsp; Year Titel Student Supervisor 2025 Mass production and nutrition of black soldier fly larvae (Hermetia illucens) Henrietta Maria Magdalena Padberg Nikoletta Het\u00e9nyi 2025 Nutrition of sport horses in Norway Hansen Emma Lin Orsolya Korbacska-Kutasi 2025 Seasonal changes in pasture quality and body condition scoring (BCS) on an Icelandic horse farm, with Hungarian reference data<\/p>\n","protected":false},"author":3837,"featured_media":0,"parent":3385,"menu_order":6,"comment_status":"open","ping_status":"closed","template":"","meta":{"_acf_changed":false,"footnotes":""},"categories":[],"tags":[],"class_list":["post-90596","page","type-page","status-publish","hentry"],"acf":[],"_links":{"self":[{"href":"https:\/\/univet.hu\/en\/wp-json\/wp\/v2\/pages\/90596","targetHints":{"allow":["GET"]}}],"collection":[{"href":"https:\/\/univet.hu\/en\/wp-json\/wp\/v2\/pages"}],"about":[{"href":"https:\/\/univet.hu\/en\/wp-json\/wp\/v2\/types\/page"}],"author":[{"embeddable":true,"href":"https:\/\/univet.hu\/en\/wp-json\/wp\/v2\/users\/3837"}],"replies":[{"embeddable":true,"href":"https:\/\/univet.hu\/en\/wp-json\/wp\/v2\/comments?post=90596"}],"version-history":[{"count":3,"href":"https:\/\/univet.hu\/en\/wp-json\/wp\/v2\/pages\/90596\/revisions"}],"predecessor-version":[{"id":197624,"href":"https:\/\/univet.hu\/en\/wp-json\/wp\/v2\/pages\/90596\/revisions\/197624"}],"up":[{"embeddable":true,"href":"https:\/\/univet.hu\/en\/wp-json\/wp\/v2\/pages\/3385"}],"wp:attachment":[{"href":"https:\/\/univet.hu\/en\/wp-json\/wp\/v2\/media?parent=90596"}],"wp:term":[{"taxonomy":"category","embeddable":true,"href":"https:\/\/univet.hu\/en\/wp-json\/wp\/v2\/categories?post=90596"},{"taxonomy":"post_tag","embeddable":true,"href":"https:\/\/univet.hu\/en\/wp-json\/wp\/v2\/tags?post=90596"}],"curies":[{"name":"wp","href":"https:\/\/api.w.org\/{rel}","templated":true}]}}