{"id":90656,"date":"2023-08-08T13:30:34","date_gmt":"2023-08-08T11:30:34","guid":{"rendered":"https:\/\/univet.hu\/?page_id=90656"},"modified":"2026-03-31T11:15:02","modified_gmt":"2026-03-31T09:15:02","slug":"research","status":"publish","type":"page","link":"https:\/\/univet.hu\/en\/about\/units\/institute-of-food-chain-science-ifcs\/departments\/department-of-applied-food-science-dafs\/research\/","title":{"rendered":"Research"},"content":{"rendered":"<p>&nbsp;<\/p> <p><strong><span dir=\"auto\" style=\"vertical-align: inherit\"><span dir=\"auto\" style=\"vertical-align: inherit\">RESEARCH GROUP LEADER: <\/span><\/span><\/strong>\u00a0<a href=\"https:\/\/univet.hu\/en\/about\/staff\/gyula-kasza\/\"><span dir=\"auto\" style=\"vertical-align: inherit\"><span dir=\"auto\" style=\"vertical-align: inherit\">Dr. Gyula Kasza<\/span><\/span><\/a><\/p> <p><strong><span dir=\"auto\" style=\"vertical-align: inherit\"><span dir=\"auto\" style=\"vertical-align: inherit\">CONTACT:<\/span><\/span><\/strong><span dir=\"auto\" style=\"vertical-align: inherit\"><span dir=\"auto\" style=\"vertical-align: inherit\"> \u00a0<a class=\"decrypt\" rel=\"lbt{b\/hzvmbAvojwfu\/iv\" href=\"javascript:void(0);\">[Click to see email]<\/a><\/span><\/span><\/p> <p>&nbsp;<\/p> <p><strong><span dir=\"auto\" style=\"vertical-align: inherit\"><span dir=\"auto\" style=\"vertical-align: inherit\">INTRODUCTION:<\/span><\/span><\/strong><\/p> <p style=\"text-align: left\"><span dir=\"auto\" style=\"vertical-align: inherit\"><span dir=\"auto\" style=\"vertical-align: inherit\">We established our research group in 2022 at the University of Veterinary Medicine in Budapest, focusing on multidisciplinary research areas related to food consumption and waste management. We have unique research experience about food consumption patterns, consumer behavior, preferences, food safety risk perception, and food waste generation among the Hungarian population, based on frequent representative quantitative investigations and exploratory qualitative studies dating back to the early 2000s. We also conduct market research, expert interviews, and impact assessments; we organize stakeholder forums. Our data sets and research reports have been used by a wide array of policymakers and other stakeholders, including the European Commission, the Hungarian Government, and the National Food Chain Safety Office. We offer international PhD students and research fellows the opportunity to investigate the social implications of scientific, technological, and legislative developments in the food chain in a European context with the support of our enthusiastic research team.<\/span><\/span><\/p> <p>&nbsp;<\/p> <p><strong><span dir=\"auto\" style=\"vertical-align: inherit\"><span dir=\"auto\" style=\"vertical-align: inherit\">RESEARCH GROUP MEMBERS:<\/span><\/span><\/strong><\/p> <ul> <li data-start=\"1409\" data-end=\"1583\"> <p data-start=\"1411\" data-end=\"1583\"><strong data-start=\"1411\" data-end=\"1430\"><span dir=\"auto\" style=\"vertical-align: inherit\"><span dir=\"auto\" style=\"vertical-align: inherit\">Dr. Gyula Kasza <\/span><\/span><\/strong><br data-start=\"1430\" data-end=\"1433\" \/><a class=\"decorated-link\" href=\"https:\/\/www.researchgate.net\/profile\/Gyula-Kasza\" target=\"_new\" rel=\"noopener\" data-start=\"1435\" data-end=\"1499\"><span dir=\"auto\" style=\"vertical-align: inherit\"><span dir=\"auto\" style=\"vertical-align: inherit\">ResearchGate <\/span><\/span><\/a><br data-start=\"1499\" data-end=\"1502\" \/><a class=\"decorated-link\" href=\"https:\/\/scholar.google.hu\/citations?user=el6pRc0AAAAJ&amp;hl=en\" target=\"_new\" rel=\"noopener\" data-start=\"1504\" data-end=\"1581\"><span dir=\"auto\" style=\"vertical-align: inherit\"><span dir=\"auto\" style=\"vertical-align: inherit\">Google Scholar<\/span><\/span><\/a><\/p> <\/li> <li data-start=\"1585\" data-end=\"1761\"> <p data-start=\"1587\" data-end=\"1761\"><strong data-start=\"1587\" data-end=\"1607\"><span dir=\"auto\" style=\"vertical-align: inherit\"><span dir=\"auto\" style=\"vertical-align: inherit\">Dr. David Szakos\u00a0 <\/span><\/span><\/strong><br data-start=\"1607\" data-end=\"1610\" \/><a class=\"decorated-link\" href=\"https:\/\/www.researchgate.net\/profile\/David-Szakos\" target=\"_new\" rel=\"noopener\" data-start=\"1612\" data-end=\"1677\"><span dir=\"auto\" style=\"vertical-align: inherit\"><span dir=\"auto\" style=\"vertical-align: inherit\">ResearchGate <\/span><\/span><\/a><br data-start=\"1677\" data-end=\"1680\" \/><a class=\"decorated-link\" href=\"https:\/\/scholar.google.hu\/citations?user=rQ2zPQoAAAAJ&amp;hl=en\" target=\"_new\" rel=\"noopener\" data-start=\"1682\" data-end=\"1759\"><span dir=\"auto\" style=\"vertical-align: inherit\"><span dir=\"auto\" style=\"vertical-align: inherit\">Google Scholar<\/span><\/span><\/a><\/p> <\/li> <li data-start=\"1763\" data-end=\"1942\"> <p data-start=\"1765\" data-end=\"1942\"><strong data-start=\"1765\" data-end=\"1784\"><span dir=\"auto\" style=\"vertical-align: inherit\"><span dir=\"auto\" style=\"vertical-align: inherit\">Atilla Kunszab\u00f3 <\/span><\/span><\/strong><br data-start=\"1784\" data-end=\"1787\" \/><a class=\"decorated-link\" href=\"https:\/\/www.researchgate.net\/profile\/Atilla-Kunszabo\" target=\"_new\" rel=\"noopener\" data-start=\"1789\" data-end=\"1857\"><span dir=\"auto\" style=\"vertical-align: inherit\"><span dir=\"auto\" style=\"vertical-align: inherit\">ResearchGate <\/span><\/span><\/a><br data-start=\"1857\" data-end=\"1860\" \/><a class=\"decorated-link\" href=\"https:\/\/scholar.google.com\/citations?user=t9vYOzMAAAAJ&amp;hl=en\" target=\"_new\" rel=\"noopener\" data-start=\"1862\" data-end=\"1940\"><span dir=\"auto\" style=\"vertical-align: inherit\"><span dir=\"auto\" style=\"vertical-align: inherit\">Google Scholar<\/span><\/span><\/a><\/p> <\/li> <li data-start=\"1944\" data-end=\"2121\"> <p data-start=\"1946\" data-end=\"2121\"><strong data-start=\"1946\" data-end=\"1966\"><span dir=\"auto\" style=\"vertical-align: inherit\"><span dir=\"auto\" style=\"vertical-align: inherit\">Dr. Oktay Haykir <\/span><\/span><\/strong><br data-start=\"1966\" data-end=\"1969\" \/><a class=\"decorated-link\" href=\"https:\/\/www.researchgate.net\/profile\/Oktay-Haykir\" target=\"_new\" rel=\"noopener\" data-start=\"1971\" data-end=\"2036\"><span dir=\"auto\" style=\"vertical-align: inherit\"><span dir=\"auto\" style=\"vertical-align: inherit\">ResearchGate <\/span><\/span><\/a><br data-start=\"2036\" data-end=\"2039\" \/><a class=\"decorated-link\" href=\"https:\/\/scholar.google.com\/citations?user=rF8kM4sAAAAJ&amp;hl=en\" target=\"_new\" rel=\"noopener\" data-start=\"2041\" data-end=\"2119\"><span dir=\"auto\" style=\"vertical-align: inherit\"><span dir=\"auto\" style=\"vertical-align: inherit\">Google Scholar<\/span><\/span><\/a><\/p> <\/li> <li data-start=\"2123\" data-end=\"2172\"> <p data-start=\"2125\" data-end=\"2172\"><strong data-start=\"2125\" data-end=\"2147\"><span dir=\"auto\" style=\"vertical-align: inherit\"><span dir=\"auto\" style=\"vertical-align: inherit\">Agnes Cs\u00e1sz\u00e1r-Bir\u00f3<\/span><\/span><\/strong><\/p> <\/li> <li data-start=\"2173\" data-end=\"2217\"> <p data-start=\"2175\" data-end=\"2217\"><strong data-start=\"2175\" data-end=\"2192\"><span dir=\"auto\" style=\"vertical-align: inherit\"><span dir=\"auto\" style=\"vertical-align: inherit\">Esther Fugedi<\/span><\/span><\/strong><\/p> <\/li> <li data-start=\"2218\" data-end=\"2264\"> <p data-start=\"2220\" data-end=\"2264\"><strong data-start=\"2220\" data-end=\"2239\"><span dir=\"auto\" style=\"vertical-align: inherit\"><span dir=\"auto\" style=\"vertical-align: inherit\">Aira Joy Aquino<\/span><\/span><\/strong><\/p> <\/li> <li data-start=\"2265\" data-end=\"2310\"> <p data-start=\"2267\" data-end=\"2310\"><strong data-start=\"2267\" data-end=\"2285\"><span dir=\"auto\" style=\"vertical-align: inherit\"><span dir=\"auto\" style=\"vertical-align: inherit\">Lili Sinkovics<\/span><\/span><\/strong><\/p> <\/li> <li data-start=\"2311\" data-end=\"2364\"> <p data-start=\"2313\" data-end=\"2364\"><strong data-start=\"2313\" data-end=\"2339\"><span dir=\"auto\" style=\"vertical-align: inherit\"><span dir=\"auto\" style=\"vertical-align: inherit\">Kimberly Mari Virtucio<\/span><\/span><\/strong><\/p> <\/li> <li data-start=\"2365\" data-end=\"2383\"> <p data-start=\"2367\" data-end=\"2383\"><strong data-start=\"2367\" data-end=\"2381\"><span dir=\"auto\" style=\"vertical-align: inherit\"><span dir=\"auto\" style=\"vertical-align: inherit\">Andrew Vig\u00a0<\/span><\/span><\/strong><\/p> <\/li> <li data-start=\"2385\" data-end=\"2578\"> <p data-start=\"2387\" data-end=\"2578\"><strong data-start=\"2387\" data-end=\"2410\"><span dir=\"auto\" style=\"vertical-align: inherit\"><span dir=\"auto\" style=\"vertical-align: inherit\">Widya Satya Nugraha <\/span><\/span><\/strong><br data-start=\"2410\" data-end=\"2413\" \/><a class=\"decorated-link\" href=\"https:\/\/www.researchgate.net\/profile\/Widya-Satya-Nugraha\" target=\"_new\" rel=\"noopener\" data-start=\"2415\" data-end=\"2487\"><span dir=\"auto\" style=\"vertical-align: inherit\"><span dir=\"auto\" style=\"vertical-align: inherit\">ResearchGate <\/span><\/span><\/a><br data-start=\"2487\" data-end=\"2490\" \/><a class=\"decorated-link\" href=\"https:\/\/scholar.google.com\/citations?user=Erhr2xYAAAAJ&amp;hl=hu&amp;oi=ao\" target=\"_new\" rel=\"noopener\" data-start=\"2492\" data-end=\"2576\"><span dir=\"auto\" style=\"vertical-align: inherit\"><span dir=\"auto\" style=\"vertical-align: inherit\">Google Scholar<\/span><\/span><\/a><\/p> <\/li> <li data-start=\"2580\" data-end=\"2793\"> <p data-start=\"2582\" data-end=\"2793\"><strong data-start=\"2582\" data-end=\"2601\"><span dir=\"auto\" style=\"vertical-align: inherit\"><span dir=\"auto\" style=\"vertical-align: inherit\">Annam\u00e1ria Dork\u00f3\u00a0 <\/span><\/span><\/strong><br data-start=\"2601\" data-end=\"2604\" \/><a class=\"decorated-link\" href=\"https:\/\/www.researchgate.net\/scientific-contributions\/Dorko-Annamaria-2150020105\" target=\"_new\" rel=\"noopener\" data-start=\"2606\" data-end=\"2702\"><span dir=\"auto\" style=\"vertical-align: inherit\"><span dir=\"auto\" style=\"vertical-align: inherit\">ResearchGate <\/span><\/span><\/a><br data-start=\"2702\" data-end=\"2705\" \/><a class=\"decorated-link\" href=\"https:\/\/scholar.google.com\/citations?user=701FZ1kAAAAJ&amp;hl=hu&amp;oi=ao\" target=\"_new\" rel=\"noopener\" data-start=\"2707\" data-end=\"2791\"><span dir=\"auto\" style=\"vertical-align: inherit\"><span dir=\"auto\" style=\"vertical-align: inherit\">Google Scholar<\/span><\/span><\/a><\/p> <\/li> <li data-start=\"2795\" data-end=\"2977\"> <p data-start=\"2797\" data-end=\"2977\"><strong data-start=\"2797\" data-end=\"2815\"><span dir=\"auto\" style=\"vertical-align: inherit\"><span dir=\"auto\" style=\"vertical-align: inherit\">Dr. Tekla Izs\u00f3 <\/span><\/span><\/strong>\u00a0<br data-start=\"2825\" data-end=\"2828\" \/><a class=\"decorated-link\" href=\"https:\/\/www.researchgate.net\/profile\/Tekla-Izso\" target=\"_new\" rel=\"noopener\" data-start=\"2830\" data-end=\"2893\"><span dir=\"auto\" style=\"vertical-align: inherit\"><span dir=\"auto\" style=\"vertical-align: inherit\">ResearchGate <\/span><\/span><\/a><br data-start=\"2893\" data-end=\"2896\" \/><a class=\"decorated-link\" href=\"https:\/\/scholar.google.hu\/citations?user=8X_sgxoAAAAJ&amp;hl=en\" target=\"_new\" rel=\"noopener\" data-start=\"2898\" data-end=\"2975\"><span dir=\"auto\" style=\"vertical-align: inherit\"><span dir=\"auto\" style=\"vertical-align: inherit\">Google Scholar<\/span><\/span><\/a><\/p> <\/li> <\/ul> <p>&nbsp;<\/p> <h3 data-start=\"3021\" data-end=\"3045\"><span dir=\"auto\" style=\"vertical-align: inherit\"><span dir=\"auto\" style=\"vertical-align: inherit\">RESEARCH PROJECTS<\/span><\/span><\/h3> <h4 data-start=\"3047\" data-end=\"3096\"><span dir=\"auto\" style=\"vertical-align: inherit\"><span dir=\"auto\" style=\"vertical-align: inherit\">Projects at the University of Veterinary Medicine Budapest<\/span><\/span><\/h4> <ul data-start=\"3098\" data-end=\"3910\"> <li data-start=\"3098\" data-end=\"3179\"> <p data-start=\"3100\" data-end=\"3179\"><a class=\"decorated-link\" href=\"https:\/\/cordis.europa.eu\/project\/id\/101059812\" target=\"_new\" rel=\"noopener\" data-start=\"3100\" data-end=\"3177\"><span dir=\"auto\" style=\"vertical-align: inherit\"><span dir=\"auto\" style=\"vertical-align: inherit\">HORIZON-B-TheNet &#8211; 101059812<\/span><\/span><\/a><\/p> <\/li> <li data-start=\"3180\" data-end=\"3262\"> <p data-start=\"3182\" data-end=\"3262\"><a class=\"decorated-link\" href=\"https:\/\/cordis.europa.eu\/project\/id\/101084222\" target=\"_new\" rel=\"noopener\" data-start=\"3182\" data-end=\"3260\"><span dir=\"auto\" style=\"vertical-align: inherit\"><span dir=\"auto\" style=\"vertical-align: inherit\">HORIZON-Wasteless \u2013 101084222<\/span><\/span><\/a><\/p> <\/li> <li data-start=\"3263\" data-end=\"3346\"> <p data-start=\"3265\" data-end=\"3346\"><a class=\"decorated-link cursor-pointer\" href=\"https:\/\/cordis.europa.eu\/project\/id\/101084344\" target=\"_new\" rel=\"noopener\" data-start=\"3265\" data-end=\"3344\"><span dir=\"auto\" style=\"vertical-align: inherit\"><span dir=\"auto\" style=\"vertical-align: inherit\">HORIZON-Wheatbiome &#8211; 101084344<\/span><\/span><\/a><\/p> <\/li> <li data-start=\"3347\" data-end=\"3420\"> <p data-start=\"3349\" data-end=\"3420\"><a class=\"decorated-link\" href=\"https:\/\/cordis.europa.eu\/project\/id\/777439\" target=\"_new\" rel=\"noopener\" data-start=\"3349\" data-end=\"3418\"><span dir=\"auto\" style=\"vertical-align: inherit\"><span dir=\"auto\" style=\"vertical-align: inherit\">HORIZON-Watson \u2013 777439<\/span><\/span><\/a><\/p> <\/li> <li data-start=\"3421\" data-end=\"3637\"> <p data-start=\"3423\" data-end=\"3637\"><a class=\"decorated-link\" href=\"https:\/\/hadea.ec.europa.eu\/calls-proposals\/grants-stakeholders-improve-measurement-food-waste-and-help-implement-food-waste-prevention-their_en#details\" target=\"_new\" rel=\"noopener\" data-start=\"3423\" data-end=\"3635\"><span dir=\"auto\" style=\"vertical-align: inherit\"><span dir=\"auto\" style=\"vertical-align: inherit\">HADEA SMP-FOOD-2022-FoodWaste-Stakeholders-AG \u2013 101112149<\/span><\/span><\/a><\/p> <\/li> <li data-start=\"3638\" data-end=\"3721\"> <p data-start=\"3640\" data-end=\"3721\"><a class=\"decorated-link\" href=\"https:\/\/cordis.europa.eu\/project\/id\/101112378\" target=\"_new\" rel=\"noopener\" data-start=\"3640\" data-end=\"3719\"><span dir=\"auto\" style=\"vertical-align: inherit\"><span dir=\"auto\" style=\"vertical-align: inherit\">HORIZON-PROMISEANG \u2013 101112378<\/span><\/span><\/a><\/p> <\/li> <li data-start=\"3722\" data-end=\"3803\"> <p data-start=\"3724\" data-end=\"3803\"><a class=\"decorated-link\" href=\"https:\/\/cordis.europa.eu\/project\/id\/101136248\" target=\"_new\" rel=\"noopener\" data-start=\"3724\" data-end=\"3801\"><span dir=\"auto\" style=\"vertical-align: inherit\"><span dir=\"auto\" style=\"vertical-align: inherit\">HORIZON-MICROORC \u2013 101136248<\/span><\/span><\/a><\/p> <\/li> <li data-start=\"3804\" data-end=\"3910\"> <p data-start=\"3806\" data-end=\"3910\"><a class=\"decorated-link\" href=\"https:\/\/www.interreg-central.eu\/projects\/foodcircus\/\" target=\"_new\" rel=\"noopener\" data-start=\"3806\" data-end=\"3908\"><span dir=\"auto\" style=\"vertical-align: inherit\"><span dir=\"auto\" style=\"vertical-align: inherit\">INTERREG CENTRAL EUROPE \u2013 foodCIRCUS \u2013 CE20071<\/span><\/span><\/a><\/p> <\/li> <li data-start=\"3804\" data-end=\"3910\"><span dir=\"auto\" style=\"vertical-align: inherit\"><span dir=\"auto\" style=\"vertical-align: inherit\">NETWORKING-2024-00035- EUFIC<\/span><\/span><\/li> <li data-start=\"3804\" data-end=\"3910\"><span dir=\"auto\" style=\"vertical-align: inherit\"><span dir=\"auto\" style=\"vertical-align: inherit\">NETWORKING-2024-00033- EFFoST<\/span><\/span><\/li> <li data-start=\"3804\" data-end=\"3910\"><span dir=\"auto\" style=\"vertical-align: inherit\"><span dir=\"auto\" style=\"vertical-align: inherit\">NKKP STARTING- <\/span><\/span><span dir=\"auto\" style=\"vertical-align: inherit\"><span dir=\"auto\" style=\"vertical-align: inherit\">153192<\/span><\/span><\/li> <li data-start=\"3804\" data-end=\"3910\"><span dir=\"auto\" style=\"vertical-align: inherit\"><span dir=\"auto\" style=\"vertical-align: inherit\">HU-RIZONT <\/span><\/span><span dir=\"auto\" style=\"vertical-align: inherit\"><span dir=\"auto\" style=\"vertical-align: inherit\">ingrEXpro-2025-00092<\/span><\/span><\/li> <\/ul> <h4 data-start=\"3912\" data-end=\"3992\"><span dir=\"auto\" style=\"vertical-align: inherit\"><span dir=\"auto\" style=\"vertical-align: inherit\">Projects in cooperation with the National Food Chain Safety Office<\/span><\/span><\/h4> <ul data-start=\"3994\" data-end=\"4869\"> <li data-start=\"3994\" data-end=\"4183\"> <p data-start=\"3996\" data-end=\"4183\"><a class=\"decorated-link\" href=\"https:\/\/webgate.ec.europa.eu\/life\/publicWebsite\/index.cfm?fuseaction=search.dspPage&amp;n_proj_id=5823\" target=\"_new\" rel=\"noopener\" data-start=\"3996\" data-end=\"4181\"><span dir=\"auto\" style=\"vertical-align: inherit\"><span dir=\"auto\" style=\"vertical-align: inherit\">LIFE-FOODWASTEPREV \u2013 Food waste prevention in the food chain (LIFE15 GIE\/HU\/001048)<\/span><\/span><\/a><\/p> <\/li> <li data-start=\"4184\" data-end=\"4260\"> <p data-start=\"4186\" data-end=\"4260\"><a class=\"decorated-link\" href=\"https:\/\/cordis.europa.eu\/project\/id\/727580\" target=\"_new\" rel=\"noopener\" data-start=\"4186\" data-end=\"4258\"><span dir=\"auto\" style=\"vertical-align: inherit\"><span dir=\"auto\" style=\"vertical-align: inherit\">H2020 SafeConsumE \u2013 727580<\/span><\/span><\/a><\/p> <\/li> <li data-start=\"4261\" data-end=\"4344\"> <p data-start=\"4263\" data-end=\"4344\"><a class=\"decorated-link\" href=\"https:\/\/cordis.europa.eu\/project\/id\/101016444\" target=\"_new\" rel=\"noopener\" data-start=\"4263\" data-end=\"4342\"><span dir=\"auto\" style=\"vertical-align: inherit\"><span dir=\"auto\" style=\"vertical-align: inherit\">HORIZON-PHOTONFOOD \u2013 101016444<\/span><\/span><\/a><\/p> <\/li> <li data-start=\"4345\" data-end=\"4448\"> <p data-start=\"4347\" data-end=\"4448\"><a class=\"decorated-link\" href=\"https:\/\/portal.nebih.gov.hu\/-\/smp-food-2022-04-projekt\" target=\"_new\" rel=\"noopener\" data-start=\"4347\" data-end=\"4446\"><span dir=\"auto\" style=\"vertical-align: inherit\"><span dir=\"auto\" style=\"vertical-align: inherit\">HADEA SMP-FOOD-2022-FoodWaste-NCA-Hungary<\/span><\/span><\/a><\/p> <\/li> <li data-start=\"4449\" data-end=\"4527\"> <p data-start=\"4451\" data-end=\"4527\"><a class=\"decorated-link\" href=\"https:\/\/cordis.europa.eu\/project\/id\/101000617\" target=\"_new\" rel=\"noopener\" data-start=\"4451\" data-end=\"4525\"><span dir=\"auto\" style=\"vertical-align: inherit\"><span dir=\"auto\" style=\"vertical-align: inherit\">H2020 FoodRUS \u2013 101000617<\/span><\/span><\/a><\/p> <\/li> <li data-start=\"4528\" data-end=\"4666\"> <p data-start=\"4530\" data-end=\"4666\"><a class=\"decorated-link\" href=\"https:\/\/portal.nebih.gov.hu\/-\/reinforced-consumer-rights-for-enhanced-food-safety-and-quality\" target=\"_new\" rel=\"noopener\" data-start=\"4530\" data-end=\"4664\"><span dir=\"auto\" style=\"vertical-align: inherit\"><span dir=\"auto\" style=\"vertical-align: inherit\">CHAFEA 811235 \u2013 CONS-CPC-2017 Hungary<\/span><\/span><\/a><\/p> <\/li> <li data-start=\"4667\" data-end=\"4819\"> <p data-start=\"4669\" data-end=\"4819\"><a class=\"decorated-link\" href=\"https:\/\/ec.europa.eu\/food\/safety\/food_waste\/eu-food-loss-waste-prevention-hub\/resource\/show\/7864\" target=\"_new\" rel=\"noopener\" data-start=\"4669\" data-end=\"4817\"><span dir=\"auto\" style=\"vertical-align: inherit\"><span dir=\"auto\" style=\"vertical-align: inherit\">SMP-FOOD-2023-FW-NCA-AG-IBA-HADEA &#8211; DATA-PROCESS<\/span><\/span><\/a><\/p> <\/li> <li data-start=\"4820\" data-end=\"4869\"> <p data-start=\"4822\" data-end=\"4869\"><span dir=\"auto\" style=\"vertical-align: inherit\"><span dir=\"auto\" style=\"vertical-align: inherit\">SMP-FOOD-2024-FW-NCA-PJG-IBA &#8211; CLEARFOODWASTE<\/span><\/span><\/p> <\/li> <\/ul> <h4 data-start=\"3912\" data-end=\"3992\"><span dir=\"auto\" style=\"vertical-align: inherit\"><span dir=\"auto\" style=\"vertical-align: inherit\">Projects in cooperation with the Wasteless Foundation<\/span><\/span><\/h4> <ul> <li><a href=\"https:\/\/cordis.europa.eu\/project\/id\/101181895\"><span dir=\"auto\" style=\"vertical-align: inherit\"><span dir=\"auto\" style=\"vertical-align: inherit\">HORIZON-WISEFOOD- 101181895<\/span><\/span><\/a><\/li> <li><span dir=\"auto\" style=\"vertical-align: inherit\"><span dir=\"auto\" style=\"vertical-align: inherit\">SMP-FOOD-2024-FW-STAKEHOLDERS-PJ &#8211; WASTELESS WORKPLACES<\/span><\/span><\/li> <\/ul> <h4 data-start=\"3912\" data-end=\"3992\"><span dir=\"auto\" style=\"vertical-align: inherit\"><span dir=\"auto\" style=\"vertical-align: inherit\">Projects in cooperation with the InDeRe Research Institute<\/span><\/span><\/h4> <ul> <li> <p data-prosemirror-content-type=\"node\" data-prosemirror-node-name=\"paragraph\" data-prosemirror-node-block=\"true\" data-pm-slice=\"1 1 [&quot;bulletList&quot;,{&quot;localId&quot;:null},&quot;listItem&quot;,{&quot;localId&quot;:null}]\"><span dir=\"auto\" style=\"vertical-align: inherit\"><span dir=\"auto\" style=\"vertical-align: inherit\">SMP-FOOD-2023-FW-STAKEHOLDERS-AG-CATALYSIS-101158272<\/span><\/span><\/p> <\/li> <li><span dir=\"auto\" style=\"vertical-align: inherit\"><span dir=\"auto\" style=\"vertical-align: inherit\">OTKA-ADVANCED-NKFI-1-REFINE-Reducing Food Waste and Improving Nutrition in Hungarian Households: A Comprehensive Study on Children&#8217;s Dietary Patterns<\/span><\/span><\/li> <\/ul> <p><strong><span dir=\"auto\" style=\"vertical-align: inherit\"><span dir=\"auto\" style=\"vertical-align: inherit\">MEMBERSHIPS:<\/span><\/span><\/strong><\/p> <ul> <li><span dir=\"auto\" style=\"vertical-align: inherit\"><span dir=\"auto\" style=\"vertical-align: inherit\">EU Platform on Food Losses and Food Waste<\/span><\/span><\/li> <li><span dir=\"auto\" style=\"vertical-align: inherit\"><span dir=\"auto\" style=\"vertical-align: inherit\">European Consumer Food Waste Forum<\/span><\/span><\/li> <li><span dir=\"auto\" style=\"vertical-align: inherit\"><span dir=\"auto\" style=\"vertical-align: inherit\">EU Citizens&#8217; Panel of Food Waste &#8211; Knowledge Committee<\/span><\/span><\/li> <li><span dir=\"auto\" style=\"vertical-align: inherit\"><span dir=\"auto\" style=\"vertical-align: inherit\">European Food Information Council (EUFIC)<\/span><\/span><\/li> <li><span dir=\"auto\" style=\"vertical-align: inherit\"><span dir=\"auto\" style=\"vertical-align: inherit\">Hungarian Food Value Forum<\/span><\/span><\/li> <li><span dir=\"auto\" style=\"vertical-align: inherit\"><span dir=\"auto\" style=\"vertical-align: inherit\">Hungarian Zoonoses Society<\/span><\/span><\/li> <li><span dir=\"auto\" style=\"vertical-align: inherit\"><span dir=\"auto\" style=\"vertical-align: inherit\">Hungarian Nutrition Society<\/span><\/span><\/li> <li>European Network of Food Waste Practitioners<\/li> <li>SCAR\u00a0Animal Health &amp; Welfare Research CWG<\/li> <\/ul> <p>&nbsp;<\/p>","protected":false},"excerpt":{"rendered":"<p>&nbsp; RESEARCH GROUP LEADER: \u00a0Dr. Gyula Kasza CONTACT: \u00a0[Click to see email] &nbsp; INTRODUCTION: We established our research group in 2022 at the University of Veterinary Medicine in Budapest, focusing on multidisciplinary research areas related to food consumption and waste management. We have unique research experience about food consumption patterns, consumer behavior, preferences, food safety<\/p>\n","protected":false},"author":3837,"featured_media":0,"parent":88313,"menu_order":0,"comment_status":"open","ping_status":"open","template":"","meta":{"_acf_changed":false,"footnotes":""},"categories":[],"tags":[],"class_list":["post-90656","page","type-page","status-publish","hentry"],"acf":[],"_links":{"self":[{"href":"https:\/\/univet.hu\/en\/wp-json\/wp\/v2\/pages\/90656","targetHints":{"allow":["GET"]}}],"collection":[{"href":"https:\/\/univet.hu\/en\/wp-json\/wp\/v2\/pages"}],"about":[{"href":"https:\/\/univet.hu\/en\/wp-json\/wp\/v2\/types\/page"}],"author":[{"embeddable":true,"href":"https:\/\/univet.hu\/en\/wp-json\/wp\/v2\/users\/3837"}],"replies":[{"embeddable":true,"href":"https:\/\/univet.hu\/en\/wp-json\/wp\/v2\/comments?post=90656"}],"version-history":[{"count":5,"href":"https:\/\/univet.hu\/en\/wp-json\/wp\/v2\/pages\/90656\/revisions"}],"predecessor-version":[{"id":204575,"href":"https:\/\/univet.hu\/en\/wp-json\/wp\/v2\/pages\/90656\/revisions\/204575"}],"up":[{"embeddable":true,"href":"https:\/\/univet.hu\/en\/wp-json\/wp\/v2\/pages\/88313"}],"wp:attachment":[{"href":"https:\/\/univet.hu\/en\/wp-json\/wp\/v2\/media?parent=90656"}],"wp:term":[{"taxonomy":"category","embeddable":true,"href":"https:\/\/univet.hu\/en\/wp-json\/wp\/v2\/categories?post=90656"},{"taxonomy":"post_tag","embeddable":true,"href":"https:\/\/univet.hu\/en\/wp-json\/wp\/v2\/tags?post=90656"}],"curies":[{"name":"wp","href":"https:\/\/api.w.org\/{rel}","templated":true}]}}