{"id":907,"date":"2017-06-27T13:15:00","date_gmt":"2017-06-27T11:15:00","guid":{"rendered":"http:\/\/univet.hu\/about-us\/research\/research-teams\/pharmacokinetic-and-drug-metabolism-research-group\/"},"modified":"2023-06-16T14:58:33","modified_gmt":"2023-06-16T12:58:33","slug":"pharmacokinetic-and-drug-metabolism-research-group","status":"publish","type":"page","link":"https:\/\/univet.hu\/en\/research\/research-teams\/pharmacokinetic-and-drug-metabolism-research-group\/","title":{"rendered":"Pharmacokinetic and Drug Metabolism Research Group"},"content":{"rendered":"<p><strong>RESEARCH GROUP LEADER:<\/strong> Dr. Gy\u00f6rgy CSIK\u00d3, associate professor<\/p> <p><strong>CONTACT:<\/strong> <a class=\"decrypt\" rel=\"dtjlp\/hzpshzAvojwfu\/iv\" href=\"javascript:void(0);\">[Click to see email]<\/a><\/p> <p>&nbsp;<\/p> <p><strong>MEMBERS:<\/strong><\/p> <p>1) Dr. Orsolya PAL\u00d3CZ<\/p> <p>2) G\u00e1bor NAGY<\/p> <p>3) Zolt\u00e1n SZIMR\u00d3K<\/p> <p>&nbsp;<\/p> <p><strong>RESEARCH TOPIC:<\/strong><\/p> <p>Investigation of pharmacokinetics, drug metabolism, metabolic interactions, transport processes in vitro and in vivo. Clinical pharmacological and toxicological studies. Evaluation of the effectiveness of agents and medicinal products that reduce the use of antibiotics.<br \/> Pharmacokinetic, bioequivalence and drug elimination studies, drug metabolism, incompatibility research, luminometry, fluorimetry, PCR, ELISA diagnostic methods. Efficacy and safety studies of medicines, alternative growth promoters, immune boosters, agents that reduce the use of antibiotics and medicinal products.<\/p> <p>&nbsp;<\/p> <p><strong>TOP PUBLICATIONS:<\/strong><\/p> <p>1) G\u00e9za Szita, Szakm\u00e1r Katalin, S\u00e1ndor Bern\u00e1th, J\u00f3zsef S\u00f6v\u00e9nyi, G\u00e1bor F\u00fcl\u00f6p, Hadjiev Janaki, Gy\u00f6rgy Csik\u00f3, Norbert Solymosi, L\u00e1szl\u00f3 Makrai Semiautomated detection of Pseudomonas aeruginosa from diverse water samples using highly selective Z-broth and a redox potential monitor 2020.02.17.946384<\/p> <p>2) Orsolya PAL\u00d3CZ, G\u00e9za SZITA, Gy\u00f6rgy CSIK\u00d3. ALTERATION OF AVIAN HEPATIC CYTOCHROME P450 GENE EXPRESSION AND ACTIVITY BY CERTAIN FEED ADDITIVES Acta Veterinaria Hungarica 67 (3), pp. 418\u2013429 (2019)<\/p> <p>3) Orsolya Pal\u00f3cz, G\u00e9za Szita, Gy\u00f6rgy Csik\u00f3, &#8220;Alteration in Inflammatory Responses and Cytochrome P450 Expression of Porcine Jejunal Cells by Drinking Water Supplements&#8221;, Mediators of Inflammation, vol. 2019, Article ID 5420381, 6 pages, 2019.<\/p> <p>&nbsp;<\/p> <p><strong>GRANT PROJECTS:<\/strong><\/p> <p>Development of multifunctional natural feed additives for optimizing poultry microbiome<\/p> <p>&nbsp;<\/p>","protected":false},"excerpt":{"rendered":"<p>RESEARCH GROUP LEADER: Dr. Gy\u00f6rgy CSIK\u00d3, associate professor CONTACT: [Click to see email] &nbsp; MEMBERS: 1) Dr. Orsolya PAL\u00d3CZ 2) G\u00e1bor NAGY 3) Zolt\u00e1n SZIMR\u00d3K &nbsp; RESEARCH TOPIC: Investigation of pharmacokinetics, drug metabolism, metabolic interactions, transport processes in vitro and in vivo. Clinical pharmacological and toxicological studies. Evaluation of the effectiveness of agents and medicinal<\/p>\n","protected":false},"author":1,"featured_media":0,"parent":869,"menu_order":228,"comment_status":"closed","ping_status":"closed","template":"","meta":{"_acf_changed":false,"footnotes":""},"categories":[],"tags":[],"class_list":["post-907","page","type-page","status-publish","hentry"],"acf":[],"_links":{"self":[{"href":"https:\/\/univet.hu\/en\/wp-json\/wp\/v2\/pages\/907","targetHints":{"allow":["GET"]}}],"collection":[{"href":"https:\/\/univet.hu\/en\/wp-json\/wp\/v2\/pages"}],"about":[{"href":"https:\/\/univet.hu\/en\/wp-json\/wp\/v2\/types\/page"}],"author":[{"embeddable":true,"href":"https:\/\/univet.hu\/en\/wp-json\/wp\/v2\/users\/1"}],"replies":[{"embeddable":true,"href":"https:\/\/univet.hu\/en\/wp-json\/wp\/v2\/comments?post=907"}],"version-history":[{"count":0,"href":"https:\/\/univet.hu\/en\/wp-json\/wp\/v2\/pages\/907\/revisions"}],"up":[{"embeddable":true,"href":"https:\/\/univet.hu\/en\/wp-json\/wp\/v2\/pages\/869"}],"wp:attachment":[{"href":"https:\/\/univet.hu\/en\/wp-json\/wp\/v2\/media?parent=907"}],"wp:term":[{"taxonomy":"category","embeddable":true,"href":"https:\/\/univet.hu\/en\/wp-json\/wp\/v2\/categories?post=907"},{"taxonomy":"post_tag","embeddable":true,"href":"https:\/\/univet.hu\/en\/wp-json\/wp\/v2\/tags?post=907"}],"curies":[{"name":"wp","href":"https:\/\/api.w.org\/{rel}","templated":true}]}}