{"id":91228,"date":"2023-08-25T12:04:18","date_gmt":"2023-08-25T10:04:18","guid":{"rendered":"https:\/\/univet.hu\/?page_id=91228"},"modified":"2025-05-12T11:38:54","modified_gmt":"2025-05-12T09:38:54","slug":"consultation-hours","status":"publish","type":"page","link":"https:\/\/univet.hu\/en\/about\/units\/institute-of-food-chain-science-ifcs\/departments\/digital-food-chain-education-research-development-and-innovation-institute\/consultation-hours\/","title":{"rendered":"Consultation hours"},"content":{"rendered":"<p>&nbsp;<\/p> <p style=\"text-align: center\"><span style=\"font-size: 14pt\"><strong>2024\/2025 2nd Semester<\/strong><\/span><\/p> <table class=\"aligncenter table table-striped\" style=\"height: 1006px;width: 885px\" width=\"644\"> <tbody> <tr style=\"height: 50px\"> <td style=\"height: 50px;vertical-align: middle;width: 265px\" scope=\"rowgroup\"><strong>Lecturer<br \/> <\/strong><\/td> <td style=\"height: 50px;vertical-align: middle;width: 259px\" scope=\"rowgroup\"><strong>Contact<\/strong><\/td> <td style=\"height: 50px;width: 217px;text-align: center;vertical-align: middle\" colspan=\"2\" scope=\"rowgroup\"><strong>Time<\/strong><\/td> <\/tr> <tr style=\"height: 80px\"> <td style=\"width: 265px;vertical-align: middle;height: 50px\" scope=\"rowgroup\"><strong>Mikl\u00f3s S\u00fcth DVM PhD<\/strong><br \/> director, associate professort<\/td> <td style=\"width: 259px;vertical-align: middle;height: 50px\" scope=\"rowgroup\"><a class=\"decrypt\" rel=\"tvui\/njlmptAvojwfu\/iv\" href=\"javascript:void(0);\">[Click to see email]<\/a><\/td> <td style=\"width: 107px;vertical-align: middle;height: 50px\" scope=\"rowgroup\">Wednesday<\/td> <td style=\"width: 104px;vertical-align: middle;height: 50px\" scope=\"rowgroup\">11<sup>15<\/sup>-12<sup>00<\/sup><\/td> <\/tr> <tr style=\"height: 82px\"> <td style=\"width: 265px;vertical-align: middle;height: 50px\" scope=\"rowgroup\"><strong>\u00c1kos J\u00f3zwiak DVM PhD<\/strong><br \/> scientific advisor<\/td> <td style=\"width: 259px;vertical-align: middle;height: 50px\" scope=\"rowgroup\"><a class=\"decrypt\" rel=\"kp{xjbl\/blptAvojwfu\/iv\" href=\"javascript:void(0);\">[Click to see email]<\/a><\/td> <td style=\"width: 107px;vertical-align: middle;height: 50px\" scope=\"rowgroup\">Tuesday<\/td> <td style=\"width: 104px;vertical-align: middle;height: 50px\" scope=\"rowgroup\">9<sup>15<\/sup>-10<sup>00<\/sup><\/td> <\/tr> <tr> <td style=\"width: 265px;vertical-align: middle\"><strong>Zsuzsa Farkas PhD<br \/> head of department<\/strong><\/td> <td style=\"width: 259px;vertical-align: middle\"><a class=\"decrypt\" rel=\"gbslbt\/{tv{tbAvojwfu\/iv\" href=\"javascript:void(0);\">[Click to see email]<\/a><\/td> <td style=\"width: 107px;vertical-align: middle\">Tuesday<\/td> <td style=\"width: 104px;vertical-align: middle\">13<sup>15<\/sup>-14<sup>00<\/sup><\/td> <\/tr> <tr style=\"height: 24px\"> <td style=\"width: 265px;vertical-align: middle;height: 50px\" scope=\"rowgroup\"><strong>Andr\u00e1s Bitts\u00e1nszky PhD<br \/> <\/strong>assistant professor<\/td> <td style=\"width: 259px;vertical-align: middle;height: 50px\" scope=\"rowgroup\"><a class=\"decrypt\" rel=\"cjuutbot{z\/boesbtAvojwfu\/iv\" href=\"javascript:void(0);\">[Click to see email]<\/a><\/td> <td style=\"width: 107px;vertical-align: middle;height: 50px\" scope=\"rowgroup\">Monday<\/td> <td style=\"width: 104px;vertical-align: middle;height: 50px\" scope=\"rowgroup\">10<sup>00<\/sup>-11<sup>00<\/sup><\/td> <\/tr> <tr style=\"height: 50px\"> <td style=\"width: 265px;vertical-align: middle;height: 50px\" scope=\"rowgroup\"><strong>Szilveszter Csorba<\/strong><strong><br \/> <\/strong>food chain data analyst<\/td> <td style=\"width: 259px;vertical-align: middle;height: 50px\" scope=\"rowgroup\"><a class=\"decrypt\" rel=\"dtpscb\/t{jmwft{ufsAvojwfu\/iv\" href=\"javascript:void(0);\">[Click to see email]<\/a><\/td> <td style=\"width: 107px;vertical-align: middle;height: 50px\" scope=\"rowgroup\">Tuesday<\/td> <td style=\"width: 104px;vertical-align: middle;height: 50px\" scope=\"rowgroup\">13<sup>00<\/sup>-14<sup>00<\/sup><\/td> <\/tr> <tr style=\"height: 104px\"> <td style=\"width: 265px;vertical-align: middle;height: 50px\" scope=\"rowgroup\"><strong>Tekla Engelhardt PhD<\/strong><br \/> food chain data analyst<\/td> <td style=\"width: 259px;vertical-align: middle;height: 50px\" scope=\"rowgroup\"><a class=\"decrypt\" rel=\"fohfmibseu\/uflmbAvojwfu\/iv\" href=\"javascript:void(0);\">[Click to see email]<\/a><\/td> <td style=\"width: 107px;vertical-align: middle;height: 50px\" scope=\"rowgroup\">Tuesday<\/td> <td style=\"width: 104px;vertical-align: middle;height: 50px\" scope=\"rowgroup\">10<sup>00<\/sup>-11<sup>00<\/sup><\/td> <\/tr> <tr style=\"height: 104px\"> <td style=\"width: 265px;vertical-align: middle;height: 50px\" scope=\"rowgroup\"><strong>M\u00e1t\u00e9 Farkas DVM<\/strong><br \/> Veterinarian<\/td> <td style=\"width: 259px;vertical-align: middle;height: 50px\" scope=\"rowgroup\"><a class=\"decrypt\" rel=\"gbslbt\/nbufAvojwfu\/iv\" href=\"javascript:void(0);\">[Click to see email]<\/a><\/td> <td style=\"width: 107px;vertical-align: middle;height: 50px\" scope=\"rowgroup\">Wednesday<\/td> <td style=\"width: 104px;vertical-align: middle;height: 50px\" scope=\"rowgroup\">13<sup>00<\/sup>-14<sup>00<\/sup><\/td> <\/tr> <tr style=\"height: 104px\"> <td style=\"width: 265px;vertical-align: middle;height: 50px\" scope=\"rowgroup\"><strong>Tibor Kocsner DVM<\/strong><br \/> Veterinarian<\/td> <td style=\"width: 259px;vertical-align: middle;height: 50px\" scope=\"rowgroup\"><a class=\"decrypt\" rel=\"lpdtofs\/ujcpsAvojwfu\/iv\" href=\"javascript:void(0);\">[Click to see email]<\/a><\/td> <td style=\"width: 107px;vertical-align: middle;height: 50px\" scope=\"rowgroup\">Thursday<\/td> <td style=\"width: 104px;vertical-align: middle;height: 50px\" scope=\"rowgroup\">10<sup>00<\/sup>-11<sup>00<\/sup><\/td> <\/tr> <tr style=\"height: 104px\"> <td style=\"width: 265px;vertical-align: middle;height: 50px\" scope=\"rowgroup\"><strong>Erika Orsz\u00e1gh<\/strong><br \/> food chain data analyst<\/td> <td style=\"width: 259px;vertical-align: middle;height: 50px\" scope=\"rowgroup\"><a class=\"decrypt\" rel=\"pst{bhi\/fsjlbAvojwfu\/iv\" href=\"javascript:void(0);\">[Click to see email]<\/a><\/td> <td style=\"width: 107px;vertical-align: middle;height: 50px\" scope=\"rowgroup\">Tuesday<\/td> <td style=\"width: 104px;vertical-align: middle;height: 50px\" scope=\"rowgroup\">14<sup>15<\/sup>-15<sup>00<\/sup><\/td> <\/tr> <tr style=\"height: 104px\"> <td style=\"width: 265px;vertical-align: middle;height: 50px\" scope=\"rowgroup\"><strong>Andr\u00e1s T\u00f3th PhD<\/strong><br \/> assisstant professor<\/td> <td style=\"width: 259px;vertical-align: middle;height: 50px\" scope=\"rowgroup\"><a class=\"decrypt\" rel=\"upui\/boesbtAvojwfu\/iv\" href=\"javascript:void(0);\">[Click to see email]<\/a><\/td> <td style=\"width: 107px;vertical-align: middle;height: 50px\" scope=\"rowgroup\">Tuesday<\/td> <td style=\"width: 104px;vertical-align: middle;height: 50px\" scope=\"rowgroup\">15<sup>45<\/sup>-16<sup>30<\/sup><\/td> <\/tr> <\/tbody> <\/table> <p>&nbsp;<\/p>","protected":false},"excerpt":{"rendered":"<p>&nbsp; 2024\/2025 2nd Semester Lecturer Contact Time Mikl\u00f3s S\u00fcth DVM PhD director, associate professort [Click to see email] Wednesday 1115-1200 \u00c1kos J\u00f3zwiak DVM PhD scientific advisor [Click to see email] Tuesday 915-1000 Zsuzsa Farkas PhD head of department [Click to see email] Tuesday 1315-1400 Andr\u00e1s Bitts\u00e1nszky PhD assistant professor [Click to see email] Monday 1000-1100<\/p>\n","protected":false},"author":3837,"featured_media":0,"parent":54584,"menu_order":0,"comment_status":"open","ping_status":"open","template":"","meta":{"_acf_changed":false,"footnotes":""},"categories":[],"tags":[],"class_list":["post-91228","page","type-page","status-publish","hentry"],"acf":[],"_links":{"self":[{"href":"https:\/\/univet.hu\/en\/wp-json\/wp\/v2\/pages\/91228","targetHints":{"allow":["GET"]}}],"collection":[{"href":"https:\/\/univet.hu\/en\/wp-json\/wp\/v2\/pages"}],"about":[{"href":"https:\/\/univet.hu\/en\/wp-json\/wp\/v2\/types\/page"}],"author":[{"embeddable":true,"href":"https:\/\/univet.hu\/en\/wp-json\/wp\/v2\/users\/3837"}],"replies":[{"embeddable":true,"href":"https:\/\/univet.hu\/en\/wp-json\/wp\/v2\/comments?post=91228"}],"version-history":[{"count":2,"href":"https:\/\/univet.hu\/en\/wp-json\/wp\/v2\/pages\/91228\/revisions"}],"predecessor-version":[{"id":184391,"href":"https:\/\/univet.hu\/en\/wp-json\/wp\/v2\/pages\/91228\/revisions\/184391"}],"up":[{"embeddable":true,"href":"https:\/\/univet.hu\/en\/wp-json\/wp\/v2\/pages\/54584"}],"wp:attachment":[{"href":"https:\/\/univet.hu\/en\/wp-json\/wp\/v2\/media?parent=91228"}],"wp:term":[{"taxonomy":"category","embeddable":true,"href":"https:\/\/univet.hu\/en\/wp-json\/wp\/v2\/categories?post=91228"},{"taxonomy":"post_tag","embeddable":true,"href":"https:\/\/univet.hu\/en\/wp-json\/wp\/v2\/tags?post=91228"}],"curies":[{"name":"wp","href":"https:\/\/api.w.org\/{rel}","templated":true}]}}