{"id":91242,"date":"2023-08-25T12:58:08","date_gmt":"2023-08-25T10:58:08","guid":{"rendered":"https:\/\/univet.hu\/?page_id=91242"},"modified":"2026-02-10T04:29:55","modified_gmt":"2026-02-10T03:29:55","slug":"zoldag-laszlo","status":"publish","type":"page","link":"https:\/\/univet.hu\/en\/about\/staff\/zoldag-laszlo\/","title":{"rendered":"Z\u00f6ld\u00e1g L\u00e1szl\u00f3"},"content":{"rendered":"<p><strong>Biography<\/strong>:<\/p> <p>1971-73: Research Institute of Veterinary Sciences, assistant research fellow.<\/p> <p>From 1973: University of Veterinary Medicine (then as its successor from 1 Jan 2000: Szent Istv\u00e1n University, Faculty of Veterinary Medicine), Department of Reproduction and Reproductive Biology:<\/p> <p>1973-79: Assistant Professor,<\/p> <p>1979-87: Assistant Professor,<\/p> <p>1987-1991: Associate Professor,<\/p> <p>1991: Full Professor (appointment number: K.E. 274\/1991),<\/p> <p>1991-95: Head of Department, Professor.<\/p> <p>Institute of Animal Breeding, Feeding and Laboratory Animal Science:<\/p> <p>Head of Department, University Professor since 1997,<\/p> <p>Retired in 2013.<\/p> <p>PhD course accredited lecturer and researcher since 1997, currently inactive.<\/p> <p>Teaching, undergraduate training:<\/p> <p>Compulsory subjects:<\/p> <p>1973-1997: Participation in the theoretical and practical training of Obstetrics and Reproductive Biology, organisation of teaching and examinations.<\/p> <p>Since 1997: participation in teaching, organising, and conducting examinations in <strong>\u201c<\/strong>Animal Breeding and Veterinary Genetics<strong>\u201d<\/strong>.<\/p> <p>Elective subjects:<\/p> <ol> <li>Artificial insemination of domestic animals, until 1997.<\/li> <li>Small animal reproductive biology, until 1997.<\/li> <li>Clinical genetics of domestic animals, from 2002.<\/li> <li>Equine breeding from 2002.<\/li> <li>Kinology and cat breeding from 1998.<\/li> <li>Fundamentals of organic livestock production from 2002.<\/li> <\/ol> <p>I am currently teaching the last 3 elective subjects.<\/p> <p><strong>Scientific degree: <\/strong>Candidate of Veterinary Science (1985), Doctor of the Hungarian Academy of Sciences (2006)<\/p> <p><strong>Affiliations:<\/strong><\/p> <table style=\"height: 154px;\" width=\"926\"> <tbody> <tr> <td style=\"width: 302.4px;\">Name of organisation<\/td> <td style=\"width: 302.4px;\">Time interval<\/td> <td style=\"width: 302.4px;\">Position<\/td> <\/tr> <tr> <td style=\"width: 302.4px;\">Hungarian Academy of Sciences<\/td> <td style=\"width: 302.4px;\">From 1985 to the present<\/td> <td style=\"width: 302.4px;\">Public body member<\/td> <\/tr> <\/tbody> <\/table> <p><strong>Number of students (theses and Students\u2019 Scientific Association a.k.a. TDK<\/strong><strong>)<\/strong><strong>:<\/strong><\/p> <ul> <li><strong>Theses<\/strong><strong>: over 200<\/strong><\/li> <li><strong>TDK: 15<\/strong><\/li> <\/ul> <p><strong>Number of PhD students<\/strong><strong>: 4<\/strong><\/p> <p><strong>Publication list (TOP10) and<\/strong><strong> <a href=\"https:\/\/m2.mtmt.hu\/gui2\/?type=authors&amp;mode=browse&amp;sel=authors10009848\">MTMT link<\/a><\/strong><\/p> <table style=\"height: 1354px;\" width=\"925\"> <tbody> <tr> <td style=\"width: 916.6px;\"><strong>1. <\/strong>Z\u00f6ld\u00e1g, L\u00e1szl\u00f3: A l\u00f3 sz\u00edn\u00f6r\u00f6kl\u00e9se \u00e9s genetikai betegs\u00e9gei. Budapest, Magyarorsz\u00e1g: A\/3 Nyomdaipari \u00e9s Kiad\u00f3i Szolg\u00e1ltat\u00f3 Kft. (2022) ISBN: 97896388110-7-3.<\/td> <\/tr> <tr> <td style=\"width: 916.6px;\"><strong>2. <\/strong>Z\u00f6ld\u00e1g, L\u00e1szl\u00f3: A kutya \u00f6r\u00f6kletes h\u00e1tter\u0171 betegs\u00e9gei. Budapest, Magyarorsz\u00e1g: A\/3 Nyomdaipari \u00e9s Kiad\u00f3i Szolg\u00e1ltat\u00f3 Kft. (2021) ISBN: 9789638811066.<\/td> <\/tr> <tr> <td style=\"width: 916.6px;\"><strong>3. <\/strong>Z\u00f6ld\u00e1g, L\u00e1szl\u00f3 Kutyateny\u00e9szt\u00e9s: genetikai alapok \u00e9s szaporod\u00e1sbiol\u00f3gia. Budapest, Magyarorsz\u00e1g: A\/3 Nyomdaipari \u00e9s Kiad\u00f3i Szolg\u00e1ltat\u00f3 Kft. (2020), 393 p. ISBN: 9789638811059.<\/td> <\/tr> <tr> <td style=\"width: 916.6px;\"><strong>4. <\/strong>Pelles, Zs\u00f3fia; G\u00e1sp\u00e1rdy, Andr\u00e1s; Z\u00f6ld\u00e1g, L\u00e1szl\u00f3; L\u00e9n\u00e1rt, X\u00e9nia; Ninausz, N\u00f3ra; Varga, L\u00e1szl\u00f3; Zenke, Petra:\u00a0 The effects of merle allele sizes on phenotype in the Mudi breed In: A Magyar Labor\u00e1llat-tudom\u00e1nyi Egyes\u00fclet 2019-es Tudom\u00e1nyos Konferenci\u00e1ja (2019).<\/td> <\/tr> <tr> <td style=\"width: 916.6px;\"><strong>5. <\/strong>Pelles, Zs\u00f3fia; G\u00e1sp\u00e1rdy, Andr\u00e1s; Z\u00f6ld\u00e1g, L\u00e1szl\u00f3; L\u00e9n\u00e1rt, X\u00e9nia; Ninausz, N\u00f3ra; Varga, L\u00e1szl\u00f3; Zenke, Petra: Merle allele variations in the Mudi dog breed and their effects on phenotypes. ACTA VETERINARIA HUNGARICA 67: 2 pp. 159-173., 15 p. (2019).<\/td> <\/tr> <tr> <td style=\"width: 916.6px;\"><strong>6. <\/strong>Pelles, Zs\u00f3fia; Mar\u00f3ti-Ag\u00f3ts, \u00c1kos; G\u00e1sp\u00e1rdy, Andr\u00e1s; Z\u00f6ld\u00e1g, L\u00e1szl\u00f3; Zenke, Petra: A rejtett cifra sz\u00edn molekul\u00e1ris genetikai m\u00f3dszerekkel val\u00f3 kimutat\u00e1sa mudi fajt\u00e1ban. MAGYAR \u00c1LLATORVOSOK LAPJA 140: 2 pp. 121-127., 7 p. (2018)<\/td> <\/tr> <tr> <td style=\"width: 916.6px;\"><strong>7. <\/strong>Pelles, Zs; Zenke, P; Mar\u00f3ti-Ag\u00f3ts, \u00c1; G\u00e1sp\u00e1rdy, A; Z\u00f6ld\u00e1g, L: Detection of the hidden merle colour in Mudi breed with genetic test. DANUBIAN ANIMAL GENETIC RESOURCES 2 pp. 106-110., 5 p. (2017).<\/td> <\/tr> <tr> <td style=\"width: 916.6px;\"><strong>8. <\/strong>Matiuti, M; Matiuti, C; Z\u00f6ld\u00e1g, L: The role of ethnozootechny in rural development (review) In: Hajas, P; A, G\u00e1sp\u00e1rdy (szerk.) 25 years with DAGENE: The Jubilee Proceedings, which comprise the history of this international NGO in the field of preservation of rare domestic animal breeds in the Danube basin. Gy\u0151r, Magyarorsz\u00e1g: Palatia Nyomda \u00e9s Kiad\u00f3 Kft, (2015) pp. 147-152., 6 p.<\/td> <\/tr> <tr> <td style=\"width: 916.6px;\"><strong>9. <\/strong>Hadjiev, Janaki; Seregi, J\u00e1nos; Pusztai, P\u00e9ter; Z\u00f6ld\u00e1g, L\u00e1szl\u00f3; Nagy, J\u00e1nos; Repa, Imre: Die pr\u00e4ventive Roller der Ern\u00e4hrung bei der Tumorbildung. Kann man der Entstehung eines Tumors vorbeugen? In: Brem, Gottfried; Seregi, J\u00e1nos; Bartos, Szabolcs (szerk.) Innovative Tierproduktion und Erzeugung Tierischer Rohstoffe und Produkte im Rahmen der Landesentwicklung. Dombegyh\u00e1z, Magyarorsz\u00e1g: Dombegyh\u00e1z Nagyk\u00f6zs\u00e9g \u00d6nkorm\u00e1nyzata (2013) 70 p. pp. 61-65., 5 p. Konferenciak\u00f6zlem\u00e9ny (K\u00f6nyvr\u00e9szlet).<\/td> <\/tr> <tr> <td style=\"width: 916.6px;\"><strong>10.\u00a0\u00a0\u00a0\u00a0\u00a0\u00a0\u00a0 <\/strong>Hadjiev, Janaki; Seregi, J\u00e1nos; Pusztai, P\u00e9ter; Z\u00f6ld\u00e1g, L\u00e1szl\u00f3; Nagy, J\u00e1nos; Repa, Imre: T\u00e1pl\u00e1lkoz\u00e1s prevent\u00edv szerepe a daganat kialakul\u00e1s\u00e1ban. In: Brem, Gottfried; Seregi, J\u00e1nos; Bartos, Szabolcs; Tossenberger, J\u00e1nos; Varga, Lajos (szerk.) A meg\u00fajul\u00f3 \u00e1llatteny\u00e9szt\u00e9s \u00e9s \u00e1llati eredet\u0171 alapanyag- \u00e9s term\u00e9k el\u0151\u00e1ll\u00edt\u00e1s, mint a vid\u00e9kfejleszt\u00e9s eszk\u00f6ze: Nemzetk\u00f6zi szakmai szimp\u00f3zium: Kiadv\u00e1ny az Osztr\u00e1k \u00e9s a Magyar Tudom\u00e1nyos Akad\u00e9mia egy\u00fcttes \u00fcl\u00e9se a NAKVI \u00e9s a Kaposv\u00e1ri Egyetem rendez\u00e9s\u00e9ben 2012. szeptember 21-\u00e9n megtartott szimp\u00f3zium anyag\u00e1b\u00f3l. Dombegyh\u00e1z, Magyarorsz\u00e1g: Dombegyh\u00e1z Nagyk\u00f6zs\u00e9g \u00d6nkorm\u00e1nyzata (2013) 70 p. pp. 61-63., 3 p.\u00a0 Konferenciak\u00f6zlem\u00e9ny (K\u00f6nyvr\u00e9szlet).<\/td> <\/tr> <\/tbody> <\/table> <p>&nbsp;<\/p>","protected":false},"excerpt":{"rendered":"<p>Biography: 1971-73: Research Institute of Veterinary Sciences, assistant research fellow. From 1973: University of Veterinary Medicine (then as its successor from 1 Jan 2000: Szent Istv\u00e1n University, Faculty of Veterinary Medicine), Department of Reproduction and Reproductive Biology: 1973-79: Assistant Professor, 1979-87: Assistant Professor, 1987-1991: Associate Professor, 1991: Full Professor (appointment number: K.E. 274\/1991), 1991-95: Head<\/p>\n","protected":false},"author":5824,"featured_media":0,"parent":857,"menu_order":206,"comment_status":"closed","ping_status":"closed","template":"","meta":{"_acf_changed":false,"footnotes":""},"categories":[19],"tags":[],"class_list":["post-91242","page","type-page","status-publish","hentry","category-staff"],"acf":[],"_links":{"self":[{"href":"https:\/\/univet.hu\/en\/wp-json\/wp\/v2\/pages\/91242","targetHints":{"allow":["GET"]}}],"collection":[{"href":"https:\/\/univet.hu\/en\/wp-json\/wp\/v2\/pages"}],"about":[{"href":"https:\/\/univet.hu\/en\/wp-json\/wp\/v2\/types\/page"}],"author":[{"embeddable":true,"href":"https:\/\/univet.hu\/en\/wp-json\/wp\/v2\/users\/5824"}],"replies":[{"embeddable":true,"href":"https:\/\/univet.hu\/en\/wp-json\/wp\/v2\/comments?post=91242"}],"version-history":[{"count":1,"href":"https:\/\/univet.hu\/en\/wp-json\/wp\/v2\/pages\/91242\/revisions"}],"predecessor-version":[{"id":200032,"href":"https:\/\/univet.hu\/en\/wp-json\/wp\/v2\/pages\/91242\/revisions\/200032"}],"up":[{"embeddable":true,"href":"https:\/\/univet.hu\/en\/wp-json\/wp\/v2\/pages\/857"}],"wp:attachment":[{"href":"https:\/\/univet.hu\/en\/wp-json\/wp\/v2\/media?parent=91242"}],"wp:term":[{"taxonomy":"category","embeddable":true,"href":"https:\/\/univet.hu\/en\/wp-json\/wp\/v2\/categories?post=91242"},{"taxonomy":"post_tag","embeddable":true,"href":"https:\/\/univet.hu\/en\/wp-json\/wp\/v2\/tags?post=91242"}],"curies":[{"name":"wp","href":"https:\/\/api.w.org\/{rel}","templated":true}]}}