{"id":91247,"date":"2023-08-25T13:00:11","date_gmt":"2023-08-25T11:00:11","guid":{"rendered":"https:\/\/univet.hu\/?page_id=91247"},"modified":"2025-05-29T11:35:54","modified_gmt":"2025-05-29T09:35:54","slug":"thesis","status":"publish","type":"page","link":"https:\/\/univet.hu\/en\/about\/units\/institute-of-food-chain-science-ifcs\/departments\/digital-food-chain-education-research-development-and-innovation-institute\/thesis\/","title":{"rendered":"Thesis"},"content":{"rendered":"<p style=\"text-align: center\">New topics will be announced in autumn 2025.<\/p> <p><span style=\"font-size: 14pt\"><strong>Current thesis<\/strong><\/span><\/p> <table class=\"aligncenter table table-striped\" style=\"height: 562px;width: 80.3409%\" width=\"1002\"> <tbody> <tr style=\"height: 50px\"> <td style=\"width: 15.2778%;height: 50px;vertical-align: middle\" scope=\"rowgroup\"><strong>Supervisor<\/strong><\/td> <td style=\"vertical-align: middle;width: 20.2381%;height: 50px\" scope=\"rowgroup\"><strong>Contact<\/strong><\/td> <td style=\"width: 39.2857%;height: 50px;vertical-align: middle\" scope=\"rowgroup\"><strong>Title<br \/> <\/strong><\/td> <td style=\"width: 9.82143%;height: 50px;vertical-align: middle\" scope=\"rowgroup\"><strong>Free \/ reserved<br \/> <\/strong><\/td> <\/tr> <tr style=\"height: 96px\"> <td style=\"width: 15.2778%;vertical-align: middle;height: 96px\"> <p>Dr. Engelhardt Tekla<\/p> <p>Dr. Strang Orsolya<\/td> <td style=\"vertical-align: middle;width: 20.2381%;height: 96px\"> <p><a class=\"decrypt\" rel=\"fohfmibseu\/uflmbAvojwfu\/iv\" href=\"javascript:void(0);\">[Click to see email]<\/a><\/p> <p><a class=\"decrypt\" rel=\"tusboh\/pstpmzbAvojwfu\/iv\" href=\"javascript:void(0);\">[Click to see email]<\/a><\/td> <td style=\"width: 39.2857%;vertical-align: middle;height: 96px\">Risks related to food contact materials\/sustainable packaging<\/td> <td style=\"width: 9.82143%;vertical-align: middle;height: 96px\">reserved<\/td> <\/tr> <tr style=\"height: 24px\"> <td style=\"width: 15.2778%;vertical-align: middle;height: 50px\" scope=\"rowgroup\">\u00a0Dr. Farkas Zsuzsa<\/td> <td style=\"vertical-align: middle;width: 20.2381%;height: 50px\" scope=\"rowgroup\"><a class=\"decrypt\" rel=\"gbslbt\/{tv{tbAvojwfu\/iv\" href=\"javascript:void(0);\">[Click to see email]<\/a><\/td> <td style=\"width: 39.2857%;height: 50px;vertical-align: middle\" scope=\"rowgroup\">Chemical contaminants in alternative proteins<\/td> <td style=\"width: 9.82143%;height: 50px;vertical-align: middle\" scope=\"rowgroup\">reserved<\/td> <\/tr> <tr style=\"height: 24px\"> <td style=\"width: 15.2778%;vertical-align: middle;height: 50px\" scope=\"rowgroup\">\u00a0Dr. Farkas Zsuzsa<\/td> <td style=\"vertical-align: middle;width: 20.2381%;height: 50px\" scope=\"rowgroup\"><a class=\"decrypt\" rel=\"gbslbt\/{tv{tbAvojwfu\/iv\" href=\"javascript:void(0);\">[Click to see email]<\/a><\/td> <td style=\"width: 39.2857%;height: 50px;vertical-align: middle\" scope=\"rowgroup\">Risks related to food supplements<\/td> <td style=\"width: 9.82143%;height: 50px;vertical-align: middle\" scope=\"rowgroup\">reserved<\/td> <\/tr> <tr style=\"height: 24px\"> <td style=\"width: 15.2778%;vertical-align: middle;height: 24px\">Dr. Farkas Zsuzsa<\/td> <td style=\"vertical-align: middle;width: 20.2381%;height: 24px\"><a class=\"decrypt\" rel=\"gbslbt\/{tv{tbAvojwfu\/iv\" href=\"javascript:void(0);\">[Click to see email]<\/a><\/td> <td style=\"width: 39.2857%;vertical-align: middle;height: 24px\">Risks related to ultraprocessed foods<\/td> <td style=\"width: 9.82143%;vertical-align: middle;height: 24px\">reserved<\/td> <\/tr> <tr style=\"height: 50px\"> <td style=\"width: 15.2778%;vertical-align: middle;height: 50px\" scope=\"rowgroup\"> <p>Dr. Engelhardt Tekla<\/p> <p>Dr. Strang Orsolya<\/td> <td style=\"vertical-align: middle;width: 20.2381%;height: 50px\" scope=\"rowgroup\"> <p><a class=\"decrypt\" rel=\"fohfmibseu\/uflmbAvojwfu\/iv\" href=\"javascript:void(0);\">[Click to see email]<\/a><\/p> <p><a class=\"decrypt\" rel=\"tusboh\/pstpmzbAvojwfu\/iv\" href=\"javascript:void(0);\">[Click to see email]<\/a><\/td> <td style=\"width: 39.2857%;height: 50px;vertical-align: middle\" scope=\"rowgroup\">Risks related to sweeteners<\/td> <td style=\"width: 9.82143%;height: 50px;vertical-align: middle\" scope=\"rowgroup\">\u00a0reserved<\/td> <\/tr> <tr style=\"height: 50px\"> <td style=\"width: 15.2778%;vertical-align: middle;height: 50px\" scope=\"rowgroup\">Dr. Engelhardt Tekla<\/td> <td style=\"vertical-align: middle;width: 20.2381%;height: 50px\" scope=\"rowgroup\"><a class=\"decrypt\" rel=\"fohfmibseu\/uflmbAvojwfu\/iv\" href=\"javascript:void(0);\">[Click to see email]<\/a><\/td> <td style=\"width: 39.2857%;height: 50px;vertical-align: middle\" scope=\"rowgroup\">Good hygiene practices at the equine clinic<\/td> <td style=\"width: 9.82143%;height: 50px;vertical-align: middle\" scope=\"rowgroup\">reserved<\/td> <\/tr> <tr> <td style=\"width: 15.2778%;vertical-align: middle\">Dr. Engelhardt Tekla<\/td> <td style=\"vertical-align: middle;width: 20.2381%\"><a class=\"decrypt\" rel=\"fohfmibseu\/uflmbAvojwfu\/iv\" href=\"javascript:void(0);\">[Click to see email]<\/a><\/td> <td style=\"width: 39.2857%;vertical-align: middle\">Antibiotic degradation products in the context of E. coli AMR development<\/td> <td style=\"width: 9.82143%;vertical-align: middle\">reserved<\/td> <\/tr> <tr> <td style=\"width: 15.2778%;vertical-align: middle\">Dr. Engelhardt Tekla<\/td> <td style=\"vertical-align: middle;width: 20.2381%\"><a class=\"decrypt\" rel=\"fohfmibseu\/uflmbAvojwfu\/iv\" href=\"javascript:void(0);\">[Click to see email]<\/a><\/td> <td style=\"width: 39.2857%;vertical-align: middle\">Standardisation possibilities of safety guidelines for F2F facilities<\/td> <td style=\"width: 9.82143%;vertical-align: middle\">reserved<\/td> <\/tr> <\/tbody> <\/table> <p>&nbsp;<\/p> <p style=\"text-align: left\"><span style=\"font-size: 14pt\"><strong>Former thesis<\/strong><\/span><\/p> <table class=\"aligncenter table table-striped\" style=\"height: 713px\" width=\"1004\"> <tbody> <tr> <td style=\"vertical-align: middle;width: 150px;height: 50px\" scope=\"colgroup\"><strong>Supervisor<\/strong><\/td> <td style=\"vertical-align: middle;width: 226px;height: 50px\" scope=\"colgroup\"><strong>Contact<\/strong><\/td> <td style=\"vertical-align: middle;width: 74px;height: 50px;text-align: left\" scope=\"col\"><strong>Year<br \/> <\/strong><\/td> <td style=\"vertical-align: middle;width: 150px;height: 50px\" scope=\"colgroup\"><strong>Student&#8217;s name<br \/> <\/strong><\/td> <td style=\"vertical-align: middle;width: 250px;height: 50px\" scope=\"col\"><strong>Title<br \/> <\/strong><\/td> <\/tr> <tr> <td style=\"vertical-align: middle;width: 150px;height: 50px\" scope=\"colgroup\"> <p>Dr. J\u00f3\u017awiak \u00c1kos<\/p> <p>Dr. Engelhardt Tekla<\/td> <td style=\"vertical-align: middle;width: 226px;height: 50px\" scope=\"colgroup\"> <p><a class=\"decrypt\" rel=\"kp{xjbl\/blptAvojwfu\/iv\" href=\"javascript:void(0);\">[Click to see email]<\/a><\/p> <p><a class=\"decrypt\" rel=\"fohfmibseu\/uflmbAvojwfu\/iv\" href=\"javascript:void(0);\">[Click to see email]<\/a><\/td> <td style=\"vertical-align: middle;width: 74px;height: 50px;text-align: left\" scope=\"col\">\u00a02022<\/td> <td style=\"vertical-align: middle;width: 150px;height: 50px\" scope=\"colgroup\">Silje Karina Grindheim<\/td> <td style=\"vertical-align: middle;width: 250px;height: 50px\" scope=\"col\">Insect based proteins as feed and food sources: Literature review on emerging technologies and possible associated risks<\/td> <\/tr> <tr> <td style=\"vertical-align: middle;width: 150px;height: 50px\" scope=\"colgroup\"> <p>Dr. J\u00f3\u017awiak \u00c1kos<\/p> <p>Dr. Engelhardt Tekla<\/td> <td style=\"vertical-align: middle;width: 226px;height: 50px\" scope=\"colgroup\"> <p><a class=\"decrypt\" rel=\"kp{xjbl\/blptAvojwfu\/iv\" href=\"javascript:void(0);\">[Click to see email]<\/a><\/p> <p><a class=\"decrypt\" rel=\"fohfmibseu\/uflmbAvojwfu\/iv\" href=\"javascript:void(0);\">[Click to see email]<\/a><\/td> <td style=\"vertical-align: middle;width: 74px;height: 50px;text-align: left\" scope=\"col\">\u00a02022<\/td> <td style=\"vertical-align: middle;width: 150px;height: 50px\" scope=\"colgroup\">Petrovszki Szonja Johanna<\/td> <td style=\"vertical-align: middle;width: 250px;height: 50px\" scope=\"col\">Laboratory-produced meat products as alternative protein sources<\/td> <\/tr> <tr> <td style=\"vertical-align: middle;width: 150px;height: 50px\" scope=\"colgroup\">Dr. J\u00f3\u017awiak \u00c1kos<\/td> <td style=\"vertical-align: middle;width: 226px;height: 50px\" scope=\"colgroup\"><a class=\"decrypt\" rel=\"kp{xjbl\/blptAvojwfu\/iv\" href=\"javascript:void(0);\">[Click to see email]<\/a><\/td> <td style=\"vertical-align: middle;width: 74px;height: 50px;text-align: left\" scope=\"col\">\u00a02022<\/td> <td style=\"vertical-align: middle;width: 150px;height: 50px\" scope=\"colgroup\">Zorka Mwendwa Rakonczay<\/td> <td style=\"vertical-align: middle;width: 250px;height: 50px\" scope=\"col\">Automated News Screening for Emerging Infectious Disease Risk Identification in the Lake Victoria Basin<\/td> <\/tr> <tr> <td style=\"vertical-align: middle;width: 150px;height: 50px\" scope=\"colgroup\"> <p>Dr. J\u00f3\u017awiak \u00c1kos<\/p> <p>Dr. Zentai Andrea<\/td> <td style=\"vertical-align: middle;width: 226px;height: 50px\" scope=\"colgroup\"> <p><a class=\"decrypt\" rel=\"kp{xjbl\/blptAvojwfu\/iv\" href=\"javascript:void(0);\">[Click to see email]<\/a><\/p> <p><a class=\"decrypt\" rel=\"{foubj\/boesfbAvojwfu\/iv\" href=\"javascript:void(0);\">[Click to see email]<\/a><\/td> <td style=\"vertical-align: middle;width: 74px;height: 50px;text-align: left\" scope=\"col\">\u00a02022<\/td> <td style=\"vertical-align: middle;width: 150px;height: 50px\" scope=\"colgroup\">Caoimhe Kate Guinan<\/td> <td style=\"vertical-align: middle;width: 250px;height: 50px\" scope=\"col\">The use of essential oils and nanoparticles in the food industry: review<\/td> <\/tr> <tr> <td style=\"vertical-align: middle;width: 150px\">Dr. Farkas Zsuzsa<\/td> <td style=\"vertical-align: middle;width: 226px\"><a class=\"decrypt\" rel=\"gbslbt\/{tv{tbAvojwfu\/iv\" href=\"javascript:void(0);\">[Click to see email]<\/a><\/td> <td style=\"vertical-align: middle;width: 74px;text-align: left\">2023<\/td> <td style=\"vertical-align: middle;width: 150px\">Boty\u00e1nszki Gr\u00e9ta<\/td> <td style=\"vertical-align: middle;width: 250px\">Health risks of CBD-containing supplements<\/td> <\/tr> <tr> <td style=\"vertical-align: middle;width: 150px\"> <p>Dr. J\u00f3\u017awiak \u00c1kos<\/p> <p>Dr. Farkas Zsuzsa<\/td> <td style=\"vertical-align: middle;width: 226px\"> <p><a class=\"decrypt\" rel=\"kp{xjbl\/blptAvojwfu\/iv\" href=\"javascript:void(0);\">[Click to see email]<\/a><\/p> <p><a class=\"decrypt\" rel=\"gbslbt\/{tv{tbAvojwfu\/iv\" href=\"javascript:void(0);\">[Click to see email]<\/a><\/td> <td style=\"vertical-align: middle;width: 74px;text-align: left\">2023<\/td> <td style=\"vertical-align: middle;width: 150px\">Ann Mariya<\/td> <td style=\"vertical-align: middle;width: 250px\">Emerging Food Chain Risks Related to Circular Economy<\/td> <\/tr> <\/tbody> <\/table> <p>&nbsp;<\/p>","protected":false},"excerpt":{"rendered":"<p>New topics will be announced in autumn 2025. Current thesis Supervisor Contact Title Free \/ reserved Dr. Engelhardt Tekla Dr. Strang Orsolya [Click to see email] [Click to see email] Risks related to food contact materials\/sustainable packaging reserved \u00a0Dr. Farkas Zsuzsa [Click to see email] Chemical contaminants in alternative proteins reserved \u00a0Dr. Farkas Zsuzsa [Click<\/p>\n","protected":false},"author":3837,"featured_media":0,"parent":54584,"menu_order":0,"comment_status":"open","ping_status":"open","template":"","meta":{"_acf_changed":false,"footnotes":""},"categories":[],"tags":[],"class_list":["post-91247","page","type-page","status-publish","hentry"],"acf":[],"_links":{"self":[{"href":"https:\/\/univet.hu\/en\/wp-json\/wp\/v2\/pages\/91247","targetHints":{"allow":["GET"]}}],"collection":[{"href":"https:\/\/univet.hu\/en\/wp-json\/wp\/v2\/pages"}],"about":[{"href":"https:\/\/univet.hu\/en\/wp-json\/wp\/v2\/types\/page"}],"author":[{"embeddable":true,"href":"https:\/\/univet.hu\/en\/wp-json\/wp\/v2\/users\/3837"}],"replies":[{"embeddable":true,"href":"https:\/\/univet.hu\/en\/wp-json\/wp\/v2\/comments?post=91247"}],"version-history":[{"count":4,"href":"https:\/\/univet.hu\/en\/wp-json\/wp\/v2\/pages\/91247\/revisions"}],"predecessor-version":[{"id":184394,"href":"https:\/\/univet.hu\/en\/wp-json\/wp\/v2\/pages\/91247\/revisions\/184394"}],"up":[{"embeddable":true,"href":"https:\/\/univet.hu\/en\/wp-json\/wp\/v2\/pages\/54584"}],"wp:attachment":[{"href":"https:\/\/univet.hu\/en\/wp-json\/wp\/v2\/media?parent=91247"}],"wp:term":[{"taxonomy":"category","embeddable":true,"href":"https:\/\/univet.hu\/en\/wp-json\/wp\/v2\/categories?post=91247"},{"taxonomy":"post_tag","embeddable":true,"href":"https:\/\/univet.hu\/en\/wp-json\/wp\/v2\/tags?post=91247"}],"curies":[{"name":"wp","href":"https:\/\/api.w.org\/{rel}","templated":true}]}}