{"id":91407,"date":"2023-08-01T12:41:53","date_gmt":"2023-08-01T10:41:53","guid":{"rendered":"https:\/\/univet.hu\/education\/courses\/fenntarthatosag-aspektusai-az-elelmiszerlancban\/"},"modified":"2024-09-12T15:34:16","modified_gmt":"2024-09-12T13:34:16","slug":"sustainability-aspects-in-the-food-chain","status":"publish","type":"page","link":"https:\/\/univet.hu\/en\/education\/courses\/sustainability-aspects-in-the-food-chain\/","title":{"rendered":"Sustainability aspects in the food chain"},"content":{"rendered":"<p>&nbsp;<\/p> <p><strong>The course is\u00a0 available only in Hungarian.<\/strong><\/p> <p>&nbsp;<\/p> <p><strong>The aim of the course:<\/strong><\/p> <p>The course will give students an insight into the challenges of agro-ecological systems as a resource for the food chain. In line with EU sustainability principles, today&#8217;s global issues from climate change and adaptive agriculture to future food security and safety will be addressed. Innovation opportunities for adaptation in agriculture and food production practices will also be presented.<\/p> <p>&nbsp;<\/p> <p><strong>Prerequisite courses:<\/strong><\/p> <p>&#8211;<\/p> <p>&nbsp;<\/p> <p><strong>Teacher responsible<\/strong><\/p> <p>Mikl\u00f3s S\u00fcth DVM PhD<\/p> <p>&nbsp;<\/p> <p><strong>Teachers participating<\/strong><\/p> <p>Mikl\u00f3s S\u00fcth DVM PhD , \u00c1kos J\u00f3\u017awiak DVM PhD, Szilveszter Csorba , Zsuzsa Farkas PhD, Erika Orsz\u00e1gh Erika, guest lecturers<\/p> <p>&nbsp;<\/p>","protected":false},"excerpt":{"rendered":"<p>&nbsp; The course is\u00a0 available only in Hungarian. &nbsp; The aim of the course: The course will give students an insight into the challenges of agro-ecological systems as a resource for the food chain. In line with EU sustainability principles, today&#8217;s global issues from climate change and adaptive agriculture to future food security and safety<\/p>\n","protected":false},"author":3837,"featured_media":0,"parent":676,"menu_order":34,"comment_status":"open","ping_status":"open","template":"","meta":{"_acf_changed":false,"footnotes":""},"categories":[],"tags":[],"class_list":["post-91407","page","type-page","status-publish","hentry"],"acf":[],"_links":{"self":[{"href":"https:\/\/univet.hu\/en\/wp-json\/wp\/v2\/pages\/91407","targetHints":{"allow":["GET"]}}],"collection":[{"href":"https:\/\/univet.hu\/en\/wp-json\/wp\/v2\/pages"}],"about":[{"href":"https:\/\/univet.hu\/en\/wp-json\/wp\/v2\/types\/page"}],"author":[{"embeddable":true,"href":"https:\/\/univet.hu\/en\/wp-json\/wp\/v2\/users\/3837"}],"replies":[{"embeddable":true,"href":"https:\/\/univet.hu\/en\/wp-json\/wp\/v2\/comments?post=91407"}],"version-history":[{"count":1,"href":"https:\/\/univet.hu\/en\/wp-json\/wp\/v2\/pages\/91407\/revisions"}],"predecessor-version":[{"id":174521,"href":"https:\/\/univet.hu\/en\/wp-json\/wp\/v2\/pages\/91407\/revisions\/174521"}],"up":[{"embeddable":true,"href":"https:\/\/univet.hu\/en\/wp-json\/wp\/v2\/pages\/676"}],"wp:attachment":[{"href":"https:\/\/univet.hu\/en\/wp-json\/wp\/v2\/media?parent=91407"}],"wp:term":[{"taxonomy":"category","embeddable":true,"href":"https:\/\/univet.hu\/en\/wp-json\/wp\/v2\/categories?post=91407"},{"taxonomy":"post_tag","embeddable":true,"href":"https:\/\/univet.hu\/en\/wp-json\/wp\/v2\/tags?post=91407"}],"curies":[{"name":"wp","href":"https:\/\/api.w.org\/{rel}","templated":true}]}}