{"id":91415,"date":"2023-08-28T10:00:29","date_gmt":"2023-08-28T08:00:29","guid":{"rendered":"https:\/\/univet.hu\/?page_id=91415"},"modified":"2025-05-12T12:01:56","modified_gmt":"2025-05-12T10:01:56","slug":"proper-diet-and-gastronomy","status":"publish","type":"page","link":"https:\/\/univet.hu\/en\/education\/courses\/proper-diet-and-gastronomy\/","title":{"rendered":"Proper diet and gastronomy"},"content":{"rendered":"<p>&nbsp;<\/p> <p><strong>The course is available only in Hungarian.<\/strong><\/p> <p>&nbsp;<\/p> <p><strong>The aim of the course:<\/strong><\/p> <p>One of the important tasks of a veterinarian is to contribute to the production of healthy, wholesome food through healthy, well-bred farm animals. But what makes a food healthy? Is there such a thing as healthy food? There are many beliefs and misconceptions about healthy eating. The aim of this course is to provide students with an understanding and deeper knowledge of how the food industry works, the basics of food safety, gastronomy and nutrition. In addition to a scientific introduction to the issues of the field, the course will also cover the latest gastronomic and nutritional trends and future research and development directions.<\/p> <p>&nbsp;<\/p> <p><strong>Prerequisite courses:<\/strong><\/p> <p>&#8211;<\/p> <p>&nbsp;<\/p> <p><strong>Teacher responsible<\/strong><\/p> <p>Mikl\u00f3s S\u00fcth DVM PhD<\/p> <p>&nbsp;<\/p> <p><strong>Teachers participating<\/strong><\/p> <p>Mikl\u00f3s S\u00fcth DVM PhD, \u00c1kos Bernard J\u00f3zwiak DVM PhD , Tekla Engelhardt PhD, Zsuzsa Farkas PhD, Erika Orsz\u00e1gh, guest lecturers<\/p> <p>&nbsp;<\/p>","protected":false},"excerpt":{"rendered":"<p>&nbsp; The course is available only in Hungarian. &nbsp; The aim of the course: One of the important tasks of a veterinarian is to contribute to the production of healthy, wholesome food through healthy, well-bred farm animals. But what makes a food healthy? Is there such a thing as healthy food? There are many beliefs<\/p>\n","protected":false},"author":3837,"featured_media":0,"parent":676,"menu_order":34,"comment_status":"open","ping_status":"open","template":"","meta":{"_acf_changed":false,"footnotes":""},"categories":[],"tags":[],"class_list":["post-91415","page","type-page","status-publish","hentry"],"acf":[],"_links":{"self":[{"href":"https:\/\/univet.hu\/en\/wp-json\/wp\/v2\/pages\/91415","targetHints":{"allow":["GET"]}}],"collection":[{"href":"https:\/\/univet.hu\/en\/wp-json\/wp\/v2\/pages"}],"about":[{"href":"https:\/\/univet.hu\/en\/wp-json\/wp\/v2\/types\/page"}],"author":[{"embeddable":true,"href":"https:\/\/univet.hu\/en\/wp-json\/wp\/v2\/users\/3837"}],"replies":[{"embeddable":true,"href":"https:\/\/univet.hu\/en\/wp-json\/wp\/v2\/comments?post=91415"}],"version-history":[{"count":1,"href":"https:\/\/univet.hu\/en\/wp-json\/wp\/v2\/pages\/91415\/revisions"}],"predecessor-version":[{"id":174525,"href":"https:\/\/univet.hu\/en\/wp-json\/wp\/v2\/pages\/91415\/revisions\/174525"}],"up":[{"embeddable":true,"href":"https:\/\/univet.hu\/en\/wp-json\/wp\/v2\/pages\/676"}],"wp:attachment":[{"href":"https:\/\/univet.hu\/en\/wp-json\/wp\/v2\/media?parent=91415"}],"wp:term":[{"taxonomy":"category","embeddable":true,"href":"https:\/\/univet.hu\/en\/wp-json\/wp\/v2\/categories?post=91415"},{"taxonomy":"post_tag","embeddable":true,"href":"https:\/\/univet.hu\/en\/wp-json\/wp\/v2\/tags?post=91415"}],"curies":[{"name":"wp","href":"https:\/\/api.w.org\/{rel}","templated":true}]}}