{"id":91435,"date":"2023-08-28T10:44:37","date_gmt":"2023-08-28T08:44:37","guid":{"rendered":"https:\/\/univet.hu\/?page_id=91435"},"modified":"2025-05-12T11:59:46","modified_gmt":"2025-05-12T09:59:46","slug":"the-veterinarians-role-in-ensuring-food-safety","status":"publish","type":"page","link":"https:\/\/univet.hu\/en\/education\/courses\/the-veterinarians-role-in-ensuring-food-safety\/","title":{"rendered":"The veterinarian&#8217;s role in ensuring food safety"},"content":{"rendered":"<p>&nbsp;<\/p> <p><strong>The course is available only in Hungarian.<\/strong><\/p> <p>&nbsp;<\/p> <p><strong>The aim of the course:<\/strong><\/p> <p>The overall aim of the course is to familiarise students with the role of veterinarians in ensuring food chain safety. During the lectures, guest speakers from the National Food Chain Safety Office (N\u00e9bih) and the Ministry of Agriculture will present the current issues and challenges in their respective fields and the main responsibilities of veterinarians in each field.<\/p> <p>&nbsp;<\/p> <p><strong>Prerequisite courses:<\/strong><\/p> <p>&#8211;<\/p> <p>&nbsp;<\/p> <p><strong>Teacher responsible<\/strong><\/p> <p>\u00c1kos Bernard J\u00f3zwiak DVM PhD<\/p> <p>&nbsp;<\/p> <p><strong>Teachers participating<\/strong><\/p> <p>Mikl\u00f3s S\u00fcth DVM PhD, \u00c1kos Bernard J\u00f3zwiak DVM PhD, guest lecturers<\/p>","protected":false},"excerpt":{"rendered":"<p>&nbsp; The course is available only in Hungarian. &nbsp; The aim of the course: The overall aim of the course is to familiarise students with the role of veterinarians in ensuring food chain safety. During the lectures, guest speakers from the National Food Chain Safety Office (N\u00e9bih) and the Ministry of Agriculture will present the<\/p>\n","protected":false},"author":3837,"featured_media":0,"parent":676,"menu_order":34,"comment_status":"open","ping_status":"open","template":"","meta":{"_acf_changed":false,"footnotes":""},"categories":[],"tags":[],"class_list":["post-91435","page","type-page","status-publish","hentry"],"acf":[],"_links":{"self":[{"href":"https:\/\/univet.hu\/en\/wp-json\/wp\/v2\/pages\/91435","targetHints":{"allow":["GET"]}}],"collection":[{"href":"https:\/\/univet.hu\/en\/wp-json\/wp\/v2\/pages"}],"about":[{"href":"https:\/\/univet.hu\/en\/wp-json\/wp\/v2\/types\/page"}],"author":[{"embeddable":true,"href":"https:\/\/univet.hu\/en\/wp-json\/wp\/v2\/users\/3837"}],"replies":[{"embeddable":true,"href":"https:\/\/univet.hu\/en\/wp-json\/wp\/v2\/comments?post=91435"}],"version-history":[{"count":2,"href":"https:\/\/univet.hu\/en\/wp-json\/wp\/v2\/pages\/91435\/revisions"}],"predecessor-version":[{"id":184404,"href":"https:\/\/univet.hu\/en\/wp-json\/wp\/v2\/pages\/91435\/revisions\/184404"}],"up":[{"embeddable":true,"href":"https:\/\/univet.hu\/en\/wp-json\/wp\/v2\/pages\/676"}],"wp:attachment":[{"href":"https:\/\/univet.hu\/en\/wp-json\/wp\/v2\/media?parent=91435"}],"wp:term":[{"taxonomy":"category","embeddable":true,"href":"https:\/\/univet.hu\/en\/wp-json\/wp\/v2\/categories?post=91435"},{"taxonomy":"post_tag","embeddable":true,"href":"https:\/\/univet.hu\/en\/wp-json\/wp\/v2\/tags?post=91435"}],"curies":[{"name":"wp","href":"https:\/\/api.w.org\/{rel}","templated":true}]}}