{"id":915,"date":"2017-06-27T13:28:00","date_gmt":"2017-06-27T11:28:00","guid":{"rendered":"http:\/\/univet.hu\/about-us\/research\/research-teams\/immunoendocrinology-and-epigenetics-research-group\/"},"modified":"2023-06-19T09:51:41","modified_gmt":"2023-06-19T07:51:41","slug":"in-vitro-cell-culture-research-group","status":"publish","type":"page","link":"https:\/\/univet.hu\/en\/research\/research-teams\/in-vitro-cell-culture-research-group\/","title":{"rendered":"In Vitro Cell Culture Models Research Group"},"content":{"rendered":"<p><strong>RESEARCH GROUP LEADER: <\/strong>Dr. Orsolya FARKAS PhD, senior research fellow<\/p> <p><strong>CONTACT:<\/strong> <a class=\"decrypt\" rel=\"gbslbt\/pstpmzbAvojwfu\/iv\" href=\"javascript:void(0);\">[Click to see email]<\/a><\/p> <p>&nbsp;<\/p> <p><strong>MEMBERS:<\/strong><\/p> <p>1) Dr. Erzs\u00e9bet P\u00c1SZTIN\u00c9 GERE<\/p> <p>2) Dr. D\u00f3ra KOV\u00c1CS<\/p> <p>3) Dr. Zita KARANCSI<\/p> <p>4) Dr. Nikolett Dr. PALKOVICSN\u00c9 P\u00c9ZSA<\/p> <p>5) Dr. Alma Vir\u00e1g M\u00d3RITZ<\/p> <p>&nbsp;<\/p> <p><strong>RESEARCH TOPIC:<\/strong><\/p> <p>The aim of the research is to develop in vitro cell culture models, to characterize pathological conditions induced by oxidative stress and inflammation caused by bacteria and xenobiotics, and to investigate the positive (anti-inflammatory, antioxidant, barrier-enhancing, antibacterial, etc.) effects of alternative dietary and feed supplements (e.g. probiotics, plant-derived compounds) on the models. We contribute to reducing animal testing in the context of the 3Rs principle by using models from different animal species, both companion and farm animals, representing their digestive tract and immune system. We also contribute to the maintenance of animal health and the reduction of antibiotic use and antimicrobial resistance, by testing alternatives of natural origin and by exploring the mechanisms underlying the positive effects.<\/p> <p>&nbsp;<\/p> <p><strong>TOP PUBLICATIONS:<\/strong><\/p> <p>1) Karancsi, Z. ; Kovacs, D. ; Pezsa, N. Palkovicsne ; Galfi, P. ; Jerzsele, A. ; Farkas, O. The Impact of Quercetin and Its Methylated Derivatives 3-o-Methylquercetin and Rhamnazin in Lipopolysaccharide-Induced Inflammation in Porcine Intestinal Cells ANTIOXIDANTS 11 : 7 Paper: 1265 , 12 p. (2022) Q1 (Clinical Biochemistry)<\/p> <p>2) Palkovicsn\u00e9, P\u00e9zsa N. ; Kov\u00e1cs, D. ; G\u00e1lfi, P. ; R\u00e1cz, B. ; Farkas, O. Effect of Enterococcus faecium NCIMB 10415 on Gut Barrier Function, Internal Redox State, Proinflammatory Response and Pathogen Inhibition Properties in Porcine Intestinal Epithelial Cells<br \/> NUTRIENTS 14 : 7 Paper: 1486 , 18 p. (2022) Q1 (Food Science)<\/p> <p>3) Wohlert, A.; Palkovicsn\u00e9 P\u00e9zsa, N. ; M\u00f3ritz, AV. ; Jerzsele, \u00c1. ; Farkas, O. ; P\u00e1szti-Gere, E. Luteolin and Chrysin Could Prevent E. coli Lipopolysaccharide-Ochratoxin A Combination-Caused Inflammation and Oxidative Stress in In Vitro Porcine Intestinal Model ANIMALS 12 : 20 Paper: 2747 (2022) Q1 (Veterinary)<\/p> <p>4) Kov\u00e1cs, D. ; Palkovicsn\u00e9 P\u00e9zsa, N. ; Jerzsele, \u00c1. ; S\u00fcth, M. ; Farkas, O. Protective Effects of Grape Seed Oligomeric Proanthocyanidins in IPEC-J2\u2013Escherichia coli\/Salmonella Typhimurium Co-Culture ANTIBIOTICS 11 : 1 Paper: 110 (2022) Q1 (Pharmacology, Toxicology and Pharmaceutics )<\/p> <p>5) Z., Karancsi ; A. V., M\u00f3ritz ; N., Lewin ; A. M., Veres ; \u00c1., Jerzsele ; O., Farkas Beneficial Effect of a Fermented Wheat Germ Extract in Intestinal Epithelial Cells in case of Lipopolysaccharide-Evoked Inflammation OXIDATIVE MEDICINE AND CELLULAR LONGEVITY 2020 Paper: 1482482 (2020) Q1 (Biochemistry)<\/p>","protected":false},"excerpt":{"rendered":"<p>RESEARCH GROUP LEADER: Dr. Orsolya FARKAS PhD, senior research fellow CONTACT: [Click to see email] &nbsp; MEMBERS: 1) Dr. Erzs\u00e9bet P\u00c1SZTIN\u00c9 GERE 2) Dr. D\u00f3ra KOV\u00c1CS 3) Dr. Zita KARANCSI 4) Dr. Nikolett Dr. PALKOVICSN\u00c9 P\u00c9ZSA 5) Dr. Alma Vir\u00e1g M\u00d3RITZ &nbsp; RESEARCH TOPIC: The aim of the research is to develop in vitro cell<\/p>\n","protected":false},"author":1,"featured_media":0,"parent":869,"menu_order":228,"comment_status":"closed","ping_status":"closed","template":"","meta":{"_acf_changed":false,"footnotes":""},"categories":[],"tags":[],"class_list":["post-915","page","type-page","status-publish","hentry"],"acf":[],"_links":{"self":[{"href":"https:\/\/univet.hu\/en\/wp-json\/wp\/v2\/pages\/915","targetHints":{"allow":["GET"]}}],"collection":[{"href":"https:\/\/univet.hu\/en\/wp-json\/wp\/v2\/pages"}],"about":[{"href":"https:\/\/univet.hu\/en\/wp-json\/wp\/v2\/types\/page"}],"author":[{"embeddable":true,"href":"https:\/\/univet.hu\/en\/wp-json\/wp\/v2\/users\/1"}],"replies":[{"embeddable":true,"href":"https:\/\/univet.hu\/en\/wp-json\/wp\/v2\/comments?post=915"}],"version-history":[{"count":0,"href":"https:\/\/univet.hu\/en\/wp-json\/wp\/v2\/pages\/915\/revisions"}],"up":[{"embeddable":true,"href":"https:\/\/univet.hu\/en\/wp-json\/wp\/v2\/pages\/869"}],"wp:attachment":[{"href":"https:\/\/univet.hu\/en\/wp-json\/wp\/v2\/media?parent=915"}],"wp:term":[{"taxonomy":"category","embeddable":true,"href":"https:\/\/univet.hu\/en\/wp-json\/wp\/v2\/categories?post=915"},{"taxonomy":"post_tag","embeddable":true,"href":"https:\/\/univet.hu\/en\/wp-json\/wp\/v2\/tags?post=915"}],"curies":[{"name":"wp","href":"https:\/\/api.w.org\/{rel}","templated":true}]}}