{"id":92056,"date":"2023-09-04T20:47:40","date_gmt":"2023-09-04T18:47:40","guid":{"rendered":"https:\/\/univet.hu\/?page_id=92056"},"modified":"2023-09-05T12:49:06","modified_gmt":"2023-09-05T10:49:06","slug":"animal-breeding-summer-practice","status":"publish","type":"page","link":"https:\/\/univet.hu\/en\/education\/courses\/animal-breeding-summer-practice\/","title":{"rendered":"Animal Breeding Summer Practice"},"content":{"rendered":"<p>Subject coordinator: Dr. G\u00e1sp\u00e1rdy Andr\u00e1s<\/p> <p>&nbsp;<\/p>","protected":false},"excerpt":{"rendered":"<p>Subject coordinator: Dr. G\u00e1sp\u00e1rdy Andr\u00e1s &nbsp;<\/p>\n","protected":false},"author":3837,"featured_media":0,"parent":676,"menu_order":34,"comment_status":"open","ping_status":"open","template":"","meta":{"_acf_changed":false,"footnotes":""},"categories":[],"tags":[],"class_list":["post-92056","page","type-page","status-publish","hentry"],"acf":[],"_links":{"self":[{"href":"https:\/\/univet.hu\/en\/wp-json\/wp\/v2\/pages\/92056","targetHints":{"allow":["GET"]}}],"collection":[{"href":"https:\/\/univet.hu\/en\/wp-json\/wp\/v2\/pages"}],"about":[{"href":"https:\/\/univet.hu\/en\/wp-json\/wp\/v2\/types\/page"}],"author":[{"embeddable":true,"href":"https:\/\/univet.hu\/en\/wp-json\/wp\/v2\/users\/3837"}],"replies":[{"embeddable":true,"href":"https:\/\/univet.hu\/en\/wp-json\/wp\/v2\/comments?post=92056"}],"version-history":[{"count":1,"href":"https:\/\/univet.hu\/en\/wp-json\/wp\/v2\/pages\/92056\/revisions"}],"predecessor-version":[{"id":174552,"href":"https:\/\/univet.hu\/en\/wp-json\/wp\/v2\/pages\/92056\/revisions\/174552"}],"up":[{"embeddable":true,"href":"https:\/\/univet.hu\/en\/wp-json\/wp\/v2\/pages\/676"}],"wp:attachment":[{"href":"https:\/\/univet.hu\/en\/wp-json\/wp\/v2\/media?parent=92056"}],"wp:term":[{"taxonomy":"category","embeddable":true,"href":"https:\/\/univet.hu\/en\/wp-json\/wp\/v2\/categories?post=92056"},{"taxonomy":"post_tag","embeddable":true,"href":"https:\/\/univet.hu\/en\/wp-json\/wp\/v2\/tags?post=92056"}],"curies":[{"name":"wp","href":"https:\/\/api.w.org\/{rel}","templated":true}]}}