{"id":92072,"date":"2023-09-04T21:32:07","date_gmt":"2023-09-04T19:32:07","guid":{"rendered":"https:\/\/univet.hu\/?page_id=92072"},"modified":"2023-09-05T21:30:47","modified_gmt":"2023-09-05T19:30:47","slug":"in-progress-theses-and-students-scientific-association-a-k-a-tdk","status":"publish","type":"page","link":"https:\/\/univet.hu\/en\/about\/units\/department-animal-breeding-nutrition-and-laboratory-animal-science\/department-of-animal-breeding-and-genetics\/in-progress-theses-and-students-scientific-association-a-k-a-tdk\/","title":{"rendered":"In progress theses and Students\u2019 Scientific Association a.k.a. TDK"},"content":{"rendered":"<p>The department is currently working on the following theses and Students\u2019 Scientific Association:<\/p> <table style=\"width: 872px; height: 880px;\"> <tbody> <tr> <td style=\"width: 209.75px;\"><strong><em>Year<\/em><\/strong><\/td> <td style=\"width: 218.438px;\"><strong><em>Title<\/em><\/strong><\/td> <td style=\"width: 206.712px;\"><strong><em>Students<\/em><\/strong><\/td> <td style=\"width: 213.1px;\"><strong><em>Supervisors<\/em><\/strong><\/td> <\/tr> <tr> <td style=\"width: 209.75px;\">2023 (the work in progress)<\/td> <td style=\"width: 218.438px;\">Genetikai teszt kidolgoz\u00e1sa ivar-meghat\u00e1roz\u00e1sra izoterm\u00e1lis PCR m\u00f3dszerrel agancsos k\u00e9r\u0151dz\u0151 fajokra<\/td> <td style=\"width: 206.712px;\">Bujtor Zs\u00f3fia Krisztina<\/td> <td style=\"width: 213.1px;\"> <p>Dr. Zenke Petra<\/p> <p>&nbsp;<\/td> <\/tr> <tr> <td style=\"width: 209.75px;\">2023 (the work in progress)<\/td> <td style=\"width: 218.438px;\">\u0150zek egyedi szint\u0171 azonos\u00edt\u00e1sa tetramer mikroszatellita markerek alapj\u00e1n Magyarorsz\u00e1gon (TDK)<\/td> <td style=\"width: 206.712px;\">Sur\u00e1nyi Melinda<\/td> <td style=\"width: 213.1px;\">Zork\u00f3czy Orsolya Krisztina, Dr. Zenke Petra<\/td> <\/tr> <tr> <td style=\"width: 209.75px;\">2023\u00a0(the work in progress)<\/td> <td style=\"width: 218.438px;\">Tying-up syndrome in Warm-blooded horses<\/td> <td style=\"width: 206.712px;\">Alexander Hausmann<\/td> <td style=\"width: 213.1px;\">Dr. Z\u00f6ld\u00e1g L\u00e1szl\u00f3<\/td> <\/tr> <tr> <td style=\"width: 209.75px;\">2023\u00a0(the work in progress)<\/td> <td style=\"width: 218.438px;\">Current genomics (genetic markers) of canine hip dysplasia<\/td> <td style=\"width: 206.712px;\">Tal Kornblut<\/td> <td style=\"width: 213.1px;\">Dr. Z\u00f6ld\u00e1g L\u00e1szl\u00f3<\/td> <\/tr> <tr> <td style=\"width: 209.75px;\">2023 (the work in progress)<\/td> <td style=\"width: 218.438px;\">Medical Detection Dog<\/td> <td style=\"width: 206.712px;\">Avigail Sala Simon<\/td> <td style=\"width: 213.1px;\">Dr. Z\u00f6ld\u00e1g L\u00e1szl\u00f3<\/td> <\/tr> <tr> <td style=\"width: 209.75px;\">2023\u00a0(the work in progress)<\/td> <td style=\"width: 218.438px;\">Current genomic data in health and performance of German show jumping horses<\/td> <td style=\"width: 206.712px;\">Victoria Vir\u00e1g Reichert<\/td> <td style=\"width: 213.1px;\">Dr. Z\u00f6ld\u00e1g L\u00e1szl\u00f3<\/td> <\/tr> <\/tbody> <\/table> <p>&nbsp;<\/p>","protected":false},"excerpt":{"rendered":"<p>The department is currently working on the following theses and Students\u2019 Scientific Association: Year Title Students Supervisors 2023 (the work in progress) Genetikai teszt kidolgoz\u00e1sa ivar-meghat\u00e1roz\u00e1sra izoterm\u00e1lis PCR m\u00f3dszerrel agancsos k\u00e9r\u0151dz\u0151 fajokra Bujtor Zs\u00f3fia Krisztina Dr. Zenke Petra &nbsp; 2023 (the work in progress) \u0150zek egyedi szint\u0171 azonos\u00edt\u00e1sa tetramer mikroszatellita markerek alapj\u00e1n Magyarorsz\u00e1gon (TDK) Sur\u00e1nyi<\/p>\n","protected":false},"author":3837,"featured_media":0,"parent":3296,"menu_order":0,"comment_status":"open","ping_status":"open","template":"","meta":{"_acf_changed":false,"footnotes":""},"categories":[],"tags":[],"class_list":["post-92072","page","type-page","status-publish","hentry"],"acf":[],"_links":{"self":[{"href":"https:\/\/univet.hu\/en\/wp-json\/wp\/v2\/pages\/92072","targetHints":{"allow":["GET"]}}],"collection":[{"href":"https:\/\/univet.hu\/en\/wp-json\/wp\/v2\/pages"}],"about":[{"href":"https:\/\/univet.hu\/en\/wp-json\/wp\/v2\/types\/page"}],"author":[{"embeddable":true,"href":"https:\/\/univet.hu\/en\/wp-json\/wp\/v2\/users\/3837"}],"replies":[{"embeddable":true,"href":"https:\/\/univet.hu\/en\/wp-json\/wp\/v2\/comments?post=92072"}],"version-history":[{"count":0,"href":"https:\/\/univet.hu\/en\/wp-json\/wp\/v2\/pages\/92072\/revisions"}],"up":[{"embeddable":true,"href":"https:\/\/univet.hu\/en\/wp-json\/wp\/v2\/pages\/3296"}],"wp:attachment":[{"href":"https:\/\/univet.hu\/en\/wp-json\/wp\/v2\/media?parent=92072"}],"wp:term":[{"taxonomy":"category","embeddable":true,"href":"https:\/\/univet.hu\/en\/wp-json\/wp\/v2\/categories?post=92072"},{"taxonomy":"post_tag","embeddable":true,"href":"https:\/\/univet.hu\/en\/wp-json\/wp\/v2\/tags?post=92072"}],"curies":[{"name":"wp","href":"https:\/\/api.w.org\/{rel}","templated":true}]}}