{"id":92106,"date":"2023-09-04T23:26:05","date_gmt":"2023-09-04T21:26:05","guid":{"rendered":"https:\/\/univet.hu\/?page_id=92106"},"modified":"2026-01-14T10:33:17","modified_gmt":"2026-01-14T09:33:17","slug":"theses-in-progress","status":"publish","type":"page","link":"https:\/\/univet.hu\/en\/about\/units\/department-animal-breeding-nutrition-and-laboratory-animal-science\/department-of-animal-nutrition\/theses-in-progress\/","title":{"rendered":"Theses in progress"},"content":{"rendered":"<table style=\"width: 73.4257%\" width=\"571\"> <thead> <tr> <td style=\"text-align: center;width: 28.8577%\"><em>Supervisor<\/em><\/td> <td style=\"text-align: center;width: 51.3026%\"><em>Titel<\/em><\/td> <td style=\"text-align: center;width: 61.7216%\"><em>Student<\/em><\/td> <\/tr> <\/thead> <tbody> <tr style=\"height: 24px\"> <td style=\"height: 24px;width: 28.8577%\">\u00a0Let\u00edcia Moravszki<\/td> <td style=\"height: 24px;width: 51.3026%\">Az \u00e1llatorvosok dietetikai tudatoss\u00e1g\u00e1nak felm\u00e9r\u00e9se<\/td> <td style=\"height: 24px;width: 61.7216%\">Somos R\u00e9ka<\/td> <\/tr> <tr style=\"height: 48px\"> <td style=\"height: 48px;width: 28.8577%\">Nikoletta Het\u00e9nyi<\/td> <td style=\"height: 48px;width: 51.3026%\">Kereskedelmi forgalomban kaphat\u00f3 kis\u00e1llat sz\u00e9n\u00e1k \u00e9rt\u00e9kel\u00e9se [Evaluation of commercially available hays for pet animals].<\/td> <td style=\"height: 48px;width: 61.7216%\">Balogh Hanga<\/td> <\/tr> <tr style=\"height: 48px\"> <td style=\"height: 48px;width: 28.8577%\">Nikoletta Het\u00e9nyi<\/td> <td style=\"height: 48px;width: 51.3026%\">Adatgy\u0171jt\u00e9s a szak\u00e1llas ag\u00e1m\u00e1k tart\u00e1s\u00e1r\u00f3l \u00e9s takarm\u00e1nyoz\u00e1s\u00e1r\u00f3l [Data collection on the keeping and feeding of bearded agamas].<\/td> <td style=\"height: 48px;width: 61.7216%\">Szil\u00e1gyi Fruzsina<\/td> <\/tr> <tr style=\"height: 72px\"> <td style=\"height: 72px;width: 28.8577%\">Nikoletta Het\u00e9nyi<\/td> <td style=\"height: 72px;width: 51.3026%\">Rovartartalm\u00fa kutyat\u00e1pok \u00e9rt\u00e9kel\u00e9se [Evaluation of insect-based dog foods].<\/td> <td style=\"height: 72px;width: 61.7216%\">Le\u00f3 Emma<\/td> <\/tr> <tr style=\"height: 72px\"> <td style=\"height: 72px;width: 28.8577%\">Nikoletta Het\u00e9nyi<\/td> <td style=\"height: 72px;width: 51.3026%\">Dietary supplements for diabetic dogs and cats (evaluation of commercial products) [Takarm\u00e1ny-kieg\u00e9sz\u00edt\u0151k cukorbeteg kuty\u00e1k \u00e9s macsk\u00e1k sz\u00e1m\u00e1ra (kereskedelmi forgalomban kaphat\u00f3 term\u00e9kek \u00e9rt\u00e9kel\u00e9se).<\/td> <td style=\"height: 72px;width: 61.7216%\">Yun Hye Lim<\/td> <\/tr> <tr style=\"height: 24px\"> <td style=\"height: 24px;width: 28.8577%\">Nikoletta Het\u00e9nyi<\/td> <td style=\"height: 24px;width: 51.3026%\">Plant-based dog and cat foods (review of the literature) [N\u00f6v\u00e9nyi alap\u00fa kutya- \u00e9s macskat\u00e1pok; irodalmi \u00e1ttekint\u00e9s].<\/td> <td style=\"height: 24px;width: 61.7216%\">Hanna Rutqvist<\/td> <\/tr> <tr> <td style=\"width: 28.8577%\">Nikoletta Het\u00e9nyi<\/td> <td style=\"width: 51.3026%\">A vese- \u00e9s m\u00e1jm\u0171k\u00f6d\u00e9st t\u00e1mogat\u00f3 kutya \u00e9s macska t\u00e1pl\u00e1l\u00e9kkieg\u00e9sz\u00edt\u0151k \u00e9rt\u00e9kel\u00e9se [Evaluation of kidney and liver dietary supplements for dogs and cats].<\/td> <td style=\"width: 61.7216%\">B\u00e9ky Nagy Csongor<\/td> <\/tr> <tr> <td style=\"width: 28.8577%\">Nikoletta Het\u00e9nyi<\/td> <td style=\"width: 51.3026%\">Az \u00edz\u00fcletek m\u0171k\u00f6d\u00e9s\u00e9t t\u00e1mogat\u00f3 kereskedelmi forgalomban kaphat\u00f3 term\u00e9kek \u00e9rt\u00e9kel\u00e9se [Evaluation of commercial joint supplements].<\/td> <td style=\"width: 61.7216%\">Kom\u00e1r Cintia<\/td> <\/tr> <tr> <td style=\"width: 28.8577%\">Nikoletta Het\u00e9nyi<\/td> <td style=\"width: 51.3026%\">Common feeding errors and health consequences in pet rabbits. (literature review) [A kedvtel\u00e9sb\u0151l tartott nyulak gyakori t\u00e1pl\u00e1l\u00e1si hib\u00e1i \u00e9s ezek k\u00f6vetkezm\u00e9nyei; irodalmi \u00e1ttekint\u00e9s]<\/td> <td style=\"width: 61.7216%\">Aurora Leihne<\/td> <\/tr> <\/tbody> <\/table> <p>&nbsp;<\/p>","protected":false},"excerpt":{"rendered":"<p>Supervisor Titel Student \u00a0Let\u00edcia Moravszki Az \u00e1llatorvosok dietetikai tudatoss\u00e1g\u00e1nak felm\u00e9r\u00e9se Somos R\u00e9ka Nikoletta Het\u00e9nyi Kereskedelmi forgalomban kaphat\u00f3 kis\u00e1llat sz\u00e9n\u00e1k \u00e9rt\u00e9kel\u00e9se [Evaluation of commercially available hays for pet animals]. Balogh Hanga Nikoletta Het\u00e9nyi Adatgy\u0171jt\u00e9s a szak\u00e1llas ag\u00e1m\u00e1k tart\u00e1s\u00e1r\u00f3l \u00e9s takarm\u00e1nyoz\u00e1s\u00e1r\u00f3l [Data collection on the keeping and feeding of bearded agamas]. Szil\u00e1gyi Fruzsina Nikoletta Het\u00e9nyi Rovartartalm\u00fa kutyat\u00e1pok<\/p>\n","protected":false},"author":3837,"featured_media":0,"parent":3385,"menu_order":5,"comment_status":"open","ping_status":"closed","template":"","meta":{"_acf_changed":false,"footnotes":""},"categories":[],"tags":[],"class_list":["post-92106","page","type-page","status-publish","hentry"],"acf":[],"_links":{"self":[{"href":"https:\/\/univet.hu\/en\/wp-json\/wp\/v2\/pages\/92106","targetHints":{"allow":["GET"]}}],"collection":[{"href":"https:\/\/univet.hu\/en\/wp-json\/wp\/v2\/pages"}],"about":[{"href":"https:\/\/univet.hu\/en\/wp-json\/wp\/v2\/types\/page"}],"author":[{"embeddable":true,"href":"https:\/\/univet.hu\/en\/wp-json\/wp\/v2\/users\/3837"}],"replies":[{"embeddable":true,"href":"https:\/\/univet.hu\/en\/wp-json\/wp\/v2\/comments?post=92106"}],"version-history":[{"count":2,"href":"https:\/\/univet.hu\/en\/wp-json\/wp\/v2\/pages\/92106\/revisions"}],"predecessor-version":[{"id":197840,"href":"https:\/\/univet.hu\/en\/wp-json\/wp\/v2\/pages\/92106\/revisions\/197840"}],"up":[{"embeddable":true,"href":"https:\/\/univet.hu\/en\/wp-json\/wp\/v2\/pages\/3385"}],"wp:attachment":[{"href":"https:\/\/univet.hu\/en\/wp-json\/wp\/v2\/media?parent=92106"}],"wp:term":[{"taxonomy":"category","embeddable":true,"href":"https:\/\/univet.hu\/en\/wp-json\/wp\/v2\/categories?post=92106"},{"taxonomy":"post_tag","embeddable":true,"href":"https:\/\/univet.hu\/en\/wp-json\/wp\/v2\/tags?post=92106"}],"curies":[{"name":"wp","href":"https:\/\/api.w.org\/{rel}","templated":true}]}}