{"id":92138,"date":"2023-09-05T12:12:39","date_gmt":"2023-09-05T10:12:39","guid":{"rendered":"https:\/\/univet.hu\/?page_id=92138"},"modified":"2023-09-05T12:27:34","modified_gmt":"2023-09-05T10:27:34","slug":"publications","status":"publish","type":"page","link":"https:\/\/univet.hu\/en\/about\/units\/department-animal-breeding-nutrition-and-laboratory-animal-science\/department-of-animal-breeding-and-genetics\/publications\/","title":{"rendered":"Publications"},"content":{"rendered":"<table style=\"height: 264px; width: 674px;\"> <tbody> <tr style=\"height: 24px;\"> <td style=\"height: 24px; width: 287.163px;\"><strong>Authors<\/strong><\/td> <td style=\"height: 24px; width: 373.237px;\"><strong>MTMT Links<\/strong><\/td> <\/tr> <tr style=\"height: 24px;\"> <td style=\"height: 24px; width: 287.163px;\">Dr. Z\u00f6ld\u00e1g L\u00e1szl\u00f3<\/td> <td style=\"height: 24px; width: 373.237px;\"><a href=\"https:\/\/m2.mtmt.hu\/gui2\/?type=authors&amp;mode=browse&amp;sel=authors10009848\">MTMT<\/a><\/td> <\/tr> <tr style=\"height: 24px;\"> <td style=\"height: 24px; width: 287.163px;\">Dr. G\u00e1sp\u00e1rdy Andr\u00e1s<\/td> <td style=\"height: 24px; width: 373.237px;\"><a href=\"https:\/\/m2.mtmt.hu\/gui2\/?type=authors&amp;mode=browse&amp;sel=authors10000613\">MTMT<\/a><\/td> <\/tr> <tr style=\"height: 48px;\"> <td style=\"height: 48px; width: 287.163px;\">Dr. Mar\u00f3ti-Ag\u00f3ts \u00c1kos<\/td> <td style=\"height: 48px; width: 373.237px;\"><a href=\"https:\/\/m2.mtmt.hu\/gui2\/?type=authors&amp;mode=browse&amp;sel=authors10023162\">MTMT<\/a><\/td> <\/tr> <tr style=\"height: 48px;\"> <td style=\"height: 48px; width: 287.163px;\">Dr. Zenke Petra<\/td> <td style=\"height: 48px; width: 373.237px;\"><a href=\"https:\/\/m2.mtmt.hu\/gui2\/?type=authors&amp;mode=browse&amp;sel=authors10023166\">MTMT<\/a><\/td> <\/tr> <tr style=\"height: 48px;\"> <td style=\"height: 48px; width: 287.163px;\">K\u00e1rp\u00e1ti Edina<\/td> <td style=\"height: 48px; width: 373.237px;\"><a href=\"https:\/\/m2.mtmt.hu\/gui2\/?type=authors&amp;mode=browse&amp;sel=10082808\">MTMT<\/a><\/td> <\/tr> <tr style=\"height: 48px;\"> <td style=\"height: 48px; width: 287.163px;\">Zork\u00f3czy Orsolya<\/td> <td style=\"height: 48px; width: 373.237px;\"><a href=\"https:\/\/m2.mtmt.hu\/gui2\/?type=authors&amp;mode=browse&amp;sel=authors10087499\">MTMT<\/a><\/td> <\/tr> <\/tbody> <\/table> <p>&nbsp;<\/p>","protected":false},"excerpt":{"rendered":"<p>Authors MTMT Links Dr. Z\u00f6ld\u00e1g L\u00e1szl\u00f3 MTMT Dr. G\u00e1sp\u00e1rdy Andr\u00e1s MTMT Dr. Mar\u00f3ti-Ag\u00f3ts \u00c1kos MTMT Dr. Zenke Petra MTMT K\u00e1rp\u00e1ti Edina MTMT Zork\u00f3czy Orsolya MTMT &nbsp;<\/p>\n","protected":false},"author":3837,"featured_media":0,"parent":3296,"menu_order":0,"comment_status":"open","ping_status":"open","template":"","meta":{"_acf_changed":false,"footnotes":""},"categories":[],"tags":[],"class_list":["post-92138","page","type-page","status-publish","hentry"],"acf":[],"_links":{"self":[{"href":"https:\/\/univet.hu\/en\/wp-json\/wp\/v2\/pages\/92138","targetHints":{"allow":["GET"]}}],"collection":[{"href":"https:\/\/univet.hu\/en\/wp-json\/wp\/v2\/pages"}],"about":[{"href":"https:\/\/univet.hu\/en\/wp-json\/wp\/v2\/types\/page"}],"author":[{"embeddable":true,"href":"https:\/\/univet.hu\/en\/wp-json\/wp\/v2\/users\/3837"}],"replies":[{"embeddable":true,"href":"https:\/\/univet.hu\/en\/wp-json\/wp\/v2\/comments?post=92138"}],"version-history":[{"count":0,"href":"https:\/\/univet.hu\/en\/wp-json\/wp\/v2\/pages\/92138\/revisions"}],"up":[{"embeddable":true,"href":"https:\/\/univet.hu\/en\/wp-json\/wp\/v2\/pages\/3296"}],"wp:attachment":[{"href":"https:\/\/univet.hu\/en\/wp-json\/wp\/v2\/media?parent=92138"}],"wp:term":[{"taxonomy":"category","embeddable":true,"href":"https:\/\/univet.hu\/en\/wp-json\/wp\/v2\/categories?post=92138"},{"taxonomy":"post_tag","embeddable":true,"href":"https:\/\/univet.hu\/en\/wp-json\/wp\/v2\/tags?post=92138"}],"curies":[{"name":"wp","href":"https:\/\/api.w.org\/{rel}","templated":true}]}}