{"id":923,"date":"2017-06-27T13:49:00","date_gmt":"2017-06-27T11:49:00","guid":{"rendered":"http:\/\/univet.hu\/about-us\/research\/research-teams\/small-animal-surgery-research-group\/"},"modified":"2023-06-16T15:27:42","modified_gmt":"2023-06-16T13:27:42","slug":"small-animal-surgery-research-group","status":"publish","type":"page","link":"https:\/\/univet.hu\/en\/research\/research-teams\/small-animal-surgery-research-group\/","title":{"rendered":"Small Animal Surgery Research Group"},"content":{"rendered":"<p><strong>RESEARCH GROUP LEADER:<\/strong>\u00a0Dr. Tibor N\u00c9METH DVM, PhD, Diplomate ECVS, professor<\/p> <p><strong>CONTACT:<\/strong> <a class=\"decrypt\" rel=\"ofnfui\/ujcpsAvojwfu\/iv\" href=\"javascript:void(0);\">[Click to see email]<\/a><\/p> <p>&nbsp;<\/p> <p><strong>MEMBERS:<\/strong><\/p> <p>1)\u00a0Dr. Attila ARANY-T\u00d3TH<\/p> <p>2) Dr. Gy\u00f6rgy CS\u0150SZ<\/p> <p>3) Dr. Mikl\u00f3s P\u00e1l DUNAY<\/p> <p>4) Dr. Panna GY\u0150RI<\/p> <p>5) Dr. Tam\u00e1s IPOLYI<\/p> <p>6) Dr. Zsuzsa KOV\u00c1CS<\/p> <p>7) Dr. P\u00e9ter MOLN\u00c1R<\/p> <p>8) Dr. Anna N\u00d3GR\u00c1DI<\/p> <p>9) Dr. Bence SEBESZTHA<\/p> <p>10) Dr. Csilla SIMON<\/p> <p>11) Dr. Dorottya Z\u00d3LYOMI<\/p> <p>&nbsp;<\/p> <p><strong>RESEARCH TOPIC:<\/strong><\/p> <p>Conducting prospective and retrospective clinical research in the field of small animal and exotic pet surgery. Studies have been done in the following areas over the last 5 years: biomechanical and clinical evaluation of cTTA for the surgical treatment of cranial crutiate ligament injury (D. Z\u00f3lyomi&#8217;s PhD project); Experimental comparison different vessel sealing systems (MP Dunay&#8217;s PhD project); Clinical assessment of different ophthalmological and surgical diagnostic and therapeiutics methods in Guinea Pigs (A. N\u00f3gr\u00e1di&#8217;s projects).<\/p> <p>&nbsp;<\/p> <p><strong>TOP PUBLICATIONS:<\/strong><\/p> <p>1) DOROTTYA, Z\u00d3LYOMI ; TAM\u00c1S, IPOLYI ; P\u00c9TER, MOLN\u00c1R; M\u00c1RTON, PAPP ; FERENC, SZALAY ; TIBOR, N\u00c9METH Comparison of the short-term complications of TTA-rapid and modified cTTA procedures ACTA VETERINARIA HUNGARICA (2022)<\/p> <p>2) N\u00f3gr\u00e1di, Anna Linda ; Csat\u00e1ri, D\u00f3ra ; Cope, Iain ; Kert\u00e9sz, P\u00e9ter ; Hetyey, Csaba ; N\u00e9meth, Tibor Use of skin flaps for reconstructive surgery in guinea pigs (Cavia porcellus)<br \/> VETERINARY RECORD (2022)<\/p> <p>3) Nogradi, Anna Linda ; Szentg\u00e1li, Zsolt ; Battay, M\u00e1rton ; Cope, Iain ; G\u00e1l, J\u00e1nos ; N\u00e9meth, Tibor<br \/> Measurement of tear production and establishment of reference values in guinea pigs ( Cavia porcellus ) using a modified Schirmer tear test VETERINARY RECORD 186 : 10 p. 321 (2020)<\/p> <p>4) Dunay, Miklos Pal ; Lipcsey, Zsuzsanna ; Arany-Toth, Attila ; Nemeth, Tibor ; Solymosi, Norbert ; Venczel, Laszlo ; Nagy, Eniko ; Pap-Szekeres, Jozsef Experimental assessment of three electrosurgical tissue-sealing devices in a porcine model ACTA VETERINARIA HUNGARICA 68 : 3 pp. 318-322. , 5 p. (2020)<\/p> <p>5) N\u00f3gr\u00e1di, Anna Linda ; Kojer, Judit ; Csat\u00e1ri, D\u00f3ra ; Cope, Iain ; N\u00e9meth, Tibor Facial reconstructive surgery after tumour removal in a guinea pig ( Cavia porcellus ) COMPANION ANIMAL 26 : 1 pp. 1-4. , 4 p. (2021)<\/p> <p>&nbsp;<\/p>","protected":false},"excerpt":{"rendered":"<p>RESEARCH GROUP LEADER:\u00a0Dr. Tibor N\u00c9METH DVM, PhD, Diplomate ECVS, professor CONTACT: [Click to see email] &nbsp; MEMBERS: 1)\u00a0Dr. Attila ARANY-T\u00d3TH 2) Dr. Gy\u00f6rgy CS\u0150SZ 3) Dr. Mikl\u00f3s P\u00e1l DUNAY 4) Dr. Panna GY\u0150RI 5) Dr. Tam\u00e1s IPOLYI 6) Dr. Zsuzsa KOV\u00c1CS 7) Dr. P\u00e9ter MOLN\u00c1R 8) Dr. Anna N\u00d3GR\u00c1DI 9) Dr. Bence SEBESZTHA 10) Dr.<\/p>\n","protected":false},"author":1,"featured_media":0,"parent":869,"menu_order":228,"comment_status":"closed","ping_status":"closed","template":"","meta":{"_acf_changed":false,"footnotes":""},"categories":[],"tags":[],"class_list":["post-923","page","type-page","status-publish","hentry"],"acf":[],"_links":{"self":[{"href":"https:\/\/univet.hu\/en\/wp-json\/wp\/v2\/pages\/923","targetHints":{"allow":["GET"]}}],"collection":[{"href":"https:\/\/univet.hu\/en\/wp-json\/wp\/v2\/pages"}],"about":[{"href":"https:\/\/univet.hu\/en\/wp-json\/wp\/v2\/types\/page"}],"author":[{"embeddable":true,"href":"https:\/\/univet.hu\/en\/wp-json\/wp\/v2\/users\/1"}],"replies":[{"embeddable":true,"href":"https:\/\/univet.hu\/en\/wp-json\/wp\/v2\/comments?post=923"}],"version-history":[{"count":0,"href":"https:\/\/univet.hu\/en\/wp-json\/wp\/v2\/pages\/923\/revisions"}],"up":[{"embeddable":true,"href":"https:\/\/univet.hu\/en\/wp-json\/wp\/v2\/pages\/869"}],"wp:attachment":[{"href":"https:\/\/univet.hu\/en\/wp-json\/wp\/v2\/media?parent=923"}],"wp:term":[{"taxonomy":"category","embeddable":true,"href":"https:\/\/univet.hu\/en\/wp-json\/wp\/v2\/categories?post=923"},{"taxonomy":"post_tag","embeddable":true,"href":"https:\/\/univet.hu\/en\/wp-json\/wp\/v2\/tags?post=923"}],"curies":[{"name":"wp","href":"https:\/\/api.w.org\/{rel}","templated":true}]}}