{"id":92403,"date":"2023-09-08T07:38:04","date_gmt":"2023-09-08T05:38:04","guid":{"rendered":"https:\/\/univet.hu\/?page_id=92403"},"modified":"2023-09-14T14:32:30","modified_gmt":"2023-09-14T12:32:30","slug":"development-of-a-functional-healthy-and-safe-food-product-pathway-model-based-on-the-principle-from-the-field-to-the-table-in-a-thematic-research-network","status":"publish","type":"page","link":"https:\/\/univet.hu\/en\/about\/project-proposals\/european-union-projecta\/development-of-a-functional-healthy-and-safe-food-product-pathway-model-based-on-the-principle-from-the-field-to-the-table-in-a-thematic-research-network\/","title":{"rendered":"Development of a functional, healthy and safe food product pathway model based on the principle from the field to the table, in a thematic research network"},"content":{"rendered":"<p><strong>Application details:<\/strong><\/p> <p><strong>Project code<\/strong>: EFOP-3.6.2-16-2017-00012<\/p> <p><strong>Project title:<\/strong> &#8220;Development of a functional, healthy and safe food product pathway model based on the principle from the field to the table, in a thematic research network&#8221;<\/p> <p><strong>Consortium leader:<\/strong><br \/> University of Veterinary Science<\/p> <p><strong>Consortium members:<\/strong><br \/> J\u00e1nos Neumann University<br \/> Istv\u00e1n Sz\u00e9chenyi University<\/p> <p><strong>Implementation period:<\/strong><br \/> 01.07.2017 \u2013 31.12.2020<\/p> <p><strong>Support intensity:<\/strong><br \/> 100%<\/p> <p><strong>Funding amount:<\/strong><br \/> HUF 1,349,790,450<\/p> <p>&nbsp;<\/p> <p><strong>Press release<\/strong><br \/> The University of Veterinary Medicine, Neumann J\u00e1nos University and Istv\u00e1n Sz\u00e9chenyi University have launched a joint, internationally important complex research program, the aim of which is to reduce risks in the food chain in several areas important for the domestic food economy, as well as basic and applied research activities through which the production of food with higher nutritional value and meeting modern consumer needs can be realized.<br \/> The three institutions coordinate their basic research activities in this field during the EFOP-3.6.2 project. Another important goal is to increase the international embedding of domestic research, increase participation in Horizon 2020 projects and European research networks, further strengthen cooperation with leading foreign research centers, and keep talented young researchers on track.<\/p> <p>Call for scholarship applications:<\/p> <p>Active research participation in the thematic research network under the identification number EFOP-3.6.2-16-2017-00012 &#8220;Development of a functional, healthy and safe food product pathway model based on the principle from the field to the table&#8221;<\/p>","protected":false},"excerpt":{"rendered":"<p>Application details: Project code: EFOP-3.6.2-16-2017-00012 Project title: &#8220;Development of a functional, healthy and safe food product pathway model based on the principle from the field to the table, in a thematic research network&#8221; Consortium leader: University of Veterinary Science Consortium members: J\u00e1nos Neumann University Istv\u00e1n Sz\u00e9chenyi University Implementation period: 01.07.2017 \u2013 31.12.2020 Support intensity: 100%<\/p>\n","protected":false},"author":4688,"featured_media":0,"parent":87814,"menu_order":282,"comment_status":"closed","ping_status":"closed","template":"page-templates\/page-project.php","meta":{"_acf_changed":false,"footnotes":""},"categories":[],"tags":[],"class_list":["post-92403","page","type-page","status-publish","hentry"],"acf":[],"_links":{"self":[{"href":"https:\/\/univet.hu\/en\/wp-json\/wp\/v2\/pages\/92403","targetHints":{"allow":["GET"]}}],"collection":[{"href":"https:\/\/univet.hu\/en\/wp-json\/wp\/v2\/pages"}],"about":[{"href":"https:\/\/univet.hu\/en\/wp-json\/wp\/v2\/types\/page"}],"author":[{"embeddable":true,"href":"https:\/\/univet.hu\/en\/wp-json\/wp\/v2\/users\/4688"}],"replies":[{"embeddable":true,"href":"https:\/\/univet.hu\/en\/wp-json\/wp\/v2\/comments?post=92403"}],"version-history":[{"count":0,"href":"https:\/\/univet.hu\/en\/wp-json\/wp\/v2\/pages\/92403\/revisions"}],"up":[{"embeddable":true,"href":"https:\/\/univet.hu\/en\/wp-json\/wp\/v2\/pages\/87814"}],"wp:attachment":[{"href":"https:\/\/univet.hu\/en\/wp-json\/wp\/v2\/media?parent=92403"}],"wp:term":[{"taxonomy":"category","embeddable":true,"href":"https:\/\/univet.hu\/en\/wp-json\/wp\/v2\/categories?post=92403"},{"taxonomy":"post_tag","embeddable":true,"href":"https:\/\/univet.hu\/en\/wp-json\/wp\/v2\/tags?post=92403"}],"curies":[{"name":"wp","href":"https:\/\/api.w.org\/{rel}","templated":true}]}}