{"id":929,"date":"2017-06-27T14:11:00","date_gmt":"2017-06-27T12:11:00","guid":{"rendered":"http:\/\/univet.hu\/about-us\/research\/research-teams\/equine-research-group\/"},"modified":"2023-06-19T10:45:47","modified_gmt":"2023-06-19T08:45:47","slug":"equine-research-group","status":"publish","type":"page","link":"https:\/\/univet.hu\/en\/research\/research-teams\/equine-research-group\/","title":{"rendered":"Equine Medicine Research Group"},"content":{"rendered":"<p><strong>RESEARCH GROUP LEADER:<\/strong> Dr. G\u00e1bor BOD\u00d3 DSc, PhD, Dipl. ECVS<\/p> <p><strong>CONTACT:<\/strong> <a class=\"decrypt\" rel=\"cpep\/hbcpsAvojwfu\/iv\" href=\"javascript:void(0);\">[Click to see email]<\/a><\/p> <p>&nbsp;<\/p> <p><strong>MEMBERS:<\/strong><\/p> <p>1) Dr. Zolt\u00e1n BAKOS<\/p> <p>2) Dr. Annam\u00e1ria NAGY<\/p> <p>3) Dr. Zita MAKRA<\/p> <p>4) Dr. P\u00e1l TUSKA<\/p> <p>5) Dr. P\u00e9ter T\u00d3TH<\/p> <p>6) Szilvia KOV\u00c1CS<\/p> <p>7) Dr. Zs\u00f3fia P\u00c1L<\/p> <p>8) Dr. Simon IZING<\/p> <p>9) M\u00e1rk PALOT\u00c1S<\/p> <p>10) Kopp\u00e1ny BOROS<\/p> <p>11) Dr. Emese B\u00d3DAI<\/p> <p>&nbsp;<\/p> <p><strong>RESEARCH TOPIC:<\/strong><\/p> <p>Equine Orthopedics, Equine Surgery, Equine Internal Medicine and Cardiology and Equine Ophtalmology. Equine Orthopedics: thoroughbred racehorses and show jumping horses were involved in a research, which focused on the comperative CT, MRI and radiological examination of the fetlock joint of those performance and competing horses. This research is ongoing until 2025. As Equine Surgrey is concerned our research group published results of our upper airway research in Vet. Surg. Mosaicplasty was another ongoing research topic, dealing with allograft transplantation and our long term results on the field of joint resurfacement. On the field of Equine Cardiology our research group had several publications and lectures on international congresses. This project has further ongoing research in the next years too. On the field of Equine Ophtalmology we publised peculiar cases and a double blind study on cornea anaesthesiology.<\/p> <p>&nbsp;<\/p> <p><strong>TOP PUBLICATIONS:<\/strong><\/p> <p>1) Pisano Simone, Stoffel Michael, Bod\u00f3 G\u00e1bor (2021): Ex vivo study of vagal branches at risk for iatrogenic injury during laryngoplasty in horses. VETERINARY SURGERY (0161-3499 1532-950X): 50 2 pp 425-434 (2021)<\/p> <p>2) Makra Z, E\u00f6rd\u00f6gh R, F\u00e1bi\u00e1n I, Veres-Ny\u00e9ki K. (2021): Evaluation of corneal anaesthesia after the application of topical 0.5% bupivacaine, 2% lidocaine and 0.4% oxybuprocaine in normal horses. Veterinary Aneasthesia and Analgesia, 48 (6): 972-976.<\/p> <p>3) Nagy, A. (2020): Clinical Insights: Lameness diagnosis in sports horses. EQUINE VETERINARY JOURNAL 52, 775-778.&#8221;<\/p> <p>4) Veres\u2010Ny\u00e9ki Kata O, Ny\u00e9ki J\u00f3zsef, Bod\u00f3 G\u00e1bor, Spadavecchia Claudia (2020): Quantitative sensory testing of the equine face. EQUINE VETERINARY JOURNAL (0425-1644 ): 53 1 pp 177-185<\/p> <p>5) Toth, B.; Auth, A.; Rompos, L.; Bakos, Z. (2018): Effect of feed deprivation on selected parameters of lipid mobilisation and hepatic function in healthy Akhal Teke horses. EQUINE VETERINARY JOURNAL 50 : 1 pp. 98-103. , 6 p.<\/p> <p>&nbsp;<\/p> <p><strong>GRANT PROJECTS<\/strong><strong>:<\/strong><\/p> <p>1) Comparative magnetic resonance imaging, computer tomographic and radiographic examinations of the metacarpophalangeal joint of horses in full race and competition training: a longitudinal study<\/p> <p>2) Thematic Excellence Programme: New diagnostic methods in equine medicine<\/p> <p>3) Development of a tool kit for mosaic plastic surgery<\/p> <p>4) Development of a catheter for cryoballoon ablation<\/p> <p>&nbsp;<\/p>","protected":false},"excerpt":{"rendered":"<p>RESEARCH GROUP LEADER: Dr. G\u00e1bor BOD\u00d3 DSc, PhD, Dipl. ECVS CONTACT: [Click to see email] &nbsp; MEMBERS: 1) Dr. Zolt\u00e1n BAKOS 2) Dr. Annam\u00e1ria NAGY 3) Dr. Zita MAKRA 4) Dr. P\u00e1l TUSKA 5) Dr. P\u00e9ter T\u00d3TH 6) Szilvia KOV\u00c1CS 7) Dr. Zs\u00f3fia P\u00c1L 8) Dr. Simon IZING 9) M\u00e1rk PALOT\u00c1S 10) Kopp\u00e1ny BOROS 11)<\/p>\n","protected":false},"author":1,"featured_media":0,"parent":869,"menu_order":228,"comment_status":"closed","ping_status":"closed","template":"","meta":{"_acf_changed":false,"footnotes":""},"categories":[],"tags":[],"class_list":["post-929","page","type-page","status-publish","hentry"],"acf":[],"_links":{"self":[{"href":"https:\/\/univet.hu\/en\/wp-json\/wp\/v2\/pages\/929","targetHints":{"allow":["GET"]}}],"collection":[{"href":"https:\/\/univet.hu\/en\/wp-json\/wp\/v2\/pages"}],"about":[{"href":"https:\/\/univet.hu\/en\/wp-json\/wp\/v2\/types\/page"}],"author":[{"embeddable":true,"href":"https:\/\/univet.hu\/en\/wp-json\/wp\/v2\/users\/1"}],"replies":[{"embeddable":true,"href":"https:\/\/univet.hu\/en\/wp-json\/wp\/v2\/comments?post=929"}],"version-history":[{"count":0,"href":"https:\/\/univet.hu\/en\/wp-json\/wp\/v2\/pages\/929\/revisions"}],"up":[{"embeddable":true,"href":"https:\/\/univet.hu\/en\/wp-json\/wp\/v2\/pages\/869"}],"wp:attachment":[{"href":"https:\/\/univet.hu\/en\/wp-json\/wp\/v2\/media?parent=929"}],"wp:term":[{"taxonomy":"category","embeddable":true,"href":"https:\/\/univet.hu\/en\/wp-json\/wp\/v2\/categories?post=929"},{"taxonomy":"post_tag","embeddable":true,"href":"https:\/\/univet.hu\/en\/wp-json\/wp\/v2\/tags?post=929"}],"curies":[{"name":"wp","href":"https:\/\/api.w.org\/{rel}","templated":true}]}}