{"id":93291,"date":"2023-09-13T12:36:27","date_gmt":"2023-09-13T10:36:27","guid":{"rendered":"https:\/\/univet.hu\/?page_id=93291"},"modified":"2026-02-10T04:33:16","modified_gmt":"2026-02-10T03:33:16","slug":"publikaciok-tarsasagi-tagsagok","status":"publish","type":"page","link":"https:\/\/univet.hu\/en\/about\/staff\/marialigeti-marton\/publikaciok-tarsasagi-tagsagok\/","title":{"rendered":"Publications and group memberships"},"content":{"rendered":"<h2>Publications<\/h2> <ul> <li>Hard Ticks Infesting Dogs in Hungary and their Infection with Babesia and Borrelia Species<\/li> <\/ul> <p style=\"padding-left: 60px;\">F\u00f6ldv\u00e1ri G., M\u00e1rialigeti M., Solymosi N., Luk\u00e1cs Z., Majoros G., K\u00f3sa J. P., Farkas R., Parasitology Research, 2007<\/p> <ul> <li>Neh\u00e9z helyzetben &#8211; (science)communication for veterinarians<\/li> <\/ul> <p style=\"padding-left: 60px;\">Liptovszky M, M\u00e1rialigeti M, Kamarai \u00c1llatorvos 2014<\/p> <h2>Group memberships<\/h2> <ul> <li><a href=\"http:\/\/mbae.hu\">Hungarian Veterinary Dermatology Association<\/a> &#8211; supporting member<\/li> <li><a href=\"http:\/\/esvcp.org\">European Society of Veterinary Clinical Pathology<\/a><\/li> <li><a href=\"https:\/\/balinttarsasag.hu\/\">Magyarorsz\u00e1gi B\u00e1lint Mih\u00e1ly Pszichoszomatikus T\u00e1rsas\u00e1g<\/a><\/li> <\/ul> <p>&nbsp;<\/p>","protected":false},"excerpt":{"rendered":"<p>Publications Hard Ticks Infesting Dogs in Hungary and their Infection with Babesia and Borrelia Species F\u00f6ldv\u00e1ri G., M\u00e1rialigeti M., Solymosi N., Luk\u00e1cs Z., Majoros G., K\u00f3sa J. P., Farkas R., Parasitology Research, 2007 Neh\u00e9z helyzetben &#8211; (science)communication for veterinarians Liptovszky M, M\u00e1rialigeti M, Kamarai \u00c1llatorvos 2014 Group memberships Hungarian Veterinary Dermatology Association &#8211; supporting member<\/p>\n","protected":false},"author":5824,"featured_media":0,"parent":54843,"menu_order":0,"comment_status":"open","ping_status":"open","template":"","meta":{"_acf_changed":false,"footnotes":""},"categories":[],"tags":[],"class_list":["post-93291","page","type-page","status-publish","hentry"],"acf":[],"_links":{"self":[{"href":"https:\/\/univet.hu\/en\/wp-json\/wp\/v2\/pages\/93291","targetHints":{"allow":["GET"]}}],"collection":[{"href":"https:\/\/univet.hu\/en\/wp-json\/wp\/v2\/pages"}],"about":[{"href":"https:\/\/univet.hu\/en\/wp-json\/wp\/v2\/types\/page"}],"author":[{"embeddable":true,"href":"https:\/\/univet.hu\/en\/wp-json\/wp\/v2\/users\/5824"}],"replies":[{"embeddable":true,"href":"https:\/\/univet.hu\/en\/wp-json\/wp\/v2\/comments?post=93291"}],"version-history":[{"count":1,"href":"https:\/\/univet.hu\/en\/wp-json\/wp\/v2\/pages\/93291\/revisions"}],"predecessor-version":[{"id":200307,"href":"https:\/\/univet.hu\/en\/wp-json\/wp\/v2\/pages\/93291\/revisions\/200307"}],"up":[{"embeddable":true,"href":"https:\/\/univet.hu\/en\/wp-json\/wp\/v2\/pages\/54843"}],"wp:attachment":[{"href":"https:\/\/univet.hu\/en\/wp-json\/wp\/v2\/media?parent=93291"}],"wp:term":[{"taxonomy":"category","embeddable":true,"href":"https:\/\/univet.hu\/en\/wp-json\/wp\/v2\/categories?post=93291"},{"taxonomy":"post_tag","embeddable":true,"href":"https:\/\/univet.hu\/en\/wp-json\/wp\/v2\/tags?post=93291"}],"curies":[{"name":"wp","href":"https:\/\/api.w.org\/{rel}","templated":true}]}}