{"id":93394,"date":"2023-09-14T08:30:31","date_gmt":"2023-09-14T06:30:31","guid":{"rendered":"https:\/\/univet.hu\/?page_id=93394"},"modified":"2026-02-10T04:27:48","modified_gmt":"2026-02-10T03:27:48","slug":"berekmeri-eszter","status":"publish","type":"page","link":"https:\/\/univet.hu\/en\/about\/staff\/berekmeri-eszter\/","title":{"rendered":"Berekm\u00e9ri Eszter"},"content":{"rendered":"<p><span data-contrast=\"auto\"><strong>Introduction:<\/strong><\/span><\/p> <p><span data-contrast=\"auto\">I am Dr. Eszter Berekm\u00e9ri, a research associate at the Department of Zoology. At the department, I teach and organize the subjects of Comparative Animal Organization and Human Biology for students studying the BSc in Biology, as well as I teach Programming (subject B). For Master&#8217;s degree participants, I hold a Regulation biology course and participate in the teaching of the 2nd subject of Microscopic photography. I am mainly interested in nervous system-sensory functions, and I deal with their modeling. In addition to my higher education duties, I also participate in the Hungarian and English university preparatory programs of \u00c1TE.<br \/> <\/span><\/p> <p><span data-ccp-props=\"{&quot;201341983&quot;:0,&quot;335559739&quot;:160,&quot;335559740&quot;:259}\">\u00a0<\/span><\/p> <p><b><\/b><span data-ccp-props=\"{&quot;201341983&quot;:0,&quot;335559739&quot;:160,&quot;335559740&quot;:259}\"><strong>Main research areas:<\/strong><\/span><\/p> <p>Detection of Ca2+ signals induced by the purinergic signaling system in the supporting cells of the mouse inner ear<\/p> <p>Discovery of evolutionary &#8211; ecological nervous system adaptations<\/p> <p>&nbsp;<\/p> <p>Topic management:<\/p> <p>Veterinary student: 6 graduated, 1 in progress<\/p> <p>&nbsp;<\/p> <p><strong>Optional thesis topics:<\/strong><\/p> <p>Modeling of Ca2+ signaling in inner ear supporting cells, revealing postnatal developmental changes.<\/p> <p>Examination of the arrangement and tonotopy of Deiters cells in the inner ear.<\/p> <p>Propagation of intracellular Ca2+ signals.<\/p> <p><span data-ccp-props=\"{&quot;201341983&quot;:0,&quot;335559739&quot;:160,&quot;335559740&quot;:259}\">\u00a0<\/span><\/p> <p><b><\/b><span data-ccp-props=\"{&quot;201341983&quot;:0,&quot;335559739&quot;:160,&quot;335559740&quot;:259}\"><strong>Progress<\/strong>:<\/span><\/p> <p><span data-contrast=\"auto\"><strong>2020 \u2013<\/strong> University of Veterinary Medicine, Department of Zoology, scientific associate<\/span><\/p> <p><span data-contrast=\"auto\">2018 \u2013 2020<\/span> University of Veterinary Medicine, Department of Ecology, scientific assistant<\/p> <p><span data-contrast=\"auto\">2015 \u2013 2018 Semmelweis University, Institute of Pharmacology and Pharmacotherapy<\/span><\/p> <p><span data-ccp-props=\"{&quot;201341983&quot;:0,&quot;335559739&quot;:160,&quot;335559740&quot;:259}\">\u00a0<\/span><\/p> <p><strong>Professional association membership(s):<\/strong><\/p> <p><span data-contrast=\"auto\">2015-2018 &#8211; Hungarian Pharmacological Society (Magyar Farmakol\u00f3giai T\u00e1rsas\u00e1g)<\/span><span data-ccp-props=\"{&quot;201341983&quot;:0,&quot;335559739&quot;:160,&quot;335559740&quot;:259}\">\u00a0<\/span><\/p> <p><span data-contrast=\"auto\">2017- Hungarian Society of Neuroscience (Magyar Idegtudom\u00e1nyi T\u00e1rsas\u00e1g)<\/span><span data-ccp-props=\"{&quot;201341983&quot;:0,&quot;335559739&quot;:160,&quot;335559740&quot;:259}\">\u00a0<\/span><\/p> <p><span data-ccp-props=\"{&quot;201341983&quot;:0,&quot;335559739&quot;:160,&quot;335559740&quot;:259}\">\u00a0<\/span><\/p> <p><strong>Publication list<\/strong>:<\/p> <p><a href=\"https:\/\/m2.mtmt.hu\/gui2\/?type=authors&amp;mode=browse&amp;sel=10052116\">MTMT2<\/a> <a href=\"https:\/\/scholar.google.hu\/citations?hl=hu&amp;user=AAJg-PUAAAAJ\">| Google Scholar<\/a> | <a href=\"https:\/\/orcid.org\/0000-0002-9752-7882\">ORCID<\/a><\/p>","protected":false},"excerpt":{"rendered":"<p>Introduction: I am Dr. Eszter Berekm\u00e9ri, a research associate at the Department of Zoology. At the department, I teach and organize the subjects of Comparative Animal Organization and Human Biology for students studying the BSc in Biology, as well as I teach Programming (subject B). For Master&#8217;s degree participants, I hold a Regulation biology course<\/p>\n","protected":false},"author":5824,"featured_media":0,"parent":857,"menu_order":37,"comment_status":"closed","ping_status":"closed","template":"","meta":{"_acf_changed":false,"footnotes":""},"categories":[],"tags":[],"class_list":["post-93394","page","type-page","status-publish","hentry"],"acf":[],"_links":{"self":[{"href":"https:\/\/univet.hu\/en\/wp-json\/wp\/v2\/pages\/93394","targetHints":{"allow":["GET"]}}],"collection":[{"href":"https:\/\/univet.hu\/en\/wp-json\/wp\/v2\/pages"}],"about":[{"href":"https:\/\/univet.hu\/en\/wp-json\/wp\/v2\/types\/page"}],"author":[{"embeddable":true,"href":"https:\/\/univet.hu\/en\/wp-json\/wp\/v2\/users\/5824"}],"replies":[{"embeddable":true,"href":"https:\/\/univet.hu\/en\/wp-json\/wp\/v2\/comments?post=93394"}],"version-history":[{"count":1,"href":"https:\/\/univet.hu\/en\/wp-json\/wp\/v2\/pages\/93394\/revisions"}],"predecessor-version":[{"id":199888,"href":"https:\/\/univet.hu\/en\/wp-json\/wp\/v2\/pages\/93394\/revisions\/199888"}],"up":[{"embeddable":true,"href":"https:\/\/univet.hu\/en\/wp-json\/wp\/v2\/pages\/857"}],"wp:attachment":[{"href":"https:\/\/univet.hu\/en\/wp-json\/wp\/v2\/media?parent=93394"}],"wp:term":[{"taxonomy":"category","embeddable":true,"href":"https:\/\/univet.hu\/en\/wp-json\/wp\/v2\/categories?post=93394"},{"taxonomy":"post_tag","embeddable":true,"href":"https:\/\/univet.hu\/en\/wp-json\/wp\/v2\/tags?post=93394"}],"curies":[{"name":"wp","href":"https:\/\/api.w.org\/{rel}","templated":true}]}}