{"id":93495,"date":"2023-09-14T11:12:18","date_gmt":"2023-09-14T09:12:18","guid":{"rendered":"https:\/\/univet.hu\/?page_id=93495"},"modified":"2026-02-10T04:28:44","modified_gmt":"2026-02-10T03:28:44","slug":"vili-nora","status":"publish","type":"page","link":"https:\/\/univet.hu\/en\/about\/staff\/vili-nora\/","title":{"rendered":"Vili N\u00f3ra"},"content":{"rendered":"<p><strong>Introduction:<\/strong><\/p> <p>My name is N\u00f3ra Vili, I work as an assistant professor at the Department of Zoology. At the moment, I hold ecology internships for BSc students, I participate in the teaching of molecular ecology, and in the laboratory of the research group I hold internships related to several subjects. In addition, I teach in the Hungarian-language graduation preparation program of the University of Veterinary Medicine. My research interests are primarily focused on the development and ecological application of molecular markers, and more recently on the causes and consequences of sex change in amphibians.<\/p> <p><strong>Main research areas:<\/strong><\/p> <ul> <li>Unique genetic identification of birds of prey using microsatellite markers<\/li> <li>Development of molecular markers and their use in ecological and nature conservation genetic studies<\/li> <li>Causes and consequences of sex change in amphibians<\/li> <\/ul> <p><strong>Topic management:<\/strong><\/p> <p>PhD students (co-supervisor): 2<\/p> <p>MSc students: 3<\/p> <p>BSc students: 5<\/p> <p>TDK theses: 5<\/p> <p><strong>Progress:<\/strong><\/p> <p><strong>2020<\/strong> \u2013 University of Veterinary Medicine, Department of Zoology, Molecular Ecology Research Group, assistant professor<\/p> <p>2019 \u2013 2020 University of Veterinary Medicine, Department of Ecology, Conservation Genetics Research Group, research associate<\/p> <p>(2017 \u2013 2018 acting laboratory manager of Aquilabor)<\/p> <p>2017 \u2013 2019 University of Veterinary Medicine, Department of Ecology, Conservation-Genetics Research Group, scientific assistant<\/p> <p>2014 \u2013 2016 Royal Society for the Protection of Birds, volunteer<\/p> <p>2008 \u2013 2013 Szent Istv\u00e1n University Faculty of Veterinary Medicine, Institute of Biology, Department of Ecology, managing expert (zoologist)<\/p> <p><strong>Committee membership(s):<\/strong><\/p> <p>2011 &#8211; member of the organizing committee of the Hungarian Conservation Biology Conferences<\/p> <p>2015 &#8211; member of the organizing committee of the Hungarian sister conference (SCCS Europe) of the Student Conferences on Conservation Science series (http:\/\/sccs.ecolres.hu)<\/p> <p><strong>Professional association membership(s):<\/strong><\/p> <p>2001 &#8211; Hungarian Ornithological and Nature Conservation Association<\/p> <p>2005 &#8211; Hungarian Biological Society<\/p> <p>2012 &#8211; Society for Conservation Biology<\/p> <p><strong>Publication list:<\/strong><\/p> <p>\u2013 Nemesh\u00e1zi, E; Sramk\u00f3, G; Laczk\u00f3, L; Balogh, E; Szatm\u00e1ri, L; Vili, N; Ujhegyi, N; Uveges, B; B\u00f3kony, V, Novel genetic sex markers reveal unexpected lack of, and similar susceptibility to, sex reversal in free\u2010living common toads in both natural and anthropogenic habitats, Molecular Ecology, 31, 7, 2032-2043, 2022 https:\/\/doi .org\/10.1111\/mec.16388<\/p> <p>\u2013 Bokony, V; Ujhegyi, N; Miko, Zs; Strong, R; Hettyey, A; Vili, N; Gal, Z; Hoffmann, OI; Nemesh\u00e1zi, E, Sex Reversal and Performance in Fitness-Related Traits During Early Life in Agile Frogs, The Development and Fitness Consequences of Sex Roles, 768263101, 2022 https:\/\/doi.org\/10.3389\/fevo.2021.745752<\/p> <p>\u2013 Ujszegi, J; Bertalan, R; Ujhegyi, N; Vereb\u00e9lyi, V; Nemesh\u00e1zi, E; Miko, Zs; Kasler, A; Herczeg, D; Szederk\u00e9nyi, M; Vili, N; Gal, Z; Hoffmann, OI; Bokony, V; Hettyey, A, \u201cHeat waves\u201d experienced during larval life have species-specific consequences on life-history traits and sexual development in anuran amphibians, Science of the Total Environment,835,155297, 2022 https:\/\/doi.org\/10.1016\/ j.scitotenv.2022.155297<\/p> <p>\u2013 Miko, Zs; Nemesh\u00e1zi, E; Ujhegyi, N; Vereb\u00e9lyi, V; Ujszegi, J; Kasler, A; Bertalan, R; Vili, N; Gal, Z; Hoffmann, OI; Sex reversal and ontogeny under climate change and chemical pollution: are there interactions between the effects of elevated temperature and a xenoestrogen on early development in agile frogs?, Environmental Pollution, 285, 117464, 2021, https:\/\/doi.org\/ 10.1016\/ j.envpol.2021.117464<\/p> <p>\u2013 Magonyi, NM; Szab\u00f3, K; Feh\u00e9rv\u00e1ri, P; Solt, Sz; Palatitz, P; Vili, N; Bert\u00f3k, P; M\u00e1tics, R; Extra\u2010pair paternity, intraspecific brood parasitism, quasi\u2010parasitism and polygamy in the Red\u2010footed Falcon (Falco vespertinus), Ibis, 163, 3, 1087\u20131092, 2021, https:\/\/doi.org\/10.1111\/ibi.12932<\/p> <p>\u2013 Magonyi, M.N., M\u00e1tics, R., Szab\u00f3, K., Feh\u00e9rv\u00e1ri, P., Solt, Sz., Palatitz, P., Vili, N. Characterization of novel microsatellite markers for Red-footed Falcon (Falco vespertinus) and cross -species amplification in other Falco species, European Journal of Wildlife Research 65 (4), 62, 2019, https:\/\/doi.org\/10.1007\/s10344-019-1300-8<\/p> <p>\u2013 Vili, N., Szab\u00f3, K., Kov\u00e1cs, Sz., Kabai, P., Kalm\u00e1r, L., Horv\u00e1th, M. (2013) High turnover rate revealed by non-invasive genetic analyzes in an expanding Eastern Imperial Eagle population . Acta Zoologica Academiae Scientiarum Hungaricae 59: 279\u2013295<\/p> <p>\u2013 Vili, N., Nemesh\u00e1zi, E., Kov\u00e1cs, Sz., Horv\u00e1th, M., Kalm\u00e1r, L., Szab\u00f3, K. (2013) Factors affecting DNA quality in feathers used for non-invasive sampling. Journal of Ornithology 154: 587\u2013595, https:\/\/doi.org\/10.1007\/s10336-013-0932-9<\/p> <p>\u2013 Vili, N., Horv\u00e1th, M., Szab\u00f3, K., Kov\u00e1cs, S., Chavko, J., Hornung, E., Kalm\u00e1r, L. (2009) Genetic structure of the Imperial Eagle (Aquila heliaca) population in Slovakia. Slovak Raptor Journal 3: 21\u201328, https:\/\/doi.org\/10.2478\/v10262-012-0029-z<\/p> <p>\u2013 Vili, N., Horv\u00e1th, M.B., Kov\u00e1cs, Sz., Chavko, J., Hornung, E., Kalm\u00e1r, L. (2009) Alternative sampling methods in avian genetic<\/p> <p><a href=\"https:\/\/m2.mtmt.hu\/gui2\/?type=authors&amp;mode=browse&amp;sel=authors10023248\">MTMT2<\/a> | <a href=\"https:\/\/scholar.google.com\/citations?user=gCsC4MgAAAAJ&amp;hl=hu\">Google Scholar<\/a> | <a href=\"https:\/\/orcid.org\/0000-0001-7241-231X\">ORCID<\/a><\/p>","protected":false},"excerpt":{"rendered":"<p>Introduction: My name is N\u00f3ra Vili, I work as an assistant professor at the Department of Zoology. At the moment, I hold ecology internships for BSc students, I participate in the teaching of molecular ecology, and in the laboratory of the research group I hold internships related to several subjects. In addition, I teach in<\/p>\n","protected":false},"author":5824,"featured_media":0,"parent":857,"menu_order":37,"comment_status":"open","ping_status":"open","template":"","meta":{"_acf_changed":false,"footnotes":""},"categories":[],"tags":[],"class_list":["post-93495","page","type-page","status-publish","hentry"],"acf":[],"_links":{"self":[{"href":"https:\/\/univet.hu\/en\/wp-json\/wp\/v2\/pages\/93495","targetHints":{"allow":["GET"]}}],"collection":[{"href":"https:\/\/univet.hu\/en\/wp-json\/wp\/v2\/pages"}],"about":[{"href":"https:\/\/univet.hu\/en\/wp-json\/wp\/v2\/types\/page"}],"author":[{"embeddable":true,"href":"https:\/\/univet.hu\/en\/wp-json\/wp\/v2\/users\/5824"}],"replies":[{"embeddable":true,"href":"https:\/\/univet.hu\/en\/wp-json\/wp\/v2\/comments?post=93495"}],"version-history":[{"count":1,"href":"https:\/\/univet.hu\/en\/wp-json\/wp\/v2\/pages\/93495\/revisions"}],"predecessor-version":[{"id":199965,"href":"https:\/\/univet.hu\/en\/wp-json\/wp\/v2\/pages\/93495\/revisions\/199965"}],"up":[{"embeddable":true,"href":"https:\/\/univet.hu\/en\/wp-json\/wp\/v2\/pages\/857"}],"wp:attachment":[{"href":"https:\/\/univet.hu\/en\/wp-json\/wp\/v2\/media?parent=93495"}],"wp:term":[{"taxonomy":"category","embeddable":true,"href":"https:\/\/univet.hu\/en\/wp-json\/wp\/v2\/categories?post=93495"},{"taxonomy":"post_tag","embeddable":true,"href":"https:\/\/univet.hu\/en\/wp-json\/wp\/v2\/tags?post=93495"}],"curies":[{"name":"wp","href":"https:\/\/api.w.org\/{rel}","templated":true}]}}