{"id":93774,"date":"2023-09-15T09:30:57","date_gmt":"2023-09-15T07:30:57","guid":{"rendered":"https:\/\/univet.hu\/?page_id=93774"},"modified":"2026-02-10T04:28:54","modified_gmt":"2026-02-10T03:28:54","slug":"nemet-zoltan-laszlo-2","status":"publish","type":"page","link":"https:\/\/univet.hu\/en\/about\/staff\/nemet-zoltan-laszlo-2\/","title":{"rendered":"N\u00e9met Zolt\u00e1n L\u00e1szl\u00f3"},"content":{"rendered":"<p><strong>Introduction<\/strong><\/p> <p><strong>Educational activity:<\/strong><\/p> <p>\u2013 general and detailed pathology | training in Hungarian and English<\/p> <p>\u2013 large animal pathology exercises | ARC. grade, Hungarian and English language training<\/p> <p>\u2013 management of diploma and TDK theses | training in Hungarian and English<\/p> <p><strong>Area of \u200b\u200binterest:<\/strong><\/p> <p>&#8211; animal health management of large-scale rabbit herds<\/p> <p>\u2013 pathological diagnosis of rabbits kept as farm animals<\/p> <p><strong>Main research areas:<\/strong><\/p> <p>&#8211; bacteriological diagnostics of livestock diseases<\/p> <p>\u2013 genomic analysis of bacteria isolated from farm animals<\/p> <p>&#8211; development of agricultural IT systems<\/p> <p><strong>Publication list (Top10)<\/strong><\/p> <p><span data-contrast=\"none\">MTMT:\u202f\u00a0<\/span><span data-ccp-props=\"{&quot;134233118&quot;:true,&quot;201341983&quot;:0,&quot;335551550&quot;:2,&quot;335551620&quot;:2,&quot;335559739&quot;:160,&quot;335559740&quot;:240}\">\u00a0<\/span><\/p> <table style=\"height: 517px;\" width=\"1257\"> <tbody> <tr style=\"height: 136px;\"> <td style=\"width: 27.0167px; height: 136px;\">1.<\/td> <td style=\"width: 1213.98px; height: 136px;\"> <p><a href=\"https:\/\/m2.mtmt.hu\/gui2\/?type=authors&amp;mode=browse&amp;sel=10023448\"><span data-contrast=\"none\">N\u00e9met, Z. <\/span><span data-contrast=\"none\">&#x2709;<\/span><\/a><span data-contrast=\"none\">\u202f;\u202f<\/span><a href=\"https:\/\/m2.mtmt.hu\/gui2\/?type=authors&amp;mode=browse&amp;sel=10040411\"><span data-contrast=\"none\">Albert, E.<\/span><\/a><span data-contrast=\"none\">\u202f;\u202f<\/span><a href=\"https:\/\/m2.mtmt.hu\/gui2\/?type=authors&amp;mode=browse&amp;sel=10001189\"><span data-contrast=\"none\">D\u00e1n, \u00c1.<\/span><\/a><span data-contrast=\"none\">\u202f;\u202f<\/span><a href=\"https:\/\/m2.mtmt.hu\/gui2\/?type=authors&amp;mode=browse&amp;sel=10023087\"><span data-contrast=\"none\">Balka, G.<\/span><\/a><span data-contrast=\"none\">\u202f;\u202f<\/span><a href=\"https:\/\/m2.mtmt.hu\/gui2\/?type=authors&amp;mode=browse&amp;sel=10020472\"><span data-contrast=\"none\">Szenes, \u00c1.<\/span><\/a><span data-contrast=\"none\">\u202f;\u202f<\/span><a href=\"https:\/\/m2.mtmt.hu\/gui2\/?type=authors&amp;mode=browse&amp;sel=10020845\"><span data-contrast=\"none\">Sipos, R.<\/span><\/a><span data-contrast=\"none\">\u202f;\u202fB\u00f3dizs, S.\u202f;\u202f<\/span><a href=\"https:\/\/m2.mtmt.hu\/gui2\/?type=authors&amp;mode=browse&amp;sel=10002319\"><span data-contrast=\"none\">Biksi, I.<\/span><\/a><span data-ccp-props=\"{&quot;201341983&quot;:0,&quot;335559739&quot;:160,&quot;335559740&quot;:240}\">\u00a0<\/span><\/p> <p><a href=\"https:\/\/m2.mtmt.hu\/gui2\/?mode=browse&amp;params=publication;31382129\"><span data-contrast=\"none\">Genomic analysis of staphylococcus aureus strains originating from hungarian rabbit farms reinforce the clonal origin of various virulence types<\/span><\/a><span data-ccp-props=\"{&quot;201341983&quot;:0,&quot;335559739&quot;:160,&quot;335559740&quot;:240}\">\u00a0<\/span><\/p> <p><span data-contrast=\"none\">ANIMALS\u202f10\u202f:\u202f7\u202fpp. 1-13. Paper: 1128 , 13 p.\u202f(2020)<\/span><span data-ccp-props=\"{&quot;201341983&quot;:0,&quot;335559739&quot;:160,&quot;335559740&quot;:240}\">\u00a0<\/span><\/td> <\/tr> <tr style=\"height: 160px;\"> <td style=\"width: 27.0167px; height: 160px;\">2.<\/td> <td style=\"width: 1213.98px; height: 160px;\"> <p><a href=\"https:\/\/m2.mtmt.hu\/gui2\/?type=authors&amp;mode=browse&amp;sel=10040411\"><span data-contrast=\"none\">Albert, Ervin<\/span><\/a><span data-contrast=\"none\">\u202f;\u202f<\/span><a href=\"https:\/\/m2.mtmt.hu\/gui2\/?type=authors&amp;mode=browse&amp;sel=10002319\"><span data-contrast=\"none\">Biksi, Imre<\/span><\/a><span data-contrast=\"none\">\u202f;\u202f<\/span><a href=\"https:\/\/m2.mtmt.hu\/gui2\/?type=authors&amp;mode=browse&amp;sel=10023448\"><span data-contrast=\"none\">Nemet, Zoltan<\/span><\/a><span data-contrast=\"none\">\u202f;\u202fCsuka, Edit\u202f;\u202fKelemen, Bernadett\u202f;\u202fMorvay, Flora\u202f;\u202f<\/span><a href=\"https:\/\/m2.mtmt.hu\/gui2\/?type=authors&amp;mode=browse&amp;sel=10011678\"><span data-contrast=\"none\">Bakos, Zoltan<\/span><\/a><span data-contrast=\"none\">\u202f;\u202f<\/span><a href=\"https:\/\/m2.mtmt.hu\/gui2\/?type=authors&amp;mode=browse&amp;sel=10002337\"><span data-contrast=\"none\">Bodo, Gabor<\/span><\/a><span data-contrast=\"none\">\u202f;\u202f<\/span><a href=\"https:\/\/m2.mtmt.hu\/gui2\/?type=authors&amp;mode=browse&amp;sel=10043699\"><span data-contrast=\"none\">Toth, Balazs<\/span><\/a><span data-contrast=\"none\">\u202f;\u202fCollaud, Alexandra\u202fet al.<\/span><span data-ccp-props=\"{&quot;201341983&quot;:0,&quot;335559739&quot;:160,&quot;335559740&quot;:240}\">\u00a0<\/span><\/p> <p><a href=\"https:\/\/m2.mtmt.hu\/gui2\/?mode=browse&amp;params=publication;30707431\"><span data-contrast=\"none\">Outbreaks of a Methicillin-Resistant Staphylococcus aureus Clone ST398-t011 in a Hungarian Equine Clinic: Emergence of Rifampicin and Chloramphenicol Resistance After Treatment with These Antibiotics<\/span><\/a><span data-ccp-props=\"{&quot;201341983&quot;:0,&quot;335559739&quot;:160,&quot;335559740&quot;:240}\">\u00a0<\/span><\/p> <p><span data-contrast=\"none\">MICROBIAL DRUG RESISTANCE\u202f25\u202f:\u202f8\u202fpp. 1219-1226. , 8 p.\u202f(2019)<\/span><span data-ccp-props=\"{&quot;201341983&quot;:0,&quot;335559739&quot;:160,&quot;335559740&quot;:240}\">\u00a0<\/span><\/td> <\/tr> <tr style=\"height: 37px;\"> <td style=\"width: 27.0167px; height: 37px;\">3.<\/td> <td style=\"width: 1213.98px; height: 37px;\"> <p><a href=\"https:\/\/m2.mtmt.hu\/gui2\/?type=authors&amp;mode=browse&amp;sel=10023448\"><span data-contrast=\"none\">N\u00e9met, Zolt\u00e1n L\u00e1szl\u00f3<\/span><\/a><span data-contrast=\"none\">\u202f;\u202fMagyar, K\u00e1roly Gy\u00f6rgy\u202f;\u202fAlbert, Mih\u00e1ly<\/span><span data-ccp-props=\"{&quot;201341983&quot;:0,&quot;335559739&quot;:160,&quot;335559740&quot;:240}\">\u00a0<\/span><\/p> <p><a href=\"https:\/\/m2.mtmt.hu\/gui2\/?mode=browse&amp;params=publication;31832148\"><span data-contrast=\"none\">Degenerat\u00edv izomsz\u00f6veti elv\u00e1ltoz\u00e1sok oktan\u00e1nak vizsg\u00e1lata nagy\u00fczemi broilercsirke-\u00e1llom\u00e1nyban<\/span><\/a><span data-ccp-props=\"{&quot;201341983&quot;:0,&quot;335559739&quot;:160,&quot;335559740&quot;:240}\">\u00a0<\/span><\/p> <p><span data-contrast=\"none\">MAGYAR \u00c1LLATORVOSOK LAPJA\u202f141\u202f:\u202f10\u202fpp. 597-606. , 10 p.\u202f(2019)<\/span><span data-ccp-props=\"{&quot;201341983&quot;:0,&quot;335559739&quot;:160,&quot;335559740&quot;:240}\">\u00a0<\/span><\/td> <\/tr> <tr style=\"height: 16px;\"> <td style=\"width: 27.0167px; height: 16px;\">34..<\/td> <td style=\"width: 1213.98px; height: 16px;\"> <p><a href=\"https:\/\/m2.mtmt.hu\/gui2\/?type=authors&amp;mode=browse&amp;sel=10023448\"><span data-contrast=\"none\">Nemet, Z<\/span><\/a><span data-contrast=\"none\">\u202f;\u202f<\/span><a href=\"https:\/\/m2.mtmt.hu\/gui2\/?type=authors&amp;mode=browse&amp;sel=10040411\"><span data-contrast=\"none\">Albert, E<\/span><\/a><span data-contrast=\"none\">\u202f;\u202f<\/span><a href=\"https:\/\/m2.mtmt.hu\/gui2\/?type=authors&amp;mode=browse&amp;sel=10035070\"><span data-contrast=\"none\">Nagy, T<\/span><\/a><span data-contrast=\"none\">\u202f;\u202f<\/span><a href=\"https:\/\/m2.mtmt.hu\/gui2\/?type=authors&amp;mode=browse&amp;sel=10012739\"><span data-contrast=\"none\">Olasz, F<\/span><\/a><span data-contrast=\"none\">\u202f;\u202f<\/span><a href=\"https:\/\/m2.mtmt.hu\/gui2\/?type=authors&amp;mode=browse&amp;sel=10000199\"><span data-contrast=\"none\">Barta, E<\/span><\/a><span data-contrast=\"none\">\u202f;\u202f<\/span><a href=\"https:\/\/m2.mtmt.hu\/gui2\/?type=authors&amp;mode=browse&amp;sel=10002663\"><span data-contrast=\"none\">Kiss, J<\/span><\/a><span data-contrast=\"none\">\u202f;\u202f<\/span><a href=\"https:\/\/m2.mtmt.hu\/gui2\/?type=authors&amp;mode=browse&amp;sel=10001189\"><span data-contrast=\"none\">Dan, A<\/span><\/a><span data-contrast=\"none\">\u202f;\u202f<\/span><a href=\"https:\/\/m2.mtmt.hu\/gui2\/?type=authors&amp;mode=browse&amp;sel=10002452\"><span data-contrast=\"none\">Banyai, K<\/span><\/a><span data-contrast=\"none\">\u202f;\u202fHermans, K\u202f;\u202f<\/span><a href=\"https:\/\/m2.mtmt.hu\/gui2\/?type=authors&amp;mode=browse&amp;sel=10002319\"><span data-contrast=\"none\">Biksi, I<\/span><\/a><span data-ccp-props=\"{&quot;201341983&quot;:0,&quot;335559739&quot;:160,&quot;335559740&quot;:240}\">\u00a0<\/span><\/p> <p><a href=\"https:\/\/m2.mtmt.hu\/gui2\/?mode=browse&amp;params=publication;3298316\"><span data-contrast=\"none\">Draft Genome Sequence of an Atypical Highly Virulent Rabbit Staphylococcus aureus Strain.<\/span><\/a><span data-ccp-props=\"{&quot;201341983&quot;:0,&quot;335559739&quot;:160,&quot;335559740&quot;:240}\">\u00a0<\/span><\/p> <p><span data-contrast=\"none\">GENOME ANNOUNCEMENTS\u202f5\u202f:\u202f42\u202fPaper: e01049-17\u202f(2017)<\/span><span data-ccp-props=\"{&quot;201341983&quot;:0,&quot;335559739&quot;:160,&quot;335559740&quot;:240}\">\u00a0<\/span><\/td> <\/tr> <tr style=\"height: 24px;\"> <td style=\"width: 27.0167px; height: 24px;\">5.<\/td> <td style=\"width: 1213.98px; height: 24px;\"> <p><a href=\"https:\/\/m2.mtmt.hu\/gui2\/?type=authors&amp;mode=browse&amp;sel=10023448\"><span data-contrast=\"none\">N\u00e9met, Zolt\u00e1n<\/span><\/a><span data-contrast=\"none\">\u202f;\u202f<\/span><a href=\"https:\/\/m2.mtmt.hu\/gui2\/?type=authors&amp;mode=browse&amp;sel=10040411\"><span data-contrast=\"none\">Albert, Ervin<\/span><\/a><span data-contrast=\"none\">\u202f;\u202f<\/span><a href=\"https:\/\/m2.mtmt.hu\/gui2\/?type=authors&amp;mode=browse&amp;sel=10018009\"><span data-contrast=\"none\">Nagy, Krisztina<\/span><\/a><span data-contrast=\"none\">\u202f;\u202fCsuka, Edit\u202f;\u202f<\/span><a href=\"https:\/\/m2.mtmt.hu\/gui2\/?type=authors&amp;mode=browse&amp;sel=10001189\"><span data-contrast=\"none\">D\u00e1n, \u00c1d\u00e1m<\/span><\/a><span data-contrast=\"none\">\u202f;\u202f<\/span><a href=\"https:\/\/m2.mtmt.hu\/gui2\/?type=authors&amp;mode=browse&amp;sel=10002374\"><span data-contrast=\"none\">Szenci, Ott\u00f3<\/span><\/a><span data-contrast=\"none\">\u202f;\u202fHermans, Katleen\u202f;\u202f<\/span><a href=\"https:\/\/m2.mtmt.hu\/gui2\/?type=authors&amp;mode=browse&amp;sel=10023087\"><span data-contrast=\"none\">Balka, Gyula<\/span><\/a><span data-contrast=\"none\">\u202f;\u202f<\/span><a href=\"https:\/\/m2.mtmt.hu\/gui2\/?type=authors&amp;mode=browse&amp;sel=10002319\"><span data-contrast=\"none\">Biksi, Imre<\/span><\/a><span data-ccp-props=\"{&quot;201341983&quot;:0,&quot;335559739&quot;:160,&quot;335559740&quot;:240}\">\u00a0<\/span><\/p> <p><a href=\"https:\/\/m2.mtmt.hu\/gui2\/?mode=browse&amp;params=publication;3106895\"><span data-contrast=\"none\">Virulence type and tissue tropism of Staphylococcus strains originating from Hungarian rabbit farms<\/span><\/a><span data-ccp-props=\"{&quot;201341983&quot;:0,&quot;335559739&quot;:160,&quot;335559740&quot;:240}\">\u00a0<\/span><\/p> <p><span data-contrast=\"none\">VETERINARY MICROBIOLOGY\u202f193\u202fpp. 1-6. , 6 p.\u202f(2016)<\/span><span data-ccp-props=\"{&quot;201341983&quot;:0,&quot;335559739&quot;:160,&quot;335559740&quot;:240}\">\u00a0<\/span><\/td> <\/tr> <tr style=\"height: 24px;\"> <td style=\"width: 27.0167px; height: 24px;\">6.<\/td> <td style=\"width: 1213.98px; height: 24px;\"> <p><span data-contrast=\"none\">Dip, R\u202f;\u202f<\/span><a href=\"https:\/\/m2.mtmt.hu\/gui2\/?type=authors&amp;mode=browse&amp;sel=10023448\"><span data-contrast=\"none\">Nemet, Z<\/span><\/a><span data-contrast=\"none\">\u202f;\u202fSchiessl, B\u202f;\u202fKlein, U\u202f;\u202fStrehlau, G<\/span><span data-ccp-props=\"{&quot;201341983&quot;:0,&quot;335559739&quot;:160,&quot;335559740&quot;:240}\">\u00a0<\/span><\/p> <p><a href=\"https:\/\/m2.mtmt.hu\/gui2\/?mode=browse&amp;params=publication;2981219\"><span data-contrast=\"none\">Efficacy and tolerability of early administration of valnemulin hydrochloride premix on epizootic rabbit enteropathy<\/span><\/a><span data-ccp-props=\"{&quot;201341983&quot;:0,&quot;335559739&quot;:160,&quot;335559740&quot;:240}\">\u00a0<\/span><\/p> <p><span data-contrast=\"none\">VETERINARY JOURNAL\u202f204\u202f:\u202f3\u202fpp. 309-314. , 6 p.\u202f(2015)<\/span><span data-ccp-props=\"{&quot;201341983&quot;:0,&quot;335559739&quot;:160,&quot;335559740&quot;:240}\">\u00a0<\/span><\/td> <\/tr> <tr style=\"height: 24px;\"> <td style=\"width: 27.0167px; height: 24px;\">7.<\/td> <td style=\"width: 1213.98px; height: 24px;\"> <p><a href=\"https:\/\/m2.mtmt.hu\/gui2\/?type=authors&amp;mode=browse&amp;sel=10023448\"><span data-contrast=\"none\">Nemet, Z<\/span><\/a><span data-contrast=\"none\">\u202f;\u202f<\/span><a href=\"https:\/\/m2.mtmt.hu\/gui2\/?type=authors&amp;mode=browse&amp;sel=10040411\"><span data-contrast=\"none\">Albert, E<\/span><\/a><span data-contrast=\"none\">\u202f;\u202f<\/span><a href=\"https:\/\/m2.mtmt.hu\/gui2\/?type=authors&amp;mode=browse&amp;sel=10035070\"><span data-contrast=\"none\">Nagy, T<\/span><\/a><span data-contrast=\"none\">\u202f;\u202f<\/span><a href=\"https:\/\/m2.mtmt.hu\/gui2\/?type=authors&amp;mode=browse&amp;sel=10012739\"><span data-contrast=\"none\">Olasz, F<\/span><\/a><span data-contrast=\"none\">\u202f;\u202f<\/span><a href=\"https:\/\/m2.mtmt.hu\/gui2\/?type=authors&amp;mode=browse&amp;sel=10000199\"><span data-contrast=\"none\">Barta, E<\/span><\/a><span data-contrast=\"none\">\u202f;\u202f<\/span><a href=\"https:\/\/m2.mtmt.hu\/gui2\/?type=authors&amp;mode=browse&amp;sel=10002663\"><span data-contrast=\"none\">Kiss, J<\/span><\/a><span data-contrast=\"none\">\u202f;\u202f<\/span><a href=\"https:\/\/m2.mtmt.hu\/gui2\/?type=authors&amp;mode=browse&amp;sel=10001189\"><span data-contrast=\"none\">Dan, A<\/span><\/a><span data-contrast=\"none\">\u202f;\u202f<\/span><a href=\"https:\/\/m2.mtmt.hu\/gui2\/?type=authors&amp;mode=browse&amp;sel=10002452\"><span data-contrast=\"none\">Banyai, K<\/span><\/a><span data-contrast=\"none\">\u202f;\u202fHermans, K\u202f;\u202f<\/span><a href=\"https:\/\/m2.mtmt.hu\/gui2\/?type=authors&amp;mode=browse&amp;sel=10002319\"><span data-contrast=\"none\">Biksi, I<\/span><\/a><span data-ccp-props=\"{&quot;201341983&quot;:0,&quot;335559739&quot;:160,&quot;335559740&quot;:240}\">\u00a0<\/span><\/p> <p><a href=\"https:\/\/m2.mtmt.hu\/gui2\/?mode=browse&amp;params=publication;2919201\"><span data-contrast=\"none\">Draft Genome Sequence of a Highly Virulent Rabbit Staphylococcus aureus Strain.<\/span><\/a><span data-ccp-props=\"{&quot;201341983&quot;:0,&quot;335559739&quot;:160,&quot;335559740&quot;:240}\">\u00a0<\/span><\/p> <p><span data-contrast=\"none\">GENOME ANNOUNCEMENTS\u202f3\u202f:\u202f4\u202fPaper: e00461-15 , 2 p.\u202f(2015)<\/span><span data-ccp-props=\"{&quot;201341983&quot;:0,&quot;335559739&quot;:160,&quot;335559740&quot;:240}\">\u00a0<\/span><\/td> <\/tr> <tr style=\"height: 24px;\"> <td style=\"width: 27.0167px; height: 24px;\">8.<\/td> <td style=\"width: 1213.98px; height: 24px;\"> <p><a href=\"https:\/\/m2.mtmt.hu\/gui2\/?type=authors&amp;mode=browse&amp;sel=10003063\"><span data-contrast=\"none\">S\u00e1ndor, Hornok<\/span><\/a><span data-contrast=\"none\">\u202f;\u202fAnita, Mester\u202f;\u202f<\/span><a href=\"https:\/\/m2.mtmt.hu\/gui2\/?type=authors&amp;mode=browse&amp;sel=10050807\"><span data-contrast=\"none\">N\u00f3ra, Tak\u00e1cs<\/span><\/a><span data-contrast=\"none\">\u202f;\u202f<\/span><a href=\"https:\/\/m2.mtmt.hu\/gui2\/?type=authors&amp;mode=browse&amp;sel=10009485\"><span data-contrast=\"none\">Ferenc, Baska<\/span><\/a><span data-contrast=\"none\">\u202f;\u202f<\/span><a href=\"https:\/\/m2.mtmt.hu\/gui2\/?type=authors&amp;mode=browse&amp;sel=10022991\"><span data-contrast=\"none\">G\u00e1bor, Majoros<\/span><\/a><span data-contrast=\"none\">\u202f;\u202f<\/span><a href=\"https:\/\/m2.mtmt.hu\/gui2\/?type=authors&amp;mode=browse&amp;sel=10002320\"><span data-contrast=\"none\">\u00c9va, Fok<\/span><\/a><span data-contrast=\"none\">\u202f;\u202f<\/span><a href=\"https:\/\/m2.mtmt.hu\/gui2\/?type=authors&amp;mode=browse&amp;sel=10002319\"><span data-contrast=\"none\">Imre, Biksi<\/span><\/a><span data-contrast=\"none\">\u202f;\u202f<\/span><a href=\"https:\/\/m2.mtmt.hu\/gui2\/?type=authors&amp;mode=browse&amp;sel=10023448\"><span data-contrast=\"none\">Zolt\u00e1n, N\u00e9met<\/span><\/a><span data-contrast=\"none\">\u202f;\u202f<\/span><a href=\"https:\/\/m2.mtmt.hu\/gui2\/?type=authors&amp;mode=browse&amp;sel=10013895\"><span data-contrast=\"none\">\u00c1kos, Horny\u00e1k<\/span><\/a><span data-contrast=\"none\">\u202f;\u202f<\/span><a href=\"https:\/\/m2.mtmt.hu\/gui2\/?type=authors&amp;mode=browse&amp;sel=10002240\"><span data-contrast=\"none\">Szil\u00e1rd, J\u00e1nosi<\/span><\/a><span data-contrast=\"none\">\u202fet al.<\/span><span data-ccp-props=\"{&quot;201341983&quot;:0,&quot;335559739&quot;:160,&quot;335559740&quot;:240}\">\u00a0<\/span><\/p> <p><a href=\"https:\/\/m2.mtmt.hu\/gui2\/?mode=browse&amp;params=publication;2818354\"><span data-contrast=\"none\">Sarcocystis-infection of cattle in Hungary<\/span><\/a><span data-ccp-props=\"{&quot;201341983&quot;:0,&quot;335559739&quot;:160,&quot;335559740&quot;:240}\">\u00a0<\/span><\/p> <p><span data-contrast=\"none\">PARASITES AND VECTORS\u202f8\u202fPaper: 69 , 6 p.\u202f(2015)<\/span><span data-ccp-props=\"{&quot;201341983&quot;:0,&quot;335559739&quot;:160,&quot;335559740&quot;:240}\">\u00a0<\/span><\/td> <\/tr> <tr style=\"height: 24px;\"> <td style=\"width: 27.0167px; height: 24px;\">9.<\/td> <td style=\"width: 1213.98px; height: 24px;\"> <p><a href=\"https:\/\/m2.mtmt.hu\/gui2\/?type=authors&amp;mode=browse&amp;sel=10023448\"><span data-contrast=\"none\">N\u00e9met, Zolt\u00e1n<\/span><\/a><span data-contrast=\"none\">\u202f;\u202f<\/span><a href=\"https:\/\/m2.mtmt.hu\/gui2\/?type=authors&amp;mode=browse&amp;sel=10002374\"><span data-contrast=\"none\">Szenci, Ott\u00f3<\/span><\/a><span data-contrast=\"none\">\u202f;\u202f<\/span><a href=\"https:\/\/m2.mtmt.hu\/gui2\/?type=authors&amp;mode=browse&amp;sel=10002319\"><span data-contrast=\"none\">Biksi, Imre<\/span><\/a><span data-ccp-props=\"{&quot;201341983&quot;:0,&quot;335559739&quot;:160,&quot;335559740&quot;:240}\">\u00a0<\/span><\/p> <p><a href=\"https:\/\/m2.mtmt.hu\/gui2\/?mode=browse&amp;params=publication;1820901\"><span data-contrast=\"none\">A h\u00e1ziny\u00fal staphylococcosisa : Irodalmi \u00e1ttekint\u00e9s \u00e9s hazai tapasztalatok: Irodalmi \u00e1ttekint\u00e9s \u00e9s hazai tapasztalatok Staphylococcosis in domestic rabbit. Literature review and domestic experiences<\/span><\/a><span data-ccp-props=\"{&quot;201341983&quot;:0,&quot;335559739&quot;:160,&quot;335559740&quot;:240}\">\u00a0<\/span><\/p> <p><span data-contrast=\"none\">MAGYAR \u00c1LLATORVOSOK LAPJA\u202f133\u202f:\u202f12\u202fpp. 720-726. , 7 p.\u202f(2011)<\/span><span data-ccp-props=\"{&quot;201341983&quot;:0,&quot;335559739&quot;:160,&quot;335559740&quot;:240}\">\u00a0<\/span><\/td> <\/tr> <tr style=\"height: 24px;\"> <td style=\"width: 27.0167px; height: 24px;\">10.<\/td> <td style=\"width: 1213.98px; height: 24px;\"> <p><a href=\"https:\/\/m2.mtmt.hu\/gui2\/?type=authors&amp;mode=browse&amp;sel=10023448\"><span data-contrast=\"none\">Z, N\u00e9met<\/span><\/a><span data-contrast=\"none\">\u202f;\u202f<\/span><a href=\"https:\/\/m2.mtmt.hu\/gui2\/?type=authors&amp;mode=browse&amp;sel=10002374\"><span data-contrast=\"none\">O, Szenci<\/span><\/a><span data-contrast=\"none\">\u202f;\u202f<\/span><a href=\"https:\/\/m2.mtmt.hu\/gui2\/?type=authors&amp;mode=browse&amp;sel=10023455\"><span data-contrast=\"none\">A, Horv\u00e1th<\/span><\/a><span data-contrast=\"none\">\u202f;\u202f<\/span><a href=\"https:\/\/m2.mtmt.hu\/gui2\/?type=authors&amp;mode=browse&amp;sel=10013169\"><span data-contrast=\"none\">L, Makrai<\/span><\/a><span data-contrast=\"none\">\u202f;\u202fT, Kis\u202f;\u202f<\/span><a href=\"https:\/\/m2.mtmt.hu\/gui2\/?type=authors&amp;mode=browse&amp;sel=10043699\"><span data-contrast=\"none\">B, T\u00f3th<\/span><\/a><span data-contrast=\"none\">\u202f;\u202f<\/span><a href=\"https:\/\/m2.mtmt.hu\/gui2\/?type=authors&amp;mode=browse&amp;sel=10002319\"><span data-contrast=\"none\">I, Biksi<\/span><\/a><span data-ccp-props=\"{&quot;201341983&quot;:0,&quot;335559739&quot;:160,&quot;335559740&quot;:240}\">\u00a0<\/span><\/p> <p><a href=\"https:\/\/m2.mtmt.hu\/gui2\/?mode=browse&amp;params=publication;1659391\"><span data-contrast=\"none\">Outbreak of Klebsiella oxytoca enterocolitis on a rabbit farm in Hungary<\/span><\/a><span data-ccp-props=\"{&quot;201341983&quot;:0,&quot;335559739&quot;:160,&quot;335559740&quot;:240}\">\u00a0<\/span><\/p> <p><span data-contrast=\"none\">VETERINARY RECORD\u202f168\u202f:\u202f9\u202fpp. 243-243. , 1 p.\u202f(2011)<\/span><span data-ccp-props=\"{&quot;201341983&quot;:0,&quot;335559739&quot;:160,&quot;335559740&quot;:240}\">\u00a0<\/span><\/td> <\/tr> <\/tbody> <\/table> <p>&nbsp;<\/p> <p>&nbsp;<\/p> <p>&nbsp;<\/p> <p>&nbsp;<\/p> <p>&nbsp;<\/p> <p>&nbsp;<\/p> <p>&nbsp;<\/p> <p>&nbsp;<\/p> <p><span data-ccp-props=\"{&quot;201341983&quot;:0,&quot;335559739&quot;:160,&quot;335559740&quot;:259}\">\u00a0<\/span><\/p> <p><span data-ccp-props=\"{&quot;201341983&quot;:0,&quot;335559739&quot;:160,&quot;335559740&quot;:259}\">\u00a0<\/span><\/p>","protected":false},"excerpt":{"rendered":"<p>Introduction Educational activity: \u2013 general and detailed pathology | training in Hungarian and English \u2013 large animal pathology exercises | ARC. grade, Hungarian and English language training \u2013 management of diploma and TDK theses | training in Hungarian and English Area of \u200b\u200binterest: &#8211; animal health management of large-scale rabbit herds \u2013 pathological diagnosis of<\/p>\n","protected":false},"author":5824,"featured_media":0,"parent":857,"menu_order":38,"comment_status":"closed","ping_status":"closed","template":"","meta":{"_acf_changed":false,"footnotes":""},"categories":[],"tags":[],"class_list":["post-93774","page","type-page","status-publish","hentry"],"acf":[],"_links":{"self":[{"href":"https:\/\/univet.hu\/en\/wp-json\/wp\/v2\/pages\/93774","targetHints":{"allow":["GET"]}}],"collection":[{"href":"https:\/\/univet.hu\/en\/wp-json\/wp\/v2\/pages"}],"about":[{"href":"https:\/\/univet.hu\/en\/wp-json\/wp\/v2\/types\/page"}],"author":[{"embeddable":true,"href":"https:\/\/univet.hu\/en\/wp-json\/wp\/v2\/users\/5824"}],"replies":[{"embeddable":true,"href":"https:\/\/univet.hu\/en\/wp-json\/wp\/v2\/comments?post=93774"}],"version-history":[{"count":1,"href":"https:\/\/univet.hu\/en\/wp-json\/wp\/v2\/pages\/93774\/revisions"}],"predecessor-version":[{"id":199984,"href":"https:\/\/univet.hu\/en\/wp-json\/wp\/v2\/pages\/93774\/revisions\/199984"}],"up":[{"embeddable":true,"href":"https:\/\/univet.hu\/en\/wp-json\/wp\/v2\/pages\/857"}],"wp:attachment":[{"href":"https:\/\/univet.hu\/en\/wp-json\/wp\/v2\/media?parent=93774"}],"wp:term":[{"taxonomy":"category","embeddable":true,"href":"https:\/\/univet.hu\/en\/wp-json\/wp\/v2\/categories?post=93774"},{"taxonomy":"post_tag","embeddable":true,"href":"https:\/\/univet.hu\/en\/wp-json\/wp\/v2\/tags?post=93774"}],"curies":[{"name":"wp","href":"https:\/\/api.w.org\/{rel}","templated":true}]}}