{"id":93828,"date":"2021-02-12T16:25:31","date_gmt":"2021-02-12T15:25:31","guid":{"rendered":"https:\/\/univet.hu\/about\/staff\/lefler_gaborne\/"},"modified":"2026-02-10T04:28:18","modified_gmt":"2026-02-10T03:28:18","slug":"lefler_gaborne","status":"publish","type":"page","link":"https:\/\/univet.hu\/en\/about\/staff\/lefler_gaborne\/","title":{"rendered":"Lefler G\u00e1born\u00e9, D\u00f3ra"},"content":{"rendered":"","protected":false},"excerpt":{"rendered":"","protected":false},"author":5824,"featured_media":0,"parent":857,"menu_order":37,"comment_status":"open","ping_status":"open","template":"","meta":{"_acf_changed":false,"footnotes":""},"categories":[],"tags":[],"class_list":["post-93828","page","type-page","status-publish","hentry"],"acf":[],"_links":{"self":[{"href":"https:\/\/univet.hu\/en\/wp-json\/wp\/v2\/pages\/93828","targetHints":{"allow":["GET"]}}],"collection":[{"href":"https:\/\/univet.hu\/en\/wp-json\/wp\/v2\/pages"}],"about":[{"href":"https:\/\/univet.hu\/en\/wp-json\/wp\/v2\/types\/page"}],"author":[{"embeddable":true,"href":"https:\/\/univet.hu\/en\/wp-json\/wp\/v2\/users\/5824"}],"replies":[{"embeddable":true,"href":"https:\/\/univet.hu\/en\/wp-json\/wp\/v2\/comments?post=93828"}],"version-history":[{"count":1,"href":"https:\/\/univet.hu\/en\/wp-json\/wp\/v2\/pages\/93828\/revisions"}],"predecessor-version":[{"id":199932,"href":"https:\/\/univet.hu\/en\/wp-json\/wp\/v2\/pages\/93828\/revisions\/199932"}],"up":[{"embeddable":true,"href":"https:\/\/univet.hu\/en\/wp-json\/wp\/v2\/pages\/857"}],"wp:attachment":[{"href":"https:\/\/univet.hu\/en\/wp-json\/wp\/v2\/media?parent=93828"}],"wp:term":[{"taxonomy":"category","embeddable":true,"href":"https:\/\/univet.hu\/en\/wp-json\/wp\/v2\/categories?post=93828"},{"taxonomy":"post_tag","embeddable":true,"href":"https:\/\/univet.hu\/en\/wp-json\/wp\/v2\/tags?post=93828"}],"curies":[{"name":"wp","href":"https:\/\/api.w.org\/{rel}","templated":true}]}}