{"id":939,"date":"2017-06-27T14:26:00","date_gmt":"2017-06-27T12:26:00","guid":{"rendered":"http:\/\/univet.hu\/about-us\/research\/research-teams\/has-szie-large-animal-clinical-research-group\/"},"modified":"2023-06-19T10:51:23","modified_gmt":"2023-06-19T08:51:23","slug":"heterocyclic-chemistry-research-group","status":"publish","type":"page","link":"https:\/\/univet.hu\/en\/research\/research-teams\/heterocyclic-chemistry-research-group\/","title":{"rendered":"Heterocyclic Chemistry Research Group"},"content":{"rendered":"<p><strong>RESEARCH GROUP LEADER:<\/strong> Dr. Zolt\u00e1n VINCZE PhD, associate professor<\/p> <p><strong>CONTACT: <\/strong><a class=\"decrypt\" rel=\"wjod{f\/{pmuboAvojwfu\/iv\" href=\"javascript:void(0);\">[Click to see email]<\/a><\/p> <p>&nbsp;<\/p> <p><strong>MEMBERS:<\/strong><\/p> <p>1) Dr. Tam\u00e1s R\u00f3bert VARGA<\/p> <p>2) Dr. Mih\u00e1ly Viktor PILIPECZ<\/p> <p>3) Anna ALEKSZI-KASZ\u00c1S<\/p> <p>&nbsp;<\/p> <p><strong>RESEARCH TOPIC:<\/strong><\/p> <p>Push-pull enamines, enaminonitriles, nitroenamines, enaminoesters have proved in a number of cases to be valuable starting materials in the synthesis of various biactive N-heterocycles. Due to their great significance the development of new and efficient synthetic routes to this class of compounds might be of strong relevance.<\/p> <p>&nbsp;<\/p> <p><strong>TOP PUBLICATIONS:<\/strong><\/p> <p>1) Pilipecz MV, Varga TR, Kr\u00e1ll P, Vincze Z, Mucsi Z, Demec R, Szab\u00f3 PT, Nemes P: Simple route to new oxadiazaboroles and oxadiazoles via amidoximes, Synthetic Communications 50: 1712-1723 (2020)<\/p> <p>2) Nagy D, Pilipecz MV, Kiss LA, Alekszi-Kasz\u00e1s A, Simon A, Schlosser GZ, Nemes P, Varga TR: Synthesis of 2-aryl-1,2,4-triazol-3-one derivatives from nitroenamines, Synthetic Communications 51: 1956-1962 (2021)<\/p> <p>3) Alekszi-Kasz\u00e1s A, K\u00e4fer-Beke K, Varga TR, B\u00e9nyei A, Kov\u00e1cs T, M\u00e1ndi A, Kurt\u00e1n T, Simon A, and Nemes P: Regio- and Stereoselective Synthesis of Benzoquinolizidines, ChemistrySelect 2022, 7<\/p> <p>4) Aradi, K ; Meszaros, A ; Toth, BL ; Vincze, Z ; Novak, Z :Copper-Catalyzed N-Arylation of Nitroenamines with Diaryliodonium Salts JOURNAL OF ORGANIC CHEMISTRY 82: 22 pp. 11752-11764. , 13 p. (2017)<\/p> <p>&nbsp;<\/p>","protected":false},"excerpt":{"rendered":"<p>RESEARCH GROUP LEADER: Dr. Zolt\u00e1n VINCZE PhD, associate professor CONTACT: [Click to see email] &nbsp; MEMBERS: 1) Dr. Tam\u00e1s R\u00f3bert VARGA 2) Dr. Mih\u00e1ly Viktor PILIPECZ 3) Anna ALEKSZI-KASZ\u00c1S &nbsp; RESEARCH TOPIC: Push-pull enamines, enaminonitriles, nitroenamines, enaminoesters have proved in a number of cases to be valuable starting materials in the synthesis of various biactive<\/p>\n","protected":false},"author":1,"featured_media":0,"parent":869,"menu_order":228,"comment_status":"closed","ping_status":"closed","template":"","meta":{"_acf_changed":false,"footnotes":""},"categories":[],"tags":[],"class_list":["post-939","page","type-page","status-publish","hentry"],"acf":[],"_links":{"self":[{"href":"https:\/\/univet.hu\/en\/wp-json\/wp\/v2\/pages\/939","targetHints":{"allow":["GET"]}}],"collection":[{"href":"https:\/\/univet.hu\/en\/wp-json\/wp\/v2\/pages"}],"about":[{"href":"https:\/\/univet.hu\/en\/wp-json\/wp\/v2\/types\/page"}],"author":[{"embeddable":true,"href":"https:\/\/univet.hu\/en\/wp-json\/wp\/v2\/users\/1"}],"replies":[{"embeddable":true,"href":"https:\/\/univet.hu\/en\/wp-json\/wp\/v2\/comments?post=939"}],"version-history":[{"count":0,"href":"https:\/\/univet.hu\/en\/wp-json\/wp\/v2\/pages\/939\/revisions"}],"up":[{"embeddable":true,"href":"https:\/\/univet.hu\/en\/wp-json\/wp\/v2\/pages\/869"}],"wp:attachment":[{"href":"https:\/\/univet.hu\/en\/wp-json\/wp\/v2\/media?parent=939"}],"wp:term":[{"taxonomy":"category","embeddable":true,"href":"https:\/\/univet.hu\/en\/wp-json\/wp\/v2\/categories?post=939"},{"taxonomy":"post_tag","embeddable":true,"href":"https:\/\/univet.hu\/en\/wp-json\/wp\/v2\/tags?post=939"}],"curies":[{"name":"wp","href":"https:\/\/api.w.org\/{rel}","templated":true}]}}