{"id":94252,"date":"2023-09-15T17:42:09","date_gmt":"2023-09-15T15:42:09","guid":{"rendered":"https:\/\/univet.hu\/?page_id=94252"},"modified":"2026-02-10T04:29:10","modified_gmt":"2026-02-10T03:29:10","slug":"lazar-andras","status":"publish","type":"page","link":"https:\/\/univet.hu\/en\/about\/staff\/lazar-andras\/","title":{"rendered":"L\u00e1z\u00e1r Andr\u00e1s"},"content":{"rendered":"","protected":false},"excerpt":{"rendered":"","protected":false},"author":5824,"featured_media":0,"parent":857,"menu_order":41,"comment_status":"open","ping_status":"open","template":"","meta":{"_acf_changed":false,"footnotes":""},"categories":[],"tags":[],"class_list":["post-94252","page","type-page","status-publish","hentry"],"acf":[],"_links":{"self":[{"href":"https:\/\/univet.hu\/en\/wp-json\/wp\/v2\/pages\/94252","targetHints":{"allow":["GET"]}}],"collection":[{"href":"https:\/\/univet.hu\/en\/wp-json\/wp\/v2\/pages"}],"about":[{"href":"https:\/\/univet.hu\/en\/wp-json\/wp\/v2\/types\/page"}],"author":[{"embeddable":true,"href":"https:\/\/univet.hu\/en\/wp-json\/wp\/v2\/users\/5824"}],"replies":[{"embeddable":true,"href":"https:\/\/univet.hu\/en\/wp-json\/wp\/v2\/comments?post=94252"}],"version-history":[{"count":1,"href":"https:\/\/univet.hu\/en\/wp-json\/wp\/v2\/pages\/94252\/revisions"}],"predecessor-version":[{"id":200007,"href":"https:\/\/univet.hu\/en\/wp-json\/wp\/v2\/pages\/94252\/revisions\/200007"}],"up":[{"embeddable":true,"href":"https:\/\/univet.hu\/en\/wp-json\/wp\/v2\/pages\/857"}],"wp:attachment":[{"href":"https:\/\/univet.hu\/en\/wp-json\/wp\/v2\/media?parent=94252"}],"wp:term":[{"taxonomy":"category","embeddable":true,"href":"https:\/\/univet.hu\/en\/wp-json\/wp\/v2\/categories?post=94252"},{"taxonomy":"post_tag","embeddable":true,"href":"https:\/\/univet.hu\/en\/wp-json\/wp\/v2\/tags?post=94252"}],"curies":[{"name":"wp","href":"https:\/\/api.w.org\/{rel}","templated":true}]}}