{"id":94631,"date":"2023-09-18T09:35:21","date_gmt":"2023-09-18T07:35:21","guid":{"rendered":"https:\/\/univet.hu\/?page_id=94631"},"modified":"2023-09-18T09:41:17","modified_gmt":"2023-09-18T07:41:17","slug":"tanszeki-hirek","status":"publish","type":"page","link":"https:\/\/univet.hu\/en\/about\/units\/department-and-clinic-of-reproduction\/tanszeki-hirek\/","title":{"rendered":"Department news"},"content":{"rendered":"<p>June 2023<\/p> <p>Journal of Hungarian Veterinarians &#8211; Alma Mater<\/p> <p><a href=\"https:\/\/univet.hu\/wp-content\/uploads\/2023\/06\/Alma-Mater_Cseh_L160559.pdf\">Theoretical and practical training program:<\/a>:<\/p> <p>aspiration of mare&#8217;s follicular fluid under ultrasound control<br \/> (Ovum Pick Up, OPU) and in vitro fertilization (IVF) of collected oocytes<\/p> <p>Journal of Hungarian Veterinarians &#8211; Alma Mater<\/p> <p><a href=\"https:\/\/univet.hu\/wp-content\/uploads\/2023\/06\/Besz\u00e1mol\u00f3_Start-Game_Cseh_L160558.pdf\">START GAME \u2013 2 CRYO<\/a>&#8211; Summer School: Animal model experiments applied with gametes<br \/> Assisted Reproductive Technologies, Aldo Moro University, Bari, Italy<\/p> <p>Univet newspaper<\/p> <p>&#8211; The cooperation agreement concluded between the two universities Prof.<br \/> It can be considered the fruit of a several-year research relationship between S\u00e1ndor Cseh and Prof. Giovanni Lacalandra.<\/p> <p>&nbsp;<\/p> <p><a href=\"https:\/\/univet.hu\/wp-content\/uploads\/2023\/06\/agreement2023.pdf\">Cooperation with Aldo Moro University <\/a>&#8211; The cooperation agreement concluded between the two universities Prof.<br \/> It can be considered the fruit of a several-year research relationship between S\u00e1ndor Cseh and Prof. Giovanni Lacalandra.<\/p> <p>&nbsp;<\/p> <p>February 2023<\/p> <p>On February 24-25, 2023, the 1st Hungarian Agricultural Science Doctorate Symposium was held at the University of Debrecen, attended by 4 PhD students of the Department. Three of the doctoral students &#8211; Lilla Bord\u00e1s, dr. M\u00f3nika Bacsa, D\u00f3ra T\u00f6r\u00f6k &#8211; a poster was presented at the symposium, dr. Anna Csepreghy gave a lecture entitled &#8220;The potential predictive value of AMH during assisted reproduction interventions in sheep&#8221;. In the Veterinary and Animal Husbandry Sciences poster subsection, dr. M\u00f3nika Bacsa achieved 1st place.<\/p> <figure id=\"attachment_84295\" aria-describedby=\"caption-attachment-84295\" style=\"width: 240px\" class=\"wp-caption alignnone\"><img loading=\"lazy\" decoding=\"async\" class=\"wp-image-84295 size-medium\" src=\"https:\/\/univet.hu\/wp-content\/uploads\/2023\/03\/received_166718552786618-240x320.jpeg\" alt=\"\" width=\"240\" height=\"320\" srcset=\"https:\/\/univet.hu\/wp-content\/uploads\/2023\/03\/received_166718552786618-240x320.jpeg 240w, https:\/\/univet.hu\/wp-content\/uploads\/2023\/03\/received_166718552786618-768x1024.jpeg 768w, https:\/\/univet.hu\/wp-content\/uploads\/2023\/03\/received_166718552786618-720x960.jpeg 720w, https:\/\/univet.hu\/wp-content\/uploads\/2023\/03\/received_166718552786618.jpeg 1536w\" sizes=\"auto, (max-width: 240px) 100vw, 240px\" \/><figcaption id=\"caption-attachment-84295\" class=\"wp-caption-text\">Bord\u00e1s Lilla, dr. Csepreghy Anna, dr. Bacsa M\u00f3nika, T\u00f6r\u00f6k D\u00f3ra<\/figcaption><\/figure> <p>&nbsp;<\/p> <p><strong>2022. july<\/strong><\/p> <p>ICAR 2022+2 Bologna:\u00a0<a href=\"https:\/\/univet.hu\/wp-content\/uploads\/2022\/07\/ICAR-besz\u00e1mol\u00f3.pdf\">ICAR report<\/a><\/p> <figure id=\"attachment_76944\" aria-describedby=\"caption-attachment-76944\" style=\"width: 240px\" class=\"wp-caption alignnone\"><img loading=\"lazy\" decoding=\"async\" class=\"wp-image-76944 size-medium\" src=\"https:\/\/univet.hu\/wp-content\/uploads\/2022\/07\/VB_2-240x320.jpg\" alt=\"\" width=\"240\" height=\"320\" srcset=\"https:\/\/univet.hu\/wp-content\/uploads\/2022\/07\/VB_2-240x320.jpg 240w, https:\/\/univet.hu\/wp-content\/uploads\/2022\/07\/VB_2-768x1024.jpg 768w, https:\/\/univet.hu\/wp-content\/uploads\/2022\/07\/VB_2-720x960.jpg 720w, https:\/\/univet.hu\/wp-content\/uploads\/2022\/07\/VB_2.jpg 1200w\" sizes=\"auto, (max-width: 240px) 100vw, 240px\" \/><figcaption id=\"caption-attachment-76944\" class=\"wp-caption-text\">Dr. Vincze Bogl\u00e1rka<\/figcaption><\/figure> <figure id=\"attachment_76942\" aria-describedby=\"caption-attachment-76942\" style=\"width: 235px\" class=\"wp-caption alignnone\"><img loading=\"lazy\" decoding=\"async\" class=\"wp-image-76942 size-medium\" src=\"https:\/\/univet.hu\/wp-content\/uploads\/2022\/07\/SB-235x320.jpg\" alt=\"\" width=\"235\" height=\"320\" srcset=\"https:\/\/univet.hu\/wp-content\/uploads\/2022\/07\/SB-235x320.jpg 235w, https:\/\/univet.hu\/wp-content\/uploads\/2022\/07\/SB-768x1045.jpg 768w, https:\/\/univet.hu\/wp-content\/uploads\/2022\/07\/SB-706x960.jpg 706w, https:\/\/univet.hu\/wp-content\/uploads\/2022\/07\/SB.jpg 1176w\" sizes=\"auto, (max-width: 235px) 100vw, 235px\" \/><figcaption id=\"caption-attachment-76942\" class=\"wp-caption-text\">Dr. Somosk\u0151i Bence<\/figcaption><\/figure> <figure id=\"attachment_76943\" aria-describedby=\"caption-attachment-76943\" style=\"width: 240px\" class=\"wp-caption alignnone\"><img loading=\"lazy\" decoding=\"async\" class=\"wp-image-76943 size-medium\" src=\"https:\/\/univet.hu\/wp-content\/uploads\/2022\/07\/TD-240x320.jpg\" alt=\"\" width=\"240\" height=\"320\" srcset=\"https:\/\/univet.hu\/wp-content\/uploads\/2022\/07\/TD-240x320.jpg 240w, https:\/\/univet.hu\/wp-content\/uploads\/2022\/07\/TD-768x1024.jpg 768w, https:\/\/univet.hu\/wp-content\/uploads\/2022\/07\/TD-720x960.jpg 720w, https:\/\/univet.hu\/wp-content\/uploads\/2022\/07\/TD.jpg 1200w\" sizes=\"auto, (max-width: 240px) 100vw, 240px\" \/><figcaption id=\"caption-attachment-76943\" class=\"wp-caption-text\">T\u00f6r\u00f6k D\u00f3ra<\/figcaption><\/figure> <figure id=\"attachment_76938\" aria-describedby=\"caption-attachment-76938\" style=\"width: 240px\" class=\"wp-caption alignnone\"><img loading=\"lazy\" decoding=\"async\" class=\"size-medium wp-image-76938\" src=\"https:\/\/univet.hu\/wp-content\/uploads\/2022\/07\/BL-240x320.jpg\" alt=\"\" width=\"240\" height=\"320\" srcset=\"https:\/\/univet.hu\/wp-content\/uploads\/2022\/07\/BL-240x320.jpg 240w, https:\/\/univet.hu\/wp-content\/uploads\/2022\/07\/BL-768x1024.jpg 768w, https:\/\/univet.hu\/wp-content\/uploads\/2022\/07\/BL-720x960.jpg 720w, https:\/\/univet.hu\/wp-content\/uploads\/2022\/07\/BL.jpg 1200w\" sizes=\"auto, (max-width: 240px) 100vw, 240px\" \/><figcaption id=\"caption-attachment-76938\" class=\"wp-caption-text\">Bord\u00e1s Lilla<\/figcaption><\/figure> <figure id=\"attachment_76939\" aria-describedby=\"caption-attachment-76939\" style=\"width: 320px\" class=\"wp-caption alignnone\"><img loading=\"lazy\" decoding=\"async\" class=\"size-medium wp-image-76939\" src=\"https:\/\/univet.hu\/wp-content\/uploads\/2022\/07\/csop_busz-320x240.jpg\" alt=\"\" width=\"320\" height=\"240\" srcset=\"https:\/\/univet.hu\/wp-content\/uploads\/2022\/07\/csop_busz-320x240.jpg 320w, https:\/\/univet.hu\/wp-content\/uploads\/2022\/07\/csop_busz-768x576.jpg 768w, https:\/\/univet.hu\/wp-content\/uploads\/2022\/07\/csop_busz-960x720.jpg 960w, https:\/\/univet.hu\/wp-content\/uploads\/2022\/07\/csop_busz.jpg 1600w\" sizes=\"auto, (max-width: 320px) 100vw, 320px\" \/><figcaption id=\"caption-attachment-76939\" class=\"wp-caption-text\">ICAR group photo: Somosk\u0151i Bence, Cseh S\u00e1ndor, Bord\u00e1s Lilla, Vincze Bogl\u00e1rka, T\u00f6r\u00f6k D\u00f3ra, R\u00e1tky J\u00f3zsef<\/figcaption><\/figure> <p>&nbsp;<\/p> <figure id=\"attachment_76941\" aria-describedby=\"caption-attachment-76941\" style=\"width: 320px\" class=\"wp-caption alignnone\"><img loading=\"lazy\" decoding=\"async\" class=\"size-medium wp-image-76941\" src=\"https:\/\/univet.hu\/wp-content\/uploads\/2022\/07\/ICAR_csopkep-320x240.jpg\" alt=\"\" width=\"320\" height=\"240\" srcset=\"https:\/\/univet.hu\/wp-content\/uploads\/2022\/07\/ICAR_csopkep-320x240.jpg 320w, https:\/\/univet.hu\/wp-content\/uploads\/2022\/07\/ICAR_csopkep-768x576.jpg 768w, https:\/\/univet.hu\/wp-content\/uploads\/2022\/07\/ICAR_csopkep-960x720.jpg 960w, https:\/\/univet.hu\/wp-content\/uploads\/2022\/07\/ICAR_csopkep.jpg 1037w\" sizes=\"auto, (max-width: 320px) 100vw, 320px\" \/><figcaption id=\"caption-attachment-76941\" class=\"wp-caption-text\">ICAR group ohoto<br \/>R\u00e1tky J\u00f3zsef, Cseh S\u00e1ndor, Somosk\u0151i Bence, T\u00f6r\u00f6k D\u00f3ra, Bord\u00e1s Lilla, Vincze Bogl\u00e1rka<\/figcaption><\/figure> <p><strong>2021. september<\/strong><\/p> <p>Canine sperm freezing training program led by Dr. Bruce Christensen<\/p> <p><a href=\"https:\/\/univet.hu\/wp-content\/uploads\/2021\/11\/676_Alma_Mater.pdf\">676_Alma_Mater<\/a><\/p> <p><strong>2019. september<\/strong><\/p> <p>Training program led by dr Bruce Christensen-<br \/> <a href=\"https:\/\/univet.hu\/wp-content\/uploads\/2019\/10\/TCI.pdf\">endoscopic transcervical insemination in dogs<\/a><\/p> <p><strong>2019. april<\/strong><\/p> <p>A memorial plaque was inaugurated for dr. In memory of J\u00e1nos Haraszti<\/p> <p><a href=\"https:\/\/univet.hu\/wp-content\/uploads\/2019\/05\/Prof.-Haraszti-1.pdf\">Professor Haraszti J\u00e1nos<\/a><\/p> <p><strong>2018. june<\/strong><\/p> <p>The staff of the department bid farewell to the 2018 school year with a garden event in the campus park.<\/p> <p><img loading=\"lazy\" decoding=\"async\" class=\"alignnone size-medium wp-image-32364\" src=\"https:\/\/univet.hu\/wp-content\/uploads\/2019\/01\/Sz\u00fcl.kerti-parti-2018-320x192.jpg\" alt=\"\" width=\"320\" height=\"192\" data-replaced=\"true\" srcset=\"https:\/\/univet.hu\/wp-content\/uploads\/2019\/01\/Sz\u00fcl.kerti-parti-2018-320x192.jpg 320w, https:\/\/univet.hu\/wp-content\/uploads\/2019\/01\/Sz\u00fcl.kerti-parti-2018-768x461.jpg 768w, https:\/\/univet.hu\/wp-content\/uploads\/2019\/01\/Sz\u00fcl.kerti-parti-2018-960x577.jpg 960w\" sizes=\"auto, (max-width: 320px) 100vw, 320px\" \/><\/p>","protected":false},"excerpt":{"rendered":"<p>June 2023 Journal of Hungarian Veterinarians &#8211; Alma Mater Theoretical and practical training program:: aspiration of mare&#8217;s follicular fluid under ultrasound control (Ovum Pick Up, OPU) and in vitro fertilization (IVF) of collected oocytes Journal of Hungarian Veterinarians &#8211; Alma Mater START GAME \u2013 2 CRYO&#8211; Summer School: Animal model experiments applied with gametes Assisted<\/p>\n","protected":false},"author":3837,"featured_media":0,"parent":3383,"menu_order":0,"comment_status":"closed","ping_status":"closed","template":"","meta":{"_acf_changed":false,"footnotes":""},"categories":[],"tags":[],"class_list":["post-94631","page","type-page","status-publish","hentry"],"acf":[],"_links":{"self":[{"href":"https:\/\/univet.hu\/en\/wp-json\/wp\/v2\/pages\/94631","targetHints":{"allow":["GET"]}}],"collection":[{"href":"https:\/\/univet.hu\/en\/wp-json\/wp\/v2\/pages"}],"about":[{"href":"https:\/\/univet.hu\/en\/wp-json\/wp\/v2\/types\/page"}],"author":[{"embeddable":true,"href":"https:\/\/univet.hu\/en\/wp-json\/wp\/v2\/users\/3837"}],"replies":[{"embeddable":true,"href":"https:\/\/univet.hu\/en\/wp-json\/wp\/v2\/comments?post=94631"}],"version-history":[{"count":0,"href":"https:\/\/univet.hu\/en\/wp-json\/wp\/v2\/pages\/94631\/revisions"}],"up":[{"embeddable":true,"href":"https:\/\/univet.hu\/en\/wp-json\/wp\/v2\/pages\/3383"}],"wp:attachment":[{"href":"https:\/\/univet.hu\/en\/wp-json\/wp\/v2\/media?parent=94631"}],"wp:term":[{"taxonomy":"category","embeddable":true,"href":"https:\/\/univet.hu\/en\/wp-json\/wp\/v2\/categories?post=94631"},{"taxonomy":"post_tag","embeddable":true,"href":"https:\/\/univet.hu\/en\/wp-json\/wp\/v2\/tags?post=94631"}],"curies":[{"name":"wp","href":"https:\/\/api.w.org\/{rel}","templated":true}]}}