{"id":953,"date":"2017-06-27T15:56:00","date_gmt":"2017-06-27T13:56:00","guid":{"rendered":"http:\/\/univet.hu\/about-us\/research\/research-teams\/statistical-methodology-research-group\/"},"modified":"2023-06-16T15:37:32","modified_gmt":"2023-06-16T13:37:32","slug":"statistical-methodology-research-group","status":"publish","type":"page","link":"https:\/\/univet.hu\/en\/research\/research-teams\/statistical-methodology-research-group\/","title":{"rendered":"Statistical Methodology Research Group"},"content":{"rendered":"<p><strong>RESEARCH GROUP LEADER:<\/strong> Dr. Andrea HARNOS PhD, associate professor<\/p> <p><strong>CONTACT: <\/strong><a class=\"decrypt\" rel=\"ibsopt\/boesfbAvojwfu\/iv\" href=\"javascript:void(0);\">[Click to see email]<\/a><\/p> <p>&nbsp;<\/p> <p><strong>MEMBERS:<\/strong><\/p> <p>1) Dr. Jen\u0151 REICZIGEL<\/p> <p>2) Dr. Zsolt LANG<\/p> <p>3) P\u00e9ter FEH\u00c9RV\u00c1RI<\/p> <p>4) Zsolt ABONYI-T\u00d3TH<\/p> <p>5) Dr. \u00c1gnes KOV\u00c1CS<\/p> <p>6) P\u00e9ter H\u00c1RSFALVI<\/p> <p>7) Katalin VERES<\/p> <p>&nbsp;<\/p> <p><strong>RESEARCH TOPIC:<\/strong><\/p> <p>Applied statistics, including the development and application of statistical methods in veterinary and medical sciences, parasitology and ecology; classification and regression methods, Bayesian statistics, resampling procedures; examining crowding and diversity; examination of diagnostic procedures, meta-analysis applications and methodological developments.<\/p> <p>&nbsp;<\/p> <p><strong>TOP PUBLICATIONS:<\/strong><\/p> <p>1) Piross, I. S., Siliwal, M., Kumar, R. S., Palatitz, P., Solt, S., Borb\u00e1th, P., &#8230; &amp; Feh\u00e9rv\u00e1ri, P. (2020). Sex interacts with age-dependent change in the abundance of lice-infesting Amur Falcons (Falco amurensis). Parasitology research, 119(8), 2579-2585.<\/p> <p>2) Reiczigel, J., Marozzi, M., F\u00e1bi\u00e1n, I., &amp; R\u00f3zsa, L. (2019). Biostatistics for parasitologists\u2013a primer to quantitative parasitology. Trends in parasitology, 35(4), 277-281.<\/p> <p>3) Egyed, L\u00e1szl\u00f3 ; Nagy, Anna ; Lakos, Andr\u00e1s ; Z\u00f6ldi, Viktor ; Lang, Zsolt Tick\u2010borne encephalitis epidemic in Hungary 1951\u20132021: The story and lessons learned ZOONOSES AND PUBLIC HEALTH (2022)<\/p> <p>4) Meznerics, Fanni Ad\u00e9l ; Ill\u00e9s, Kata ; Dembrovszky, Fanni ; Feh\u00e9rv\u00e1ri, P\u00e9ter ; Kem\u00e9ny, Lajos Vince ; Kov\u00e1cs, Kata Dorottya ; Wikonk\u00e1l, Norbert Mikl\u00f3s ; Csupor, Dezs\u0151 ; Hegyi, P\u00e9ter ; B\u00e1nv\u00f6lgyi, Andr\u00e1s &#x2709; Platelet-Rich Plasma in Alopecia Areata\u2014A Steroid-Free Treatment Modality: A Systematic Review and Meta-Analysis of Randomized Clinical Trials BIOMEDICINES 10 : 8 Paper: 1829 , 11 p. (2022)<\/p> <p>5) Kerek, \u00c1d\u00e1m ; Sasv\u00e1ri, M\u00e1ty\u00e1s ; Jerzsele, \u00c1kos ; Somogyi, Zolt\u00e1n ; Janov\u00e1k, L\u00e1szl\u00f3 ; Abonyi-T\u00f3th, Zsolt ; D\u00e9k\u00e1ny, Imre Photoreactive Coating Material as an Effective and Durable Antimicrobial Composite in Reducing Bacterial Load on Surfaces in Livestock BIOMEDICINES 10 : 9 p. 2312 (2022)<\/p> <p>&nbsp;<\/p>","protected":false},"excerpt":{"rendered":"<p>RESEARCH GROUP LEADER: Dr. Andrea HARNOS PhD, associate professor CONTACT: [Click to see email] &nbsp; MEMBERS: 1) Dr. Jen\u0151 REICZIGEL 2) Dr. Zsolt LANG 3) P\u00e9ter FEH\u00c9RV\u00c1RI 4) Zsolt ABONYI-T\u00d3TH 5) Dr. \u00c1gnes KOV\u00c1CS 6) P\u00e9ter H\u00c1RSFALVI 7) Katalin VERES &nbsp; RESEARCH TOPIC: Applied statistics, including the development and application of statistical methods in veterinary<\/p>\n","protected":false},"author":1,"featured_media":0,"parent":869,"menu_order":228,"comment_status":"closed","ping_status":"closed","template":"","meta":{"_acf_changed":false,"footnotes":""},"categories":[],"tags":[],"class_list":["post-953","page","type-page","status-publish","hentry"],"acf":[],"_links":{"self":[{"href":"https:\/\/univet.hu\/en\/wp-json\/wp\/v2\/pages\/953","targetHints":{"allow":["GET"]}}],"collection":[{"href":"https:\/\/univet.hu\/en\/wp-json\/wp\/v2\/pages"}],"about":[{"href":"https:\/\/univet.hu\/en\/wp-json\/wp\/v2\/types\/page"}],"author":[{"embeddable":true,"href":"https:\/\/univet.hu\/en\/wp-json\/wp\/v2\/users\/1"}],"replies":[{"embeddable":true,"href":"https:\/\/univet.hu\/en\/wp-json\/wp\/v2\/comments?post=953"}],"version-history":[{"count":0,"href":"https:\/\/univet.hu\/en\/wp-json\/wp\/v2\/pages\/953\/revisions"}],"up":[{"embeddable":true,"href":"https:\/\/univet.hu\/en\/wp-json\/wp\/v2\/pages\/869"}],"wp:attachment":[{"href":"https:\/\/univet.hu\/en\/wp-json\/wp\/v2\/media?parent=953"}],"wp:term":[{"taxonomy":"category","embeddable":true,"href":"https:\/\/univet.hu\/en\/wp-json\/wp\/v2\/categories?post=953"},{"taxonomy":"post_tag","embeddable":true,"href":"https:\/\/univet.hu\/en\/wp-json\/wp\/v2\/tags?post=953"}],"curies":[{"name":"wp","href":"https:\/\/api.w.org\/{rel}","templated":true}]}}