{"id":955,"date":"2017-06-27T15:58:00","date_gmt":"2017-06-27T13:58:00","guid":{"rendered":"http:\/\/univet.hu\/about-us\/research\/research-teams\/applied-animal-nutrition-research-group\/"},"modified":"2023-06-16T11:14:17","modified_gmt":"2023-06-16T09:14:17","slug":"applied-animal-nutrition-research-group","status":"publish","type":"page","link":"https:\/\/univet.hu\/en\/research\/research-teams\/applied-animal-nutrition-research-group\/","title":{"rendered":"Applied Animal Nutrition Research Group"},"content":{"rendered":"<p><strong>RESEARCH GROUP LEADER:<\/strong> Dr. Istv\u00e1n HULL\u00c1R C.Sc, associate professor<\/p> <p><strong>CONTACT:<\/strong> <a class=\"decrypt\" rel=\"ivmmbs\/jtuwboAvojwfu\/iv\" href=\"javascript:void(0);\">[Click to see email]<\/a><\/p> <p>&nbsp;<\/p> <p><strong>MEMBERS:<\/strong><\/p> <p>1) Dr. Orsolya KORBACSKA-KUTASI<\/p> <p>2) Dr. \u00c9va CENKV\u00c1RI<\/p> <p>3) Dr. Andr\u00e1s BERS\u00c9NYI<\/p> <p>4) Dr. Nikoletta HET\u00c9NYI<\/p> <p>5) Dr. Let\u00edcia MORAVSZKI<\/p> <p>6) Judit KRIZS\u00c1N<\/p> <p>7) Dr. Orsolya FEH\u00c9R<\/p> <p>8) Dr. Kinga JO\u00d3<\/p> <p>&nbsp;<\/p> <p><strong>RESEARCH TOPIC:<\/strong><\/p> <p>1) Nutrition related dieses, and dietetics of horses, efficiency of dietary supplements.<\/p> <p>2) West Nile virus diseases in horses: epidemiology, diagnosis, clinical aspects, immunology.<\/p> <p>3) Consciousness of dog owners and veterinarians. Nutrient density and microbiological contamination of dog foods.<\/p> <p>4) Possible use of insect protein sources in feeds of poultries and ruminants.<\/p> <p>5) Regulation of methane production in ruminants: nutritional alternatives.<\/p> <p>6) Determination of nutrient requirements of tortoises.<\/p> <p>7) Effects of different feeds on growth rate, survival, and nutrient content of insects.<\/p> <p>8) Possible use of insects in the animal nutrition.<\/p> <p>9) Effects of different monosaccharides in laboratory rats: production parameters, fat metabolism, and immune response.<\/p> <p>&nbsp;<\/p> <p><strong>TOP PUBLICATIONS:<\/strong><\/p> <p>1) Feh\u00e9r, Orsolya Eszter ; Feh\u00e9rv\u00e1ri, P\u00e9ter ; Tolnai, Csenge Hanna ; Forg\u00e1ch, Petra ; Malik, P\u00e9ter ; Jerzsele, \u00c1kos; Wagenhoffer, Zsombor ; Szenci, Otto ; Korbacska-Kutasi, Orsolya Epidemiology and Clinical Manifestation of West Nile Virus Infections of Equines in Hungary, 2007\u20132020 VIRUSES 14 : 11 Paper: 2551 , 15 p. (2022)<\/p> <p>2) Jessika-M V Cavalleri , Orsolya Korbacska-Kutasi, Agn\u00e8s Leblond , Romain Paillot, Nicola Pusterla, Eike Steinmann , Joy Tomlinson. J Vet Intern Med: European College of Equine Internal Medicine consensus statement on equine flaviviridae infections in Europe.<\/p> <p>3) Jo\u00f3, Kinga ; Pov\u00e1zsai, \u00c1gnes ; Nyerges-Boh\u00e1k, Zs\u00f3fia ; Szenci, Ott\u00f3 ; Kutasi, Orsolya Asthmatic Disease as an Underlying Cause of Dorsal Displacement of the Soft Palate in Horses JOURNAL OF EQUINE VETERINARY SCIENCE 96 Paper: 103308 , 5 p. (2021)<\/p> <p>4) K\u00f3sa, Csaba Attila ; Nagy, Krisztina ; Szenci, Ott\u00f3 ; Baska-Vincze, Bogl\u00e1rka ; Andr\u00e1sofszky, Emese ; Sz\u00e9p, R\u00f3bert ; Keresztesi, \u00c1gnes ; Mircean, Mircea ; Taulescu, Marian ; Kutasi, Orsolya The role of selenium and vitamin E in a Transylvanian enzootic equine recurrent rhabdomyolysis syndrome ACTA VETERINARIA HUNGARICA 69 : 3 pp. 256-265. , 10 p. (2021)<\/p> <p>5) Feh\u00e9r, Orsolya ; Bakonyi, Tam\u00e1s ; Barna, M\u00f3nika ; Nagy, Anna ; Tak\u00e1cs, M\u00e1ria ; Szenci, Ott\u00f3 ; Jo\u00f3, Kinga ; S\u00e1rdi, S\u00e1ra ; Korbacska-Kutasi, Orsolya Serum neutralising antibody titres against a lineage 2 neuroinvasive West Nile Virus strain in response to vaccination with an inactivated lineage 1 vaccine in a European endemic area VETERINARY IMMUNOLOGY AND IMMUNOPATHOLOGY 227 Paper: 110087 (2020)<\/p>","protected":false},"excerpt":{"rendered":"<p>RESEARCH GROUP LEADER: Dr. Istv\u00e1n HULL\u00c1R C.Sc, associate professor CONTACT: [Click to see email] &nbsp; MEMBERS: 1) Dr. Orsolya KORBACSKA-KUTASI 2) Dr. \u00c9va CENKV\u00c1RI 3) Dr. Andr\u00e1s BERS\u00c9NYI 4) Dr. Nikoletta HET\u00c9NYI 5) Dr. Let\u00edcia MORAVSZKI 6) Judit KRIZS\u00c1N 7) Dr. Orsolya FEH\u00c9R 8) Dr. Kinga JO\u00d3 &nbsp; RESEARCH TOPIC: 1) Nutrition related dieses, and<\/p>\n","protected":false},"author":1,"featured_media":0,"parent":869,"menu_order":228,"comment_status":"closed","ping_status":"closed","template":"","meta":{"_acf_changed":false,"footnotes":""},"categories":[],"tags":[],"class_list":["post-955","page","type-page","status-publish","hentry"],"acf":[],"_links":{"self":[{"href":"https:\/\/univet.hu\/en\/wp-json\/wp\/v2\/pages\/955","targetHints":{"allow":["GET"]}}],"collection":[{"href":"https:\/\/univet.hu\/en\/wp-json\/wp\/v2\/pages"}],"about":[{"href":"https:\/\/univet.hu\/en\/wp-json\/wp\/v2\/types\/page"}],"author":[{"embeddable":true,"href":"https:\/\/univet.hu\/en\/wp-json\/wp\/v2\/users\/1"}],"replies":[{"embeddable":true,"href":"https:\/\/univet.hu\/en\/wp-json\/wp\/v2\/comments?post=955"}],"version-history":[{"count":0,"href":"https:\/\/univet.hu\/en\/wp-json\/wp\/v2\/pages\/955\/revisions"}],"up":[{"embeddable":true,"href":"https:\/\/univet.hu\/en\/wp-json\/wp\/v2\/pages\/869"}],"wp:attachment":[{"href":"https:\/\/univet.hu\/en\/wp-json\/wp\/v2\/media?parent=955"}],"wp:term":[{"taxonomy":"category","embeddable":true,"href":"https:\/\/univet.hu\/en\/wp-json\/wp\/v2\/categories?post=955"},{"taxonomy":"post_tag","embeddable":true,"href":"https:\/\/univet.hu\/en\/wp-json\/wp\/v2\/tags?post=955"}],"curies":[{"name":"wp","href":"https:\/\/api.w.org\/{rel}","templated":true}]}}