{"id":98136,"date":"2018-09-23T11:55:43","date_gmt":"2018-09-23T09:55:43","guid":{"rendered":"https:\/\/univet.hu\/biologia\/"},"modified":"2024-01-26T16:19:04","modified_gmt":"2024-01-26T15:19:04","slug":"biology","status":"publish","type":"page","link":"https:\/\/univet.hu\/en\/biology\/","title":{"rendered":"Biol\u00f3giai Int\u00e9zet"},"content":{"rendered":"<h2><strong>Introduction<\/strong><\/h2> <p>The Institute of Biology and its Department of Ecology are the center of university biologist training; the biology subjects<\/p> <p>half are taught by the staff of the institute\/department. A comprehensive course on the subjects of the biologist training and within it the Department of Ecology<\/p> <p>description can be downloaded <a href=\"https:\/\/univet.hu\/wp-content\/uploads\/2018\/09\/KKK.pdf\">here<\/a>. Other information about the biologist training can be found at <a href=\"https:\/\/univet.hu\/hu\/biologia\/\">https:\/\/univet.hu\/hu\/biologia\/<\/a>.<\/p> <h2><\/h2> <h2>History of the Department<\/h2> <div> <p>Brief history of Institute of Zoology\/Biology and the zoology\/biology training programs.<\/p> <p>1993: Comittee for Preparing Zoology Training at the University of Veterinary Science is<br \/> formed (secretary: Dr. B\u00e9la \u00c9li\u00e1s).<br \/> 1994: Establishment of the Zoology Centre (director: Dr. B\u00e9la \u00c9li\u00e1s) at the Rottenbiller<br \/> street campus.<br \/> Start of the zoology training program with 16 students.<\/p> <p>1994 -1999: 3+2-year applied zoology training program<br \/> 1997: Zoology Centre changes to Institute of Zoology (director: Dr. B\u00e9la \u00c9li\u00e1s).<br \/> 1997: Establishment of Department of Ecology (head of department: dr. Erzs\u00e9bet Hornung).<br \/> 1999 -2009: 5-year zoology training program<br \/> 2006: Accreditation and establishment of the undergraduate biology BSc course based on the Bologna Process.<br \/> 2009: Accreditation and start of biology MSc course based on the Bologna Process.<br \/> 2009: Name of the institute changes to Intstitue for Biology<\/p> <\/div>","protected":false},"excerpt":{"rendered":"<p>Introduction The Institute of Biology and its Department of Ecology are the center of university biologist training; the biology subjects half are taught by the staff of the institute\/department. A comprehensive course on the subjects of the biologist training and within it the Department of Ecology description can be downloaded here. Other information about the<\/p>\n","protected":false},"author":1,"featured_media":0,"parent":0,"menu_order":115,"comment_status":"closed","ping_status":"closed","template":"page-templates\/homepage.php","meta":{"_acf_changed":false,"footnotes":""},"categories":[],"tags":[],"class_list":["post-98136","page","type-page","status-publish","hentry"],"acf":[],"_links":{"self":[{"href":"https:\/\/univet.hu\/en\/wp-json\/wp\/v2\/pages\/98136","targetHints":{"allow":["GET"]}}],"collection":[{"href":"https:\/\/univet.hu\/en\/wp-json\/wp\/v2\/pages"}],"about":[{"href":"https:\/\/univet.hu\/en\/wp-json\/wp\/v2\/types\/page"}],"author":[{"embeddable":true,"href":"https:\/\/univet.hu\/en\/wp-json\/wp\/v2\/users\/1"}],"replies":[{"embeddable":true,"href":"https:\/\/univet.hu\/en\/wp-json\/wp\/v2\/comments?post=98136"}],"version-history":[{"count":0,"href":"https:\/\/univet.hu\/en\/wp-json\/wp\/v2\/pages\/98136\/revisions"}],"wp:attachment":[{"href":"https:\/\/univet.hu\/en\/wp-json\/wp\/v2\/media?parent=98136"}],"wp:term":[{"taxonomy":"category","embeddable":true,"href":"https:\/\/univet.hu\/en\/wp-json\/wp\/v2\/categories?post=98136"},{"taxonomy":"post_tag","embeddable":true,"href":"https:\/\/univet.hu\/en\/wp-json\/wp\/v2\/tags?post=98136"}],"curies":[{"name":"wp","href":"https:\/\/api.w.org\/{rel}","templated":true}]}}