{"id":98145,"date":"2018-09-23T11:59:14","date_gmt":"2018-09-23T09:59:14","guid":{"rendered":"https:\/\/univet.hu\/biology\/szervezeti-egysegek\/"},"modified":"2026-03-30T12:54:49","modified_gmt":"2026-03-30T10:54:49","slug":"szervezeti-egysegek-bi","status":"publish","type":"page","link":"https:\/\/univet.hu\/en\/biology\/szervezeti-egysegek-bi\/","title":{"rendered":"Szervezeti egys\u00e9gek (Biol\u00f3giai Int\u00e9zet)"},"content":{"rendered":"<p>Biol\u00f3giai Int\u00e9zet:<br \/> Zootaxon\u00f3miai K\u00fcls\u0151 Tansz\u00e9k: <a href=\"http:\/\/nhmus.hu\" target=\"_blank\" rel=\"noopener\" data-replaced=\"true\">Magyar Term\u00e9szettudom\u00e1nyi M\u00fazeum<\/a><br \/> Limnol\u00f3giai K\u00fcls\u0151 Tansz\u00e9k: <a href=\"https:\/\/www.blki.hu\" target=\"_blank\" rel=\"noopener\" data-replaced=\"true\">HUN-REN Balatoni Limnol\u00f3giai Kutat\u00f3int\u00e9zet<\/a><br \/> Funcion\u00e1lis \u00d6kol\u00f3giai K\u00fcls\u0151 Tansz\u00e9k: <a href=\"https:\/\/ecolres.hu\/intezetek\/okologiai-es-botanikai-kutatointezet\/\" target=\"_blank\" rel=\"noopener\" data-replaced=\"true\">HUN-REN \u00d6kol\u00f3giai Kutat\u00f3K\u00f6zpont, \u00d6kol\u00f3giai \u00e9s Botanikai Int\u00e9zet<\/a><br \/> <a href=\"https:\/\/univet.hu\/hu\/egyetem\/szervezeti-egysegek\/zoologiai-tanszek\/\" target=\"_blank\" rel=\"noopener\" data-replaced=\"true\">Zool\u00f3giai Tansz\u00e9k<\/a><\/p>","protected":false},"excerpt":{"rendered":"<p>Biol\u00f3giai Int\u00e9zet: Zootaxon\u00f3miai K\u00fcls\u0151 Tansz\u00e9k: Magyar Term\u00e9szettudom\u00e1nyi M\u00fazeum Limnol\u00f3giai K\u00fcls\u0151 Tansz\u00e9k: HUN-REN Balatoni Limnol\u00f3giai Kutat\u00f3int\u00e9zet Funcion\u00e1lis \u00d6kol\u00f3giai K\u00fcls\u0151 Tansz\u00e9k: HUN-REN \u00d6kol\u00f3giai Kutat\u00f3K\u00f6zpont, \u00d6kol\u00f3giai \u00e9s Botanikai Int\u00e9zet Zool\u00f3giai Tansz\u00e9k<\/p>\n","protected":false},"author":1,"featured_media":0,"parent":98136,"menu_order":133,"comment_status":"closed","ping_status":"closed","template":"","meta":{"_acf_changed":false,"footnotes":""},"categories":[],"tags":[],"class_list":["post-98145","page","type-page","status-publish","hentry"],"acf":[],"_links":{"self":[{"href":"https:\/\/univet.hu\/en\/wp-json\/wp\/v2\/pages\/98145","targetHints":{"allow":["GET"]}}],"collection":[{"href":"https:\/\/univet.hu\/en\/wp-json\/wp\/v2\/pages"}],"about":[{"href":"https:\/\/univet.hu\/en\/wp-json\/wp\/v2\/types\/page"}],"author":[{"embeddable":true,"href":"https:\/\/univet.hu\/en\/wp-json\/wp\/v2\/users\/1"}],"replies":[{"embeddable":true,"href":"https:\/\/univet.hu\/en\/wp-json\/wp\/v2\/comments?post=98145"}],"version-history":[{"count":2,"href":"https:\/\/univet.hu\/en\/wp-json\/wp\/v2\/pages\/98145\/revisions"}],"predecessor-version":[{"id":204514,"href":"https:\/\/univet.hu\/en\/wp-json\/wp\/v2\/pages\/98145\/revisions\/204514"}],"up":[{"embeddable":true,"href":"https:\/\/univet.hu\/en\/wp-json\/wp\/v2\/pages\/98136"}],"wp:attachment":[{"href":"https:\/\/univet.hu\/en\/wp-json\/wp\/v2\/media?parent=98145"}],"wp:term":[{"taxonomy":"category","embeddable":true,"href":"https:\/\/univet.hu\/en\/wp-json\/wp\/v2\/categories?post=98145"},{"taxonomy":"post_tag","embeddable":true,"href":"https:\/\/univet.hu\/en\/wp-json\/wp\/v2\/tags?post=98145"}],"curies":[{"name":"wp","href":"https:\/\/api.w.org\/{rel}","templated":true}]}}