{"id":98567,"date":"2024-02-13T09:56:33","date_gmt":"2024-02-13T08:56:33","guid":{"rendered":"https:\/\/univet.hu\/?page_id=98567"},"modified":"2026-02-10T04:25:39","modified_gmt":"2026-02-10T03:25:39","slug":"dr-erdelyi-karoly","status":"publish","type":"page","link":"https:\/\/univet.hu\/en\/about\/staff\/dr-erdelyi-karoly\/","title":{"rendered":"Erd\u00e9lyi K\u00e1roly"},"content":{"rendered":"<p>Introduction<\/p> <p>&nbsp;<\/p> <p>Dr. K\u00e1roly Erd\u00e9lyi received his diploma from the University of Veterinary Medicine in 1997. After graduation, he started working at the National Institute of Animal Health, where he acquired a wide range of methodological knowledge, primarily related to the diagnostic examinations of wild animals. In addition to the application of pathology, microbiology, parasitology and molecular diagnostics in wildlife health, he also used this extensive knowledge as the Head of Quality Management of the successor N\u00c9BIH \u00c1DI (2009-2015). In addition, he headed the Laboratory of Mammalian, Game and Poultry Diseases of N\u00c9BIH \u00c1DI for ten years (2011-2021) and performed wildlife health diagnostics.<\/p> <p>He obtained his MSc degree in Game biology and wildlife management from the G\u00f6d\u00f6ll\u0151 University of Agricultural Sciences in 1999, and defended his doctoral degree in 2010 at Szent Istv\u00e1n University with the title \u201cFibropapillomatosis of Roe Deer (Capreolus capreolus) in Hungary\u201d.<\/p> <p>Also in 2010, he became a member of the European College of Zoological Medicine and an EBVS&#x2122; European Veterinary Specialist in Wildlife Population Health.<\/p> <p>The University of Veterinary Medicine awarded him the title of Honorary University Professor in 2019.<\/p> <p>Since June 2021, he has been a senior research fellow at the Veterinary Research Institute and since February 2023, he is leading the Disease Ecology and Wildlife Health research group of the HUN-REN Veterinary Medical Research Institute.<\/p> <p>He works as a research associate at the Department of Epidemiology and Microbiology of the University of Veterinary Medicine from September 1, 2023.<\/p> <p>&nbsp;<\/p> <p>Main research areas:<\/p> <p>\u2022 Wildlife diseases, pathogens and parasites of zoonotic, animal health, game management and nature conservation importance<\/p> <p>\u2022 Investigation of vector-borne pathogens, primary focus on Flaviviruses of zoonotic importance (West Nile virus, Usutu virus, \u2026)<\/p> <p>\u2022 Epidemiological role and health impacts of invasive species \u2013 e.g. Arthropod vectors<\/p> <p>\u2022 Development of diagnostic methods<\/p> <p>&nbsp;<\/p> <p>Professional organization membership<\/p> <p>Hungarian Society of Parasitologists since 1999<\/p> <p>Wildlife Disease Association (WDA \u2013 EWDA) since 2000 (on EWDA board: 2006 \u2013 2018)<\/p> <p>Hungarian Association of Wildlife and Zoo Veterinarians (founding member) since 2003<\/p> <p>IUCN &#8211; Wildlife Health Specialist Group since 2004<\/p> <p>Hungarian Zoonosis Society \u2013 board member since 2020<\/p> <p>Hungarian Academy of Sciences &#8211; Veterinary Scientific Committee &#8211; since 2021<\/p> <p>&nbsp;<\/p> <p>Progress<\/p> <p>2023 \u2013 Head of the Disease Ecology and Wildlife Health Research Group HUN-REN Veterinary Research Institute, Budapest<\/p> <p>2023 \u2013 2024 Research Fellow, Department of Epidemiology and Microbiology, University of Veterinary Medicine, Budapest<\/p> <p>2021 \u2013 Senior Research Fellow, Veterinary Research Institute, Budapest<\/p> <p>2011 \u2013 2021 Head of the Laboratory of Mammalian, Game and Poultry Diseases, Veterinary Diagnostic Directorate, N\u00c9BIH, Budapest<\/p> <p>2009 \u2013 2015 Head of Quality Management, Veterinary Diagnostic Directorate, National Food Chain Safety Office, Budapest<\/p> <p>2005 &#8211; 2011 Laboratory Veterinarian, Department of Mammalian Pathology and Wildlife Diseases, Veterinary Diagnostic Directorate, Agricultural Administrative Office, Budapest<\/p> <p>1997 &#8211; 2005 Laboratory veterinarian National Institute of Animal Health, Department of Wildlife Diseases and Parasitology, Budapest<\/p> <p>1996 &#8211; 1997 Veterinary trainee, Animal Health and Food Inspection department, Budapest<\/p>","protected":false},"excerpt":{"rendered":"<p>Introduction &nbsp; Dr. K\u00e1roly Erd\u00e9lyi received his diploma from the University of Veterinary Medicine in 1997. After graduation, he started working at the National Institute of Animal Health, where he acquired a wide range of methodological knowledge, primarily related to the diagnostic examinations of wild animals. In addition to the application of pathology, microbiology, parasitology<\/p>\n","protected":false},"author":5824,"featured_media":0,"parent":857,"menu_order":0,"comment_status":"open","ping_status":"open","template":"","meta":{"_acf_changed":false,"footnotes":""},"categories":[],"tags":[],"class_list":["post-98567","page","type-page","status-publish","hentry"],"acf":[],"_links":{"self":[{"href":"https:\/\/univet.hu\/en\/wp-json\/wp\/v2\/pages\/98567","targetHints":{"allow":["GET"]}}],"collection":[{"href":"https:\/\/univet.hu\/en\/wp-json\/wp\/v2\/pages"}],"about":[{"href":"https:\/\/univet.hu\/en\/wp-json\/wp\/v2\/types\/page"}],"author":[{"embeddable":true,"href":"https:\/\/univet.hu\/en\/wp-json\/wp\/v2\/users\/5824"}],"replies":[{"embeddable":true,"href":"https:\/\/univet.hu\/en\/wp-json\/wp\/v2\/comments?post=98567"}],"version-history":[{"count":3,"href":"https:\/\/univet.hu\/en\/wp-json\/wp\/v2\/pages\/98567\/revisions"}],"predecessor-version":[{"id":199760,"href":"https:\/\/univet.hu\/en\/wp-json\/wp\/v2\/pages\/98567\/revisions\/199760"}],"up":[{"embeddable":true,"href":"https:\/\/univet.hu\/en\/wp-json\/wp\/v2\/pages\/857"}],"wp:attachment":[{"href":"https:\/\/univet.hu\/en\/wp-json\/wp\/v2\/media?parent=98567"}],"wp:term":[{"taxonomy":"category","embeddable":true,"href":"https:\/\/univet.hu\/en\/wp-json\/wp\/v2\/categories?post=98567"},{"taxonomy":"post_tag","embeddable":true,"href":"https:\/\/univet.hu\/en\/wp-json\/wp\/v2\/tags?post=98567"}],"curies":[{"name":"wp","href":"https:\/\/api.w.org\/{rel}","templated":true}]}}