{"id":98584,"date":"2024-02-13T10:18:57","date_gmt":"2024-02-13T09:18:57","guid":{"rendered":"https:\/\/univet.hu\/?page_id=98584"},"modified":"2026-04-01T09:53:30","modified_gmt":"2026-04-01T07:53:30","slug":"kaszab-eszter","status":"publish","type":"page","link":"https:\/\/univet.hu\/en\/about\/staff\/kaszab-eszter\/","title":{"rendered":"Kaszab Eszter"},"content":{"rendered":"<p>Dr. Eszter Kaszab obtained her MSc degree in Biology with Molecular-, Immune- and Microbiology specizalization in 2016 from E\u00f6tv\u00f6s Lor\u00e1nd University. She was awarded her PhD degree in 2021 by the University of Veterinary Medicine Budapest, where she conducted her virological research within the \u201cPathogen Discovery\u201d research group at the Veterinary Medical Research Institute. Following the completion of her doctoral studies, she continued her work as a research fellow until 2024. Since 2024, she has been serving as a research fellow at the Department of Microbiology and Infectious Diseases, University of Veterinary Medicine Budapest, where her work is carried out within the Sequencing Laboratory.<\/p> <p>Her research is primarily focused on the advancement and application of high-throughput sequencing technologies (including Illumina, MGI, and Oxford Nanopore platforms), alongside the development of bioinformatics methodologies in the fields of bacterial and viral genomics and metagenomics. In addition, her work encompasses the design, implementation, and optimization of diagnostic systems.<\/p> <p>&nbsp;<\/p> <p><strong>Progress<\/strong><\/p> <p>2016\u20132024\u2003Veterinary Medical Research Institute \u2013 PhD candidate, subsequently Research Fellow<\/p> <p>From 2024\u2003University of Veterinary Medicine Budapest, Department of Microbiology and Infectious Diseases \u2013 Research Fellow<\/p> <p><strong>Professional organization membership<\/strong><\/p> <p>Hungarian Society for Microbiology \u2013 Member, since 2018<br \/> Hungarian Bioinformatics Society \u2013 Member, since 2017<\/p> <p><strong>Publication list<br \/> <\/strong>MTMT Author ID: 10060129<br \/> <a href=\"https:\/\/m2.mtmt.hu\/api\/author\/10060129\">https:\/\/m2.mtmt.hu\/api\/author\/10060129<\/a><\/p>","protected":false},"excerpt":{"rendered":"<p>Dr. Eszter Kaszab obtained her MSc degree in Biology with Molecular-, Immune- and Microbiology specizalization in 2016 from E\u00f6tv\u00f6s Lor\u00e1nd University. She was awarded her PhD degree in 2021 by the University of Veterinary Medicine Budapest, where she conducted her virological research within the \u201cPathogen Discovery\u201d research group at the Veterinary Medical Research Institute. Following<\/p>\n","protected":false},"author":5824,"featured_media":0,"parent":857,"menu_order":0,"comment_status":"open","ping_status":"open","template":"","meta":{"_acf_changed":false,"footnotes":""},"categories":[],"tags":[],"class_list":["post-98584","page","type-page","status-publish","hentry"],"acf":[],"_links":{"self":[{"href":"https:\/\/univet.hu\/en\/wp-json\/wp\/v2\/pages\/98584","targetHints":{"allow":["GET"]}}],"collection":[{"href":"https:\/\/univet.hu\/en\/wp-json\/wp\/v2\/pages"}],"about":[{"href":"https:\/\/univet.hu\/en\/wp-json\/wp\/v2\/types\/page"}],"author":[{"embeddable":true,"href":"https:\/\/univet.hu\/en\/wp-json\/wp\/v2\/users\/5824"}],"replies":[{"embeddable":true,"href":"https:\/\/univet.hu\/en\/wp-json\/wp\/v2\/comments?post=98584"}],"version-history":[{"count":4,"href":"https:\/\/univet.hu\/en\/wp-json\/wp\/v2\/pages\/98584\/revisions"}],"predecessor-version":[{"id":204659,"href":"https:\/\/univet.hu\/en\/wp-json\/wp\/v2\/pages\/98584\/revisions\/204659"}],"up":[{"embeddable":true,"href":"https:\/\/univet.hu\/en\/wp-json\/wp\/v2\/pages\/857"}],"wp:attachment":[{"href":"https:\/\/univet.hu\/en\/wp-json\/wp\/v2\/media?parent=98584"}],"wp:term":[{"taxonomy":"category","embeddable":true,"href":"https:\/\/univet.hu\/en\/wp-json\/wp\/v2\/categories?post=98584"},{"taxonomy":"post_tag","embeddable":true,"href":"https:\/\/univet.hu\/en\/wp-json\/wp\/v2\/tags?post=98584"}],"curies":[{"name":"wp","href":"https:\/\/api.w.org\/{rel}","templated":true}]}}