{"id":98987,"date":"2024-02-26T16:13:52","date_gmt":"2024-02-26T15:13:52","guid":{"rendered":"https:\/\/univet.hu\/dr-schilling-toth-boglarka-maria\/"},"modified":"2026-02-24T10:32:41","modified_gmt":"2026-02-24T09:32:41","slug":"dr-schilling-toth-boglarka-maria","status":"publish","type":"page","link":"https:\/\/univet.hu\/en\/about\/staff\/dr-schilling-toth-boglarka-maria\/","title":{"rendered":"Schilling-T\u00f3th Bogl\u00e1rka M\u00e1ria"},"content":{"rendered":"<p><strong>Intruduction<\/strong><\/p> <p>I was born in Budapest and completed my high school studies at the Szent Istv\u00e1n High School in Esztergom. I studied and graduated as a molecular biologist at the Faculty of Natural Sciences of E\u00f6tv\u00f6s L\u00f3r\u00e1nd University. After graduation, I worked at the National Radiobiology and Radiationhygieni Research Institute, in the Department of Molecular Radiobiology. My PhD theme was based on the research completed here, which I defended as a student at the Doctoral School of Pathology at Semmelweis University in 2016. After that, I worked as a postdoctoral fellow at the Institute of Pharmacology and Pharmacotherapy of Semmelweis University, and from 2019 I participated in the work of the Department of Immunology at the Faculty of Natural Sciences of E\u00f6tv\u00f6s L\u00f3r\u00e1nd University as an MSc lecturer, educational organizer and researcher.<\/p> <p>&nbsp;<\/p> <h2><strong>Research areas<\/strong><\/h2> <p>Examination of the non-targeted effects of ionizing radiation<\/p> <p>Tests for the detection of neutralizing antibodies to SARS CoV2 virus infection<\/p> <p>&nbsp;<\/p> <p>&nbsp;<\/p> <table> <tbody> <tr> <td width=\"201\">Jobs<\/td> <td width=\"201\">Name of institution<\/td> <td width=\"201\">Position<\/td> <\/tr> <tr> <td width=\"201\">2024-<\/td> <td width=\"201\">University of Veterinary Medicine, Department of Physiology and Biochemistry University<\/td> <td width=\"201\">Senior lecturer<\/td> <\/tr> <tr> <td width=\"201\">2019-2023<\/td> <td width=\"201\">E\u00f6tv\u00f6s L\u00f3r\u00e1nd University Department of Immunology<\/td> <td width=\"201\"> <p>Master Lecturer,<\/p> <p>Research fellow<\/td> <\/tr> <tr> <td width=\"201\">2022-2023<\/td> <td width=\"201\">FIEK Microbiological Diagnostic Laboratory<\/td> <td width=\"201\">Vice-Head of Laboratory<\/td> <\/tr> <tr> <td width=\"201\">2019<\/td> <td width=\"201\">Semmelweis University Institute of Pharmacology and Pharmacotherapy<\/td> <td width=\"201\">Research fellow<\/td> <\/tr> <tr> <td width=\"201\">2008-2018<\/td> <td width=\"201\">National Institute of Radiation Biology and RadiationHygienie<\/td> <td width=\"201\"> <p>Research Fellow<\/p> <p>&nbsp;<\/td> <\/tr> <\/tbody> <\/table> <p>&nbsp;<\/p> <p><strong>Professional Membership:<\/strong><\/p> <p>Hungarian Biophysical Society<\/p> <p>International Society for Extracellular Vesicles<\/p> <p>&nbsp;<\/p> <p>Scientific publications:<\/p> <p><a href=\"https:\/\/m2.mtmt.hu\/gui2\/?type=authors&amp;mode=browse&amp;sel=10028984&amp;view=simpleList\">Schilling-T\u00f3th Bogl\u00e1rka (Molekul\u00e1ris biol\u00f3gia) (MTMT)<\/a><\/p>","protected":false},"excerpt":{"rendered":"<p>Intruduction I was born in Budapest and completed my high school studies at the Szent Istv\u00e1n High School in Esztergom. I studied and graduated as a molecular biologist at the Faculty of Natural Sciences of E\u00f6tv\u00f6s L\u00f3r\u00e1nd University. After graduation, I worked at the National Radiobiology and Radiationhygieni Research Institute, in the Department of Molecular<\/p>\n","protected":false},"author":5824,"featured_media":0,"parent":857,"menu_order":211,"comment_status":"closed","ping_status":"closed","template":"","meta":{"_acf_changed":false,"footnotes":""},"categories":[19],"tags":[],"class_list":["post-98987","page","type-page","status-publish","hentry","category-staff"],"acf":[],"_links":{"self":[{"href":"https:\/\/univet.hu\/en\/wp-json\/wp\/v2\/pages\/98987","targetHints":{"allow":["GET"]}}],"collection":[{"href":"https:\/\/univet.hu\/en\/wp-json\/wp\/v2\/pages"}],"about":[{"href":"https:\/\/univet.hu\/en\/wp-json\/wp\/v2\/types\/page"}],"author":[{"embeddable":true,"href":"https:\/\/univet.hu\/en\/wp-json\/wp\/v2\/users\/5824"}],"replies":[{"embeddable":true,"href":"https:\/\/univet.hu\/en\/wp-json\/wp\/v2\/comments?post=98987"}],"version-history":[{"count":5,"href":"https:\/\/univet.hu\/en\/wp-json\/wp\/v2\/pages\/98987\/revisions"}],"predecessor-version":[{"id":201584,"href":"https:\/\/univet.hu\/en\/wp-json\/wp\/v2\/pages\/98987\/revisions\/201584"}],"up":[{"embeddable":true,"href":"https:\/\/univet.hu\/en\/wp-json\/wp\/v2\/pages\/857"}],"wp:attachment":[{"href":"https:\/\/univet.hu\/en\/wp-json\/wp\/v2\/media?parent=98987"}],"wp:term":[{"taxonomy":"category","embeddable":true,"href":"https:\/\/univet.hu\/en\/wp-json\/wp\/v2\/categories?post=98987"},{"taxonomy":"post_tag","embeddable":true,"href":"https:\/\/univet.hu\/en\/wp-json\/wp\/v2\/tags?post=98987"}],"curies":[{"name":"wp","href":"https:\/\/api.w.org\/{rel}","templated":true}]}}