{"id":3315,"date":"2018-01-14T14:54:00","date_gmt":"2018-01-14T13:54:00","guid":{"rendered":"http:\/\/univet.hu\/universitaet\/organisationseinheiten\/lehrstuhl-fur-biomathematik-und-informatik\/"},"modified":"2025-03-28T15:41:44","modified_gmt":"2025-03-28T14:41:44","slug":"lehrstuhl-fur-biomathematik-und-informatik","status":"publish","type":"page","link":"https:\/\/univet.hu\/gazdasagtudomanyi-intezet\/de\/lehrstuhl-fur-biomathematik-und-informatik\/","title":{"rendered":"Lehrstuhl f\u00fcr Biostatistik"},"content":{"rendered":"<div> <h2><a href=\"https:\/\/elearning.univet.hu\/login\/index.php\"><span style=\"font-size: 14pt\">E-LEARNING-SERVER DER UNIVERSIT\u00c4T<\/span><\/a><\/h2> <h2><span style=\"font-size: 14pt\"><a href=\"http:\/\/biomat.univet.hu\/moodle\">E-LEARNING-SERVER DER ABTEILUNG<\/a><\/span><\/h2> <p><span style=\"font-size: 14pt\"><a href=\"http:\/\/biomat.univet.hu\/\"><strong>Website der Abteilung<\/strong><\/a><\/span><\/p> <\/div> <div><\/div> <div><span style=\"font-size: 18pt\"><strong>Postgraduale Berufsausbildung<\/strong><\/span><\/div> <div><\/div> <div>Im September 2018 haben wir eine zweij\u00e4hrige (vier Semester) postgraduale Berufsausbildung f\u00fcr <strong>Angewandte Biostatistik<\/strong> gestartet. Die n\u00e4chste Schulung wird voraussichtlich im Februar 2024 beginnen. Weitere Informationen finden Sie auf der <a href=\"http:\/\/biomat.univet.hu\">Website der Abteilung<\/a> und auf der Website der <a href=\"https:\/\/univet.hu\/de\/studenten\/fortbildung\/\">Abteilung f\u00fcr Weiterbildung<\/a> der \u00c1TE. Bitte richten Sie Ihre Fragen an die Verantwortliche f\u00fcr Berufsbildung, Frau Dr. <a class=\"decrypt\" rel=\"ibsopt\/boesfbAvwjwfu\/iv\" href=\"javascript:void(0);\">[Click to see email]<\/a>.<\/div> <h2>Geschichte<\/h2> <div> <p style=\"text-align: justify\">Das Institut wurde 1992 als Nachfolgeeinrichtung des Instituts f\u00fcr Lehr- und Lerntechnologie gegr\u00fcndet. Die Lehrpl\u00e4ne unserer Studienf\u00e4cher wurden mehrfach in diesen Jahren erneuert und umgestaltet. Unser erster \u00f6ffentlich zug\u00e4nglicher Computer wurde 1997 zur Verf\u00fcgung gestellt. Seit 2017 haben wir schon drei Computerr\u00e4ume, in denen wir Informatik, Biomathematik und Biostatistik f\u00fcr Hochschulabsolventen und Doktoranden unterrichten.<\/p> <p>Von 2007 bis 2011 war das Institut Gastgeber f\u00fcr die Abteilung f\u00fcr Tiergesundheit und \u00d6kologie der HAS Forschungsgruppe \u201eAnpassung an den Klimawandel\u201c.<\/p> <\/div>","protected":false},"excerpt":{"rendered":"<p>E-LEARNING-SERVER DER UNIVERSIT\u00c4T E-LEARNING-SERVER DER ABTEILUNG Website der Abteilung Postgraduale Berufsausbildung Im September 2018 haben wir eine zweij\u00e4hrige (vier Semester) postgraduale Berufsausbildung f\u00fcr Angewandte Biostatistik gestartet. Die n\u00e4chste Schulung wird voraussichtlich im Februar 2024 beginnen. Weitere Informationen finden Sie auf der Website der Abteilung und auf der Website der Abteilung f\u00fcr Weiterbildung der \u00c1TE. Bitte<\/p>\n","protected":false},"author":3837,"featured_media":0,"parent":0,"menu_order":141,"comment_status":"closed","ping_status":"closed","template":"","meta":{"_acf_changed":false,"footnotes":""},"categories":[18],"tags":[],"class_list":["post-3315","page","type-page","status-publish","hentry","category-abteilungen"],"acf":[],"yoast_head":"<!-- This site is optimized with the Yoast SEO plugin v27.2 - https:\/\/yoast.com\/product\/yoast-seo-wordpress\/ -->\n<title>Lehrstuhl f\u00fcr Biostatistik - Gazdas\u00e1gtudom\u00e1nyi \u00e9s Biostatisztikai Int\u00e9zet<\/title>\n<meta name=\"robots\" content=\"index, follow, max-snippet:-1, max-image-preview:large, max-video-preview:-1\" \/>\n<link rel=\"canonical\" href=\"https:\/\/univet.hu\/gazdasagtudomanyi-intezet\/de\/institut-fuer-oekonomie-und-biostatistik\/lehrstuhl-fur-biomathematik-und-informatik\/\" \/>\n<meta property=\"og:locale\" content=\"de_DE\" \/>\n<meta property=\"og:type\" content=\"article\" \/>\n<meta property=\"og:title\" content=\"Lehrstuhl f\u00fcr Biostatistik - Gazdas\u00e1gtudom\u00e1nyi \u00e9s Biostatisztikai Int\u00e9zet\" \/>\n<meta property=\"og:description\" content=\"E-LEARNING-SERVER DER UNIVERSIT\u00c4T E-LEARNING-SERVER DER ABTEILUNG Website der Abteilung Postgraduale Berufsausbildung Im September 2018 haben wir eine zweij\u00e4hrige (vier Semester) postgraduale Berufsausbildung f\u00fcr Angewandte Biostatistik gestartet. Die n\u00e4chste Schulung wird voraussichtlich im Februar 2024 beginnen. Weitere Informationen finden Sie auf der Website der Abteilung und auf der Website der Abteilung f\u00fcr Weiterbildung der \u00c1TE. Bitte\" \/>\n<meta property=\"og:url\" content=\"https:\/\/univet.hu\/gazdasagtudomanyi-intezet\/de\/institut-fuer-oekonomie-und-biostatistik\/lehrstuhl-fur-biomathematik-und-informatik\/\" \/>\n<meta property=\"og:site_name\" content=\"Gazdas\u00e1gtudom\u00e1nyi \u00e9s Biostatisztikai Int\u00e9zet\" \/>\n<meta property=\"article:modified_time\" content=\"2025-03-28T14:41:44+00:00\" \/>\n<meta name=\"twitter:card\" content=\"summary_large_image\" \/>\n<meta name=\"twitter:label1\" content=\"Gesch\u00e4tzte Lesezeit\" \/>\n\t<meta name=\"twitter:data1\" content=\"1\u00a0Minute\" \/>\n<script type=\"application\/ld+json\" class=\"yoast-schema-graph\">{\"@context\":\"https:\/\/schema.org\",\"@graph\":[{\"@type\":\"WebPage\",\"@id\":\"https:\/\/univet.hu\/gazdasagtudomanyi-intezet\/de\/institut-fuer-oekonomie-und-biostatistik\/lehrstuhl-fur-biomathematik-und-informatik\/\",\"url\":\"https:\/\/univet.hu\/gazdasagtudomanyi-intezet\/de\/institut-fuer-oekonomie-und-biostatistik\/lehrstuhl-fur-biomathematik-und-informatik\/\",\"name\":\"Lehrstuhl f\u00fcr Biostatistik - Gazdas\u00e1gtudom\u00e1nyi \u00e9s Biostatisztikai Int\u00e9zet\",\"isPartOf\":{\"@id\":\"https:\/\/univet.hu\/gazdasagtudomanyi-intezet\/en\/#website\"},\"datePublished\":\"2018-01-14T13:54:00+00:00\",\"dateModified\":\"2025-03-28T14:41:44+00:00\",\"breadcrumb\":{\"@id\":\"https:\/\/univet.hu\/gazdasagtudomanyi-intezet\/de\/institut-fuer-oekonomie-und-biostatistik\/lehrstuhl-fur-biomathematik-und-informatik\/#breadcrumb\"},\"inLanguage\":\"de\",\"potentialAction\":[{\"@type\":\"ReadAction\",\"target\":[\"https:\/\/univet.hu\/gazdasagtudomanyi-intezet\/de\/institut-fuer-oekonomie-und-biostatistik\/lehrstuhl-fur-biomathematik-und-informatik\/\"]}]},{\"@type\":\"BreadcrumbList\",\"@id\":\"https:\/\/univet.hu\/gazdasagtudomanyi-intezet\/de\/institut-fuer-oekonomie-und-biostatistik\/lehrstuhl-fur-biomathematik-und-informatik\/#breadcrumb\",\"itemListElement\":[{\"@type\":\"ListItem\",\"position\":1,\"name\":\"Kezd\u0151lap\",\"item\":\"https:\/\/univet.hu\/gazdasagtudomanyi-intezet\/en\/\"},{\"@type\":\"ListItem\",\"position\":2,\"name\":\"Institut f\u00fcr \u00d6konomie und Biostatistik\",\"item\":\"https:\/\/univet.hu\/gazdasagtudomanyi-intezet\/de\/\"},{\"@type\":\"ListItem\",\"position\":3,\"name\":\"Lehrstuhl f\u00fcr Biostatistik\"}]},{\"@type\":\"WebSite\",\"@id\":\"https:\/\/univet.hu\/gazdasagtudomanyi-intezet\/en\/#website\",\"url\":\"https:\/\/univet.hu\/gazdasagtudomanyi-intezet\/en\/\",\"name\":\"Gazdas\u00e1gtudom\u00e1nyi \u00e9s Biostatisztikai Int\u00e9zet\",\"description\":\"\",\"potentialAction\":[{\"@type\":\"SearchAction\",\"target\":{\"@type\":\"EntryPoint\",\"urlTemplate\":\"https:\/\/univet.hu\/gazdasagtudomanyi-intezet\/en\/?s={search_term_string}\"},\"query-input\":{\"@type\":\"PropertyValueSpecification\",\"valueRequired\":true,\"valueName\":\"search_term_string\"}}],\"inLanguage\":\"de\"}]}<\/script>\n<!-- \/ Yoast SEO plugin. -->","yoast_head_json":{"title":"Lehrstuhl f\u00fcr Biostatistik - Gazdas\u00e1gtudom\u00e1nyi \u00e9s Biostatisztikai Int\u00e9zet","robots":{"index":"index","follow":"follow","max-snippet":"max-snippet:-1","max-image-preview":"max-image-preview:large","max-video-preview":"max-video-preview:-1"},"canonical":"https:\/\/univet.hu\/gazdasagtudomanyi-intezet\/de\/institut-fuer-oekonomie-und-biostatistik\/lehrstuhl-fur-biomathematik-und-informatik\/","og_locale":"de_DE","og_type":"article","og_title":"Lehrstuhl f\u00fcr Biostatistik - Gazdas\u00e1gtudom\u00e1nyi \u00e9s Biostatisztikai Int\u00e9zet","og_description":"E-LEARNING-SERVER DER UNIVERSIT\u00c4T E-LEARNING-SERVER DER ABTEILUNG Website der Abteilung Postgraduale Berufsausbildung Im September 2018 haben wir eine zweij\u00e4hrige (vier Semester) postgraduale Berufsausbildung f\u00fcr Angewandte Biostatistik gestartet. Die n\u00e4chste Schulung wird voraussichtlich im Februar 2024 beginnen. Weitere Informationen finden Sie auf der Website der Abteilung und auf der Website der Abteilung f\u00fcr Weiterbildung der \u00c1TE. Bitte","og_url":"https:\/\/univet.hu\/gazdasagtudomanyi-intezet\/de\/institut-fuer-oekonomie-und-biostatistik\/lehrstuhl-fur-biomathematik-und-informatik\/","og_site_name":"Gazdas\u00e1gtudom\u00e1nyi \u00e9s Biostatisztikai Int\u00e9zet","article_modified_time":"2025-03-28T14:41:44+00:00","twitter_card":"summary_large_image","twitter_misc":{"Gesch\u00e4tzte Lesezeit":"1\u00a0Minute"},"schema":{"@context":"https:\/\/schema.org","@graph":[{"@type":"WebPage","@id":"https:\/\/univet.hu\/gazdasagtudomanyi-intezet\/de\/institut-fuer-oekonomie-und-biostatistik\/lehrstuhl-fur-biomathematik-und-informatik\/","url":"https:\/\/univet.hu\/gazdasagtudomanyi-intezet\/de\/institut-fuer-oekonomie-und-biostatistik\/lehrstuhl-fur-biomathematik-und-informatik\/","name":"Lehrstuhl f\u00fcr Biostatistik - Gazdas\u00e1gtudom\u00e1nyi \u00e9s Biostatisztikai Int\u00e9zet","isPartOf":{"@id":"https:\/\/univet.hu\/gazdasagtudomanyi-intezet\/en\/#website"},"datePublished":"2018-01-14T13:54:00+00:00","dateModified":"2025-03-28T14:41:44+00:00","breadcrumb":{"@id":"https:\/\/univet.hu\/gazdasagtudomanyi-intezet\/de\/institut-fuer-oekonomie-und-biostatistik\/lehrstuhl-fur-biomathematik-und-informatik\/#breadcrumb"},"inLanguage":"de","potentialAction":[{"@type":"ReadAction","target":["https:\/\/univet.hu\/gazdasagtudomanyi-intezet\/de\/institut-fuer-oekonomie-und-biostatistik\/lehrstuhl-fur-biomathematik-und-informatik\/"]}]},{"@type":"BreadcrumbList","@id":"https:\/\/univet.hu\/gazdasagtudomanyi-intezet\/de\/institut-fuer-oekonomie-und-biostatistik\/lehrstuhl-fur-biomathematik-und-informatik\/#breadcrumb","itemListElement":[{"@type":"ListItem","position":1,"name":"Kezd\u0151lap","item":"https:\/\/univet.hu\/gazdasagtudomanyi-intezet\/en\/"},{"@type":"ListItem","position":2,"name":"Institut f\u00fcr \u00d6konomie und Biostatistik","item":"https:\/\/univet.hu\/gazdasagtudomanyi-intezet\/de\/"},{"@type":"ListItem","position":3,"name":"Lehrstuhl f\u00fcr Biostatistik"}]},{"@type":"WebSite","@id":"https:\/\/univet.hu\/gazdasagtudomanyi-intezet\/en\/#website","url":"https:\/\/univet.hu\/gazdasagtudomanyi-intezet\/en\/","name":"Gazdas\u00e1gtudom\u00e1nyi \u00e9s Biostatisztikai Int\u00e9zet","description":"","potentialAction":[{"@type":"SearchAction","target":{"@type":"EntryPoint","urlTemplate":"https:\/\/univet.hu\/gazdasagtudomanyi-intezet\/en\/?s={search_term_string}"},"query-input":{"@type":"PropertyValueSpecification","valueRequired":true,"valueName":"search_term_string"}}],"inLanguage":"de"}]}},"_links":{"self":[{"href":"https:\/\/univet.hu\/gazdasagtudomanyi-intezet\/de\/wp-json\/wp\/v2\/pages\/3315","targetHints":{"allow":["GET"]}}],"collection":[{"href":"https:\/\/univet.hu\/gazdasagtudomanyi-intezet\/de\/wp-json\/wp\/v2\/pages"}],"about":[{"href":"https:\/\/univet.hu\/gazdasagtudomanyi-intezet\/de\/wp-json\/wp\/v2\/types\/page"}],"author":[{"embeddable":true,"href":"https:\/\/univet.hu\/gazdasagtudomanyi-intezet\/de\/wp-json\/wp\/v2\/users\/3837"}],"replies":[{"embeddable":true,"href":"https:\/\/univet.hu\/gazdasagtudomanyi-intezet\/de\/wp-json\/wp\/v2\/comments?post=3315"}],"version-history":[{"count":1,"href":"https:\/\/univet.hu\/gazdasagtudomanyi-intezet\/de\/wp-json\/wp\/v2\/pages\/3315\/revisions"}],"predecessor-version":[{"id":103632,"href":"https:\/\/univet.hu\/gazdasagtudomanyi-intezet\/de\/wp-json\/wp\/v2\/pages\/3315\/revisions\/103632"}],"wp:attachment":[{"href":"https:\/\/univet.hu\/gazdasagtudomanyi-intezet\/de\/wp-json\/wp\/v2\/media?parent=3315"}],"wp:term":[{"taxonomy":"category","embeddable":true,"href":"https:\/\/univet.hu\/gazdasagtudomanyi-intezet\/de\/wp-json\/wp\/v2\/categories?post=3315"},{"taxonomy":"post_tag","embeddable":true,"href":"https:\/\/univet.hu\/gazdasagtudomanyi-intezet\/de\/wp-json\/wp\/v2\/tags?post=3315"}],"curies":[{"name":"wp","href":"https:\/\/api.w.org\/{rel}","templated":true}]}}