{"id":3396,"date":"2017-09-18T09:35:00","date_gmt":"2017-09-18T07:35:00","guid":{"rendered":"http:\/\/univet.hu\/universitaet\/organisationseinheiten\/abteilung-fur-forensische-veterinar-rechts-und-wirtschaftswissenschaften\/"},"modified":"2025-03-28T15:41:44","modified_gmt":"2025-03-28T14:41:44","slug":"abteilung-fur-forensische-veterinar-rechts-und-wirtschaftswissenschaften","status":"publish","type":"page","link":"https:\/\/univet.hu\/gazdasagtudomanyi-intezet\/de\/abteilung-fur-forensische-veterinar-rechts-und-wirtschaftswissenschaften\/","title":{"rendered":"Abteilung f\u00fcr Forensische Veterin\u00e4r und Wirtschaftswissenschaften"},"content":{"rendered":"<h2>Geschichte<\/h2> <div> <p><a href=\"https:\/\/univet.hu\/hu\/egyetem\/szervezeti-egysegek\/torvenyszeki-allatorvostani-jogi-es-gazdasagtudomanyi-tanszek\/?DEBUG2&amp;sql=SELECT post_id FROM uv_postmeta WHERE meta_key = 'source_url' AND (meta_value LIKE 'http:\/\/old.univet.hu\/hu\/egyetem\/szervezeti-egysegek\/allat-egeszsegugyi-igazgatastani-es-agrargazdasagtani-tanszek%' OR meta_value LIKE '%\/hu%\/allat-egeszsegugyi-igazgatastani-es-agrargazdasagtani-tanszek%' OR meta_value LIKE '%\/http:\/\/old.univet.hu\/hu\/egyetem\/szervezeti-egysegek\/allat-egeszsegugyi-igazgatastani-es-agrargazdasagtani-tanszek' ) ORDER BY post_id LIMIT 1;\" target=\"_blank\" rel=\"noopener\" data-replaced=\"true\">Lehrstuhl f\u00fcr Verwaltung im Veterin\u00e4rwesen<\/a>:<\/p> <p>Der Lehrstuhl arbeitet in seiner jetzigen Zusammensetzung seit 1995. Damals wurde der fr\u00fchere Lehrstuhl f\u00fcr Verwaltungslehre im Veterin\u00e4rwesen und Gerichtsveterin\u00e4rmedizin und der Lehrstuhl f\u00fcr Soziologie und Wirtschaftswissenschaften zusammengelegt.<\/p> <p>Verwaltungslehre im Veterin\u00e4rwesen wird seit 1793 unterrichtet. Das Fach fasste die Verwaltungsma\u00dfnahmen (mit damaligem Namen: polizeiliche) zusammen, die f\u00fcr die Vorbeugung und Bek\u00e4mpfung von ansteckenden Tierkrankheiten ergriffen wurden. Da zahlreichen Tierkrankheiten auch noch heute nur durch verwaltungstechnische (keine spezifischen veterin\u00e4rmedizinischen) Mittel vorgebeugt und sie bek\u00e4mpft werden k\u00f6nnen, hat das Fach sowohl in der Vergangenheit als auch in der Zukunft eine gro\u00dfe Bedeutung. Das Fach wurde seit den Anf\u00e4ngen bis 1946 von externen Referenten (meistens von f\u00fchrenden Beamten des Landwirtschaftsministeriums) unterrichtet. 1946 wurde der Lehrstuhl f\u00fcr Verwaltungslehre im Veterin\u00e4rwesen gegr\u00fcndet, der das den Namen des Lehrstuhls ausmachende Fach und das Fach Gerichtsveterin\u00e4rmedizin unterrichtete.<br \/> Volkswirtschaftslehre und Agrarwirtschaftslehre werden an der Einrichtung seit 1905 unter verschiedenen Bezeichnungen (nationale Wirtschaftslehre, Volkswirtschaftslehre, Agrarpolitik, Landwirtschaftliche Produktion und Betriebslehre usw.) unterrichtet, meistens mit Hilfe externer Referenten. 1984 wurde der selbstst\u00e4ndige Lehrstuhl f\u00fcr Agrarwirtschaft gegr\u00fcndet, dessen Name 1990 auf Lehrstuhl f\u00fcr Soziologie und Wirtschaftswissenschaften umge\u00e4ndert wurde. Der Lehrstuhl unterrichtet zurzeit Agrarwirtschaftslehre, Veterin\u00e4rmedizinische \u00d6konomie und Ethik.<\/p> <\/div>","protected":false},"excerpt":{"rendered":"<p>Geschichte Lehrstuhl f\u00fcr Verwaltung im Veterin\u00e4rwesen: Der Lehrstuhl arbeitet in seiner jetzigen Zusammensetzung seit 1995. Damals wurde der fr\u00fchere Lehrstuhl f\u00fcr Verwaltungslehre im Veterin\u00e4rwesen und Gerichtsveterin\u00e4rmedizin und der Lehrstuhl f\u00fcr Soziologie und Wirtschaftswissenschaften zusammengelegt. Verwaltungslehre im Veterin\u00e4rwesen wird seit 1793 unterrichtet. Das Fach fasste die Verwaltungsma\u00dfnahmen (mit damaligem Namen: polizeiliche) zusammen, die f\u00fcr die Vorbeugung<\/p>\n","protected":false},"author":3837,"featured_media":0,"parent":0,"menu_order":135,"comment_status":"closed","ping_status":"closed","template":"","meta":{"_acf_changed":false,"footnotes":""},"categories":[18],"tags":[],"class_list":["post-3396","page","type-page","status-publish","hentry","category-abteilungen"],"acf":[],"yoast_head":"<!-- This site is optimized with the Yoast SEO plugin v27.2 - https:\/\/yoast.com\/product\/yoast-seo-wordpress\/ -->\n<title>Abteilung f\u00fcr Forensische Veterin\u00e4r und Wirtschaftswissenschaften - Gazdas\u00e1gtudom\u00e1nyi \u00e9s Biostatisztikai Int\u00e9zet<\/title>\n<meta name=\"robots\" content=\"index, follow, max-snippet:-1, max-image-preview:large, max-video-preview:-1\" \/>\n<link rel=\"canonical\" href=\"https:\/\/univet.hu\/gazdasagtudomanyi-intezet\/de\/institut-fuer-oekonomie-und-biostatistik\/abteilung-fur-forensische-veterinar-rechts-und-wirtschaftswissenschaften\/\" \/>\n<meta property=\"og:locale\" content=\"de_DE\" \/>\n<meta property=\"og:type\" content=\"article\" \/>\n<meta property=\"og:title\" content=\"Abteilung f\u00fcr Forensische Veterin\u00e4r und Wirtschaftswissenschaften - Gazdas\u00e1gtudom\u00e1nyi \u00e9s Biostatisztikai Int\u00e9zet\" \/>\n<meta property=\"og:description\" content=\"Geschichte Lehrstuhl f\u00fcr Verwaltung im Veterin\u00e4rwesen: Der Lehrstuhl arbeitet in seiner jetzigen Zusammensetzung seit 1995. Damals wurde der fr\u00fchere Lehrstuhl f\u00fcr Verwaltungslehre im Veterin\u00e4rwesen und Gerichtsveterin\u00e4rmedizin und der Lehrstuhl f\u00fcr Soziologie und Wirtschaftswissenschaften zusammengelegt. Verwaltungslehre im Veterin\u00e4rwesen wird seit 1793 unterrichtet. Das Fach fasste die Verwaltungsma\u00dfnahmen (mit damaligem Namen: polizeiliche) zusammen, die f\u00fcr die Vorbeugung\" \/>\n<meta property=\"og:url\" content=\"https:\/\/univet.hu\/gazdasagtudomanyi-intezet\/de\/institut-fuer-oekonomie-und-biostatistik\/abteilung-fur-forensische-veterinar-rechts-und-wirtschaftswissenschaften\/\" \/>\n<meta property=\"og:site_name\" content=\"Gazdas\u00e1gtudom\u00e1nyi \u00e9s Biostatisztikai Int\u00e9zet\" \/>\n<meta property=\"article:modified_time\" content=\"2025-03-28T14:41:44+00:00\" \/>\n<meta name=\"twitter:card\" content=\"summary_large_image\" \/>\n<meta name=\"twitter:label1\" content=\"Gesch\u00e4tzte Lesezeit\" \/>\n\t<meta name=\"twitter:data1\" content=\"1\u00a0Minute\" \/>\n<script type=\"application\/ld+json\" class=\"yoast-schema-graph\">{\"@context\":\"https:\/\/schema.org\",\"@graph\":[{\"@type\":\"WebPage\",\"@id\":\"https:\/\/univet.hu\/gazdasagtudomanyi-intezet\/de\/institut-fuer-oekonomie-und-biostatistik\/abteilung-fur-forensische-veterinar-rechts-und-wirtschaftswissenschaften\/\",\"url\":\"https:\/\/univet.hu\/gazdasagtudomanyi-intezet\/de\/institut-fuer-oekonomie-und-biostatistik\/abteilung-fur-forensische-veterinar-rechts-und-wirtschaftswissenschaften\/\",\"name\":\"Abteilung f\u00fcr Forensische Veterin\u00e4r und Wirtschaftswissenschaften - Gazdas\u00e1gtudom\u00e1nyi \u00e9s Biostatisztikai Int\u00e9zet\",\"isPartOf\":{\"@id\":\"https:\/\/univet.hu\/gazdasagtudomanyi-intezet\/en\/#website\"},\"datePublished\":\"2017-09-18T07:35:00+00:00\",\"dateModified\":\"2025-03-28T14:41:44+00:00\",\"breadcrumb\":{\"@id\":\"https:\/\/univet.hu\/gazdasagtudomanyi-intezet\/de\/institut-fuer-oekonomie-und-biostatistik\/abteilung-fur-forensische-veterinar-rechts-und-wirtschaftswissenschaften\/#breadcrumb\"},\"inLanguage\":\"de\",\"potentialAction\":[{\"@type\":\"ReadAction\",\"target\":[\"https:\/\/univet.hu\/gazdasagtudomanyi-intezet\/de\/institut-fuer-oekonomie-und-biostatistik\/abteilung-fur-forensische-veterinar-rechts-und-wirtschaftswissenschaften\/\"]}]},{\"@type\":\"BreadcrumbList\",\"@id\":\"https:\/\/univet.hu\/gazdasagtudomanyi-intezet\/de\/institut-fuer-oekonomie-und-biostatistik\/abteilung-fur-forensische-veterinar-rechts-und-wirtschaftswissenschaften\/#breadcrumb\",\"itemListElement\":[{\"@type\":\"ListItem\",\"position\":1,\"name\":\"Kezd\u0151lap\",\"item\":\"https:\/\/univet.hu\/gazdasagtudomanyi-intezet\/en\/\"},{\"@type\":\"ListItem\",\"position\":2,\"name\":\"Institut f\u00fcr \u00d6konomie und Biostatistik\",\"item\":\"https:\/\/univet.hu\/gazdasagtudomanyi-intezet\/de\/\"},{\"@type\":\"ListItem\",\"position\":3,\"name\":\"Abteilung f\u00fcr Forensische Veterin\u00e4r und Wirtschaftswissenschaften\"}]},{\"@type\":\"WebSite\",\"@id\":\"https:\/\/univet.hu\/gazdasagtudomanyi-intezet\/en\/#website\",\"url\":\"https:\/\/univet.hu\/gazdasagtudomanyi-intezet\/en\/\",\"name\":\"Gazdas\u00e1gtudom\u00e1nyi \u00e9s Biostatisztikai Int\u00e9zet\",\"description\":\"\",\"potentialAction\":[{\"@type\":\"SearchAction\",\"target\":{\"@type\":\"EntryPoint\",\"urlTemplate\":\"https:\/\/univet.hu\/gazdasagtudomanyi-intezet\/en\/?s={search_term_string}\"},\"query-input\":{\"@type\":\"PropertyValueSpecification\",\"valueRequired\":true,\"valueName\":\"search_term_string\"}}],\"inLanguage\":\"de\"}]}<\/script>\n<!-- \/ Yoast SEO plugin. -->","yoast_head_json":{"title":"Abteilung f\u00fcr Forensische Veterin\u00e4r und Wirtschaftswissenschaften - Gazdas\u00e1gtudom\u00e1nyi \u00e9s Biostatisztikai Int\u00e9zet","robots":{"index":"index","follow":"follow","max-snippet":"max-snippet:-1","max-image-preview":"max-image-preview:large","max-video-preview":"max-video-preview:-1"},"canonical":"https:\/\/univet.hu\/gazdasagtudomanyi-intezet\/de\/institut-fuer-oekonomie-und-biostatistik\/abteilung-fur-forensische-veterinar-rechts-und-wirtschaftswissenschaften\/","og_locale":"de_DE","og_type":"article","og_title":"Abteilung f\u00fcr Forensische Veterin\u00e4r und Wirtschaftswissenschaften - Gazdas\u00e1gtudom\u00e1nyi \u00e9s Biostatisztikai Int\u00e9zet","og_description":"Geschichte Lehrstuhl f\u00fcr Verwaltung im Veterin\u00e4rwesen: Der Lehrstuhl arbeitet in seiner jetzigen Zusammensetzung seit 1995. Damals wurde der fr\u00fchere Lehrstuhl f\u00fcr Verwaltungslehre im Veterin\u00e4rwesen und Gerichtsveterin\u00e4rmedizin und der Lehrstuhl f\u00fcr Soziologie und Wirtschaftswissenschaften zusammengelegt. Verwaltungslehre im Veterin\u00e4rwesen wird seit 1793 unterrichtet. Das Fach fasste die Verwaltungsma\u00dfnahmen (mit damaligem Namen: polizeiliche) zusammen, die f\u00fcr die Vorbeugung","og_url":"https:\/\/univet.hu\/gazdasagtudomanyi-intezet\/de\/institut-fuer-oekonomie-und-biostatistik\/abteilung-fur-forensische-veterinar-rechts-und-wirtschaftswissenschaften\/","og_site_name":"Gazdas\u00e1gtudom\u00e1nyi \u00e9s Biostatisztikai Int\u00e9zet","article_modified_time":"2025-03-28T14:41:44+00:00","twitter_card":"summary_large_image","twitter_misc":{"Gesch\u00e4tzte Lesezeit":"1\u00a0Minute"},"schema":{"@context":"https:\/\/schema.org","@graph":[{"@type":"WebPage","@id":"https:\/\/univet.hu\/gazdasagtudomanyi-intezet\/de\/institut-fuer-oekonomie-und-biostatistik\/abteilung-fur-forensische-veterinar-rechts-und-wirtschaftswissenschaften\/","url":"https:\/\/univet.hu\/gazdasagtudomanyi-intezet\/de\/institut-fuer-oekonomie-und-biostatistik\/abteilung-fur-forensische-veterinar-rechts-und-wirtschaftswissenschaften\/","name":"Abteilung f\u00fcr Forensische Veterin\u00e4r und Wirtschaftswissenschaften - Gazdas\u00e1gtudom\u00e1nyi \u00e9s Biostatisztikai Int\u00e9zet","isPartOf":{"@id":"https:\/\/univet.hu\/gazdasagtudomanyi-intezet\/en\/#website"},"datePublished":"2017-09-18T07:35:00+00:00","dateModified":"2025-03-28T14:41:44+00:00","breadcrumb":{"@id":"https:\/\/univet.hu\/gazdasagtudomanyi-intezet\/de\/institut-fuer-oekonomie-und-biostatistik\/abteilung-fur-forensische-veterinar-rechts-und-wirtschaftswissenschaften\/#breadcrumb"},"inLanguage":"de","potentialAction":[{"@type":"ReadAction","target":["https:\/\/univet.hu\/gazdasagtudomanyi-intezet\/de\/institut-fuer-oekonomie-und-biostatistik\/abteilung-fur-forensische-veterinar-rechts-und-wirtschaftswissenschaften\/"]}]},{"@type":"BreadcrumbList","@id":"https:\/\/univet.hu\/gazdasagtudomanyi-intezet\/de\/institut-fuer-oekonomie-und-biostatistik\/abteilung-fur-forensische-veterinar-rechts-und-wirtschaftswissenschaften\/#breadcrumb","itemListElement":[{"@type":"ListItem","position":1,"name":"Kezd\u0151lap","item":"https:\/\/univet.hu\/gazdasagtudomanyi-intezet\/en\/"},{"@type":"ListItem","position":2,"name":"Institut f\u00fcr \u00d6konomie und Biostatistik","item":"https:\/\/univet.hu\/gazdasagtudomanyi-intezet\/de\/"},{"@type":"ListItem","position":3,"name":"Abteilung f\u00fcr Forensische Veterin\u00e4r und Wirtschaftswissenschaften"}]},{"@type":"WebSite","@id":"https:\/\/univet.hu\/gazdasagtudomanyi-intezet\/en\/#website","url":"https:\/\/univet.hu\/gazdasagtudomanyi-intezet\/en\/","name":"Gazdas\u00e1gtudom\u00e1nyi \u00e9s Biostatisztikai Int\u00e9zet","description":"","potentialAction":[{"@type":"SearchAction","target":{"@type":"EntryPoint","urlTemplate":"https:\/\/univet.hu\/gazdasagtudomanyi-intezet\/en\/?s={search_term_string}"},"query-input":{"@type":"PropertyValueSpecification","valueRequired":true,"valueName":"search_term_string"}}],"inLanguage":"de"}]}},"_links":{"self":[{"href":"https:\/\/univet.hu\/gazdasagtudomanyi-intezet\/de\/wp-json\/wp\/v2\/pages\/3396","targetHints":{"allow":["GET"]}}],"collection":[{"href":"https:\/\/univet.hu\/gazdasagtudomanyi-intezet\/de\/wp-json\/wp\/v2\/pages"}],"about":[{"href":"https:\/\/univet.hu\/gazdasagtudomanyi-intezet\/de\/wp-json\/wp\/v2\/types\/page"}],"author":[{"embeddable":true,"href":"https:\/\/univet.hu\/gazdasagtudomanyi-intezet\/de\/wp-json\/wp\/v2\/users\/3837"}],"replies":[{"embeddable":true,"href":"https:\/\/univet.hu\/gazdasagtudomanyi-intezet\/de\/wp-json\/wp\/v2\/comments?post=3396"}],"version-history":[{"count":1,"href":"https:\/\/univet.hu\/gazdasagtudomanyi-intezet\/de\/wp-json\/wp\/v2\/pages\/3396\/revisions"}],"predecessor-version":[{"id":103631,"href":"https:\/\/univet.hu\/gazdasagtudomanyi-intezet\/de\/wp-json\/wp\/v2\/pages\/3396\/revisions\/103631"}],"wp:attachment":[{"href":"https:\/\/univet.hu\/gazdasagtudomanyi-intezet\/de\/wp-json\/wp\/v2\/media?parent=3396"}],"wp:term":[{"taxonomy":"category","embeddable":true,"href":"https:\/\/univet.hu\/gazdasagtudomanyi-intezet\/de\/wp-json\/wp\/v2\/categories?post=3396"},{"taxonomy":"post_tag","embeddable":true,"href":"https:\/\/univet.hu\/gazdasagtudomanyi-intezet\/de\/wp-json\/wp\/v2\/tags?post=3396"}],"curies":[{"name":"wp","href":"https:\/\/api.w.org\/{rel}","templated":true}]}}