{"id":94907,"date":"2023-05-22T13:03:50","date_gmt":"2023-05-22T11:03:50","guid":{"rendered":"https:\/\/univet.hu\/?page_id=94907"},"modified":"2025-03-28T15:41:45","modified_gmt":"2025-03-28T14:41:45","slug":"ausschreibungen-vergeben","status":"publish","type":"page","link":"https:\/\/univet.hu\/gazdasagtudomanyi-intezet\/de\/abteilung-fur-forensische-veterinar-rechts-und-wirtschaftswissenschaften\/ausschreibungen-vergeben\/","title":{"rendered":"Ausschreibungen vergeben"},"content":{"rendered":"<ul> <li><strong>Horizon-CL6-2022 BioSecure-Antragsnummer 101083923<\/strong>: \u201eVerbesserte und kosteng\u00fcnstige Biosicherheit in der Tierproduktion\u201c. Laufzeit: 2023\u20132026.<\/li> <li><strong>Grant RRF-2.3.1-21-2022-00001:<\/strong> Nationales Labor f\u00fcr infekti\u00f6se Tierkrankheiten, antimikrobielle Resistenz, \u00f6ffentliche Veterin\u00e4rgesundheit und Sicherheit der Lebensmittelkette. Laufzeit: 2022\u20132026.<\/li> <li><strong>COST Action CA20103-Zuschuss:<\/strong> \u201eVerbesserte Biosicherheit durch Schulungsbewertung und Sensibilisierung (BESSER)\u201c. Laufzeit: 2021\u20132025.<\/li> <li><strong>2020-1.1.2-PIACI KFI-Ausschreibung<\/strong> (Nr. 2020-1.1.2.-PIACI-KFI-2021-00202): Entwicklung nat\u00fcrlicher, komplexer Futterzusatzstoffe zur Optimierung des Gefl\u00fcgelmikrobioms. Laufzeit: 2021\u20132025.<\/li> <li><strong>ICRAD-Zuschuss (CAE-RAPID ID 39), H2020-ERA-NET-Zuschuss<\/strong>, Vereinbarungsnummer: 862605 \u2013 Entwicklung eines serologischen Stalltests zum Nachweis einer Ziegen-Arthritis-Enzephalitis-Virusinfektion aus Milch. Laufzeit: 2021\u20132024.<\/li> <li><strong>VP3<\/strong>-16.1.1.-4.1.5.-4.2.1.-4.2.2-8.1.1.-8.2.1.-8.3.1.-8.5.1.-8.5.2.-8.6.1. &#8211; 17 Ausschreibungen (Unterlage Nr. 3023487898): Pr\u00e4zise Systemunterst\u00fctzung f\u00fcr Kreislaufmodelle in Milchviehbetrieben. Laufzeit: 2020\u20132022.<\/li> <li><strong>Ausschreibung COST Action<\/strong> CA18208: \u201eNeuartige Tools zur Testauswertung und Sch\u00e4tzung der Krankheitspr\u00e4valenz\u201c. Laufzeit: 2019\u20132024.<\/li> <li><strong>Ausschreibung COST Action<\/strong> CA17110: \u201eStandardisierung der ausgangsbasierten \u00dcberwachung zur Bek\u00e4mpfung nicht regulierter Rinderkrankheiten in der EU (SOUND-Kontrolle)\u201c. Laufzeit: 2018\u20132022.<\/li> <li><strong>Horizont 2020 SafeConsume-Antragsnummer 727580:<\/strong> \u201eSicherere Lebensmittel durch ver\u00e4ndertes Verbraucherverhalten: Wirksame Tools und Produkte, Kommunikationsstrategien, Aufkl\u00e4rung und eine Lebensmittelsicherheitspolitik zur Reduzierung der Gesundheitsbelastung durch lebensmittelbedingte Krankheiten\u201c Laufzeit: 2017\u20132022.<\/li> <li><strong>Institutional Excellence Grant (IK-UK-2018)<\/strong>: Das Ausma\u00df der Paratuberkulose-Infektion basierend auf der Untersuchung von Milchproben in inl\u00e4ndischen gro\u00dfen Milchviehbetrieben und dem gesch\u00e4tzten wirtschaftlichen Schaden auf nationaler und betrieblicher Ebene. Laufzeit: 2018\u20132019.<\/li> <li><strong>Ausschreibung EFOP-3.6.3-VEKOP-16-2017-00005:<\/strong> St\u00e4rkung der wissenschaftlichen Versorgung durch Unterst\u00fctzung der wissenschaftlichen Workshops und Programme der Studierenden, durch Entwicklung des Mentoring-Prozesses. Laufzeit: 2017\u20132021.<\/li> <li><strong>Ausschreibung EFOP-3.6.2-16-2017-00012<\/strong>: Entwicklung eines funktionalen, gesunden und sicheren Lebensmittelpfadmodells basierend auf dem Field-to-Table-Prinzip in einem thematischen Forschungsnetzwerk. Laufzeit: 2017\u20132020.<\/li> <li><strong>Ausschreibung EFOP-3.6.1-16-2016-00024<\/strong>: Entwicklungen f\u00fcr eine intelligente Spezialisierung in Zusammenarbeit zwischen der Veterin\u00e4rmedizinischen Universit\u00e4t und der Fakult\u00e4t f\u00fcr Agrar- und Lebensmittelwissenschaften der Istv\u00e1n-Sz\u00e9chenyi-Universit\u00e4t. Laufzeit: 2017\u20132021.<\/li> <li><strong>Forschungsstipendium der Fakult\u00e4t<\/strong> (KK-UK-2015): Analyse der wirtschaftlichen Aspekte der Fr\u00fchschwangerschaftsdiagnose mithilfe der ELISA-Methode aus Milchproben in gro\u00dfen Milchviehbetrieben. Laufzeit: 2018\u20132019.<\/li> <li><strong>T\u00c1MOP VKSZ-Ausschreibung<\/strong> (Registrierungsnummer: VKSZ_12-1-2013-0078): Komplexe Entwicklung der Bruchstellen des Aquakultursektors im Dienste der Wettbewerbsf\u00e4higkeit. Laufzeit: 2014\u20132017.<\/li> <li><strong>NKB-Forschung<\/strong> (University Research Tender): Identifizierung von persistierend infizierten Personen, die die Hauptursache f\u00fcr BVDV-Infektionen in heimischen Rinderhaltungsbetrieben sind, mithilfe des Idexx BVDV Antigen POC-Farmtests. Entwicklung des Freistellungsplans f\u00fcr das jeweilige Personal und darauf aufbauend Vorschlag administrativer Ma\u00dfnahmen. Laufzeit: 2012\u20132013.<\/li> <li><strong>ERASMUS-Programm f\u00fcr lebenslanges Lernen<\/strong> (Registrierungsnummer: 527855-LLP-1-2012-1UK-ERASMUS-ENW): Vernetzung zur Verbesserung des Einsatzes von Wirtschaftswissenschaften in der Tiergesundheitserziehung, Politikgestaltung und Forschung in Europa und dar\u00fcber hinaus. Laufzeit: 2012\u20132015.<\/li> <li><strong>NKB-Forschung<\/strong> (University Research Tender): Die Rolle immunhistochemischer Tests bei der gerichtlichen Beurteilung pl\u00f6tzlicher Todesf\u00e4lle w\u00e4hrend der Narkose. Laufzeit: 2011\u20132012.<\/li> <li><strong>OTKA-Antrag<\/strong> (Registrierungsnummer: F 042588 F12): Die Rolle und Zukunft der Agrarversicherung im Risikomanagement der landwirtschaftlichen Produktion. Dauer: 2003\u20132006.<\/li> <li><strong>SEFABAR-Stipendium<\/strong> (EG-Projekt Nr. QLG7-CT-2000-01368): \u201eNachhaltige europ\u00e4ische Nutztierzucht und -reproduktion\u201c): Entwicklungsm\u00f6glichkeiten von Tierzucht- und Reproduktionssystemen und ihre langfristigen Perspektiven in der europ\u00e4ischen Landwirtschaft. Dauer: 2002\u20132005.<\/li> <li><strong>OTKA-Antrag<\/strong> (Registrierungsnummer: F 035208 AG4): M\u00f6glichkeiten zur Steigerung der Wettbewerbsf\u00e4higkeit in der heimischen Schweinefleischproduktion. Dauer: 2001\u20132004.<\/li> <\/ul> <p>&nbsp;<\/p>","protected":false},"excerpt":{"rendered":"<p>Horizon-CL6-2022 BioSecure-Antragsnummer 101083923: \u201eVerbesserte und kosteng\u00fcnstige Biosicherheit in der Tierproduktion\u201c. Laufzeit: 2023\u20132026. Grant RRF-2.3.1-21-2022-00001: Nationales Labor f\u00fcr infekti\u00f6se Tierkrankheiten, antimikrobielle Resistenz, \u00f6ffentliche Veterin\u00e4rgesundheit und Sicherheit der Lebensmittelkette. Laufzeit: 2022\u20132026. COST Action CA20103-Zuschuss: \u201eVerbesserte Biosicherheit durch Schulungsbewertung und Sensibilisierung (BESSER)\u201c. Laufzeit: 2021\u20132025. 2020-1.1.2-PIACI KFI-Ausschreibung (Nr. 2020-1.1.2.-PIACI-KFI-2021-00202): Entwicklung nat\u00fcrlicher, komplexer Futterzusatzstoffe zur Optimierung des Gefl\u00fcgelmikrobioms. Laufzeit: 2021\u20132025.<\/p>\n","protected":false},"author":3837,"featured_media":0,"parent":3396,"menu_order":0,"comment_status":"open","ping_status":"open","template":"","meta":{"_acf_changed":false,"footnotes":""},"categories":[],"tags":[],"class_list":["post-94907","page","type-page","status-publish","hentry"],"acf":[],"yoast_head":"<!-- This site is optimized with the Yoast SEO plugin v27.2 - https:\/\/yoast.com\/product\/yoast-seo-wordpress\/ -->\n<title>Ausschreibungen vergeben - Gazdas\u00e1gtudom\u00e1nyi \u00e9s Biostatisztikai Int\u00e9zet<\/title>\n<meta name=\"robots\" content=\"index, follow, max-snippet:-1, max-image-preview:large, max-video-preview:-1\" \/>\n<link rel=\"canonical\" href=\"https:\/\/univet.hu\/gazdasagtudomanyi-intezet\/de\/institut-fuer-oekonomie-und-biostatistik\/abteilung-fur-forensische-veterinar-rechts-und-wirtschaftswissenschaften\/ausschreibungen-vergeben\/\" \/>\n<meta property=\"og:locale\" content=\"de_DE\" \/>\n<meta property=\"og:type\" content=\"article\" \/>\n<meta property=\"og:title\" content=\"Ausschreibungen vergeben - Gazdas\u00e1gtudom\u00e1nyi \u00e9s Biostatisztikai Int\u00e9zet\" \/>\n<meta property=\"og:description\" content=\"Horizon-CL6-2022 BioSecure-Antragsnummer 101083923: \u201eVerbesserte und kosteng\u00fcnstige Biosicherheit in der Tierproduktion\u201c. Laufzeit: 2023\u20132026. Grant RRF-2.3.1-21-2022-00001: Nationales Labor f\u00fcr infekti\u00f6se Tierkrankheiten, antimikrobielle Resistenz, \u00f6ffentliche Veterin\u00e4rgesundheit und Sicherheit der Lebensmittelkette. Laufzeit: 2022\u20132026. COST Action CA20103-Zuschuss: \u201eVerbesserte Biosicherheit durch Schulungsbewertung und Sensibilisierung (BESSER)\u201c. Laufzeit: 2021\u20132025. 2020-1.1.2-PIACI KFI-Ausschreibung (Nr. 2020-1.1.2.-PIACI-KFI-2021-00202): Entwicklung nat\u00fcrlicher, komplexer Futterzusatzstoffe zur Optimierung des Gefl\u00fcgelmikrobioms. Laufzeit: 2021\u20132025.\" \/>\n<meta property=\"og:url\" content=\"https:\/\/univet.hu\/gazdasagtudomanyi-intezet\/de\/institut-fuer-oekonomie-und-biostatistik\/abteilung-fur-forensische-veterinar-rechts-und-wirtschaftswissenschaften\/ausschreibungen-vergeben\/\" \/>\n<meta property=\"og:site_name\" content=\"Gazdas\u00e1gtudom\u00e1nyi \u00e9s Biostatisztikai Int\u00e9zet\" \/>\n<meta property=\"article:modified_time\" content=\"2025-03-28T14:41:45+00:00\" \/>\n<meta name=\"twitter:card\" content=\"summary_large_image\" \/>\n<meta name=\"twitter:label1\" content=\"Gesch\u00e4tzte Lesezeit\" \/>\n\t<meta name=\"twitter:data1\" content=\"2\u00a0Minuten\" \/>\n<script type=\"application\/ld+json\" class=\"yoast-schema-graph\">{\"@context\":\"https:\/\/schema.org\",\"@graph\":[{\"@type\":\"WebPage\",\"@id\":\"https:\/\/univet.hu\/gazdasagtudomanyi-intezet\/de\/institut-fuer-oekonomie-und-biostatistik\/abteilung-fur-forensische-veterinar-rechts-und-wirtschaftswissenschaften\/ausschreibungen-vergeben\/\",\"url\":\"https:\/\/univet.hu\/gazdasagtudomanyi-intezet\/de\/institut-fuer-oekonomie-und-biostatistik\/abteilung-fur-forensische-veterinar-rechts-und-wirtschaftswissenschaften\/ausschreibungen-vergeben\/\",\"name\":\"Ausschreibungen vergeben - Gazdas\u00e1gtudom\u00e1nyi \u00e9s Biostatisztikai Int\u00e9zet\",\"isPartOf\":{\"@id\":\"https:\/\/univet.hu\/gazdasagtudomanyi-intezet\/en\/#website\"},\"datePublished\":\"2023-05-22T11:03:50+00:00\",\"dateModified\":\"2025-03-28T14:41:45+00:00\",\"breadcrumb\":{\"@id\":\"https:\/\/univet.hu\/gazdasagtudomanyi-intezet\/de\/institut-fuer-oekonomie-und-biostatistik\/abteilung-fur-forensische-veterinar-rechts-und-wirtschaftswissenschaften\/ausschreibungen-vergeben\/#breadcrumb\"},\"inLanguage\":\"de\",\"potentialAction\":[{\"@type\":\"ReadAction\",\"target\":[\"https:\/\/univet.hu\/gazdasagtudomanyi-intezet\/de\/institut-fuer-oekonomie-und-biostatistik\/abteilung-fur-forensische-veterinar-rechts-und-wirtschaftswissenschaften\/ausschreibungen-vergeben\/\"]}]},{\"@type\":\"BreadcrumbList\",\"@id\":\"https:\/\/univet.hu\/gazdasagtudomanyi-intezet\/de\/institut-fuer-oekonomie-und-biostatistik\/abteilung-fur-forensische-veterinar-rechts-und-wirtschaftswissenschaften\/ausschreibungen-vergeben\/#breadcrumb\",\"itemListElement\":[{\"@type\":\"ListItem\",\"position\":1,\"name\":\"Kezd\u0151lap\",\"item\":\"https:\/\/univet.hu\/gazdasagtudomanyi-intezet\/en\/\"},{\"@type\":\"ListItem\",\"position\":2,\"name\":\"Institut f\u00fcr \u00d6konomie und Biostatistik\",\"item\":\"https:\/\/univet.hu\/gazdasagtudomanyi-intezet\/de\/\"},{\"@type\":\"ListItem\",\"position\":3,\"name\":\"Abteilung f\u00fcr Forensische Veterin\u00e4r und Wirtschaftswissenschaften\",\"item\":\"https:\/\/univet.hu\/gazdasagtudomanyi-intezet\/de\/institut-fuer-oekonomie-und-biostatistik\/abteilung-fur-forensische-veterinar-rechts-und-wirtschaftswissenschaften\/\"},{\"@type\":\"ListItem\",\"position\":4,\"name\":\"Ausschreibungen vergeben\"}]},{\"@type\":\"WebSite\",\"@id\":\"https:\/\/univet.hu\/gazdasagtudomanyi-intezet\/en\/#website\",\"url\":\"https:\/\/univet.hu\/gazdasagtudomanyi-intezet\/en\/\",\"name\":\"Gazdas\u00e1gtudom\u00e1nyi \u00e9s Biostatisztikai Int\u00e9zet\",\"description\":\"\",\"potentialAction\":[{\"@type\":\"SearchAction\",\"target\":{\"@type\":\"EntryPoint\",\"urlTemplate\":\"https:\/\/univet.hu\/gazdasagtudomanyi-intezet\/en\/?s={search_term_string}\"},\"query-input\":{\"@type\":\"PropertyValueSpecification\",\"valueRequired\":true,\"valueName\":\"search_term_string\"}}],\"inLanguage\":\"de\"}]}<\/script>\n<!-- \/ Yoast SEO plugin. -->","yoast_head_json":{"title":"Ausschreibungen vergeben - Gazdas\u00e1gtudom\u00e1nyi \u00e9s Biostatisztikai Int\u00e9zet","robots":{"index":"index","follow":"follow","max-snippet":"max-snippet:-1","max-image-preview":"max-image-preview:large","max-video-preview":"max-video-preview:-1"},"canonical":"https:\/\/univet.hu\/gazdasagtudomanyi-intezet\/de\/institut-fuer-oekonomie-und-biostatistik\/abteilung-fur-forensische-veterinar-rechts-und-wirtschaftswissenschaften\/ausschreibungen-vergeben\/","og_locale":"de_DE","og_type":"article","og_title":"Ausschreibungen vergeben - Gazdas\u00e1gtudom\u00e1nyi \u00e9s Biostatisztikai Int\u00e9zet","og_description":"Horizon-CL6-2022 BioSecure-Antragsnummer 101083923: \u201eVerbesserte und kosteng\u00fcnstige Biosicherheit in der Tierproduktion\u201c. Laufzeit: 2023\u20132026. Grant RRF-2.3.1-21-2022-00001: Nationales Labor f\u00fcr infekti\u00f6se Tierkrankheiten, antimikrobielle Resistenz, \u00f6ffentliche Veterin\u00e4rgesundheit und Sicherheit der Lebensmittelkette. Laufzeit: 2022\u20132026. COST Action CA20103-Zuschuss: \u201eVerbesserte Biosicherheit durch Schulungsbewertung und Sensibilisierung (BESSER)\u201c. Laufzeit: 2021\u20132025. 2020-1.1.2-PIACI KFI-Ausschreibung (Nr. 2020-1.1.2.-PIACI-KFI-2021-00202): Entwicklung nat\u00fcrlicher, komplexer Futterzusatzstoffe zur Optimierung des Gefl\u00fcgelmikrobioms. Laufzeit: 2021\u20132025.","og_url":"https:\/\/univet.hu\/gazdasagtudomanyi-intezet\/de\/institut-fuer-oekonomie-und-biostatistik\/abteilung-fur-forensische-veterinar-rechts-und-wirtschaftswissenschaften\/ausschreibungen-vergeben\/","og_site_name":"Gazdas\u00e1gtudom\u00e1nyi \u00e9s Biostatisztikai Int\u00e9zet","article_modified_time":"2025-03-28T14:41:45+00:00","twitter_card":"summary_large_image","twitter_misc":{"Gesch\u00e4tzte Lesezeit":"2\u00a0Minuten"},"schema":{"@context":"https:\/\/schema.org","@graph":[{"@type":"WebPage","@id":"https:\/\/univet.hu\/gazdasagtudomanyi-intezet\/de\/institut-fuer-oekonomie-und-biostatistik\/abteilung-fur-forensische-veterinar-rechts-und-wirtschaftswissenschaften\/ausschreibungen-vergeben\/","url":"https:\/\/univet.hu\/gazdasagtudomanyi-intezet\/de\/institut-fuer-oekonomie-und-biostatistik\/abteilung-fur-forensische-veterinar-rechts-und-wirtschaftswissenschaften\/ausschreibungen-vergeben\/","name":"Ausschreibungen vergeben - Gazdas\u00e1gtudom\u00e1nyi \u00e9s Biostatisztikai Int\u00e9zet","isPartOf":{"@id":"https:\/\/univet.hu\/gazdasagtudomanyi-intezet\/en\/#website"},"datePublished":"2023-05-22T11:03:50+00:00","dateModified":"2025-03-28T14:41:45+00:00","breadcrumb":{"@id":"https:\/\/univet.hu\/gazdasagtudomanyi-intezet\/de\/institut-fuer-oekonomie-und-biostatistik\/abteilung-fur-forensische-veterinar-rechts-und-wirtschaftswissenschaften\/ausschreibungen-vergeben\/#breadcrumb"},"inLanguage":"de","potentialAction":[{"@type":"ReadAction","target":["https:\/\/univet.hu\/gazdasagtudomanyi-intezet\/de\/institut-fuer-oekonomie-und-biostatistik\/abteilung-fur-forensische-veterinar-rechts-und-wirtschaftswissenschaften\/ausschreibungen-vergeben\/"]}]},{"@type":"BreadcrumbList","@id":"https:\/\/univet.hu\/gazdasagtudomanyi-intezet\/de\/institut-fuer-oekonomie-und-biostatistik\/abteilung-fur-forensische-veterinar-rechts-und-wirtschaftswissenschaften\/ausschreibungen-vergeben\/#breadcrumb","itemListElement":[{"@type":"ListItem","position":1,"name":"Kezd\u0151lap","item":"https:\/\/univet.hu\/gazdasagtudomanyi-intezet\/en\/"},{"@type":"ListItem","position":2,"name":"Institut f\u00fcr \u00d6konomie und Biostatistik","item":"https:\/\/univet.hu\/gazdasagtudomanyi-intezet\/de\/"},{"@type":"ListItem","position":3,"name":"Abteilung f\u00fcr Forensische Veterin\u00e4r und Wirtschaftswissenschaften","item":"https:\/\/univet.hu\/gazdasagtudomanyi-intezet\/de\/institut-fuer-oekonomie-und-biostatistik\/abteilung-fur-forensische-veterinar-rechts-und-wirtschaftswissenschaften\/"},{"@type":"ListItem","position":4,"name":"Ausschreibungen vergeben"}]},{"@type":"WebSite","@id":"https:\/\/univet.hu\/gazdasagtudomanyi-intezet\/en\/#website","url":"https:\/\/univet.hu\/gazdasagtudomanyi-intezet\/en\/","name":"Gazdas\u00e1gtudom\u00e1nyi \u00e9s Biostatisztikai Int\u00e9zet","description":"","potentialAction":[{"@type":"SearchAction","target":{"@type":"EntryPoint","urlTemplate":"https:\/\/univet.hu\/gazdasagtudomanyi-intezet\/en\/?s={search_term_string}"},"query-input":{"@type":"PropertyValueSpecification","valueRequired":true,"valueName":"search_term_string"}}],"inLanguage":"de"}]}},"_links":{"self":[{"href":"https:\/\/univet.hu\/gazdasagtudomanyi-intezet\/de\/wp-json\/wp\/v2\/pages\/94907","targetHints":{"allow":["GET"]}}],"collection":[{"href":"https:\/\/univet.hu\/gazdasagtudomanyi-intezet\/de\/wp-json\/wp\/v2\/pages"}],"about":[{"href":"https:\/\/univet.hu\/gazdasagtudomanyi-intezet\/de\/wp-json\/wp\/v2\/types\/page"}],"author":[{"embeddable":true,"href":"https:\/\/univet.hu\/gazdasagtudomanyi-intezet\/de\/wp-json\/wp\/v2\/users\/3837"}],"replies":[{"embeddable":true,"href":"https:\/\/univet.hu\/gazdasagtudomanyi-intezet\/de\/wp-json\/wp\/v2\/comments?post=94907"}],"version-history":[{"count":1,"href":"https:\/\/univet.hu\/gazdasagtudomanyi-intezet\/de\/wp-json\/wp\/v2\/pages\/94907\/revisions"}],"predecessor-version":[{"id":103641,"href":"https:\/\/univet.hu\/gazdasagtudomanyi-intezet\/de\/wp-json\/wp\/v2\/pages\/94907\/revisions\/103641"}],"up":[{"embeddable":true,"href":"https:\/\/univet.hu\/gazdasagtudomanyi-intezet\/de\/wp-json\/wp\/v2\/pages\/3396"}],"wp:attachment":[{"href":"https:\/\/univet.hu\/gazdasagtudomanyi-intezet\/de\/wp-json\/wp\/v2\/media?parent=94907"}],"wp:term":[{"taxonomy":"category","embeddable":true,"href":"https:\/\/univet.hu\/gazdasagtudomanyi-intezet\/de\/wp-json\/wp\/v2\/categories?post=94907"},{"taxonomy":"post_tag","embeddable":true,"href":"https:\/\/univet.hu\/gazdasagtudomanyi-intezet\/de\/wp-json\/wp\/v2\/tags?post=94907"}],"curies":[{"name":"wp","href":"https:\/\/api.w.org\/{rel}","templated":true}]}}