{"id":71384,"date":"2022-02-03T15:59:22","date_gmt":"2022-02-03T14:59:22","guid":{"rendered":"https:\/\/univet.hu\/en\/about\/units\/department-of-veterinary-forensics-law-and-economics\/name\/"},"modified":"2026-01-28T14:42:20","modified_gmt":"2026-01-28T13:42:20","slug":"office-hours-of-the-lecturers","status":"publish","type":"page","link":"https:\/\/univet.hu\/gazdasagtudomanyi-intezet\/en\/department-of-veterinary-forensics-law-and-economics\/office-hours-of-the-lecturers\/","title":{"rendered":"Office hours of the lecturers"},"content":{"rendered":"<h3 style=\"text-align: center\"><strong>T\u00f6rv\u00e9nysz\u00e9ki \u00c1llatorvostani \u00e9s Gazdas\u00e1gtudom\u00e1nyi Tansz\u00e9k<\/strong><\/h3> <h3 style=\"text-align: center\"><strong>\u00a0<\/strong><strong>Department of Veterinary Forensics and Economics<\/strong><\/h3> <h3 style=\"text-align: center\"><\/h3> <h3 style=\"text-align: center\"><strong>OKTAT\u00d3K KONZULT\u00c1CI\u00d3S ID\u0150PONTJAI<\/strong><\/h3> <h3 style=\"text-align: center\"><strong>\u00a0<\/strong><strong>OFFICE HOURS OF THE LECTURERS<\/strong><\/h3> <h3 style=\"text-align: center\"><strong>2025\/26. 2. szemeszter<\/strong><\/h3> <p style=\"text-align: center\"> <table class=\"aligncenter\" width=\"661\"> <tbody> <tr> <td width=\"274\"> <p><strong>Dr. \u00d3zsv\u00e1ri L\u00e1szl\u00f3<\/strong><\/p> <p><strong>egyetemi tan\u00e1r, tansz\u00e9kvezet\u0151<\/strong><\/p> <p><strong>(full professor,<\/strong><\/p> <p><strong>head of department)<\/strong><\/td> <td width=\"387\"> <p><strong>H\u00e9tf\u0151 (Monday): 16:00-18:00<\/strong><\/p> <p><a class=\"decrypt\" rel=\"p{twbsj\/mbt{mpAvojwfu\/iv\" href=\"javascript:void(0);\">[Click to see email]<\/a><\/td> <\/tr> <tr> <td width=\"274\"> <p><strong>Dr. Csintalan Csaba<\/strong><\/p> <p><strong>mesteroktat\u00f3<\/strong><\/p> <p><strong>(senior lecturer)<\/strong><\/td> <td width=\"387\"> <p><strong>Szerda (Wednesday): 8:00-10:00<\/strong><\/p> <p><a class=\"decrypt\" rel=\"dtjoubmbo\/dtbcbAvojwfu\/iv\" href=\"javascript:void(0);\">[Click to see email]<\/a><\/td> <\/tr> <tr> <td width=\"274\"> <p><strong>Dr. M\u00e1t\u00e9 Marietta<\/strong><\/p> <p><strong>tansz\u00e9ki \u00e1llatorvos <\/strong><\/p> <p><strong>(research fellow)<\/strong><\/td> <td width=\"387\"> <p><strong>Kedd (Tuesday): 8:00-10:00<\/strong><\/p> <p><a class=\"decrypt\" rel=\"nbuf\/nbsjfuubAvojwfu\/iv\" href=\"javascript:void(0);\">[Click to see email]<\/a><\/td> <\/tr> <tr> <td width=\"274\"> <p><strong>Dr. B\u00e1rdos Krisztina<\/strong><\/p> <p><strong>tansz\u00e9ki \u00e1llatorvos<\/strong><\/p> <p><strong>(research fellow)<\/strong><\/td> <td width=\"387\"> <p><strong>Kedd (Tuesday): 10:00-12:00<\/strong><\/p> <p><a class=\"decrypt\" rel=\"cbsept\/lsjt{ujobAvojwfu\/iv\" href=\"javascript:void(0);\">[Click to see email]<\/a><\/td> <\/tr> <\/tbody> <\/table> <p style=\"text-align: center\">","protected":false},"excerpt":{"rendered":"<p>T\u00f6rv\u00e9nysz\u00e9ki \u00c1llatorvostani \u00e9s Gazdas\u00e1gtudom\u00e1nyi Tansz\u00e9k \u00a0Department of Veterinary Forensics and Economics OKTAT\u00d3K KONZULT\u00c1CI\u00d3S ID\u0150PONTJAI \u00a0OFFICE HOURS OF THE LECTURERS 2025\/26. 2. szemeszter Dr. \u00d3zsv\u00e1ri L\u00e1szl\u00f3 egyetemi tan\u00e1r, tansz\u00e9kvezet\u0151 (full professor, head of department) H\u00e9tf\u0151 (Monday): 16:00-18:00 [Click to see email] Dr. Csintalan Csaba mesteroktat\u00f3 (senior lecturer) Szerda (Wednesday): 8:00-10:00 [Click to see email] Dr. M\u00e1t\u00e9<\/p>\n","protected":false},"author":3837,"featured_media":0,"parent":3395,"menu_order":0,"comment_status":"open","ping_status":"open","template":"","meta":{"_acf_changed":false,"footnotes":""},"categories":[],"tags":[],"class_list":["post-71384","page","type-page","status-publish","hentry"],"acf":[],"yoast_head":"<!-- This site is optimized with the Yoast SEO plugin v27.2 - https:\/\/yoast.com\/product\/yoast-seo-wordpress\/ -->\n<title>Office hours of the lecturers - Gazdas\u00e1gtudom\u00e1nyi \u00e9s Biostatisztikai Int\u00e9zet<\/title>\n<meta name=\"robots\" content=\"index, follow, max-snippet:-1, max-image-preview:large, max-video-preview:-1\" \/>\n<link rel=\"canonical\" href=\"https:\/\/univet.hu\/gazdasagtudomanyi-intezet\/en\/department-of-veterinary-forensics-law-and-economics\/office-hours-of-the-lecturers\/\" \/>\n<meta property=\"og:locale\" content=\"en_US\" \/>\n<meta property=\"og:type\" content=\"article\" \/>\n<meta property=\"og:title\" content=\"Office hours of the lecturers - Gazdas\u00e1gtudom\u00e1nyi \u00e9s Biostatisztikai Int\u00e9zet\" \/>\n<meta property=\"og:description\" content=\"T\u00f6rv\u00e9nysz\u00e9ki \u00c1llatorvostani \u00e9s Gazdas\u00e1gtudom\u00e1nyi Tansz\u00e9k \u00a0Department of Veterinary Forensics and Economics OKTAT\u00d3K KONZULT\u00c1CI\u00d3S ID\u0150PONTJAI \u00a0OFFICE HOURS OF THE LECTURERS 2025\/26. 2. szemeszter Dr. \u00d3zsv\u00e1ri L\u00e1szl\u00f3 egyetemi tan\u00e1r, tansz\u00e9kvezet\u0151 (full professor, head of department) H\u00e9tf\u0151 (Monday): 16:00-18:00 [Click to see email] Dr. Csintalan Csaba mesteroktat\u00f3 (senior lecturer) Szerda (Wednesday): 8:00-10:00 [Click to see email] Dr. M\u00e1t\u00e9\" \/>\n<meta property=\"og:url\" content=\"https:\/\/univet.hu\/gazdasagtudomanyi-intezet\/en\/department-of-veterinary-forensics-law-and-economics\/office-hours-of-the-lecturers\/\" \/>\n<meta property=\"og:site_name\" content=\"Gazdas\u00e1gtudom\u00e1nyi \u00e9s Biostatisztikai Int\u00e9zet\" \/>\n<meta property=\"article:modified_time\" content=\"2026-01-28T13:42:20+00:00\" \/>\n<meta name=\"twitter:card\" content=\"summary_large_image\" \/>\n<meta name=\"twitter:label1\" content=\"Est. reading time\" \/>\n\t<meta name=\"twitter:data1\" content=\"1 minute\" \/>\n<script type=\"application\/ld+json\" class=\"yoast-schema-graph\">{\"@context\":\"https:\/\/schema.org\",\"@graph\":[{\"@type\":\"WebPage\",\"@id\":\"https:\/\/univet.hu\/gazdasagtudomanyi-intezet\/en\/department-of-veterinary-forensics-law-and-economics\/office-hours-of-the-lecturers\/\",\"url\":\"https:\/\/univet.hu\/gazdasagtudomanyi-intezet\/en\/department-of-veterinary-forensics-law-and-economics\/office-hours-of-the-lecturers\/\",\"name\":\"Office hours of the lecturers - Gazdas\u00e1gtudom\u00e1nyi \u00e9s Biostatisztikai Int\u00e9zet\",\"isPartOf\":{\"@id\":\"https:\/\/univet.hu\/gazdasagtudomanyi-intezet\/en\/#website\"},\"datePublished\":\"2022-02-03T14:59:22+00:00\",\"dateModified\":\"2026-01-28T13:42:20+00:00\",\"breadcrumb\":{\"@id\":\"https:\/\/univet.hu\/gazdasagtudomanyi-intezet\/en\/department-of-veterinary-forensics-law-and-economics\/office-hours-of-the-lecturers\/#breadcrumb\"},\"inLanguage\":\"en-US\",\"potentialAction\":[{\"@type\":\"ReadAction\",\"target\":[\"https:\/\/univet.hu\/gazdasagtudomanyi-intezet\/en\/department-of-veterinary-forensics-law-and-economics\/office-hours-of-the-lecturers\/\"]}]},{\"@type\":\"BreadcrumbList\",\"@id\":\"https:\/\/univet.hu\/gazdasagtudomanyi-intezet\/en\/department-of-veterinary-forensics-law-and-economics\/office-hours-of-the-lecturers\/#breadcrumb\",\"itemListElement\":[{\"@type\":\"ListItem\",\"position\":1,\"name\":\"Kezd\u0151lap\",\"item\":\"https:\/\/univet.hu\/gazdasagtudomanyi-intezet\/en\/\"},{\"@type\":\"ListItem\",\"position\":2,\"name\":\"Department of Veterinary Forensics and Economics\",\"item\":\"https:\/\/univet.hu\/gazdasagtudomanyi-intezet\/en\/institute-of-economics-and-biostatistics\/department-of-veterinary-forensics-law-and-economics\/\"},{\"@type\":\"ListItem\",\"position\":3,\"name\":\"Office hours of the lecturers\"}]},{\"@type\":\"WebSite\",\"@id\":\"https:\/\/univet.hu\/gazdasagtudomanyi-intezet\/en\/#website\",\"url\":\"https:\/\/univet.hu\/gazdasagtudomanyi-intezet\/en\/\",\"name\":\"Gazdas\u00e1gtudom\u00e1nyi \u00e9s Biostatisztikai Int\u00e9zet\",\"description\":\"\",\"potentialAction\":[{\"@type\":\"SearchAction\",\"target\":{\"@type\":\"EntryPoint\",\"urlTemplate\":\"https:\/\/univet.hu\/gazdasagtudomanyi-intezet\/en\/?s={search_term_string}\"},\"query-input\":{\"@type\":\"PropertyValueSpecification\",\"valueRequired\":true,\"valueName\":\"search_term_string\"}}],\"inLanguage\":\"en-US\"}]}<\/script>\n<!-- \/ Yoast SEO plugin. -->","yoast_head_json":{"title":"Office hours of the lecturers - Gazdas\u00e1gtudom\u00e1nyi \u00e9s Biostatisztikai Int\u00e9zet","robots":{"index":"index","follow":"follow","max-snippet":"max-snippet:-1","max-image-preview":"max-image-preview:large","max-video-preview":"max-video-preview:-1"},"canonical":"https:\/\/univet.hu\/gazdasagtudomanyi-intezet\/en\/department-of-veterinary-forensics-law-and-economics\/office-hours-of-the-lecturers\/","og_locale":"en_US","og_type":"article","og_title":"Office hours of the lecturers - Gazdas\u00e1gtudom\u00e1nyi \u00e9s Biostatisztikai Int\u00e9zet","og_description":"T\u00f6rv\u00e9nysz\u00e9ki \u00c1llatorvostani \u00e9s Gazdas\u00e1gtudom\u00e1nyi Tansz\u00e9k \u00a0Department of Veterinary Forensics and Economics OKTAT\u00d3K KONZULT\u00c1CI\u00d3S ID\u0150PONTJAI \u00a0OFFICE HOURS OF THE LECTURERS 2025\/26. 2. szemeszter Dr. \u00d3zsv\u00e1ri L\u00e1szl\u00f3 egyetemi tan\u00e1r, tansz\u00e9kvezet\u0151 (full professor, head of department) H\u00e9tf\u0151 (Monday): 16:00-18:00 [Click to see email] Dr. Csintalan Csaba mesteroktat\u00f3 (senior lecturer) Szerda (Wednesday): 8:00-10:00 [Click to see email] Dr. M\u00e1t\u00e9","og_url":"https:\/\/univet.hu\/gazdasagtudomanyi-intezet\/en\/department-of-veterinary-forensics-law-and-economics\/office-hours-of-the-lecturers\/","og_site_name":"Gazdas\u00e1gtudom\u00e1nyi \u00e9s Biostatisztikai Int\u00e9zet","article_modified_time":"2026-01-28T13:42:20+00:00","twitter_card":"summary_large_image","twitter_misc":{"Est. reading time":"1 minute"},"schema":{"@context":"https:\/\/schema.org","@graph":[{"@type":"WebPage","@id":"https:\/\/univet.hu\/gazdasagtudomanyi-intezet\/en\/department-of-veterinary-forensics-law-and-economics\/office-hours-of-the-lecturers\/","url":"https:\/\/univet.hu\/gazdasagtudomanyi-intezet\/en\/department-of-veterinary-forensics-law-and-economics\/office-hours-of-the-lecturers\/","name":"Office hours of the lecturers - Gazdas\u00e1gtudom\u00e1nyi \u00e9s Biostatisztikai Int\u00e9zet","isPartOf":{"@id":"https:\/\/univet.hu\/gazdasagtudomanyi-intezet\/en\/#website"},"datePublished":"2022-02-03T14:59:22+00:00","dateModified":"2026-01-28T13:42:20+00:00","breadcrumb":{"@id":"https:\/\/univet.hu\/gazdasagtudomanyi-intezet\/en\/department-of-veterinary-forensics-law-and-economics\/office-hours-of-the-lecturers\/#breadcrumb"},"inLanguage":"en-US","potentialAction":[{"@type":"ReadAction","target":["https:\/\/univet.hu\/gazdasagtudomanyi-intezet\/en\/department-of-veterinary-forensics-law-and-economics\/office-hours-of-the-lecturers\/"]}]},{"@type":"BreadcrumbList","@id":"https:\/\/univet.hu\/gazdasagtudomanyi-intezet\/en\/department-of-veterinary-forensics-law-and-economics\/office-hours-of-the-lecturers\/#breadcrumb","itemListElement":[{"@type":"ListItem","position":1,"name":"Kezd\u0151lap","item":"https:\/\/univet.hu\/gazdasagtudomanyi-intezet\/en\/"},{"@type":"ListItem","position":2,"name":"Department of Veterinary Forensics and Economics","item":"https:\/\/univet.hu\/gazdasagtudomanyi-intezet\/en\/institute-of-economics-and-biostatistics\/department-of-veterinary-forensics-law-and-economics\/"},{"@type":"ListItem","position":3,"name":"Office hours of the lecturers"}]},{"@type":"WebSite","@id":"https:\/\/univet.hu\/gazdasagtudomanyi-intezet\/en\/#website","url":"https:\/\/univet.hu\/gazdasagtudomanyi-intezet\/en\/","name":"Gazdas\u00e1gtudom\u00e1nyi \u00e9s Biostatisztikai Int\u00e9zet","description":"","potentialAction":[{"@type":"SearchAction","target":{"@type":"EntryPoint","urlTemplate":"https:\/\/univet.hu\/gazdasagtudomanyi-intezet\/en\/?s={search_term_string}"},"query-input":{"@type":"PropertyValueSpecification","valueRequired":true,"valueName":"search_term_string"}}],"inLanguage":"en-US"}]}},"_links":{"self":[{"href":"https:\/\/univet.hu\/gazdasagtudomanyi-intezet\/en\/wp-json\/wp\/v2\/pages\/71384","targetHints":{"allow":["GET"]}}],"collection":[{"href":"https:\/\/univet.hu\/gazdasagtudomanyi-intezet\/en\/wp-json\/wp\/v2\/pages"}],"about":[{"href":"https:\/\/univet.hu\/gazdasagtudomanyi-intezet\/en\/wp-json\/wp\/v2\/types\/page"}],"author":[{"embeddable":true,"href":"https:\/\/univet.hu\/gazdasagtudomanyi-intezet\/en\/wp-json\/wp\/v2\/users\/3837"}],"replies":[{"embeddable":true,"href":"https:\/\/univet.hu\/gazdasagtudomanyi-intezet\/en\/wp-json\/wp\/v2\/comments?post=71384"}],"version-history":[{"count":3,"href":"https:\/\/univet.hu\/gazdasagtudomanyi-intezet\/en\/wp-json\/wp\/v2\/pages\/71384\/revisions"}],"predecessor-version":[{"id":103851,"href":"https:\/\/univet.hu\/gazdasagtudomanyi-intezet\/en\/wp-json\/wp\/v2\/pages\/71384\/revisions\/103851"}],"up":[{"embeddable":true,"href":"https:\/\/univet.hu\/gazdasagtudomanyi-intezet\/en\/wp-json\/wp\/v2\/pages\/3395"}],"wp:attachment":[{"href":"https:\/\/univet.hu\/gazdasagtudomanyi-intezet\/en\/wp-json\/wp\/v2\/media?parent=71384"}],"wp:term":[{"taxonomy":"category","embeddable":true,"href":"https:\/\/univet.hu\/gazdasagtudomanyi-intezet\/en\/wp-json\/wp\/v2\/categories?post=71384"},{"taxonomy":"post_tag","embeddable":true,"href":"https:\/\/univet.hu\/gazdasagtudomanyi-intezet\/en\/wp-json\/wp\/v2\/tags?post=71384"}],"curies":[{"name":"wp","href":"https:\/\/api.w.org\/{rel}","templated":true}]}}