{"id":85095,"date":"2023-04-13T16:02:04","date_gmt":"2023-04-13T14:02:04","guid":{"rendered":"https:\/\/univet.hu\/en\/about\/units\/department-of-veterinary-forensics-law-and-economics\/phd-students\/name\/"},"modified":"2026-04-16T15:20:20","modified_gmt":"2026-04-16T13:20:20","slug":"students-studying-for-a-phd","status":"publish","type":"page","link":"https:\/\/univet.hu\/gazdasagtudomanyi-intezet\/en\/department-of-veterinary-forensics-law-and-economics\/phd-students\/students-studying-for-a-phd\/","title":{"rendered":"Students studying for a PhD"},"content":{"rendered":"<p><strong>Marietta M\u00e1t\u00e9<\/strong><\/p> <p>Nemzetk\u00f6zi \u00f6sszehasonl\u00edt\u00f3 tanulm\u00e1ny az \u00e1llatorvosok foglalkoz\u00e1si stresszt\u00e9nyez\u0151ir\u0151l \u00e9s ment\u00e1lis eg\u00e9szs\u00e9gi \u00e1llapot\u00e1r\u00f3l<\/p> <p><strong>\u00a0<\/strong><\/p> <p><strong>L\u00e1mfalusy Tam\u00e1s<\/strong><\/p> <p>Magyarorsz\u00e1gi akvakult\u00fara term\u00e9kek piaci lehet\u0151s\u00e9geinek elemz\u00e9se<\/p> <p>&nbsp;<\/p> <p><strong>Paszerbovics Bettina<\/strong><\/p> <p>Fert\u0151z\u0151 sert\u00e9sbetegs\u00e9gek el\u0151fordul\u00e1s\u00e1nak \u00e9s az \u00e1ltaluk okozott gazdas\u00e1gi k\u00e1roknak a becsl\u00e9se \u00e9s modellez\u00e9se<\/p>","protected":false},"excerpt":{"rendered":"<p>Marietta M\u00e1t\u00e9 Nemzetk\u00f6zi \u00f6sszehasonl\u00edt\u00f3 tanulm\u00e1ny az \u00e1llatorvosok foglalkoz\u00e1si stresszt\u00e9nyez\u0151ir\u0151l \u00e9s ment\u00e1lis eg\u00e9szs\u00e9gi \u00e1llapot\u00e1r\u00f3l \u00a0 L\u00e1mfalusy Tam\u00e1s Magyarorsz\u00e1gi akvakult\u00fara term\u00e9kek piaci lehet\u0151s\u00e9geinek elemz\u00e9se &nbsp; Paszerbovics Bettina Fert\u0151z\u0151 sert\u00e9sbetegs\u00e9gek el\u0151fordul\u00e1s\u00e1nak \u00e9s az \u00e1ltaluk okozott gazdas\u00e1gi k\u00e1roknak a becsl\u00e9se \u00e9s modellez\u00e9se<\/p>\n","protected":false},"author":3837,"featured_media":0,"parent":85093,"menu_order":0,"comment_status":"open","ping_status":"open","template":"","meta":{"_acf_changed":false,"footnotes":""},"categories":[],"tags":[],"class_list":["post-85095","page","type-page","status-publish","hentry"],"acf":[],"yoast_head":"<!-- This site is optimized with the Yoast SEO plugin v27.2 - https:\/\/yoast.com\/product\/yoast-seo-wordpress\/ -->\n<title>Students studying for a PhD - Gazdas\u00e1gtudom\u00e1nyi \u00e9s Biostatisztikai Int\u00e9zet<\/title>\n<meta name=\"robots\" content=\"index, follow, max-snippet:-1, max-image-preview:large, max-video-preview:-1\" \/>\n<link rel=\"canonical\" href=\"https:\/\/univet.hu\/gazdasagtudomanyi-intezet\/en\/department-of-veterinary-forensics-law-and-economics\/phd-students\/students-studying-for-a-phd\/\" \/>\n<meta property=\"og:locale\" content=\"en_US\" \/>\n<meta property=\"og:type\" content=\"article\" \/>\n<meta property=\"og:title\" content=\"Students studying for a PhD - Gazdas\u00e1gtudom\u00e1nyi \u00e9s Biostatisztikai Int\u00e9zet\" \/>\n<meta property=\"og:description\" content=\"Marietta M\u00e1t\u00e9 Nemzetk\u00f6zi \u00f6sszehasonl\u00edt\u00f3 tanulm\u00e1ny az \u00e1llatorvosok foglalkoz\u00e1si stresszt\u00e9nyez\u0151ir\u0151l \u00e9s ment\u00e1lis eg\u00e9szs\u00e9gi \u00e1llapot\u00e1r\u00f3l \u00a0 L\u00e1mfalusy Tam\u00e1s Magyarorsz\u00e1gi akvakult\u00fara term\u00e9kek piaci lehet\u0151s\u00e9geinek elemz\u00e9se &nbsp; Paszerbovics Bettina Fert\u0151z\u0151 sert\u00e9sbetegs\u00e9gek el\u0151fordul\u00e1s\u00e1nak \u00e9s az \u00e1ltaluk okozott gazdas\u00e1gi k\u00e1roknak a becsl\u00e9se \u00e9s modellez\u00e9se\" \/>\n<meta property=\"og:url\" content=\"https:\/\/univet.hu\/gazdasagtudomanyi-intezet\/en\/department-of-veterinary-forensics-law-and-economics\/phd-students\/students-studying-for-a-phd\/\" \/>\n<meta property=\"og:site_name\" content=\"Gazdas\u00e1gtudom\u00e1nyi \u00e9s Biostatisztikai Int\u00e9zet\" \/>\n<meta property=\"article:modified_time\" content=\"2026-04-16T13:20:20+00:00\" \/>\n<meta name=\"twitter:card\" content=\"summary_large_image\" \/>\n<meta name=\"twitter:label1\" content=\"Est. reading time\" \/>\n\t<meta name=\"twitter:data1\" content=\"1 minute\" \/>\n<script type=\"application\/ld+json\" class=\"yoast-schema-graph\">{\"@context\":\"https:\/\/schema.org\",\"@graph\":[{\"@type\":\"WebPage\",\"@id\":\"https:\/\/univet.hu\/gazdasagtudomanyi-intezet\/en\/department-of-veterinary-forensics-law-and-economics\/phd-students\/students-studying-for-a-phd\/\",\"url\":\"https:\/\/univet.hu\/gazdasagtudomanyi-intezet\/en\/department-of-veterinary-forensics-law-and-economics\/phd-students\/students-studying-for-a-phd\/\",\"name\":\"Students studying for a PhD - Gazdas\u00e1gtudom\u00e1nyi \u00e9s Biostatisztikai Int\u00e9zet\",\"isPartOf\":{\"@id\":\"https:\/\/univet.hu\/gazdasagtudomanyi-intezet\/en\/#website\"},\"datePublished\":\"2023-04-13T14:02:04+00:00\",\"dateModified\":\"2026-04-16T13:20:20+00:00\",\"breadcrumb\":{\"@id\":\"https:\/\/univet.hu\/gazdasagtudomanyi-intezet\/en\/department-of-veterinary-forensics-law-and-economics\/phd-students\/students-studying-for-a-phd\/#breadcrumb\"},\"inLanguage\":\"en-US\",\"potentialAction\":[{\"@type\":\"ReadAction\",\"target\":[\"https:\/\/univet.hu\/gazdasagtudomanyi-intezet\/en\/department-of-veterinary-forensics-law-and-economics\/phd-students\/students-studying-for-a-phd\/\"]}]},{\"@type\":\"BreadcrumbList\",\"@id\":\"https:\/\/univet.hu\/gazdasagtudomanyi-intezet\/en\/department-of-veterinary-forensics-law-and-economics\/phd-students\/students-studying-for-a-phd\/#breadcrumb\",\"itemListElement\":[{\"@type\":\"ListItem\",\"position\":1,\"name\":\"Kezd\u0151lap\",\"item\":\"https:\/\/univet.hu\/gazdasagtudomanyi-intezet\/en\/\"},{\"@type\":\"ListItem\",\"position\":2,\"name\":\"Department of Veterinary Forensics and Economics\",\"item\":\"https:\/\/univet.hu\/gazdasagtudomanyi-intezet\/en\/institute-of-economics-and-biostatistics\/department-of-veterinary-forensics-law-and-economics\/\"},{\"@type\":\"ListItem\",\"position\":3,\"name\":\"PhD students\",\"item\":\"https:\/\/univet.hu\/gazdasagtudomanyi-intezet\/en\/institute-of-economics-and-biostatistics\/department-of-veterinary-forensics-law-and-economics\/phd-students\/\"},{\"@type\":\"ListItem\",\"position\":4,\"name\":\"Students studying for a PhD\"}]},{\"@type\":\"WebSite\",\"@id\":\"https:\/\/univet.hu\/gazdasagtudomanyi-intezet\/en\/#website\",\"url\":\"https:\/\/univet.hu\/gazdasagtudomanyi-intezet\/en\/\",\"name\":\"Gazdas\u00e1gtudom\u00e1nyi \u00e9s Biostatisztikai Int\u00e9zet\",\"description\":\"\",\"potentialAction\":[{\"@type\":\"SearchAction\",\"target\":{\"@type\":\"EntryPoint\",\"urlTemplate\":\"https:\/\/univet.hu\/gazdasagtudomanyi-intezet\/en\/?s={search_term_string}\"},\"query-input\":{\"@type\":\"PropertyValueSpecification\",\"valueRequired\":true,\"valueName\":\"search_term_string\"}}],\"inLanguage\":\"en-US\"}]}<\/script>\n<!-- \/ Yoast SEO plugin. -->","yoast_head_json":{"title":"Students studying for a PhD - Gazdas\u00e1gtudom\u00e1nyi \u00e9s Biostatisztikai Int\u00e9zet","robots":{"index":"index","follow":"follow","max-snippet":"max-snippet:-1","max-image-preview":"max-image-preview:large","max-video-preview":"max-video-preview:-1"},"canonical":"https:\/\/univet.hu\/gazdasagtudomanyi-intezet\/en\/department-of-veterinary-forensics-law-and-economics\/phd-students\/students-studying-for-a-phd\/","og_locale":"en_US","og_type":"article","og_title":"Students studying for a PhD - Gazdas\u00e1gtudom\u00e1nyi \u00e9s Biostatisztikai Int\u00e9zet","og_description":"Marietta M\u00e1t\u00e9 Nemzetk\u00f6zi \u00f6sszehasonl\u00edt\u00f3 tanulm\u00e1ny az \u00e1llatorvosok foglalkoz\u00e1si stresszt\u00e9nyez\u0151ir\u0151l \u00e9s ment\u00e1lis eg\u00e9szs\u00e9gi \u00e1llapot\u00e1r\u00f3l \u00a0 L\u00e1mfalusy Tam\u00e1s Magyarorsz\u00e1gi akvakult\u00fara term\u00e9kek piaci lehet\u0151s\u00e9geinek elemz\u00e9se &nbsp; Paszerbovics Bettina Fert\u0151z\u0151 sert\u00e9sbetegs\u00e9gek el\u0151fordul\u00e1s\u00e1nak \u00e9s az \u00e1ltaluk okozott gazdas\u00e1gi k\u00e1roknak a becsl\u00e9se \u00e9s modellez\u00e9se","og_url":"https:\/\/univet.hu\/gazdasagtudomanyi-intezet\/en\/department-of-veterinary-forensics-law-and-economics\/phd-students\/students-studying-for-a-phd\/","og_site_name":"Gazdas\u00e1gtudom\u00e1nyi \u00e9s Biostatisztikai Int\u00e9zet","article_modified_time":"2026-04-16T13:20:20+00:00","twitter_card":"summary_large_image","twitter_misc":{"Est. reading time":"1 minute"},"schema":{"@context":"https:\/\/schema.org","@graph":[{"@type":"WebPage","@id":"https:\/\/univet.hu\/gazdasagtudomanyi-intezet\/en\/department-of-veterinary-forensics-law-and-economics\/phd-students\/students-studying-for-a-phd\/","url":"https:\/\/univet.hu\/gazdasagtudomanyi-intezet\/en\/department-of-veterinary-forensics-law-and-economics\/phd-students\/students-studying-for-a-phd\/","name":"Students studying for a PhD - Gazdas\u00e1gtudom\u00e1nyi \u00e9s Biostatisztikai Int\u00e9zet","isPartOf":{"@id":"https:\/\/univet.hu\/gazdasagtudomanyi-intezet\/en\/#website"},"datePublished":"2023-04-13T14:02:04+00:00","dateModified":"2026-04-16T13:20:20+00:00","breadcrumb":{"@id":"https:\/\/univet.hu\/gazdasagtudomanyi-intezet\/en\/department-of-veterinary-forensics-law-and-economics\/phd-students\/students-studying-for-a-phd\/#breadcrumb"},"inLanguage":"en-US","potentialAction":[{"@type":"ReadAction","target":["https:\/\/univet.hu\/gazdasagtudomanyi-intezet\/en\/department-of-veterinary-forensics-law-and-economics\/phd-students\/students-studying-for-a-phd\/"]}]},{"@type":"BreadcrumbList","@id":"https:\/\/univet.hu\/gazdasagtudomanyi-intezet\/en\/department-of-veterinary-forensics-law-and-economics\/phd-students\/students-studying-for-a-phd\/#breadcrumb","itemListElement":[{"@type":"ListItem","position":1,"name":"Kezd\u0151lap","item":"https:\/\/univet.hu\/gazdasagtudomanyi-intezet\/en\/"},{"@type":"ListItem","position":2,"name":"Department of Veterinary Forensics and Economics","item":"https:\/\/univet.hu\/gazdasagtudomanyi-intezet\/en\/institute-of-economics-and-biostatistics\/department-of-veterinary-forensics-law-and-economics\/"},{"@type":"ListItem","position":3,"name":"PhD students","item":"https:\/\/univet.hu\/gazdasagtudomanyi-intezet\/en\/institute-of-economics-and-biostatistics\/department-of-veterinary-forensics-law-and-economics\/phd-students\/"},{"@type":"ListItem","position":4,"name":"Students studying for a PhD"}]},{"@type":"WebSite","@id":"https:\/\/univet.hu\/gazdasagtudomanyi-intezet\/en\/#website","url":"https:\/\/univet.hu\/gazdasagtudomanyi-intezet\/en\/","name":"Gazdas\u00e1gtudom\u00e1nyi \u00e9s Biostatisztikai Int\u00e9zet","description":"","potentialAction":[{"@type":"SearchAction","target":{"@type":"EntryPoint","urlTemplate":"https:\/\/univet.hu\/gazdasagtudomanyi-intezet\/en\/?s={search_term_string}"},"query-input":{"@type":"PropertyValueSpecification","valueRequired":true,"valueName":"search_term_string"}}],"inLanguage":"en-US"}]}},"_links":{"self":[{"href":"https:\/\/univet.hu\/gazdasagtudomanyi-intezet\/en\/wp-json\/wp\/v2\/pages\/85095","targetHints":{"allow":["GET"]}}],"collection":[{"href":"https:\/\/univet.hu\/gazdasagtudomanyi-intezet\/en\/wp-json\/wp\/v2\/pages"}],"about":[{"href":"https:\/\/univet.hu\/gazdasagtudomanyi-intezet\/en\/wp-json\/wp\/v2\/types\/page"}],"author":[{"embeddable":true,"href":"https:\/\/univet.hu\/gazdasagtudomanyi-intezet\/en\/wp-json\/wp\/v2\/users\/3837"}],"replies":[{"embeddable":true,"href":"https:\/\/univet.hu\/gazdasagtudomanyi-intezet\/en\/wp-json\/wp\/v2\/comments?post=85095"}],"version-history":[{"count":4,"href":"https:\/\/univet.hu\/gazdasagtudomanyi-intezet\/en\/wp-json\/wp\/v2\/pages\/85095\/revisions"}],"predecessor-version":[{"id":103889,"href":"https:\/\/univet.hu\/gazdasagtudomanyi-intezet\/en\/wp-json\/wp\/v2\/pages\/85095\/revisions\/103889"}],"up":[{"embeddable":true,"href":"https:\/\/univet.hu\/gazdasagtudomanyi-intezet\/en\/wp-json\/wp\/v2\/pages\/85093"}],"wp:attachment":[{"href":"https:\/\/univet.hu\/gazdasagtudomanyi-intezet\/en\/wp-json\/wp\/v2\/media?parent=85095"}],"wp:term":[{"taxonomy":"category","embeddable":true,"href":"https:\/\/univet.hu\/gazdasagtudomanyi-intezet\/en\/wp-json\/wp\/v2\/categories?post=85095"},{"taxonomy":"post_tag","embeddable":true,"href":"https:\/\/univet.hu\/gazdasagtudomanyi-intezet\/en\/wp-json\/wp\/v2\/tags?post=85095"}],"curies":[{"name":"wp","href":"https:\/\/api.w.org\/{rel}","templated":true}]}}