{"id":85097,"date":"2023-04-13T16:05:07","date_gmt":"2023-04-13T14:05:07","guid":{"rendered":"https:\/\/univet.hu\/en\/about\/units\/department-of-veterinary-forensics-law-and-economics\/phd-students\/name\/"},"modified":"2026-02-05T17:14:02","modified_gmt":"2026-02-05T16:14:02","slug":"graduated","status":"publish","type":"page","link":"https:\/\/univet.hu\/gazdasagtudomanyi-intezet\/en\/department-of-veterinary-forensics-law-and-economics\/phd-students\/graduated\/","title":{"rendered":"Graduated"},"content":{"rendered":"<p><strong>Veres Katalin (2026)<\/strong><\/p> <p>Kondicion\u00e1lis \u00e9s margin\u00e1lis modellek az \u00e1llateg\u00e9szs\u00e9g\u00fcgyben a szarvasmarha paratuberkul\u00f3zis p\u00e9ld\u00e1j\u00e1n bemutatva<\/p> <p><a href=\"https:\/\/huveta.hu\/server\/api\/core\/bitstreams\/9366c59d-6ff3-450d-be11-81547cf9ee4f\/content\">https:\/\/huveta.hu\/server\/api\/core\/bitstreams\/9366c59d-6ff3-450d-be11-81547cf9ee4f\/content<\/a><\/p> <p>&nbsp;<\/p> <p><strong>Erik Diez (2025)<\/strong><\/p> <p>Business Management in German small animal practices<\/p> <p><a href=\"https:\/\/uni-mate.hu\/documents\/20123\/8053649\/PhD+Thesis+Erik+Diez-final.pdf\/ca084499-a0e2-21f8-91fc-da00eafa7646?t=1743494576634\">https:\/\/uni-mate.hu\/documents\/20123\/8053649\/PhD+Thesis+Erik+Diez-final.pdf\/ca084499-a0e2-21f8-91fc-da00eafa7646?t=1743494576634<\/a><\/p> <p>&nbsp;<\/p> <p><strong>Szab\u00f3 Erika (2024)<\/strong><\/p> <p>Biztons\u00e1gos \u00e9s funkcion\u00e1lis tejalap\u00fa \u00e9lelmiszerek el\u0151\u00e1ll\u00edt\u00e1s\u00e1nak jogi \u00e9s gazdas\u00e1gi vonatkoz\u00e1sai<\/p> <p><a href=\"https:\/\/univet.hu\/wp-content\/uploads\/2025\/03\/Szabo_Erika_ertekezes_final_2023.pdf\">https:\/\/univet.hu\/wp-content\/uploads\/2025\/03\/Szabo_Erika_ertekezes_final_2023.pdf<\/a><\/p> <p>&nbsp;<\/p> <p><strong>Ivanyos Dorottya (2023)<\/strong><\/p> <p>Tehen\u00e9szetek t\u0151gyeg\u00e9szs\u00e9g\u00fcgy\u00e9nek gazdas\u00e1gi k\u00e9rd\u00e9sei<\/p> <p><a href=\"https:\/\/univet.hu\/wp-content\/uploads\/2025\/03\/Disszertacio_univet_ID_2022.pdf\">https:\/\/univet.hu\/wp-content\/uploads\/2025\/03\/Disszertacio_univet_ID_2022.pdf<\/a><\/p> <p>&nbsp;<\/p> <p><strong>Lor\u00e1szk\u00f3 G\u00e1bor (2023)<\/strong><\/p> <p>Forensic aspects of the crime of animal cruelty<\/p> <p><a href=\"https:\/\/univet.hu\/wp-content\/uploads\/2025\/03\/Lora%CC%81szko%CC%81-PhD-dolgozat.pdf\">https:\/\/univet.hu\/wp-content\/uploads\/2025\/03\/Lora\u0301szko\u0301-PhD-dolgozat.pdf<\/a><\/p> <p>&nbsp;<\/p> <p><strong>Szakos D\u00e1vid (2022)<\/strong><\/p> <p>The role of functional food in healthy ageing:\u00a0a consumer research perspective<\/p> <p><a href=\"https:\/\/univet.hu\/wp-content\/uploads\/2023\/01\/Dissertation_univet_SZD_2022_final.pdf\">https:\/\/univet.hu\/wp-content\/uploads\/2023\/01\/Dissertation_univet_SZD_2022_final.pdf<\/a><\/p> <p><strong>\u00a0<\/strong><\/p> <p><strong>Szab\u00e1ra \u00c1gnes (2021)<\/strong><\/p> <p>A szarvasmarha v\u00edrusos hasmen\u00e9se elleni v\u00e9dekez\u00e9s\u00a0epidemiol\u00f3giai, igazgat\u00e1si \u00e9s immunhisztok\u00e9miai\u00a0vonatkoz\u00e1sai Magyarorsz\u00e1gon<\/p> <p><a href=\"https:\/\/univet.hu\/wp-content\/uploads\/2020\/10\/PHD-%C3%A9rtekez%C3%A9s.pdf\">https:\/\/univet.hu\/wp-content\/uploads\/2020\/10\/PHD-%C3%A9rtekez%C3%A9s.pdf<\/a><\/p> <p>&nbsp;<\/p> <p><strong>Vetter Szilvia (2020)<\/strong><\/p> <p>Az \u00e1llatk\u00ednz\u00e1s szab\u00e1lyoz\u00e1sa gazdas\u00e1gi \u00e9s t\u00e1rsadalmi mutat\u00f3k t\u00fckr\u00e9ben<\/p> <p><a href=\"http:\/\/phd.szie.hu\/?docId=16321\">http:\/\/phd.szie.hu\/?docId=16321<\/a><\/p> <p>&nbsp;<\/p> <p><strong>B\u00faza L\u00e1szl\u00f3 (2020)<\/strong><\/p> <p>Sert\u00e9s \u00e1llom\u00e1ny-eg\u00e9szs\u00e9g\u00fcgyi menedzsment<\/p> <p><a href=\"http:\/\/phd.szie.hu\/?docId=16290\">http:\/\/phd.szie.hu\/?docId=16290<\/a><\/p> <p>&nbsp;<\/p> <p><strong>Fodor Istv\u00e1n (2018)<\/strong><\/p> <p>Reproductive management and its associations with\u00a0performance on large commercial Holstein-Friesian\u00a0dairy farms<\/p> <p><a href=\"https:\/\/univet.hu\/files\/subpages\/59\/files\/FodorI_Dissertation_final2.pdf\">https:\/\/univet.hu\/files\/subpages\/59\/files\/FodorI_Dissertation_final2.pdf<\/a><\/p> <p>&nbsp;<\/p> <p><strong>V\u00e9gh \u00c1kos (2016)<\/strong><\/p> <p>\u00c1llatokon v\u00e9gzett j\u00f3ll\u00e9ti vizsg\u00e1latok \u00e9s az elektromos k\u00e1b\u00edt\u00e1s mutat\u00f3inak \u00f6sszef\u00fcgg\u00e9sei sert\u00e9seken<\/p> <p><a href=\"http:\/\/www.huveta.hu\/bitstream\/handle\/10832\/1688\/V%C3%A9gh%20%C3%81kos%20PhD%20%C3%A9rtekez%C3%A9s%202016.pdf?sequence=1&amp;isAllowed=y\">http:\/\/www.huveta.hu\/bitstream\/handle\/10832\/1688\/V%C3%A9gh%20%C3%81kos%20PhD%20%C3%A9rtekez%C3%A9s%202016.pdf?sequence=1&amp;isAllowed=y<\/a><\/p>","protected":false},"excerpt":{"rendered":"<p>Veres Katalin (2026) Kondicion\u00e1lis \u00e9s margin\u00e1lis modellek az \u00e1llateg\u00e9szs\u00e9g\u00fcgyben a szarvasmarha paratuberkul\u00f3zis p\u00e9ld\u00e1j\u00e1n bemutatva https:\/\/huveta.hu\/server\/api\/core\/bitstreams\/9366c59d-6ff3-450d-be11-81547cf9ee4f\/content &nbsp; Erik Diez (2025) Business Management in German small animal practices https:\/\/uni-mate.hu\/documents\/20123\/8053649\/PhD+Thesis+Erik+Diez-final.pdf\/ca084499-a0e2-21f8-91fc-da00eafa7646?t=1743494576634 &nbsp; Szab\u00f3 Erika (2024) Biztons\u00e1gos \u00e9s funkcion\u00e1lis tejalap\u00fa \u00e9lelmiszerek el\u0151\u00e1ll\u00edt\u00e1s\u00e1nak jogi \u00e9s gazdas\u00e1gi vonatkoz\u00e1sai https:\/\/univet.hu\/wp-content\/uploads\/2025\/03\/Szabo_Erika_ertekezes_final_2023.pdf &nbsp; Ivanyos Dorottya (2023) Tehen\u00e9szetek t\u0151gyeg\u00e9szs\u00e9g\u00fcgy\u00e9nek gazdas\u00e1gi k\u00e9rd\u00e9sei https:\/\/univet.hu\/wp-content\/uploads\/2025\/03\/Disszertacio_univet_ID_2022.pdf &nbsp; Lor\u00e1szk\u00f3 G\u00e1bor (2023)<\/p>\n","protected":false},"author":3837,"featured_media":0,"parent":85093,"menu_order":0,"comment_status":"open","ping_status":"open","template":"","meta":{"_acf_changed":false,"footnotes":""},"categories":[],"tags":[],"class_list":["post-85097","page","type-page","status-publish","hentry"],"acf":[],"yoast_head":"<!-- This site is optimized with the Yoast SEO plugin v27.2 - https:\/\/yoast.com\/product\/yoast-seo-wordpress\/ -->\n<title>Graduated - Gazdas\u00e1gtudom\u00e1nyi \u00e9s Biostatisztikai Int\u00e9zet<\/title>\n<meta name=\"robots\" content=\"index, follow, max-snippet:-1, max-image-preview:large, max-video-preview:-1\" \/>\n<link rel=\"canonical\" href=\"https:\/\/univet.hu\/gazdasagtudomanyi-intezet\/en\/department-of-veterinary-forensics-law-and-economics\/phd-students\/graduated\/\" \/>\n<meta property=\"og:locale\" content=\"en_US\" \/>\n<meta property=\"og:type\" content=\"article\" \/>\n<meta property=\"og:title\" content=\"Graduated - Gazdas\u00e1gtudom\u00e1nyi \u00e9s Biostatisztikai Int\u00e9zet\" \/>\n<meta property=\"og:description\" content=\"Veres Katalin (2026) Kondicion\u00e1lis \u00e9s margin\u00e1lis modellek az \u00e1llateg\u00e9szs\u00e9g\u00fcgyben a szarvasmarha paratuberkul\u00f3zis p\u00e9ld\u00e1j\u00e1n bemutatva https:\/\/huveta.hu\/server\/api\/core\/bitstreams\/9366c59d-6ff3-450d-be11-81547cf9ee4f\/content &nbsp; Erik Diez (2025) Business Management in German small animal practices https:\/\/uni-mate.hu\/documents\/20123\/8053649\/PhD+Thesis+Erik+Diez-final.pdf\/ca084499-a0e2-21f8-91fc-da00eafa7646?t=1743494576634 &nbsp; Szab\u00f3 Erika (2024) Biztons\u00e1gos \u00e9s funkcion\u00e1lis tejalap\u00fa \u00e9lelmiszerek el\u0151\u00e1ll\u00edt\u00e1s\u00e1nak jogi \u00e9s gazdas\u00e1gi vonatkoz\u00e1sai https:\/\/univet.hu\/wp-content\/uploads\/2025\/03\/Szabo_Erika_ertekezes_final_2023.pdf &nbsp; Ivanyos Dorottya (2023) Tehen\u00e9szetek t\u0151gyeg\u00e9szs\u00e9g\u00fcgy\u00e9nek gazdas\u00e1gi k\u00e9rd\u00e9sei https:\/\/univet.hu\/wp-content\/uploads\/2025\/03\/Disszertacio_univet_ID_2022.pdf &nbsp; Lor\u00e1szk\u00f3 G\u00e1bor (2023)\" \/>\n<meta property=\"og:url\" content=\"https:\/\/univet.hu\/gazdasagtudomanyi-intezet\/en\/department-of-veterinary-forensics-law-and-economics\/phd-students\/graduated\/\" \/>\n<meta property=\"og:site_name\" content=\"Gazdas\u00e1gtudom\u00e1nyi \u00e9s Biostatisztikai Int\u00e9zet\" \/>\n<meta property=\"article:modified_time\" content=\"2026-02-05T16:14:02+00:00\" \/>\n<meta name=\"twitter:card\" content=\"summary_large_image\" \/>\n<meta name=\"twitter:label1\" content=\"Est. reading time\" \/>\n\t<meta name=\"twitter:data1\" content=\"1 minute\" \/>\n<script type=\"application\/ld+json\" class=\"yoast-schema-graph\">{\"@context\":\"https:\/\/schema.org\",\"@graph\":[{\"@type\":\"WebPage\",\"@id\":\"https:\/\/univet.hu\/gazdasagtudomanyi-intezet\/en\/department-of-veterinary-forensics-law-and-economics\/phd-students\/graduated\/\",\"url\":\"https:\/\/univet.hu\/gazdasagtudomanyi-intezet\/en\/department-of-veterinary-forensics-law-and-economics\/phd-students\/graduated\/\",\"name\":\"Graduated - Gazdas\u00e1gtudom\u00e1nyi \u00e9s Biostatisztikai Int\u00e9zet\",\"isPartOf\":{\"@id\":\"https:\/\/univet.hu\/gazdasagtudomanyi-intezet\/en\/#website\"},\"datePublished\":\"2023-04-13T14:05:07+00:00\",\"dateModified\":\"2026-02-05T16:14:02+00:00\",\"breadcrumb\":{\"@id\":\"https:\/\/univet.hu\/gazdasagtudomanyi-intezet\/en\/department-of-veterinary-forensics-law-and-economics\/phd-students\/graduated\/#breadcrumb\"},\"inLanguage\":\"en-US\",\"potentialAction\":[{\"@type\":\"ReadAction\",\"target\":[\"https:\/\/univet.hu\/gazdasagtudomanyi-intezet\/en\/department-of-veterinary-forensics-law-and-economics\/phd-students\/graduated\/\"]}]},{\"@type\":\"BreadcrumbList\",\"@id\":\"https:\/\/univet.hu\/gazdasagtudomanyi-intezet\/en\/department-of-veterinary-forensics-law-and-economics\/phd-students\/graduated\/#breadcrumb\",\"itemListElement\":[{\"@type\":\"ListItem\",\"position\":1,\"name\":\"Kezd\u0151lap\",\"item\":\"https:\/\/univet.hu\/gazdasagtudomanyi-intezet\/en\/\"},{\"@type\":\"ListItem\",\"position\":2,\"name\":\"Department of Veterinary Forensics and Economics\",\"item\":\"https:\/\/univet.hu\/gazdasagtudomanyi-intezet\/en\/institute-of-economics-and-biostatistics\/department-of-veterinary-forensics-law-and-economics\/\"},{\"@type\":\"ListItem\",\"position\":3,\"name\":\"PhD students\",\"item\":\"https:\/\/univet.hu\/gazdasagtudomanyi-intezet\/en\/institute-of-economics-and-biostatistics\/department-of-veterinary-forensics-law-and-economics\/phd-students\/\"},{\"@type\":\"ListItem\",\"position\":4,\"name\":\"Graduated\"}]},{\"@type\":\"WebSite\",\"@id\":\"https:\/\/univet.hu\/gazdasagtudomanyi-intezet\/en\/#website\",\"url\":\"https:\/\/univet.hu\/gazdasagtudomanyi-intezet\/en\/\",\"name\":\"Gazdas\u00e1gtudom\u00e1nyi \u00e9s Biostatisztikai Int\u00e9zet\",\"description\":\"\",\"potentialAction\":[{\"@type\":\"SearchAction\",\"target\":{\"@type\":\"EntryPoint\",\"urlTemplate\":\"https:\/\/univet.hu\/gazdasagtudomanyi-intezet\/en\/?s={search_term_string}\"},\"query-input\":{\"@type\":\"PropertyValueSpecification\",\"valueRequired\":true,\"valueName\":\"search_term_string\"}}],\"inLanguage\":\"en-US\"}]}<\/script>\n<!-- \/ Yoast SEO plugin. -->","yoast_head_json":{"title":"Graduated - Gazdas\u00e1gtudom\u00e1nyi \u00e9s Biostatisztikai Int\u00e9zet","robots":{"index":"index","follow":"follow","max-snippet":"max-snippet:-1","max-image-preview":"max-image-preview:large","max-video-preview":"max-video-preview:-1"},"canonical":"https:\/\/univet.hu\/gazdasagtudomanyi-intezet\/en\/department-of-veterinary-forensics-law-and-economics\/phd-students\/graduated\/","og_locale":"en_US","og_type":"article","og_title":"Graduated - Gazdas\u00e1gtudom\u00e1nyi \u00e9s Biostatisztikai Int\u00e9zet","og_description":"Veres Katalin (2026) Kondicion\u00e1lis \u00e9s margin\u00e1lis modellek az \u00e1llateg\u00e9szs\u00e9g\u00fcgyben a szarvasmarha paratuberkul\u00f3zis p\u00e9ld\u00e1j\u00e1n bemutatva https:\/\/huveta.hu\/server\/api\/core\/bitstreams\/9366c59d-6ff3-450d-be11-81547cf9ee4f\/content &nbsp; Erik Diez (2025) Business Management in German small animal practices https:\/\/uni-mate.hu\/documents\/20123\/8053649\/PhD+Thesis+Erik+Diez-final.pdf\/ca084499-a0e2-21f8-91fc-da00eafa7646?t=1743494576634 &nbsp; Szab\u00f3 Erika (2024) Biztons\u00e1gos \u00e9s funkcion\u00e1lis tejalap\u00fa \u00e9lelmiszerek el\u0151\u00e1ll\u00edt\u00e1s\u00e1nak jogi \u00e9s gazdas\u00e1gi vonatkoz\u00e1sai https:\/\/univet.hu\/wp-content\/uploads\/2025\/03\/Szabo_Erika_ertekezes_final_2023.pdf &nbsp; Ivanyos Dorottya (2023) Tehen\u00e9szetek t\u0151gyeg\u00e9szs\u00e9g\u00fcgy\u00e9nek gazdas\u00e1gi k\u00e9rd\u00e9sei https:\/\/univet.hu\/wp-content\/uploads\/2025\/03\/Disszertacio_univet_ID_2022.pdf &nbsp; Lor\u00e1szk\u00f3 G\u00e1bor (2023)","og_url":"https:\/\/univet.hu\/gazdasagtudomanyi-intezet\/en\/department-of-veterinary-forensics-law-and-economics\/phd-students\/graduated\/","og_site_name":"Gazdas\u00e1gtudom\u00e1nyi \u00e9s Biostatisztikai Int\u00e9zet","article_modified_time":"2026-02-05T16:14:02+00:00","twitter_card":"summary_large_image","twitter_misc":{"Est. reading time":"1 minute"},"schema":{"@context":"https:\/\/schema.org","@graph":[{"@type":"WebPage","@id":"https:\/\/univet.hu\/gazdasagtudomanyi-intezet\/en\/department-of-veterinary-forensics-law-and-economics\/phd-students\/graduated\/","url":"https:\/\/univet.hu\/gazdasagtudomanyi-intezet\/en\/department-of-veterinary-forensics-law-and-economics\/phd-students\/graduated\/","name":"Graduated - Gazdas\u00e1gtudom\u00e1nyi \u00e9s Biostatisztikai Int\u00e9zet","isPartOf":{"@id":"https:\/\/univet.hu\/gazdasagtudomanyi-intezet\/en\/#website"},"datePublished":"2023-04-13T14:05:07+00:00","dateModified":"2026-02-05T16:14:02+00:00","breadcrumb":{"@id":"https:\/\/univet.hu\/gazdasagtudomanyi-intezet\/en\/department-of-veterinary-forensics-law-and-economics\/phd-students\/graduated\/#breadcrumb"},"inLanguage":"en-US","potentialAction":[{"@type":"ReadAction","target":["https:\/\/univet.hu\/gazdasagtudomanyi-intezet\/en\/department-of-veterinary-forensics-law-and-economics\/phd-students\/graduated\/"]}]},{"@type":"BreadcrumbList","@id":"https:\/\/univet.hu\/gazdasagtudomanyi-intezet\/en\/department-of-veterinary-forensics-law-and-economics\/phd-students\/graduated\/#breadcrumb","itemListElement":[{"@type":"ListItem","position":1,"name":"Kezd\u0151lap","item":"https:\/\/univet.hu\/gazdasagtudomanyi-intezet\/en\/"},{"@type":"ListItem","position":2,"name":"Department of Veterinary Forensics and Economics","item":"https:\/\/univet.hu\/gazdasagtudomanyi-intezet\/en\/institute-of-economics-and-biostatistics\/department-of-veterinary-forensics-law-and-economics\/"},{"@type":"ListItem","position":3,"name":"PhD students","item":"https:\/\/univet.hu\/gazdasagtudomanyi-intezet\/en\/institute-of-economics-and-biostatistics\/department-of-veterinary-forensics-law-and-economics\/phd-students\/"},{"@type":"ListItem","position":4,"name":"Graduated"}]},{"@type":"WebSite","@id":"https:\/\/univet.hu\/gazdasagtudomanyi-intezet\/en\/#website","url":"https:\/\/univet.hu\/gazdasagtudomanyi-intezet\/en\/","name":"Gazdas\u00e1gtudom\u00e1nyi \u00e9s Biostatisztikai Int\u00e9zet","description":"","potentialAction":[{"@type":"SearchAction","target":{"@type":"EntryPoint","urlTemplate":"https:\/\/univet.hu\/gazdasagtudomanyi-intezet\/en\/?s={search_term_string}"},"query-input":{"@type":"PropertyValueSpecification","valueRequired":true,"valueName":"search_term_string"}}],"inLanguage":"en-US"}]}},"_links":{"self":[{"href":"https:\/\/univet.hu\/gazdasagtudomanyi-intezet\/en\/wp-json\/wp\/v2\/pages\/85097","targetHints":{"allow":["GET"]}}],"collection":[{"href":"https:\/\/univet.hu\/gazdasagtudomanyi-intezet\/en\/wp-json\/wp\/v2\/pages"}],"about":[{"href":"https:\/\/univet.hu\/gazdasagtudomanyi-intezet\/en\/wp-json\/wp\/v2\/types\/page"}],"author":[{"embeddable":true,"href":"https:\/\/univet.hu\/gazdasagtudomanyi-intezet\/en\/wp-json\/wp\/v2\/users\/3837"}],"replies":[{"embeddable":true,"href":"https:\/\/univet.hu\/gazdasagtudomanyi-intezet\/en\/wp-json\/wp\/v2\/comments?post=85097"}],"version-history":[{"count":5,"href":"https:\/\/univet.hu\/gazdasagtudomanyi-intezet\/en\/wp-json\/wp\/v2\/pages\/85097\/revisions"}],"predecessor-version":[{"id":103866,"href":"https:\/\/univet.hu\/gazdasagtudomanyi-intezet\/en\/wp-json\/wp\/v2\/pages\/85097\/revisions\/103866"}],"up":[{"embeddable":true,"href":"https:\/\/univet.hu\/gazdasagtudomanyi-intezet\/en\/wp-json\/wp\/v2\/pages\/85093"}],"wp:attachment":[{"href":"https:\/\/univet.hu\/gazdasagtudomanyi-intezet\/en\/wp-json\/wp\/v2\/media?parent=85097"}],"wp:term":[{"taxonomy":"category","embeddable":true,"href":"https:\/\/univet.hu\/gazdasagtudomanyi-intezet\/en\/wp-json\/wp\/v2\/categories?post=85097"},{"taxonomy":"post_tag","embeddable":true,"href":"https:\/\/univet.hu\/gazdasagtudomanyi-intezet\/en\/wp-json\/wp\/v2\/tags?post=85097"}],"curies":[{"name":"wp","href":"https:\/\/api.w.org\/{rel}","templated":true}]}}