{"id":85099,"date":"2023-04-13T16:47:03","date_gmt":"2023-04-13T14:47:03","guid":{"rendered":"https:\/\/univet.hu\/en\/about\/units\/department-of-veterinary-forensics-law-and-economics\/thesis-subjects\/name\/"},"modified":"2025-09-01T11:55:58","modified_gmt":"2025-09-01T09:55:58","slug":"thesis-topics","status":"publish","type":"page","link":"https:\/\/univet.hu\/gazdasagtudomanyi-intezet\/en\/department-of-veterinary-forensics-law-and-economics\/thesis-subjects\/thesis-topics\/","title":{"rendered":"Thesis topics"},"content":{"rendered":"<div class=\"entry-content\"> <h3 style=\"text-align: left\">\u00a0<strong>Thesis\/TDK subjects<\/strong><\/h3> <h3 style=\"text-align: left\"><strong>Department of Veterinary Forensics and Economics<\/strong><\/h3> <h3 style=\"text-align: left\"><strong>Academic Year 2025\/26<\/strong><\/h3> <p><strong>\u00a0<\/strong><\/p> <p><strong>Dr. Csaba Csintalan<\/strong><\/p> <p><strong><em>Forensic veterinary medicine:<\/em><\/strong><\/p> <ol> <li>The veterinarian&#8217;s ethical liability<\/li> <li>The veterinarian&#8217;s liability for the damages<\/li> <li>The veterinarian&#8217;s criminal liability<\/li> <\/ol> <p>&nbsp;<\/p> <p><strong>Dr. Marietta M\u00e1t\u00e9<\/strong><\/p> <p><strong>\u00a0<\/strong><strong><em>Practice management<\/em><\/strong><\/p> <ol> <li>Return of female vets to the labour market after maternity leave<\/li> <\/ol> <p>&nbsp;<\/p> <p>Budapest, 01 September 2025.<\/p> <p>&nbsp;<\/p> <p>&nbsp;<\/p> <p style=\"padding-left: 210px\">Dr. L\u00e1szl\u00f3 \u00d3zsv\u00e1ri<\/p> <p style=\"padding-left: 210px\">Full. Professor., Head of Dep.<\/p> <p>&nbsp;<\/p> <\/div>","protected":false},"excerpt":{"rendered":"<p>\u00a0Thesis\/TDK subjects Department of Veterinary Forensics and Economics Academic Year 2025\/26 \u00a0 Dr. Csaba Csintalan Forensic veterinary medicine: The veterinarian&#8217;s ethical liability The veterinarian&#8217;s liability for the damages The veterinarian&#8217;s criminal liability &nbsp; Dr. Marietta M\u00e1t\u00e9 \u00a0Practice management Return of female vets to the labour market after maternity leave &nbsp; Budapest, 01 September 2025. &nbsp;<\/p>\n","protected":false},"author":3837,"featured_media":0,"parent":14393,"menu_order":0,"comment_status":"open","ping_status":"open","template":"","meta":{"_acf_changed":false,"footnotes":""},"categories":[],"tags":[],"class_list":["post-85099","page","type-page","status-publish","hentry"],"acf":[],"yoast_head":"<!-- This site is optimized with the Yoast SEO plugin v27.2 - https:\/\/yoast.com\/product\/yoast-seo-wordpress\/ -->\n<title>Thesis topics - Gazdas\u00e1gtudom\u00e1nyi \u00e9s Biostatisztikai Int\u00e9zet<\/title>\n<meta name=\"robots\" content=\"index, follow, max-snippet:-1, max-image-preview:large, max-video-preview:-1\" \/>\n<link rel=\"canonical\" href=\"https:\/\/univet.hu\/gazdasagtudomanyi-intezet\/en\/department-of-veterinary-forensics-law-and-economics\/thesis-subjects\/thesis-topics\/\" \/>\n<meta property=\"og:locale\" content=\"en_US\" \/>\n<meta property=\"og:type\" content=\"article\" \/>\n<meta property=\"og:title\" content=\"Thesis topics - Gazdas\u00e1gtudom\u00e1nyi \u00e9s Biostatisztikai Int\u00e9zet\" \/>\n<meta property=\"og:description\" content=\"\u00a0Thesis\/TDK subjects Department of Veterinary Forensics and Economics Academic Year 2025\/26 \u00a0 Dr. Csaba Csintalan Forensic veterinary medicine: The veterinarian&#8217;s ethical liability The veterinarian&#8217;s liability for the damages The veterinarian&#8217;s criminal liability &nbsp; Dr. Marietta M\u00e1t\u00e9 \u00a0Practice management Return of female vets to the labour market after maternity leave &nbsp; Budapest, 01 September 2025. &nbsp;\" \/>\n<meta property=\"og:url\" content=\"https:\/\/univet.hu\/gazdasagtudomanyi-intezet\/en\/department-of-veterinary-forensics-law-and-economics\/thesis-subjects\/thesis-topics\/\" \/>\n<meta property=\"og:site_name\" content=\"Gazdas\u00e1gtudom\u00e1nyi \u00e9s Biostatisztikai Int\u00e9zet\" \/>\n<meta property=\"article:modified_time\" content=\"2025-09-01T09:55:58+00:00\" \/>\n<meta name=\"twitter:card\" content=\"summary_large_image\" \/>\n<meta name=\"twitter:label1\" content=\"Est. reading time\" \/>\n\t<meta name=\"twitter:data1\" content=\"1 minute\" \/>\n<script type=\"application\/ld+json\" class=\"yoast-schema-graph\">{\"@context\":\"https:\/\/schema.org\",\"@graph\":[{\"@type\":\"WebPage\",\"@id\":\"https:\/\/univet.hu\/gazdasagtudomanyi-intezet\/en\/department-of-veterinary-forensics-law-and-economics\/thesis-subjects\/thesis-topics\/\",\"url\":\"https:\/\/univet.hu\/gazdasagtudomanyi-intezet\/en\/department-of-veterinary-forensics-law-and-economics\/thesis-subjects\/thesis-topics\/\",\"name\":\"Thesis topics - Gazdas\u00e1gtudom\u00e1nyi \u00e9s Biostatisztikai Int\u00e9zet\",\"isPartOf\":{\"@id\":\"https:\/\/univet.hu\/gazdasagtudomanyi-intezet\/en\/#website\"},\"datePublished\":\"2023-04-13T14:47:03+00:00\",\"dateModified\":\"2025-09-01T09:55:58+00:00\",\"breadcrumb\":{\"@id\":\"https:\/\/univet.hu\/gazdasagtudomanyi-intezet\/en\/department-of-veterinary-forensics-law-and-economics\/thesis-subjects\/thesis-topics\/#breadcrumb\"},\"inLanguage\":\"en-US\",\"potentialAction\":[{\"@type\":\"ReadAction\",\"target\":[\"https:\/\/univet.hu\/gazdasagtudomanyi-intezet\/en\/department-of-veterinary-forensics-law-and-economics\/thesis-subjects\/thesis-topics\/\"]}]},{\"@type\":\"BreadcrumbList\",\"@id\":\"https:\/\/univet.hu\/gazdasagtudomanyi-intezet\/en\/department-of-veterinary-forensics-law-and-economics\/thesis-subjects\/thesis-topics\/#breadcrumb\",\"itemListElement\":[{\"@type\":\"ListItem\",\"position\":1,\"name\":\"Kezd\u0151lap\",\"item\":\"https:\/\/univet.hu\/gazdasagtudomanyi-intezet\/en\/\"},{\"@type\":\"ListItem\",\"position\":2,\"name\":\"Department of Veterinary Forensics and Economics\",\"item\":\"https:\/\/univet.hu\/gazdasagtudomanyi-intezet\/en\/institute-of-economics-and-biostatistics\/department-of-veterinary-forensics-law-and-economics\/\"},{\"@type\":\"ListItem\",\"position\":3,\"name\":\"Thesis\/TDK\",\"item\":\"https:\/\/univet.hu\/gazdasagtudomanyi-intezet\/en\/institute-of-economics-and-biostatistics\/department-of-veterinary-forensics-law-and-economics\/thesis-subjects\/\"},{\"@type\":\"ListItem\",\"position\":4,\"name\":\"Thesis topics\"}]},{\"@type\":\"WebSite\",\"@id\":\"https:\/\/univet.hu\/gazdasagtudomanyi-intezet\/en\/#website\",\"url\":\"https:\/\/univet.hu\/gazdasagtudomanyi-intezet\/en\/\",\"name\":\"Gazdas\u00e1gtudom\u00e1nyi \u00e9s Biostatisztikai Int\u00e9zet\",\"description\":\"\",\"potentialAction\":[{\"@type\":\"SearchAction\",\"target\":{\"@type\":\"EntryPoint\",\"urlTemplate\":\"https:\/\/univet.hu\/gazdasagtudomanyi-intezet\/en\/?s={search_term_string}\"},\"query-input\":{\"@type\":\"PropertyValueSpecification\",\"valueRequired\":true,\"valueName\":\"search_term_string\"}}],\"inLanguage\":\"en-US\"}]}<\/script>\n<!-- \/ Yoast SEO plugin. -->","yoast_head_json":{"title":"Thesis topics - Gazdas\u00e1gtudom\u00e1nyi \u00e9s Biostatisztikai Int\u00e9zet","robots":{"index":"index","follow":"follow","max-snippet":"max-snippet:-1","max-image-preview":"max-image-preview:large","max-video-preview":"max-video-preview:-1"},"canonical":"https:\/\/univet.hu\/gazdasagtudomanyi-intezet\/en\/department-of-veterinary-forensics-law-and-economics\/thesis-subjects\/thesis-topics\/","og_locale":"en_US","og_type":"article","og_title":"Thesis topics - Gazdas\u00e1gtudom\u00e1nyi \u00e9s Biostatisztikai Int\u00e9zet","og_description":"\u00a0Thesis\/TDK subjects Department of Veterinary Forensics and Economics Academic Year 2025\/26 \u00a0 Dr. Csaba Csintalan Forensic veterinary medicine: The veterinarian&#8217;s ethical liability The veterinarian&#8217;s liability for the damages The veterinarian&#8217;s criminal liability &nbsp; Dr. Marietta M\u00e1t\u00e9 \u00a0Practice management Return of female vets to the labour market after maternity leave &nbsp; Budapest, 01 September 2025. &nbsp;","og_url":"https:\/\/univet.hu\/gazdasagtudomanyi-intezet\/en\/department-of-veterinary-forensics-law-and-economics\/thesis-subjects\/thesis-topics\/","og_site_name":"Gazdas\u00e1gtudom\u00e1nyi \u00e9s Biostatisztikai Int\u00e9zet","article_modified_time":"2025-09-01T09:55:58+00:00","twitter_card":"summary_large_image","twitter_misc":{"Est. reading time":"1 minute"},"schema":{"@context":"https:\/\/schema.org","@graph":[{"@type":"WebPage","@id":"https:\/\/univet.hu\/gazdasagtudomanyi-intezet\/en\/department-of-veterinary-forensics-law-and-economics\/thesis-subjects\/thesis-topics\/","url":"https:\/\/univet.hu\/gazdasagtudomanyi-intezet\/en\/department-of-veterinary-forensics-law-and-economics\/thesis-subjects\/thesis-topics\/","name":"Thesis topics - Gazdas\u00e1gtudom\u00e1nyi \u00e9s Biostatisztikai Int\u00e9zet","isPartOf":{"@id":"https:\/\/univet.hu\/gazdasagtudomanyi-intezet\/en\/#website"},"datePublished":"2023-04-13T14:47:03+00:00","dateModified":"2025-09-01T09:55:58+00:00","breadcrumb":{"@id":"https:\/\/univet.hu\/gazdasagtudomanyi-intezet\/en\/department-of-veterinary-forensics-law-and-economics\/thesis-subjects\/thesis-topics\/#breadcrumb"},"inLanguage":"en-US","potentialAction":[{"@type":"ReadAction","target":["https:\/\/univet.hu\/gazdasagtudomanyi-intezet\/en\/department-of-veterinary-forensics-law-and-economics\/thesis-subjects\/thesis-topics\/"]}]},{"@type":"BreadcrumbList","@id":"https:\/\/univet.hu\/gazdasagtudomanyi-intezet\/en\/department-of-veterinary-forensics-law-and-economics\/thesis-subjects\/thesis-topics\/#breadcrumb","itemListElement":[{"@type":"ListItem","position":1,"name":"Kezd\u0151lap","item":"https:\/\/univet.hu\/gazdasagtudomanyi-intezet\/en\/"},{"@type":"ListItem","position":2,"name":"Department of Veterinary Forensics and Economics","item":"https:\/\/univet.hu\/gazdasagtudomanyi-intezet\/en\/institute-of-economics-and-biostatistics\/department-of-veterinary-forensics-law-and-economics\/"},{"@type":"ListItem","position":3,"name":"Thesis\/TDK","item":"https:\/\/univet.hu\/gazdasagtudomanyi-intezet\/en\/institute-of-economics-and-biostatistics\/department-of-veterinary-forensics-law-and-economics\/thesis-subjects\/"},{"@type":"ListItem","position":4,"name":"Thesis topics"}]},{"@type":"WebSite","@id":"https:\/\/univet.hu\/gazdasagtudomanyi-intezet\/en\/#website","url":"https:\/\/univet.hu\/gazdasagtudomanyi-intezet\/en\/","name":"Gazdas\u00e1gtudom\u00e1nyi \u00e9s Biostatisztikai Int\u00e9zet","description":"","potentialAction":[{"@type":"SearchAction","target":{"@type":"EntryPoint","urlTemplate":"https:\/\/univet.hu\/gazdasagtudomanyi-intezet\/en\/?s={search_term_string}"},"query-input":{"@type":"PropertyValueSpecification","valueRequired":true,"valueName":"search_term_string"}}],"inLanguage":"en-US"}]}},"_links":{"self":[{"href":"https:\/\/univet.hu\/gazdasagtudomanyi-intezet\/en\/wp-json\/wp\/v2\/pages\/85099","targetHints":{"allow":["GET"]}}],"collection":[{"href":"https:\/\/univet.hu\/gazdasagtudomanyi-intezet\/en\/wp-json\/wp\/v2\/pages"}],"about":[{"href":"https:\/\/univet.hu\/gazdasagtudomanyi-intezet\/en\/wp-json\/wp\/v2\/types\/page"}],"author":[{"embeddable":true,"href":"https:\/\/univet.hu\/gazdasagtudomanyi-intezet\/en\/wp-json\/wp\/v2\/users\/3837"}],"replies":[{"embeddable":true,"href":"https:\/\/univet.hu\/gazdasagtudomanyi-intezet\/en\/wp-json\/wp\/v2\/comments?post=85099"}],"version-history":[{"count":2,"href":"https:\/\/univet.hu\/gazdasagtudomanyi-intezet\/en\/wp-json\/wp\/v2\/pages\/85099\/revisions"}],"predecessor-version":[{"id":103795,"href":"https:\/\/univet.hu\/gazdasagtudomanyi-intezet\/en\/wp-json\/wp\/v2\/pages\/85099\/revisions\/103795"}],"up":[{"embeddable":true,"href":"https:\/\/univet.hu\/gazdasagtudomanyi-intezet\/en\/wp-json\/wp\/v2\/pages\/14393"}],"wp:attachment":[{"href":"https:\/\/univet.hu\/gazdasagtudomanyi-intezet\/en\/wp-json\/wp\/v2\/media?parent=85099"}],"wp:term":[{"taxonomy":"category","embeddable":true,"href":"https:\/\/univet.hu\/gazdasagtudomanyi-intezet\/en\/wp-json\/wp\/v2\/categories?post=85099"},{"taxonomy":"post_tag","embeddable":true,"href":"https:\/\/univet.hu\/gazdasagtudomanyi-intezet\/en\/wp-json\/wp\/v2\/tags?post=85099"}],"curies":[{"name":"wp","href":"https:\/\/api.w.org\/{rel}","templated":true}]}}